{"id":667,"date":"2015-04-29T08:51:10","date_gmt":"2015-04-29T07:51:10","guid":{"rendered":"http:\/\/star.starmicronics.cz\/?page_id=667"},"modified":"2016-05-05T15:53:11","modified_gmt":"2016-05-05T14:53:11","slug":"cloud-and-web-based-pos","status":"publish","type":"page","link":"https:\/\/star.starmicronics.cz\/?page_id=667","title":{"rendered":"Cloud a Web POS"},"content":{"rendered":"<p><span style=\"color: #3366ff;\">Mobiln\u00ed POS\u00a0<\/span><\/p>\n<p>&nbsp;<\/p>\n<p><span style=\"color: #3366ff; font-family: Calibri;\">Leader na trhu v tiskov\u00fdch \u0159e\u0161en\u00edch pro aplikace mobiln\u00edch plateb a MPOS aplikac\u00ed. Star jsou odborn\u00edci v komunikaci s tisk\u00e1rnou, kter\u00e1 nab\u00edz\u00ed nejv\u011bt\u0161\u00ed \u0161k\u00e1lu slu\u017eeb pro sv\u00e9 z\u00e1kazn\u00edky (vyrobeno pro iPad\u00ae, iPhone\u00ae a iPod touch\u00ae), Android \u2122 a Windows \u2122. Tyto Bluetooth a Wifi tisk\u00e1rny tisknou \u00fa\u010dtenky prost\u0159ednictv\u00edm tablet\u016f s POS aplikacemi. D\u00edky komplexn\u00edmu ukl\u00e1d\u00e1n\u00ed, bezdr\u00e1tov\u00e9mu p\u0159ipojen\u00ed a n\u00e1sledn\u00e9m tisku \u00fa\u010dtenek jsou tisk\u00e1rny vhodn\u00e9 na festivaly nebo do sez\u00f3nn\u00edch kav\u00e1ren. Star nab\u00edz\u00ed n\u00e1kladov\u011b velmi efektivn\u00ed \u0159e\u0161en\u00ed. <\/span><\/p>\n<p><span style=\"color: #3366ff; font-family: Calibri;\">Web na b\u00e1zi POS tisku, Star je unik\u00e1tn\u00ed WebPRNT s n\u00edzk\u00fdmi n\u00e1klady na s\u00ed\u0165ov\u00e9 \u0159e\u0161en\u00ed a um\u00ed nez\u00e1visle na platform\u011b tisknout \u00fa\u010dtenku, zat\u00edmco na\u0161e inovativn\u00ed ProxiPRNT technologie umo\u017en\u00ed automatickou volbu nejbli\u017e\u0161\u00ed tisk\u00e1rny nebo pokladny. <\/span><\/p>\n<p><span style=\"color: #3366ff; font-family: Calibri;\">Na\u0161e podpora multi-platformn\u00edho a intuitivn\u00edho softwaru Developer Kit (SDK), spole\u010dn\u011b s na\u0161\u00edm zku\u0161en\u00fdm technick\u00fd t\u00fdmem zaji\u0161\u0165uje jednoduchou integraci Star POS tisk\u00e1rny a p\u0159\u00edslu\u0161enstv\u00ed s nejnov\u011bj\u0161\u00edm cloud-based softwarem POS do opera\u010dn\u00edch syt\u00e9m\u016f Android \u2122, iOS \u2122, Linux \u2122 a Windows \u2122 na b\u00e1zi aplikace pro platby mobiln\u00edmi kartami, mobiln\u00edmi kupony a SMS j\u00edzdenky. <\/span><\/p>\n<p><span style=\"color: #3366ff; font-family: Calibri;\">\u00a0\u00a0\u00a0<\/span><\/p>\n<p><a href=\"http:\/\/star.starmicronics.cz\/wp-content\/uploads\/2015\/04\/appstore_googleplay.jpg\" rel=\"lightbox[667]\"><img loading=\"lazy\" decoding=\"async\" class=\"alignnone wp-image-347\" src=\"http:\/\/star.starmicronics.cz\/wp-content\/uploads\/2015\/04\/appstore_googleplay-300x220.jpg\" alt=\"appstore_googleplay\" width=\"114\" height=\"84\" srcset=\"https:\/\/star.starmicronics.cz\/wp-content\/uploads\/2015\/04\/appstore_googleplay-300x220.jpg 300w, https:\/\/star.starmicronics.cz\/wp-content\/uploads\/2015\/04\/appstore_googleplay-135x100.jpg 135w, https:\/\/star.starmicronics.cz\/wp-content\/uploads\/2015\/04\/appstore_googleplay.jpg 425w\" sizes=\"auto, (max-width: 114px) 100vw, 114px\" \/><\/a><\/p>\n<p style=\"text-align: center;\"><span style=\"color: #333399;\"><strong><a style=\"color: #333399;\" href=\"http:\/\/star.starmicronics.cz\/?page_id=54\">V\u00edce info\u00a0\u00a0\u00a0\u00a0\u00a0\u00a0\u00a0\u00a0\u00a0\u00a0\u00a0\u00a0\u00a0\u00a0\u00a0\u00a0\u00a0\u00a0\u00a0\u00a0\u00a0\u00a0\u00a0\u00a0\u00a0 \u00a0\u00a0<\/a><a style=\"color: #333399;\" href=\"http:\/\/star.starmicronics.cz\/?page_id=71\">V\u00edce info\u00a0\u00a0\u00a0\u00a0\u00a0\u00a0\u00a0\u00a0\u00a0\u00a0\u00a0\u00a0\u00a0\u00a0\u00a0\u00a0\u00a0\u00a0\u00a0\u00a0\u00a0\u00a0\u00a0 \u00a0\u00a0\u00a0\u00a0\u00a0\u00a0\u00a0\u00a0\u00a0 \u00a0<\/a><a style=\"color: #333399;\" href=\"http:\/\/star.starmicronics.cz\/?page_id=324\">V\u00edce info\u00a0\u00a0\u00a0\u00a0\u00a0\u00a0\u00a0\u00a0\u00a0\u00a0\u00a0\u00a0\u00a0\u00a0\u00a0\u00a0\u00a0\u00a0\u00a0\u00a0\u00a0\u00a0\u00a0\u00a0\u00a0\u00a0\u00a0\u00a0\u00a0\u00a0\u00a0\u00a0\u00a0 <\/a><a style=\"color: #333399;\" href=\"http:\/\/star.starmicronics.cz\/?page_id=468\">V\u00edce info<\/a><\/strong><\/span><\/p>\n<p><span style=\"color: #3366ff; font-family: Calibri;\">\u00a0<\/span><\/p>\n<div id='gallery-1' class='gallery galleryid-667 gallery-columns-4 gallery-size-medium'><figure class='gallery-item'>\n\t\t\t<div class='gallery-icon portrait'>\n\t\t\t\t<img loading=\"lazy\" decoding=\"async\" width=\"195\" height=\"300\" src=\"https:\/\/star.starmicronics.cz\/wp-content\/uploads\/2015\/04\/AllReceipts-App-195x300.jpg\" class=\"attachment-medium size-medium\" alt=\"\" aria-describedby=\"gallery-1-27\" srcset=\"https:\/\/star.starmicronics.cz\/wp-content\/uploads\/2015\/04\/AllReceipts-App-195x300.jpg 195w, https:\/\/star.starmicronics.cz\/wp-content\/uploads\/2015\/04\/AllReceipts-App.jpg 432w\" sizes=\"auto, (max-width: 195px) 100vw, 195px\" \/>\n\t\t\t<\/div>\n\t\t\t\t<figcaption class='wp-caption-text gallery-caption' id='gallery-1-27'>\n\t\t\t\tAllReceipts \u2122\n\t\t\t\t<\/figcaption><\/figure><figure class='gallery-item'>\n\t\t\t<div class='gallery-icon landscape'>\n\t\t\t\t<img loading=\"lazy\" decoding=\"async\" width=\"300\" height=\"300\" src=\"https:\/\/star.starmicronics.cz\/wp-content\/uploads\/2015\/04\/AsuraCPRNT-300x300.jpg\" class=\"attachment-medium size-medium\" alt=\"\" aria-describedby=\"gallery-1-91\" srcset=\"https:\/\/star.starmicronics.cz\/wp-content\/uploads\/2015\/04\/AsuraCPRNT-300x300.jpg 300w, https:\/\/star.starmicronics.cz\/wp-content\/uploads\/2015\/04\/AsuraCPRNT-150x150.jpg 150w, https:\/\/star.starmicronics.cz\/wp-content\/uploads\/2015\/04\/AsuraCPRNT.jpg 400w\" sizes=\"auto, (max-width: 300px) 100vw, 300px\" \/>\n\t\t\t<\/div>\n\t\t\t\t<figcaption class='wp-caption-text gallery-caption' id='gallery-1-91'>\n\t\t\t\tAsuraCPRNT\n\t\t\t\t<\/figcaption><\/figure><figure class='gallery-item'>\n\t\t\t<div class='gallery-icon landscape'>\n\t\t\t\t<img loading=\"lazy\" decoding=\"async\" width=\"300\" height=\"300\" src=\"https:\/\/star.starmicronics.cz\/wp-content\/uploads\/2015\/04\/WebPRNT-300x300.jpg\" class=\"attachment-medium size-medium\" alt=\"\" aria-describedby=\"gallery-1-92\" srcset=\"https:\/\/star.starmicronics.cz\/wp-content\/uploads\/2015\/04\/WebPRNT-300x300.jpg 300w, https:\/\/star.starmicronics.cz\/wp-content\/uploads\/2015\/04\/WebPRNT-150x150.jpg 150w, https:\/\/star.starmicronics.cz\/wp-content\/uploads\/2015\/04\/WebPRNT.jpg 400w\" sizes=\"auto, (max-width: 300px) 100vw, 300px\" \/>\n\t\t\t<\/div>\n\t\t\t\t<figcaption class='wp-caption-text gallery-caption' id='gallery-1-92'>\n\t\t\t\tWebPRNT &#8211; Tisk p\u0159es webov\u00e9 rozhran\u00ed, nez\u00e1visle na platform\u011b syst\u00e9m\u016f\n\t\t\t\t<\/figcaption><\/figure><figure class='gallery-item'>\n\t\t\t<div class='gallery-icon landscape'>\n\t\t\t\t<img loading=\"lazy\" decoding=\"async\" width=\"300\" height=\"300\" src=\"https:\/\/star.starmicronics.cz\/wp-content\/uploads\/2015\/04\/TSP100-300x300.jpg\" class=\"attachment-medium size-medium\" alt=\"\" aria-describedby=\"gallery-1-81\" srcset=\"https:\/\/star.starmicronics.cz\/wp-content\/uploads\/2015\/04\/TSP100-300x300.jpg 300w, https:\/\/star.starmicronics.cz\/wp-content\/uploads\/2015\/04\/TSP100-150x150.jpg 150w, https:\/\/star.starmicronics.cz\/wp-content\/uploads\/2015\/04\/TSP100.jpg 400w\" sizes=\"auto, (max-width: 300px) 100vw, 300px\" \/>\n\t\t\t<\/div>\n\t\t\t\t<figcaption class='wp-caption-text gallery-caption' id='gallery-1-81'>\n\t\t\t\tTSP100 -POS tisk\u00e1rna \u00fa\u010dtenek s jedine\u010dn\u00fdm futurePRNT Softwarem \n\t\t\t\t<\/figcaption><\/figure>\n\t\t<\/div>\n\n<p style=\"text-align: center;\"><span style=\"color: #000080;\"><strong><a style=\"color: #000080;\" href=\"http:\/\/star.starmicronics.cz\/?page_id=480\">V\u00edce info\u00a0\u00a0\u00a0\u00a0\u00a0\u00a0\u00a0\u00a0\u00a0\u00a0\u00a0\u00a0\u00a0\u00a0\u00a0\u00a0\u00a0\u00a0\u00a0\u00a0\u00a0\u00a0\u00a0\u00a0\u00a0 \u00a0\u00a0<\/a><a style=\"color: #000080;\" href=\"http:\/\/star.starmicronics.cz\/?page_id=155\">V\u00edce info\u00a0\u00a0\u00a0\u00a0\u00a0\u00a0\u00a0\u00a0\u00a0\u00a0\u00a0\u00a0\u00a0\u00a0\u00a0\u00a0\u00a0\u00a0\u00a0\u00a0\u00a0\u00a0\u00a0 \u00a0\u00a0\u00a0<\/a><a style=\"color: #000080;\" href=\"http:\/\/star.starmicronics.cz\/?page_id=167\">V\u00edce info\u00a0\u00a0\u00a0\u00a0\u00a0\u00a0\u00a0\u00a0\u00a0\u00a0\u00a0\u00a0\u00a0\u00a0\u00a0\u00a0\u00a0\u00a0\u00a0\u00a0\u00a0\u00a0\u00a0\u00a0\u00a0\u00a0\u00a0\u00a0\u00a0\u00a0\u00a0 <\/a><a style=\"color: #000080;\" href=\"http:\/\/star.starmicronics.cz\/?page_id=199\">V\u00edce info<\/a><\/strong><\/span><\/p>\n<div id='gallery-2' class='gallery galleryid-667 gallery-columns-4 gallery-size-medium'><figure class='gallery-item'>\n\t\t\t<div class='gallery-icon landscape'>\n\t\t\t\t<img loading=\"lazy\" decoding=\"async\" width=\"300\" height=\"300\" src=\"https:\/\/star.starmicronics.cz\/wp-content\/uploads\/2015\/04\/TSP650II-300x300.jpg\" class=\"attachment-medium size-medium\" alt=\"\" aria-describedby=\"gallery-2-80\" srcset=\"https:\/\/star.starmicronics.cz\/wp-content\/uploads\/2015\/04\/TSP650II-300x300.jpg 300w, https:\/\/star.starmicronics.cz\/wp-content\/uploads\/2015\/04\/TSP650II-150x150.jpg 150w, https:\/\/star.starmicronics.cz\/wp-content\/uploads\/2015\/04\/TSP650II.jpg 400w\" sizes=\"auto, (max-width: 300px) 100vw, 300px\" \/>\n\t\t\t<\/div>\n\t\t\t\t<figcaption class='wp-caption-text gallery-caption' id='gallery-2-80'>\n\t\t\t\tTSP650II &#8211; Univerz\u00e1ln\u00ed POS tisk\u00e1rna \u00fa\u010dtenek s v\u00edce mo\u017enostmi p\u0159ipojen\u00ed\n\t\t\t\t<\/figcaption><\/figure><figure class='gallery-item'>\n\t\t\t<div class='gallery-icon landscape'>\n\t\t\t\t<img loading=\"lazy\" decoding=\"async\" width=\"300\" height=\"300\" src=\"https:\/\/star.starmicronics.cz\/wp-content\/uploads\/2015\/04\/TSP700II-300x300.jpg\" class=\"attachment-medium size-medium\" alt=\"\" aria-describedby=\"gallery-2-88\" srcset=\"https:\/\/star.starmicronics.cz\/wp-content\/uploads\/2015\/04\/TSP700II-300x300.jpg 300w, https:\/\/star.starmicronics.cz\/wp-content\/uploads\/2015\/04\/TSP700II-150x150.jpg 150w, https:\/\/star.starmicronics.cz\/wp-content\/uploads\/2015\/04\/TSP700II.jpg 400w\" sizes=\"auto, (max-width: 300px) 100vw, 300px\" \/>\n\t\t\t<\/div>\n\t\t\t\t<figcaption class='wp-caption-text gallery-caption' id='gallery-2-88'>\n\t\t\t\tTSP700II\n\t\t\t\t<\/figcaption><\/figure><figure class='gallery-item'>\n\t\t\t<div class='gallery-icon landscape'>\n\t\t\t\t<img loading=\"lazy\" decoding=\"async\" width=\"300\" height=\"300\" src=\"https:\/\/star.starmicronics.cz\/wp-content\/uploads\/2015\/04\/TSP800II-300x300.jpg\" class=\"attachment-medium size-medium\" alt=\"\" aria-describedby=\"gallery-2-89\" srcset=\"https:\/\/star.starmicronics.cz\/wp-content\/uploads\/2015\/04\/TSP800II-300x300.jpg 300w, https:\/\/star.starmicronics.cz\/wp-content\/uploads\/2015\/04\/TSP800II-150x150.jpg 150w, https:\/\/star.starmicronics.cz\/wp-content\/uploads\/2015\/04\/TSP800II.jpg 400w\" sizes=\"auto, (max-width: 300px) 100vw, 300px\" \/>\n\t\t\t<\/div>\n\t\t\t\t<figcaption class='wp-caption-text gallery-caption' id='gallery-2-89'>\n\t\t\t\tTSP800II\n\t\t\t\t<\/figcaption><\/figure><figure class='gallery-item'>\n\t\t\t<div class='gallery-icon landscape'>\n\t\t\t\t<img loading=\"lazy\" decoding=\"async\" width=\"300\" height=\"300\" src=\"https:\/\/star.starmicronics.cz\/wp-content\/uploads\/2015\/04\/SP700-300x300.jpg\" class=\"attachment-medium size-medium\" alt=\"\" aria-describedby=\"gallery-2-90\" srcset=\"https:\/\/star.starmicronics.cz\/wp-content\/uploads\/2015\/04\/SP700-300x300.jpg 300w, https:\/\/star.starmicronics.cz\/wp-content\/uploads\/2015\/04\/SP700-150x150.jpg 150w, https:\/\/star.starmicronics.cz\/wp-content\/uploads\/2015\/04\/SP700.jpg 400w\" sizes=\"auto, (max-width: 300px) 100vw, 300px\" \/>\n\t\t\t<\/div>\n\t\t\t\t<figcaption class='wp-caption-text gallery-caption' id='gallery-2-90'>\n\t\t\t\tSP700 &#8211; Vysok\u00e1 rychlost, 2 barvy (\u010dern\u00e1,\u010derven\u00e1), tisk \u00fa\u010dtenek, vhodn\u00e1 do kuchyn\u011b  \n\t\t\t\t<\/figcaption><\/figure>\n\t\t<\/div>\n\n<p style=\"text-align: center;\"><strong><span style=\"color: #333399;\">\u00a0<a style=\"color: #333399;\" href=\"http:\/\/star.starmicronics.cz\/?page_id=232\">V\u00edce info\u00a0\u00a0\u00a0\u00a0\u00a0\u00a0\u00a0\u00a0\u00a0\u00a0\u00a0\u00a0\u00a0\u00a0\u00a0\u00a0\u00a0\u00a0\u00a0\u00a0\u00a0\u00a0\u00a0\u00a0\u00a0 \u00a0\u00a0<\/a><a style=\"color: #333399;\" href=\"http:\/\/star.starmicronics.cz\/?page_id=236\">V\u00edce info\u00a0\u00a0\u00a0\u00a0\u00a0\u00a0\u00a0\u00a0\u00a0\u00a0\u00a0\u00a0\u00a0\u00a0\u00a0\u00a0\u00a0\u00a0\u00a0\u00a0\u00a0\u00a0\u00a0 \u00a0\u00a0\u00a0\u00a0\u00a0\u00a0\u00a0\u00a0\u00a0 \u00a0<\/a><a style=\"color: #333399;\" href=\"http:\/\/star.starmicronics.cz\/?page_id=248\">V\u00edce info\u00a0\u00a0\u00a0\u00a0\u00a0\u00a0\u00a0\u00a0\u00a0\u00a0\u00a0\u00a0\u00a0\u00a0\u00a0\u00a0\u00a0\u00a0\u00a0\u00a0\u00a0\u00a0\u00a0\u00a0\u00a0\u00a0\u00a0\u00a0\u00a0\u00a0\u00a0\u00a0\u00a0 <\/a><a style=\"color: #333399;\" href=\"http:\/\/star.starmicronics.cz\/?page_id=138\">V\u00edce info<\/a><\/span><\/strong><\/p>\n<div id='gallery-3' class='gallery galleryid-667 gallery-columns-4 gallery-size-medium'><figure class='gallery-item'>\n\t\t\t<div class='gallery-icon landscape'>\n\t\t\t\t<img loading=\"lazy\" decoding=\"async\" width=\"300\" height=\"300\" src=\"https:\/\/star.starmicronics.cz\/wp-content\/uploads\/2015\/04\/SMS220i-300x300.jpg\" class=\"attachment-medium size-medium\" alt=\"\" aria-describedby=\"gallery-3-82\" srcset=\"https:\/\/star.starmicronics.cz\/wp-content\/uploads\/2015\/04\/SMS220i-300x300.jpg 300w, https:\/\/star.starmicronics.cz\/wp-content\/uploads\/2015\/04\/SMS220i-150x150.jpg 150w, https:\/\/star.starmicronics.cz\/wp-content\/uploads\/2015\/04\/SMS220i.jpg 400w\" sizes=\"auto, (max-width: 300px) 100vw, 300px\" \/>\n\t\t\t<\/div>\n\t\t\t\t<figcaption class='wp-caption-text gallery-caption' id='gallery-3-82'>\n\t\t\t\tSMS220i\n\t\t\t\t<\/figcaption><\/figure><figure class='gallery-item'>\n\t\t\t<div class='gallery-icon landscape'>\n\t\t\t\t<img loading=\"lazy\" decoding=\"async\" width=\"300\" height=\"300\" src=\"https:\/\/star.starmicronics.cz\/wp-content\/uploads\/2015\/04\/SMT300i-300x300.jpg\" class=\"attachment-medium size-medium\" alt=\"\" aria-describedby=\"gallery-3-83\" srcset=\"https:\/\/star.starmicronics.cz\/wp-content\/uploads\/2015\/04\/SMT300i-300x300.jpg 300w, https:\/\/star.starmicronics.cz\/wp-content\/uploads\/2015\/04\/SMT300i-150x150.jpg 150w, https:\/\/star.starmicronics.cz\/wp-content\/uploads\/2015\/04\/SMT300i.jpg 400w\" sizes=\"auto, (max-width: 300px) 100vw, 300px\" \/>\n\t\t\t<\/div>\n\t\t\t\t<figcaption class='wp-caption-text gallery-caption' id='gallery-3-83'>\n\t\t\t\tSM-T300i &#8211; Robustn\u00ed 3\u00b4(80mm), mobiln\u00ed tisk\u00e1rna Bluetooth pro iOS, Android, Windows\n\t\t\t\t<\/figcaption><\/figure><figure class='gallery-item'>\n\t\t\t<div class='gallery-icon landscape'>\n\t\t\t\t<img loading=\"lazy\" decoding=\"async\" width=\"300\" height=\"300\" src=\"https:\/\/star.starmicronics.cz\/wp-content\/uploads\/2015\/04\/SMT300DW-300x300.jpg\" class=\"attachment-medium size-medium\" alt=\"\" aria-describedby=\"gallery-3-86\" srcset=\"https:\/\/star.starmicronics.cz\/wp-content\/uploads\/2015\/04\/SMT300DW-300x300.jpg 300w, https:\/\/star.starmicronics.cz\/wp-content\/uploads\/2015\/04\/SMT300DW-150x150.jpg 150w, https:\/\/star.starmicronics.cz\/wp-content\/uploads\/2015\/04\/SMT300DW.jpg 400w\" sizes=\"auto, (max-width: 300px) 100vw, 300px\" \/>\n\t\t\t<\/div>\n\t\t\t\t<figcaption class='wp-caption-text gallery-caption' id='gallery-3-86'>\n\t\t\t\tSM-T300DW &#8211; Robustn\u00ed 3 &#8222;mobiln\u00ed tisk\u00e1rna (80 mm), mo\u017enost p\u0159ipojen\u00ed Bluetooth nebo WiFi \n\t\t\t\t<\/figcaption><\/figure><figure class='gallery-item'>\n\t\t\t<div class='gallery-icon landscape'>\n\t\t\t\t<img loading=\"lazy\" decoding=\"async\" width=\"300\" height=\"300\" src=\"https:\/\/star.starmicronics.cz\/wp-content\/uploads\/2015\/04\/cash_drawers1-300x300.jpg\" class=\"attachment-medium size-medium\" alt=\"\" aria-describedby=\"gallery-3-93\" srcset=\"https:\/\/star.starmicronics.cz\/wp-content\/uploads\/2015\/04\/cash_drawers1-300x300.jpg 300w, https:\/\/star.starmicronics.cz\/wp-content\/uploads\/2015\/04\/cash_drawers1-150x150.jpg 150w, https:\/\/star.starmicronics.cz\/wp-content\/uploads\/2015\/04\/cash_drawers1.jpg 425w\" sizes=\"auto, (max-width: 300px) 100vw, 300px\" \/>\n\t\t\t<\/div>\n\t\t\t\t<figcaption class='wp-caption-text gallery-caption' id='gallery-3-93'>\n\t\t\t\tPen\u011b\u017en\u00ed z\u00e1suvky  &#8211; Odoln\u00e9 pokladn\u00ed z\u00e1suvky \n\t\t\t\t<\/figcaption><\/figure><figure class='gallery-item'>\n\t\t\t<div class='gallery-icon landscape'>\n\t\t\t\t<img loading=\"lazy\" decoding=\"async\" width=\"300\" height=\"300\" src=\"https:\/\/star.starmicronics.cz\/wp-content\/uploads\/2015\/04\/pos_peripherals1-300x300.jpg\" class=\"attachment-medium size-medium\" alt=\"\" aria-describedby=\"gallery-3-94\" srcset=\"https:\/\/star.starmicronics.cz\/wp-content\/uploads\/2015\/04\/pos_peripherals1-300x300.jpg 300w, https:\/\/star.starmicronics.cz\/wp-content\/uploads\/2015\/04\/pos_peripherals1-150x150.jpg 150w, https:\/\/star.starmicronics.cz\/wp-content\/uploads\/2015\/04\/pos_peripherals1.jpg 425w\" sizes=\"auto, (max-width: 300px) 100vw, 300px\" \/>\n\t\t\t<\/div>\n\t\t\t\t<figcaption class='wp-caption-text gallery-caption' id='gallery-3-94'>\n\t\t\t\tPOS periferie &#8211; Z\u00e1kaznick\u00e9 displeje \n\t\t\t\t<\/figcaption><\/figure>\n\t\t<\/div>\n\n<p><span style=\"color: #333399;\"><strong><a style=\"color: #333399;\" href=\"http:\/\/star.starmicronics.cz\/?page_id=144\">V\u00edce info<\/a><\/strong><\/span><\/p>\n<p>&nbsp;<\/p>\n<p>&nbsp;<\/p>\n","protected":false},"excerpt":{"rendered":"<p>Mobiln\u00ed POS\u00a0 &nbsp; Leader na trhu v tiskov\u00fdch \u0159e\u0161en\u00edch pro aplikace mobiln\u00edch plateb a MPOS aplikac\u00ed. Star jsou odborn\u00edci v komunikaci s tisk\u00e1rnou, kter\u00e1 nab\u00edz\u00ed nejv\u011bt\u0161\u00ed \u0161k\u00e1lu slu\u017eeb pro sv\u00e9 z\u00e1kazn\u00edky (vyrobeno pro iPad\u00ae, iPhone\u00ae a iPod touch\u00ae), Android \u2122 a Windows \u2122. Tyto Bluetooth a Wifi tisk\u00e1rny tisknou \u00fa\u010dtenky prost\u0159ednictv\u00edm tablet\u016f s POS aplikacemi. [&hellip;]<\/p>\n","protected":false},"author":1,"featured_media":0,"parent":0,"menu_order":0,"comment_status":"closed","ping_status":"open","template":"","meta":{"footnotes":"","_links_to":"","_links_to_target":""},"class_list":["post-667","page","type-page","status-publish","hentry"],"_links":{"self":[{"href":"https:\/\/star.starmicronics.cz\/index.php?rest_route=\/wp\/v2\/pages\/667","targetHints":{"allow":["GET"]}}],"collection":[{"href":"https:\/\/star.starmicronics.cz\/index.php?rest_route=\/wp\/v2\/pages"}],"about":[{"href":"https:\/\/star.starmicronics.cz\/index.php?rest_route=\/wp\/v2\/types\/page"}],"author":[{"embeddable":true,"href":"https:\/\/star.starmicronics.cz\/index.php?rest_route=\/wp\/v2\/users\/1"}],"replies":[{"embeddable":true,"href":"https:\/\/star.starmicronics.cz\/index.php?rest_route=%2Fwp%2Fv2%2Fcomments&post=667"}],"version-history":[{"count":0,"href":"https:\/\/star.starmicronics.cz\/index.php?rest_route=\/wp\/v2\/pages\/667\/revisions"}],"wp:attachment":[{"href":"https:\/\/star.starmicronics.cz\/index.php?rest_route=%2Fwp%2Fv2%2Fmedia&parent=667"}],"curies":[{"name":"wp","href":"https:\/\/api.w.org\/{rel}","templated":true}]}}