{"id":578,"date":"2015-04-28T10:39:03","date_gmt":"2015-04-28T09:39:03","guid":{"rendered":"http:\/\/star.starmicronics.cz\/?page_id=578"},"modified":"2016-05-05T15:53:12","modified_gmt":"2016-05-05T14:53:12","slug":"star-support","status":"publish","type":"page","link":"https:\/\/star.starmicronics.cz\/?page_id=578","title":{"rendered":"Glob\u00e1ln\u00ed podpora Star"},"content":{"rendered":"<p>&nbsp;<\/p>\n<p><span style=\"color: #3366ff;\"><span id=\"result_box\" lang=\"cs\"><span class=\"hps\">V\u0161echny na\u0161e v\u00fdrobky<\/span> <span class=\"hps\">se op\u00edraj\u00ed o<\/span> <span class=\"hps\">zku\u0161en\u00fd <\/span><span class=\"hps\">podp\u016frn\u00fd t\u00fdm<\/span> <span class=\"hps\">Star<\/span>, <span class=\"hps\">uzn\u00e1van\u00fd<\/span> <span class=\"hps\">pro jeho<\/span> <span class=\"hps\">technick\u00e9 znalosti a<\/span> <span class=\"hps\">integraci<\/span> <span class=\"hps\">znalost\u00ed<\/span>. Podpora <span class=\"hps\">EMEA<\/span> <span class=\"hps\">T\u00fdm<\/span> <span class=\"hps\">zahrnuje<\/span> <span class=\"hps\">prodej, marketing<\/span> <span class=\"hps\">a<\/span> <span class=\"hps\">technickou podporu<\/span> <span class=\"hps\">Star<\/span> <span class=\"hps\">v\u00fdrobk\u016f<\/span> <span class=\"hps\">v Evrop\u011b<\/span>, na St\u0159edn\u00edm v\u00fdchod\u011b, v Indii a <span class=\"hps\">Africe,<\/span> <span class=\"hps\">z<\/span> <span class=\"hps\">pre<\/span>-sales <span class=\"hps\">na<\/span> <span class=\"hps\">tisk<\/span> <span class=\"hps\">syst\u00e9mov\u00e9 integrace,<\/span> <span class=\"hps\">produktov\u00fd marketing<\/span> <span class=\"hps\">a<\/span> <span class=\"hps\">je\u0161t\u011b mnohem v\u00edce.<\/span> <span class=\"hps\">Zde se<\/span> <span class=\"hps\">m\u016f\u017eete dozv\u011bd\u011bt v\u00edce<\/span> <span class=\"hps\">o<\/span> <span class=\"hps\">podpo\u0159e, kterou<\/span>\u00a0<span class=\"hps\">nab\u00edz\u00edme<\/span> nebo n\u00e1s\u00a0<span class=\"hps\">kontaktujte<\/span>, pokud <span class=\"hps\">byste cht\u011bli<\/span> <span class=\"hps\">mluvit s<\/span> <span class=\"hps\">jedn\u00edm z na\u0161ich<\/span> \u010dlen\u016f podp\u016frn\u00e9ho t\u00fdmu.<\/span><\/span><\/p>\n<div id=\"gt-edit\"><\/div>\n<div id=\"gt-res-tools\"><\/div>\n<p><span style=\"color: #000080;\"><a class=\"fasc-button fasc-size-medium fasc-type-popout fasc-rounded-medium fasc-ico-before dashicons-admin-page\" style=\"background-color: #33589e; color: #ffffff;\" href=\"http:\/\/star.starmicronics.cz\/?page_id=498\" data-fasc-style=\"background-color:#33589e;color:#ffffff;\">Produktov\u00e9 bro\u017eury<\/a><\/span><\/p>\n<p><span style=\"color: #000080;\"><a class=\"fasc-button fasc-size-medium fasc-type-popout fasc-rounded-medium fasc-ico-before dashicons-format-gallery\" style=\"background-color: #33559e; color: #ffffff;\" href=\"http:\/\/star.starmicronics.cz\/?page_id=579\" data-fasc-style=\"background-color:#33559e;color:#ffffff;\">Galerie obr\u00e1zk\u016f<\/a><\/span><\/p>\n<p><span style=\"color: #000080;\"><a class=\"fasc-button fasc-size-medium fasc-type-popout fasc-rounded-medium fasc-ico-before dashicons-format-video\" style=\"background-color: #334f9e; color: #ffffff;\" href=\"https:\/\/www.youtube.com\/user\/starposprinters\" target=\"_blank\" data-fasc-style=\"background-color:#334f9e;color:#ffffff;\">Video galerie<\/a><\/span><\/p>\n<p><span style=\"color: #3366ff;\">\u00a0<\/span><\/p>\n<hr \/>\n<p>&nbsp;<\/p>\n<h3><span style=\"color: #333399;\"><a style=\"color: #333399;\" href=\"http:\/\/www.pokladnisystemy.cz\/\" target=\"_blank\">Kde nakoupit<\/a><\/span><\/h3>\n<p><span style=\"color: #3366ff;\">Pro zji\u0161t\u011bn\u00ed detail\u016f o prodejc\u00edch Star ve va\u0161em regionu n\u00e1s pros\u00edm <a href=\"http:\/\/www.pokladnisystemy.cz\/\" target=\"_blank\"><span style=\"color: #333399;\">kontaktujte.<\/span><\/a><\/span><\/p>\n<hr \/>\n<p>&nbsp;<\/p>\n<h3><span style=\"color: #3366ff;\"><a style=\"color: #3366ff;\" href=\"http:\/\/www.starvip.club\/\" target=\"_blank\">Star VIP Club <\/a><a style=\"color: #3366ff;\" href=\"http:\/\/www.starvip.club\/\"><img loading=\"lazy\" decoding=\"async\" class=\"  wp-image-2828 alignleft\" src=\"http:\/\/star-emea.com\/wp-content\/uploads\/2015\/01\/VIP-Club-Logo-300x146.jpg\" alt=\"VIP Club Logo\" width=\"76\" height=\"37\" \/><\/a><\/span><\/h3>\n<p><span style=\"color: #3366ff;\">Partnersk\u00fd klub pro Star\u00a0 nez\u00e1visl\u00e9 v\u00fdrobce softwaru, softwarov\u00e9 domy a v\u00fdvoj\u00e1\u0159e. Pro zji\u0161t\u011bn\u00ed detail\u016f n\u00e1s pros\u00edm\u00a0<a href=\"http:\/\/www.starvip.club\/\" target=\"_blank\"><span style=\"color: #333399;\">kontaktujte<\/span>.<\/a><\/span><\/p>\n<p><span style=\"color: #3366ff;\">\u00a0<\/span><\/p>\n<h3><span style=\"color: #333399;\"><a style=\"color: #333399;\" href=\"http:\/\/customer.stareu.net\/CustomerResource\/Login.aspx\" target=\"_blank\">Star datab\u00e1ze zdroj\u016f pro z\u00e1kazn\u00edky<\/a><\/span><\/h3>\n<p><span style=\"color: #3366ff;\">\u00a0V p\u0159\u00edpad\u011b z\u00e1jmu, pros\u00edm <a href=\"http:\/\/customer.stareu.net\/CustomerResource\/Login.aspx\" target=\"_blank\"><span style=\"color: #333399;\">kontaktujte<\/span> <\/a>n\u00e1\u0161 technick\u00fd t\u00fdm pro va\u0161e p\u0159ihla\u0161ovac\u00ed \u00fadaje.<\/span><\/p>\n<p><span style=\"color: #3366ff;\">\u00a0<\/span><\/p>\n<hr \/>\n<p>&nbsp;<\/p>\n<p><a class=\"fasc-button fasc-size-medium fasc-type-popout fasc-rounded-medium fasc-ico-before dashicons-admin-generic\" style=\"background-color: #33619e; color: #ffffff;\" href=\"http:\/\/www.starmicronics.com\/support\/\" target=\"_blank\" data-fasc-style=\"background-color:#33619e;color:#ffffff;\">Star Product Drivers<\/a><\/p>\n<p><span style=\"color: #000080;\">\u00a0<\/span><\/p>\n<p><span style=\"color: #333399;\"><strong><a class=\"fasc-button fasc-size-medium fasc-type-popout fasc-rounded-medium fasc-ico-before dashicons-admin-generic\" style=\"background-color: #33589e; color: #ffffff;\" href=\"http:\/\/www.starmicronics.com\/support\/sdkdocumentation.aspx\" target=\"_blank\" data-fasc-style=\"background-color:#33589e;color:#ffffff;\">Star SDKs<\/a><\/strong><\/span><\/p>\n<p><span style=\"color: #000080;\">\u00a0<\/span><\/p>\n<p><a class=\"fasc-button fasc-size-medium fasc-type-popout fasc-rounded-medium fasc-ico-before dashicons-admin-generic\" style=\"background-color: #33559e; color: #ffffff;\" href=\"http:\/\/www.starmicronics.com\/support\/\" target=\"_blank\" data-fasc-style=\"background-color:#33559e;color:#ffffff;\">Star Product and User Manuals<\/a><\/p>\n<p><span style=\"color: #000080;\">\u00a0<\/span><\/p>\n<p><a class=\"fasc-button fasc-size-medium fasc-type-popout fasc-rounded-medium fasc-ico-before dashicons-admin-generic\" style=\"background-color: #33559e; color: #ffffff;\" href=\"http:\/\/www.starmicronics.com\/support\/sdkdocumentation.aspx\" target=\"_blank\" data-fasc-style=\"background-color:#33559e;color:#ffffff;\">Star Developer Area<\/a><\/p>\n<p><span style=\"color: #000080;\">\u00a0<\/span><\/p>\n<p><a class=\"fasc-button fasc-size-medium fasc-type-popout fasc-rounded-medium fasc-ico-before dashicons-admin-generic\" style=\"background-color: #33489e; color: #ffffff;\" href=\"http:\/\/www.starmicronics.com\/support\/faq.aspx\" target=\"_blank\" data-fasc-style=\"background-color:#33489e;color:#ffffff;\">Star Product FAQ<\/a><\/p>\n<p>&nbsp;<\/p>\n<p><span style=\"color: #000080;\"><strong><a class=\"fasc-button fasc-size-medium fasc-type-popout fasc-rounded-medium fasc-ico-before dashicons-admin-generic\" style=\"background-color: #33559e; color: #ffffff;\" href=\"https:\/\/itunes.apple.com\/us\/app\/stario-sdk\/id569792039?mt=8\" target=\"_blank\" data-fasc-style=\"background-color:#33559e;color:#ffffff;\">StarIO SDK on iTunes<\/a><\/strong><\/span><\/p>\n<p><span style=\"color: #3366ff;\">Demo aplikace\u00a0pro Star\u00a0term\u00e1ln\u00ed tisk\u00e1rny\u00a0s iOS<\/span><\/p>\n<p><span style=\"color: #000080;\"><strong><a class=\"fasc-button fasc-size-medium fasc-type-popout fasc-rounded-medium fasc-ico-before dashicons-admin-generic\" style=\"background-color: #334f9e; color: #ffffff;\" href=\"https:\/\/play.google.com\/store\/apps\/details?id=com.StarMicronics.StarIOSDK&amp;hl=en_GB\" target=\"_blank\" data-fasc-style=\"background-color:#334f9e;color:#ffffff;\">StarIO SDK on Google Play<\/a><\/strong><\/span><\/p>\n<p><span style=\"color: #3366ff;\">Demo aplikace\u00a0pro Star\u00a0term\u00e1ln\u00ed tisk\u00e1rny s\u00a0Android<\/span><\/p>\n<p><a href=\"http:\/\/star.starmicronics.cz\/wp-content\/uploads\/2015\/04\/appstore_googleplay.jpg\" rel=\"lightbox[578]\"><img loading=\"lazy\" decoding=\"async\" class=\"alignnone  wp-image-347\" src=\"http:\/\/star.starmicronics.cz\/wp-content\/uploads\/2015\/04\/appstore_googleplay-300x220.jpg\" alt=\"appstore_googleplay\" width=\"120\" height=\"88\" srcset=\"https:\/\/star.starmicronics.cz\/wp-content\/uploads\/2015\/04\/appstore_googleplay-300x220.jpg 300w, https:\/\/star.starmicronics.cz\/wp-content\/uploads\/2015\/04\/appstore_googleplay-135x100.jpg 135w, https:\/\/star.starmicronics.cz\/wp-content\/uploads\/2015\/04\/appstore_googleplay.jpg 425w\" sizes=\"auto, (max-width: 120px) 100vw, 120px\" \/><\/a><\/p>\n<p>&nbsp;<\/p>\n","protected":false},"excerpt":{"rendered":"<p>&nbsp; V\u0161echny na\u0161e v\u00fdrobky se op\u00edraj\u00ed o zku\u0161en\u00fd podp\u016frn\u00fd t\u00fdm Star, uzn\u00e1van\u00fd pro jeho technick\u00e9 znalosti a integraci znalost\u00ed. Podpora EMEA T\u00fdm zahrnuje prodej, marketing a technickou podporu Star v\u00fdrobk\u016f v Evrop\u011b, na St\u0159edn\u00edm v\u00fdchod\u011b, v Indii a Africe, z pre-sales na tisk syst\u00e9mov\u00e9 integrace, produktov\u00fd marketing a je\u0161t\u011b mnohem v\u00edce. Zde se m\u016f\u017eete dozv\u011bd\u011bt [&hellip;]<\/p>\n","protected":false},"author":1,"featured_media":0,"parent":0,"menu_order":0,"comment_status":"closed","ping_status":"open","template":"","meta":{"footnotes":"","_links_to":"","_links_to_target":""},"class_list":["post-578","page","type-page","status-publish","hentry"],"_links":{"self":[{"href":"https:\/\/star.starmicronics.cz\/index.php?rest_route=\/wp\/v2\/pages\/578","targetHints":{"allow":["GET"]}}],"collection":[{"href":"https:\/\/star.starmicronics.cz\/index.php?rest_route=\/wp\/v2\/pages"}],"about":[{"href":"https:\/\/star.starmicronics.cz\/index.php?rest_route=\/wp\/v2\/types\/page"}],"author":[{"embeddable":true,"href":"https:\/\/star.starmicronics.cz\/index.php?rest_route=\/wp\/v2\/users\/1"}],"replies":[{"embeddable":true,"href":"https:\/\/star.starmicronics.cz\/index.php?rest_route=%2Fwp%2Fv2%2Fcomments&post=578"}],"version-history":[{"count":0,"href":"https:\/\/star.starmicronics.cz\/index.php?rest_route=\/wp\/v2\/pages\/578\/revisions"}],"wp:attachment":[{"href":"https:\/\/star.starmicronics.cz\/index.php?rest_route=%2Fwp%2Fv2%2Fmedia&parent=578"}],"curies":[{"name":"wp","href":"https:\/\/api.w.org\/{rel}","templated":true}]}}