{"id":562,"date":"2015-04-27T15:50:42","date_gmt":"2015-04-27T14:50:42","guid":{"rendered":"http:\/\/star.starmicronics.cz\/?page_id=562"},"modified":"2026-03-27T08:04:59","modified_gmt":"2026-03-27T07:04:59","slug":"kontakt","status":"publish","type":"page","link":"https:\/\/star.starmicronics.cz\/?page_id=562","title":{"rendered":"Kontakt"},"content":{"rendered":"<p><strong>PENTA CZ, s.r.o.<\/strong><\/p>\n<p>Kosmetick\u00e1 450<\/p>\n<p>Katovice<\/p>\n<p>387 11<\/p>\n<p><span style=\"color: #3366ff;\">I\u010cO: 25193546, DI\u010c: CZ25193546<\/span><\/p>\n<p><strong><span style=\"color: #3366ff;\">Tel.: +420 24 24 98 672<\/span><\/strong><\/p>\n<p><strong><span style=\"color: #3366ff;\">E-mail: pos<a href=\"http:\/\/star.starmicronics.cz\/wp-content\/uploads\/2018\/02\/zavinac.png\" rel=\"lightbox[562]\"><img loading=\"lazy\" decoding=\"async\" class=\"size-full wp-image-1772 alignnone\" src=\"http:\/\/star.starmicronics.cz\/wp-content\/uploads\/2018\/02\/zavinac.png\" alt=\"\" width=\"16\" height=\"16\" \/><\/a>penta.cz<\/span><\/strong><\/p>\n","protected":false},"excerpt":{"rendered":"<p>PENTA CZ, s.r.o. Kosmetick\u00e1 450 Katovice 387 11 I\u010cO: 25193546, DI\u010c: CZ25193546 Tel.: +420 24 24 98 672 E-mail: pospenta.cz<\/p>\n","protected":false},"author":1,"featured_media":0,"parent":0,"menu_order":0,"comment_status":"closed","ping_status":"open","template":"","meta":{"footnotes":"","_links_to":"","_links_to_target":""},"class_list":["post-562","page","type-page","status-publish","hentry"],"_links":{"self":[{"href":"https:\/\/star.starmicronics.cz\/index.php?rest_route=\/wp\/v2\/pages\/562","targetHints":{"allow":["GET"]}}],"collection":[{"href":"https:\/\/star.starmicronics.cz\/index.php?rest_route=\/wp\/v2\/pages"}],"about":[{"href":"https:\/\/star.starmicronics.cz\/index.php?rest_route=\/wp\/v2\/types\/page"}],"author":[{"embeddable":true,"href":"https:\/\/star.starmicronics.cz\/index.php?rest_route=\/wp\/v2\/users\/1"}],"replies":[{"embeddable":true,"href":"https:\/\/star.starmicronics.cz\/index.php?rest_route=%2Fwp%2Fv2%2Fcomments&post=562"}],"version-history":[{"count":6,"href":"https:\/\/star.starmicronics.cz\/index.php?rest_route=\/wp\/v2\/pages\/562\/revisions"}],"predecessor-version":[{"id":1781,"href":"https:\/\/star.starmicronics.cz\/index.php?rest_route=\/wp\/v2\/pages\/562\/revisions\/1781"}],"wp:attachment":[{"href":"https:\/\/star.starmicronics.cz\/index.php?rest_route=%2Fwp%2Fv2%2Fmedia&parent=562"}],"curies":[{"name":"wp","href":"https:\/\/api.w.org\/{rel}","templated":true}]}}