{"id":54,"date":"2015-04-21T09:48:34","date_gmt":"2015-04-21T08:48:34","guid":{"rendered":"http:\/\/star.starmicronics.cz\/?page_id=54"},"modified":"2016-05-07T00:04:41","modified_gmt":"2016-05-06T23:04:41","slug":"allreceipts-digitalni-uctenky","status":"publish","type":"page","link":"https:\/\/star.starmicronics.cz\/?page_id=54","title":{"rendered":"AllReceipts &#8211; Digit\u00e1ln\u00ed \u00fa\u010dtenky"},"content":{"rendered":"<p><span style=\"color: #3366ff;\"><strong>\u00a0<a href=\"http:\/\/star.starmicronics.cz\/wp-content\/uploads\/2015\/04\/thumbs_AllReceipts_grid.jpg\" rel=\"lightbox[54]\"><img loading=\"lazy\" decoding=\"async\" class=\"alignleft size-full wp-image-581\" src=\"http:\/\/star.starmicronics.cz\/wp-content\/uploads\/2015\/04\/thumbs_AllReceipts_grid.jpg\" alt=\"thumbs_AllReceipts_grid\" width=\"150\" height=\"150\" \/><\/a>Servis digit\u00e1ln\u00edho potvrzov\u00e1n\u00ed \u00fa\u010dtenek<\/strong><\/span><\/p>\n<p>&nbsp;<\/p>\n<p><span style=\"color: #3366ff;\">Pro v\u011bt\u0161inu lid\u00ed, nen\u00ed snadn\u00fdm \u00fakolem neztr\u00e1cet \u00fa\u010dtenky. Star se rozhodla tento proces co nejv\u00edce zjednodu\u0161it a z\u00e1kazn\u00edk\u016fm tak situaci uleh\u010dit.<\/span><\/p>\n<ul>\n<li><span style=\"color: #3366ff;\">Ulo\u017ete digit\u00e1ln\u00ed kopii \u00fa\u010dtenky na mobiln\u00edm za\u0159\u00edzen\u00ed dle va\u0161eho v\u00fdb\u011bru<\/span><\/li>\n<li><span style=\"color: #3366ff;\">Zobrazen\u00ed \u00fa\u010dtenky podle data nebo prodejce bez nutnosti sd\u00edlet va\u0161i e-mailovou adresu, nebo danou \u00fa\u010dtenku vyfotit<\/span><\/li>\n<\/ul>\n<p><span style=\"color: #3366ff;\"><strong><span style=\"text-decoration: underline;\">AllReceipts Servis digit\u00e1ln\u00edho potvrzov\u00e1n\u00ed \u00fa\u010dtenek pro obchodn\u00edky<\/span>:<\/strong><\/span><\/p>\n<p><span style=\"color: #3366ff;\"> AllReceipts je zdarma. V\u0161e, co pot\u0159ebujete, je tisk\u00e1rna Star (\u0159ady TSP100). M\u016f\u017eete podporovat vyu\u017e\u00edv\u00e1n\u00ed Star AllReceipts App pro sv\u00e9 z\u00e1kazn\u00edky nebo druhou mo\u017enost\u00ed je API AllReceipts do va\u0161eho syst\u00e9mu Loyalty Card. Mezi reportovac\u00ed n\u00e1stroje obchodn\u00edk\u016f pat\u0159\u00ed Cloud, kter\u00fd umo\u017e\u0148uje p\u0159\u00edstup k Dashboards a Analytics. <\/span><\/p>\n<p><span style=\"color: #3366ff;\"><strong>Vlastnosti:\u00a0<\/strong><\/span><\/p>\n<ul>\n<li><span style=\"color: #3366ff;\">\u00dadaje o v\u0161ech vyti\u0161t\u011bn\u00fdch \u00fa\u010dtenk\u00e1ch,<\/span><\/li>\n<li><span style=\"color: #3366ff;\">Device Management Tool poskytuje aktu\u00e1ln\u00ed stav tisk\u00e1rny p\u0159es zabudovanou z\u00e1kladnu. Do\u0161l\u00fd pap\u00edr, otev\u0159en\u00fd kryt, nebo odpojen\u00ed tisk\u00e1rny, tyto chyby jsou okam\u017eit\u011b identifikov\u00e1ny a ozn\u00e1meny na p\u0159\u00edstrojov\u00e9 desce zalo\u017een\u00e9 na komplexn\u00ed cloud. Tento n\u00e1stroj se tak\u00e9 spojil se stanoven\u00fdmi POS stanicemi, a to d\u00edky v\u00fdsledk\u016fm pr\u016fzkumu spokojenosti z\u00e1kazn\u00edk\u016f.<\/span><\/li>\n<li><span style=\"color: #3366ff;\">&#8222;Rychl\u00fd&#8220; Pr\u016fzkum spokojenosti z\u00e1kazn\u00edk\u016f, kter\u00fd se se z\u00e1kazn\u00edkem ud\u011bl\u00e1 p\u0159ed vyti\u0161t\u011bn\u00edm \u00fa\u010dtenky. Souvislost mezi Device Management a Survey Tools za\u0159\u00edzen\u00edm umo\u017en\u00ed maloobchodn\u00edk\u016fm zapojen\u00ed k POS stanici.<\/span><\/li>\n<li><span style=\"color: #3366ff;\">AllReceipts technologie pot\u0159ebuje pouze tisk\u00e1rnu Star. Pracuje nez\u00e1visle na POS softwaru, automaticky generuje a bezpe\u010dn\u011b ode\u0161le \u00fa\u010dtenku do cloudu a spust\u00ed se jej\u00ed tisk.<\/span><\/li>\n<\/ul>\n<p><span style=\"color: #3366ff;\"><strong>Ke sta\u017een\u00ed <\/strong><\/span><\/p>\n<ul>\n<li><span style=\"color: #000080;\"><a style=\"color: #000080;\" href=\"http:\/\/star.starmicronics.cz\/?page_id=498\" target=\"_blank\">Produktov\u00e1 bro\u017eura<\/a><\/span><\/li>\n<li><span style=\"color: #000080;\">Manual, SDK (link to <a style=\"color: #000080;\" href=\"http:\/\/www.starmicronics.com\/support\">www.starmicronics.com\/support<\/a>)<\/span><\/li>\n<li><a href=\"http:\/\/star.starmicronics.cz\/?page_id=579\"><span style=\"color: #000080;\">Galerie obr\u00e1zk\u016f<\/span><\/a><\/li>\n<li><a href=\"https:\/\/www.youtube.com\/user\/starposprinters\" target=\"_blank\"><span style=\"color: #000080;\">Video galerie<\/span><\/a><\/li>\n<li><a href=\"http:\/\/star.starmicronics.cz\/?page_id=518\"><span style=\"color: #000080;\">Na\u0161i z\u00e1kazn\u00edci<\/span><\/a><\/li>\n<li><span style=\"color: #000080;\"><a style=\"color: #000080;\" href=\"https:\/\/play.google.com\/store\/apps\/details?id=com.google.android.apps.plus\" target=\"_blank\">App na Google Play<\/a><\/span><\/li>\n<\/ul>\n<p><a href=\"http:\/\/star.starmicronics.cz\/wp-content\/uploads\/2015\/04\/AllReceipts_grid.jpg\" rel=\"lightbox[54]\"><img loading=\"lazy\" decoding=\"async\" class=\"alignnone wp-image-350\" src=\"http:\/\/star.starmicronics.cz\/wp-content\/uploads\/2015\/04\/AllReceipts_grid-300x300.jpg\" alt=\"AllReceipts_grid\" width=\"113\" height=\"113\" srcset=\"https:\/\/star.starmicronics.cz\/wp-content\/uploads\/2015\/04\/AllReceipts_grid-300x300.jpg 300w, https:\/\/star.starmicronics.cz\/wp-content\/uploads\/2015\/04\/AllReceipts_grid-150x150.jpg 150w, https:\/\/star.starmicronics.cz\/wp-content\/uploads\/2015\/04\/AllReceipts_grid.jpg 400w\" sizes=\"auto, (max-width: 113px) 100vw, 113px\" \/><\/a><\/p>\n<p><span style=\"color: #3366ff;\"><strong>Specifikace <\/strong><\/span><\/p>\n<p><span style=\"color: #3366ff;\">V\u00fdrobce tisk\u00e1ren Star uvede v\u00a0kv\u011btnu 2015 na trh bezkonkuren\u010dn\u00ed novinku, kter\u00e1 bude zcela zdarma a z\u00e1kazn\u00edk\u016fm umo\u017en\u00ed snadnou a pohodlnou digit\u00e1ln\u00ed archivaci pokladn\u00edch \u00fa\u010dtenek. Uleh\u010den\u00ed pro z\u00e1kazn\u00edky, je automatick\u00e9 zobrazen\u00ed \u00fa\u010dtenek v\u00a0mobiln\u00edm za\u0159\u00edzen\u00ed, a t\u00edm i snadn\u00e9 zp\u011btn\u00e9 vyhled\u00e1v\u00e1n\u00ed a t\u0159\u00edd\u011bn\u00ed \u00fa\u010dtenek.\u00a0 V\u00fdhodou pro obchodn\u00edky, je nejen poskytnut\u00ed digit\u00e1ln\u00edch \u00fa\u010dtenek, ale i p\u0159ehled o v\u0161ech vyti\u0161t\u011bn\u00fdch dokladech a okam\u017eit\u00fd pr\u016fzkum spokojenosti z\u00e1kazn\u00edk\u016f.D\u00edky technologii ,,AllReceipts\u00b4\u00b4 m\u00e1 administr\u00e1tor kompletn\u00ed p\u0159ehled o stavu tisk\u00e1ren, bez ohledu na jejich um\u00edst\u011bn\u00ed. Tento syst\u00e9m lze zabudovat do ji\u017e zaveden\u00fdch v\u011brnostn\u00edch karet.<\/span><\/p>\n<p>&nbsp;<\/p>\n<p><span style=\"color: #3366ff;\"><strong>\u00a0Galerie<\/strong><\/span><\/p>\n<div id='gallery-1' class='gallery galleryid-54 gallery-columns-2 gallery-size-medium'><figure class='gallery-item'>\n\t\t\t<div class='gallery-icon portrait'>\n\t\t\t\t<a href='https:\/\/star.starmicronics.cz\/wp-content\/uploads\/2015\/04\/AllReceipts-Phone.jpg' rel=\"lightbox[54]\"><img loading=\"lazy\" decoding=\"async\" width=\"167\" height=\"300\" src=\"https:\/\/star.starmicronics.cz\/wp-content\/uploads\/2015\/04\/AllReceipts-Phone-167x300.jpg\" class=\"attachment-medium size-medium\" alt=\"\" aria-describedby=\"gallery-1-64\" srcset=\"https:\/\/star.starmicronics.cz\/wp-content\/uploads\/2015\/04\/AllReceipts-Phone-167x300.jpg 167w, https:\/\/star.starmicronics.cz\/wp-content\/uploads\/2015\/04\/AllReceipts-Phone.jpg 210w\" sizes=\"auto, (max-width: 167px) 100vw, 167px\" \/><\/a>\n\t\t\t<\/div>\n\t\t\t\t<figcaption class='wp-caption-text gallery-caption' id='gallery-1-64'>\n\t\t\t\tAllReceipts Phone\n\t\t\t\t<\/figcaption><\/figure><figure class='gallery-item'>\n\t\t\t<div class='gallery-icon landscape'>\n\t\t\t\t<a href='https:\/\/star.starmicronics.cz\/wp-content\/uploads\/2015\/04\/Allreceipts_printer.jpg' rel=\"lightbox[54]\"><img loading=\"lazy\" decoding=\"async\" width=\"300\" height=\"102\" src=\"https:\/\/star.starmicronics.cz\/wp-content\/uploads\/2015\/04\/Allreceipts_printer-300x102.jpg\" class=\"attachment-medium size-medium\" alt=\"\" aria-describedby=\"gallery-1-67\" srcset=\"https:\/\/star.starmicronics.cz\/wp-content\/uploads\/2015\/04\/Allreceipts_printer-300x102.jpg 300w, https:\/\/star.starmicronics.cz\/wp-content\/uploads\/2015\/04\/Allreceipts_printer-768x261.jpg 768w, https:\/\/star.starmicronics.cz\/wp-content\/uploads\/2015\/04\/Allreceipts_printer.jpg 877w\" sizes=\"auto, (max-width: 300px) 100vw, 300px\" \/><\/a>\n\t\t\t<\/div>\n\t\t\t\t<figcaption class='wp-caption-text gallery-caption' id='gallery-1-67'>\n\t\t\t\tAllReceipts\n\t\t\t\t<\/figcaption><\/figure>\n\t\t<\/div>\n\n<p>&nbsp;<\/p>\n<p><span style=\"color: #3366ff;\"><strong>Souvisej\u00edc\u00ed Produkty\u00a0<\/strong>\u00a0<strong>\u00a0<\/strong><\/span><\/p>\n<p><a href=\"http:\/\/local.star.starmicronics.cz\/?page_id=468\"><span style=\"color: #3366ff;\">TSP100 tisk\u00e1rna \u00fa\u010dtenek<\/span><\/a><\/p>\n<p><a href=\"http:\/\/star.starmicronics.cz\/wp-content\/uploads\/2015\/04\/TSP100ECO_printer.jpg\" rel=\"lightbox[54]\"><img loading=\"lazy\" decoding=\"async\" class=\"alignnone size-medium wp-image-65\" src=\"http:\/\/star.starmicronics.cz\/wp-content\/uploads\/2015\/04\/TSP100ECO_printer-240x300.jpg\" alt=\"TSP100ECO_printer\" width=\"240\" height=\"300\" srcset=\"https:\/\/star.starmicronics.cz\/wp-content\/uploads\/2015\/04\/TSP100ECO_printer-240x300.jpg 240w, https:\/\/star.starmicronics.cz\/wp-content\/uploads\/2015\/04\/TSP100ECO_printer.jpg 709w\" sizes=\"auto, (max-width: 240px) 100vw, 240px\" \/><\/a><\/p>\n<p>&nbsp;<\/p>\n<p>&nbsp;<\/p>\n<p>&nbsp;<\/p>\n<p>&nbsp;<\/p>\n","protected":false},"excerpt":{"rendered":"<p>Digit\u00e1ln\u00ed \u00fa\u010dtenky p\u0159\u00edmo do va\u0161eho smartphonu<\/p>\n","protected":false},"author":1,"featured_media":1041,"parent":103,"menu_order":0,"comment_status":"closed","ping_status":"open","template":"","meta":{"footnotes":"","_links_to":"","_links_to_target":""},"class_list":["post-54","page","type-page","status-publish","has-post-thumbnail","hentry"],"_links":{"self":[{"href":"https:\/\/star.starmicronics.cz\/index.php?rest_route=\/wp\/v2\/pages\/54","targetHints":{"allow":["GET"]}}],"collection":[{"href":"https:\/\/star.starmicronics.cz\/index.php?rest_route=\/wp\/v2\/pages"}],"about":[{"href":"https:\/\/star.starmicronics.cz\/index.php?rest_route=\/wp\/v2\/types\/page"}],"author":[{"embeddable":true,"href":"https:\/\/star.starmicronics.cz\/index.php?rest_route=\/wp\/v2\/users\/1"}],"replies":[{"embeddable":true,"href":"https:\/\/star.starmicronics.cz\/index.php?rest_route=%2Fwp%2Fv2%2Fcomments&post=54"}],"version-history":[{"count":4,"href":"https:\/\/star.starmicronics.cz\/index.php?rest_route=\/wp\/v2\/pages\/54\/revisions"}],"predecessor-version":[{"id":1586,"href":"https:\/\/star.starmicronics.cz\/index.php?rest_route=\/wp\/v2\/pages\/54\/revisions\/1586"}],"up":[{"embeddable":true,"href":"https:\/\/star.starmicronics.cz\/index.php?rest_route=\/wp\/v2\/pages\/103"}],"wp:featuredmedia":[{"embeddable":true,"href":"https:\/\/star.starmicronics.cz\/index.php?rest_route=\/wp\/v2\/media\/1041"}],"wp:attachment":[{"href":"https:\/\/star.starmicronics.cz\/index.php?rest_route=%2Fwp%2Fv2%2Fmedia&parent=54"}],"curies":[{"name":"wp","href":"https:\/\/api.w.org\/{rel}","templated":true}]}}