{"id":512,"date":"2015-04-27T14:42:57","date_gmt":"2015-04-27T13:42:57","guid":{"rendered":"http:\/\/star.starmicronics.cz\/?page_id=512"},"modified":"2016-05-05T15:53:12","modified_gmt":"2016-05-05T14:53:12","slug":"star-micronics","status":"publish","type":"page","link":"https:\/\/star.starmicronics.cz\/?page_id=512","title":{"rendered":"Star Micronics"},"content":{"rendered":"<p><span style=\"color: #3366ff;\"><span class=\"hps\">Spole\u010dnost byla zalo\u017eena v<\/span> <span class=\"hps\">Japonsku<\/span> <span class=\"hps\">v roce 1947<\/span>, <span class=\"hps\">Star Micronics<\/span> <span class=\"hps\">Co. Ltd. je<\/span>\u00a0<span class=\"hps\">jedn\u00edm z<\/span> <span class=\"hps\">nejv\u011bt\u0161\u00edch<\/span> <span class=\"hps\">v\u00fdrobc\u016f tisk\u00e1ren<\/span> <span class=\"hps\">na sv\u011bt\u011b.\u00a0Otev\u0159ela<\/span> <span class=\"hps\">\u0159adu<\/span> prodejn\u00edch m\u00edst, kde m\u00e1te k dispozici n\u011bkter\u00e9 z nejpokro\u010dilej\u0161\u00edch technologi\u00ed tisku dne\u0161n\u00ed doby.<\/span><\/p>\n<p><span style=\"color: #3366ff;\">Star d\u00edky\u00a0<span class=\"hps\">rozs\u00e1hl\u00fdm<\/span> <span class=\"hps\">zku\u0161enostem <\/span><span class=\"hps\">v oblasti v\u00fdroby i<\/span>\u00a0<span class=\"hps\">v jin\u00fdch oblastech<\/span> <span class=\"hps\">trhu<\/span>, v\u010detn\u011b <span class=\"hps\">mobiln\u00edch telefon\u016f, <\/span><span class=\"hps\">sn\u00edma\u010d\u016f<\/span>, <span class=\"hps\">sou\u010d\u00e1stek<\/span> <span class=\"hps\">a p\u0159edev\u0161\u00edm<\/span> <span class=\"hps\">obr\u00e1b\u011bc\u00edch n\u00e1stroj\u016f,<\/span> <span class=\"hps\">spolu s jeho<\/span> <span class=\"hps\">pr\u016fkopnickou<\/span> vysokou technologi\u00ed <span class=\"hps\">v\u00fdrobn\u00edch proces\u016f<\/span>, kter\u00e9 vedly k <span class=\"hps\">odbornosti<\/span> <span class=\"hps\">Star, <\/span><span class=\"hps\">vyr\u00e1b\u00ed vlastn\u00ed<\/span> <span class=\"hps\">\u0159adu<\/span> <span class=\"hps\">pokladn\u00edch<\/span> <span class=\"hps\">tisk\u00e1ren p\u0159es<\/span>\u00a0<span class=\"hps\">v\u00edce ne\u017e 30 let<\/span>. Od t\u00e9 doby \u0159ada tisk\u00e1ren <span class=\"hps\">Star<\/span> <span class=\"hps\">Point of<\/span> <span class=\"hps\">Sale<\/span> <span class=\"hps\">neust\u00e1le roste<\/span>, a <span class=\"hps\">te\u010f je<\/span>\u00a0<span class=\"hps\">Star <\/span><span class=\"hps\">hrd\u00fd na to, \u017ee<\/span>\u00a0<span class=\"hps\">m\u00e1 jednu z<\/span> <span class=\"hps\">nejv\u00edce<\/span> <span class=\"hps\">inovativn\u00edch<\/span> <span class=\"hps\">\u0159ad<\/span> <span class=\"hps\">POS<\/span> <span class=\"hps\">tisk\u00e1ren, kter\u00e9<\/span>\u00a0<span class=\"hps\">jsou dnes<\/span> <span class=\"hps\">k dispozici<\/span>, a\u00a0<span class=\"hps\">kter\u00e9 jsou integrov\u00e1ny<\/span> <span class=\"hps\">do<\/span> <span class=\"hps\">n\u011bkter\u00fdch z nejv\u011bt\u0161\u00edch<\/span> <span class=\"hps\">maloobchodn\u00edch<\/span> <span class=\"hps\">a<\/span> <span class=\"hps\">pohostinsk\u00fdch<\/span> <span class=\"hps\">prodejen po cel\u00e9m sv\u011bt\u011b<\/span>.<\/span><\/p>\n<p><span style=\"color: #3366ff;\"><strong>Star Company History<\/strong> link to <span style=\"color: #000080;\"><a style=\"color: #000080;\" href=\"http:\/\/www.star-m.jp\/eng\/company\/history.html\">http:\/\/www.star-m.jp\/eng\/company\/history.html<\/a><\/span><\/span><\/p>\n<p><span style=\"color: #3366ff;\"><a style=\"color: #3366ff;\" href=\"http:\/\/www.star-m.jp\/eng\/company\/co05.html\"><strong>CSR<\/strong><\/a> <strong><span style=\"text-decoration: underline;\">Activities<\/span><\/strong> link to &#8211; <span style=\"color: #000080;\"><a style=\"color: #000080;\" href=\"http:\/\/www.star-m.jp\/eng\/company\/co05.html\">http:\/\/www.star-m.jp\/eng\/company\/co05.html<\/a><\/span><\/span><\/p>\n<p><span style=\"color: #3366ff;\"><a style=\"color: #3366ff;\" href=\"http:\/\/www.star-m.jp\/eng\/ir\/index.html\"><strong>Investor Relations<\/strong><\/a> link to<span style=\"color: #000080;\"> <a style=\"color: #000080;\" href=\"http:\/\/www.star-m.jp\/eng\/ir\/index.html\">http:\/\/www.star-m.jp\/eng\/ir\/index.html<\/a><\/span><\/span><\/p>\n<h1><span style=\"color: #3366ff;\">Star EMEA<\/span><\/h1>\n<p><span style=\"color: #3366ff;\"><span class=\"hps\">Byla zalo\u017eena<\/span> <span class=\"hps\">v roce 1985<\/span>, <span class=\"hps\">Star Micronics<\/span> <span class=\"hps\">EMEA<\/span>, <span class=\"hps\">se s\u00eddlem v<\/span> <span class=\"hps\">High Wycombe<\/span> <span class=\"hps\">ve Velk\u00e9 Brit\u00e1nii<\/span>, <span class=\"hps\">je zodpov\u011bdn\u00e1 za<\/span> <span class=\"hps\">prodej a marketing<\/span> <span class=\"hps\">Star<\/span> <span class=\"hps\">tisk\u00e1ren a p\u0159\u00edslu\u0161enstv\u00ed<\/span> <span class=\"hps\">po cel\u00e9<\/span> <span class=\"hps\">Evrop\u011b, Africe<\/span>, Indii a <span class=\"hps\">na Bl\u00edzk\u00e9m v\u00fdchod\u011b.<\/span> <span class=\"hps\">Dnes m\u00e1<\/span>\u00a0Star <span class=\"hps\">EMEA<\/span>\u00a0 <span class=\"hps\">prominentn\u00ed<\/span> <span class=\"hps\">postaven\u00ed na trhu,<\/span> <span class=\"hps\">jako jedna z<\/span> <span class=\"hps\">p\u0159edn\u00edch v\u00fdrobc\u016f<\/span> <span class=\"hps\">Point of<\/span> <span class=\"hps\">Sale<\/span> <span class=\"hps\">za\u0159\u00edzen\u00ed<\/span> <span class=\"hps\">nap\u0159\u00ed\u010d<\/span> <span class=\"hps\">t\u011bmito regiony<\/span>.<\/span><\/p>\n<p><span style=\"color: #3366ff;\"><span class=\"hps\">Filozofi\u00ed<\/span> <span class=\"hps\">Star<\/span> <span class=\"hps\">bylo v\u017edy,<\/span> <span class=\"hps\">poskytovat<\/span> <span class=\"hps\">obchodn\u00edk\u016fm<\/span>\u00a0 <span class=\"hps\">inovativn\u00ed a<\/span>\u00a0<span class=\"hps\">snadno pou\u017eiteln\u00e1 <\/span><span class=\"hps\">\u0159e\u0161en\u00ed<\/span> <span class=\"hps\">za konkurenceschopnou cenu<\/span>. <span class=\"hps\">To<\/span> <span class=\"hps\">je<\/span> <span class=\"hps\">filozofie, kter\u00e1<\/span> <span class=\"hps\">pokra\u010duje dodnes<\/span>\u00a0 i <span class=\"hps\">s vypu\u0161t\u011bn\u00edm<\/span> <span class=\"hps\">posledn\u00ed<\/span> <span class=\"hps\">\u0159ady pokro\u010dil\u00fdch<\/span> <span class=\"hps\">tiskov\u00fdch \u0159e\u0161en\u00ed<\/span>.<\/span><\/p>\n<p><span style=\"color: #3366ff;\"><a style=\"color: #3366ff;\" href=\"http:\/\/www.star-emea.com\/images\/marketing\/privacy_policy.pdf\"><strong>Privacy Policy<\/strong><\/a> link to <span style=\"color: #000080;\"><a style=\"color: #000080;\" href=\"http:\/\/www.star-emea.com\/images\/marketing\/privacy_policy.pdf\">privacy_policy.pdf<\/a><\/span>\u00a0(Z\u00e1sady ochrany osobn\u00edch \u00fadaj\u016f &#8211; m\u016f\u017eete st\u00e1hnout zde)<\/span><\/p>\n<p><span style=\"color: #3366ff;\">Star\u00a0<span class=\"hps\">EMEA<\/span> <span class=\"hps\">se zavazuje chr\u00e1nit<\/span> <span class=\"hps\">soukrom\u00ed sv\u00fdch<\/span> <span class=\"hps\">u\u017eivatel\u016f<\/span> <span class=\"hps\">webov\u00fdch<\/span> <span class=\"hps\">str\u00e1nek<\/span>. <span class=\"hps\">Pro v\u00edce informac\u00ed<\/span> <span class=\"hps\">t\u00fdkaj\u00edc\u00edch se va\u0161eho<\/span> <span class=\"hps\">soukrom\u00ed<\/span>, si <span class=\"hps\">pros\u00edm<\/span> <span class=\"hps\">st\u00e1hn\u011bte <\/span><span class=\"hps\">Z\u00e1sady ochrany osobn\u00edch \u00fadaj\u016f<\/span>.<\/span><\/p>\n<p><em><span style=\"color: #3366ff;\"><strong>Kontakt<\/strong><\/span><\/em><\/p>\n<p><span style=\"color: #3366ff;\"><strong><span style=\"color: #000000;\">Star Micronics EMEA \u2013 Head Office<\/span><br \/>\n<\/strong>Star House <strong><br \/>\n<\/strong>Peregrine Business Park, <strong><br \/>\n<\/strong>Gomm Road <strong><br \/>\n<\/strong>High Wycombe <strong><br \/>\n<\/strong>Buckinghamshire <strong><br \/>\n<\/strong>HP13 7DL, UK <strong><br \/>\n<\/strong>Tel: + 44 (0) 1494 471111<\/span><br \/>\n<span style=\"color: #3366ff;\"> Fax: + 44 (0) 1494 473333 <strong><br \/>\n<\/strong><a style=\"color: #3366ff;\" href=\"http:\/\/www.star-emea.com\/\">www.star-emea.com<\/a><\/span><\/p>\n<p><span style=\"color: #3366ff;\">Registered in England No: 1663916<\/span><br \/>\n<span style=\"color: #3366ff;\"> V.A.T. Registration No: 404 683263<\/span><br \/>\n<span style=\"color: #3366ff;\"><strong>Sales Support<\/strong><\/span><br \/>\n<span style=\"color: #3366ff;\"> Tel: +44 (0)1494 471111<\/span><\/p>\n<p><span style=\"color: #3366ff;\"><strong>Technical Support <\/strong><\/span><br \/>\n<span style=\"color: #3366ff;\"> Tel: +44 (0)1494 471111<\/span><\/p>\n<p><span style=\"color: #3366ff;\">\u00a0<\/span><\/p>\n<p><span style=\"color: #3366ff;\"><!-- .et_pb_text --><\/span><\/p>\n<div class=\"et_pb_text et_pb_bg_layout_light et_pb_text_align_left\">\n<p><span style=\"color: #3366ff;\"><strong>Star Micronics Russia<\/strong><\/span><\/p>\n<p><span style=\"color: #3366ff;\">Office 309,<\/span><br \/>\n<span style=\"color: #3366ff;\"> 2\/76 Ugreshskaya Street <strong><br \/>\n<\/strong>Moscow, 115088 <strong><br \/>\n<\/strong>Russia<\/span><\/p>\n<p><span style=\"color: #3366ff;\"><a style=\"color: #3366ff;\" href=\"http:\/\/www.star-russia.com\/\">www.Star-Russia.com<\/a><\/span><\/p>\n<p><span style=\"color: #3366ff;\"><strong>Sales Support\u00a0<\/strong><\/span><br \/>\n<span style=\"color: #3366ff;\"> Tel:\u00a0+7 495 643 6848<\/span><br \/>\n<span style=\"color: #3366ff;\"> E-Mail: <a style=\"color: #3366ff;\" href=\"mailto:Sales@Star-Russia.com\">Sales@Star-Russia.com<\/a><\/span><\/p>\n<p><span style=\"color: #3366ff;\"><strong>Technical Support <\/strong><\/span><br \/>\n<span style=\"color: #3366ff;\"> Tel: +7 921 652 7363<\/span><br \/>\n<span style=\"color: #3366ff;\"> E-Mail:\u00a0 <a style=\"color: #3366ff;\" href=\"mailto:support@star-russia.com\">Support@Star-Russia.com<\/a><\/span><\/p>\n<p><span style=\"color: #3366ff;\"><strong>Star Micronics Middle East<br \/>\n<\/strong><a style=\"color: #3366ff;\" href=\"http:\/\/www.star-meast.com\/\">www.Star-Meast.com <\/a><\/span><\/p>\n<p><span style=\"color: #3366ff;\"><strong>Star Micronics India<br \/>\n<\/strong><a style=\"color: #3366ff;\" href=\"http:\/\/www.star-posindia.com\/\">www.Star-POSIndia.com <\/a><\/span><\/p>\n<p><span style=\"color: #3366ff;\"><strong>Star Micronics Africa<br \/>\n<\/strong><a style=\"color: #3366ff;\" href=\"http:\/\/www.star-posafrica.com\/\">www.Star-POSAfrica.com<\/a><\/span><\/p>\n<p>&nbsp;<\/p>\n<p>&nbsp;<\/p>\n<\/div>\n<p><!-- .et_pb_text --> <!-- .et_pb_column --><\/p>\n<div class=\"et_pb_column et_pb_column_1_2\">\n<div class=\"et_pb_text et_pb_bg_layout_light et_pb_text_align_left\">\n<p><span style=\"color: #3366ff;\"><strong><span style=\"color: #000000;\">International Offices<\/span> <\/strong><\/span><\/p>\n<p><span style=\"color: #3366ff;\"><strong>Star Micronics Co. Ltd., Japan \u2013 Head Office <\/strong><\/span><br \/>\n<span style=\"color: #3366ff;\"> 20-10 Nakayoshida,<\/span><br \/>\n<span style=\"color: #3366ff;\"> Suruga-ku,<\/span><br \/>\n<span style=\"color: #3366ff;\"> Shizuoka 422-8654<\/span><\/p>\n<p><span style=\"color: #3366ff;\">Tel:+81-54-263-1111<\/span><br \/>\n<span style=\"color: #3366ff;\"><a style=\"color: #3366ff;\" href=\"http:\/\/www.star-micronics.co.jp\/\">www.star-micronics.co.jp<\/a><\/span><\/p>\n<p><span style=\"color: #3366ff;\"><strong>Star Micronics America Inc.<br \/>\n<\/strong>(North and South America)<\/span><br \/>\n<span style=\"color: #3366ff;\"> 65 Clyde Road, Suite G<\/span><br \/>\n<span style=\"color: #3366ff;\"> Somerset<\/span><br \/>\n<span style=\"color: #3366ff;\"> NJ 08873<\/span><br \/>\n<span style=\"color: #3366ff;\"> USA<\/span><\/p>\n<p><span style=\"color: #3366ff;\">Telephone : (int+1)-848-216-3300, (800) 782-7636 x107 <strong><br \/>\n<\/strong>Sales Fax : (int+1)-848-216-3222<\/span><br \/>\n<span style=\"color: #3366ff;\"><a style=\"color: #3366ff;\" href=\"http:\/\/www.starmicronics.com\/\">www.starmicronics.com<\/a><\/span><\/p>\n<p><span style=\"color: #3366ff;\"><strong>Star-Asia Technology Ltd.<\/strong><\/span><br \/>\n<span style=\"color: #3366ff;\"> (China including Hong Kong and Macau)<\/span><br \/>\n<span style=\"color: #3366ff;\"> Rm. 1906-8, 19\/F., Enterprise Square Two,<\/span><br \/>\n<span style=\"color: #3366ff;\"> 3 Sheung Yuet Road, Kowloon Bay, Hong Kong<\/span><br \/>\n<span style=\"color: #3366ff;\"> Tel: +852-2799-6682<\/span><br \/>\n<span style=\"color: #3366ff;\"><a style=\"color: #3366ff;\" href=\"http:\/\/www.starasia.com\/\" target=\"_blank\">www.starasia.com<\/a><\/span><\/p>\n<p><span style=\"color: #3366ff;\"><strong>Star Micronics\u00a0Southeast Asia Co., Ltd.<br \/>\n<\/strong>Room 2902C. 29th Fl. United Center Bldg.<\/span><br \/>\n<span style=\"color: #3366ff;\"> 323 Silom Road, Silom Bangrak,<\/span><br \/>\n<span style=\"color: #3366ff;\"> Bangkok 10500 Thailand<\/span><br \/>\n<span style=\"color: #3366ff;\"> Tel: +66-2-631-1161 ext 2\u00a0 <strong><br \/>\n<\/strong><a style=\"color: #3366ff;\" href=\"http:\/\/www.starmicronics.co.th\/\">www.starmicronics.co.th<\/a><\/span><\/p>\n<p><span style=\"color: #3366ff;\"><strong>Star Micronics (NSW) <\/strong><\/span><br \/>\n<span style=\"color: #3366ff;\"> Unit A, 15 Lagana Place<\/span><br \/>\n<span style=\"color: #3366ff;\"> Wetherill Park NSW 2164<\/span><br \/>\n<span style=\"color: #3366ff;\"> Sales: 02 8788 1537<\/span><br \/>\n<span style=\"color: #3366ff;\"> Technical Support: +61(0)2 8788 1547<\/span><br \/>\n<span style=\"color: #3366ff;\"> Tel: +61(0) 2 9609 4399<\/span><br \/>\n<span style=\"color: #3366ff;\"> Fax: +61(0) 2 9604 7261<\/span><br \/>\n<span style=\"color: #3366ff;\"><a style=\"color: #3366ff;\" href=\"http:\/\/www.starmicronics.com.au\/\">www.starmicronics.com.au<\/a><\/span><\/p>\n<\/div>\n<\/div>\n<p>&nbsp;<\/p>\n","protected":false},"excerpt":{"rendered":"<p>Spole\u010dnost byla zalo\u017eena v Japonsku v roce 1947, Star Micronics Co. Ltd. je\u00a0jedn\u00edm z nejv\u011bt\u0161\u00edch v\u00fdrobc\u016f tisk\u00e1ren na sv\u011bt\u011b.\u00a0Otev\u0159ela \u0159adu prodejn\u00edch m\u00edst, kde m\u00e1te k dispozici n\u011bkter\u00e9 z nejpokro\u010dilej\u0161\u00edch technologi\u00ed tisku dne\u0161n\u00ed doby. Star d\u00edky\u00a0rozs\u00e1hl\u00fdm zku\u0161enostem v oblasti v\u00fdroby i\u00a0v jin\u00fdch oblastech trhu, v\u010detn\u011b mobiln\u00edch telefon\u016f, sn\u00edma\u010d\u016f, sou\u010d\u00e1stek a p\u0159edev\u0161\u00edm obr\u00e1b\u011bc\u00edch n\u00e1stroj\u016f, spolu s jeho [&hellip;]<\/p>\n","protected":false},"author":1,"featured_media":0,"parent":0,"menu_order":0,"comment_status":"closed","ping_status":"open","template":"","meta":{"footnotes":"","_links_to":"","_links_to_target":""},"class_list":["post-512","page","type-page","status-publish","hentry"],"_links":{"self":[{"href":"https:\/\/star.starmicronics.cz\/index.php?rest_route=\/wp\/v2\/pages\/512","targetHints":{"allow":["GET"]}}],"collection":[{"href":"https:\/\/star.starmicronics.cz\/index.php?rest_route=\/wp\/v2\/pages"}],"about":[{"href":"https:\/\/star.starmicronics.cz\/index.php?rest_route=\/wp\/v2\/types\/page"}],"author":[{"embeddable":true,"href":"https:\/\/star.starmicronics.cz\/index.php?rest_route=\/wp\/v2\/users\/1"}],"replies":[{"embeddable":true,"href":"https:\/\/star.starmicronics.cz\/index.php?rest_route=%2Fwp%2Fv2%2Fcomments&post=512"}],"version-history":[{"count":0,"href":"https:\/\/star.starmicronics.cz\/index.php?rest_route=\/wp\/v2\/pages\/512\/revisions"}],"wp:attachment":[{"href":"https:\/\/star.starmicronics.cz\/index.php?rest_route=%2Fwp%2Fv2%2Fmedia&parent=512"}],"curies":[{"name":"wp","href":"https:\/\/api.w.org\/{rel}","templated":true}]}}