{"id":494,"date":"2015-04-27T12:55:58","date_gmt":"2015-04-27T11:55:58","guid":{"rendered":"http:\/\/star.starmicronics.cz\/?page_id=494"},"modified":"2016-05-05T15:53:12","modified_gmt":"2016-05-05T14:53:12","slug":"labeling-and-barcode","status":"publish","type":"page","link":"https:\/\/star.starmicronics.cz\/?page_id=494","title":{"rendered":"Tisk \u0161t\u00edtk\u016f a \u010d\u00e1rov\u00fdch k\u00f3d\u016f"},"content":{"rendered":"<p><span style=\"color: #3366ff;\"><strong>N\u00edzkon\u00e1kladov\u00e1, spolehliv\u00e1 a kvalitn\u00ed\u00a0\u0159ada tisk\u00e1ren Star. T<span class=\"hps\">isk\u00e1rna<\/span> <span class=\"hps\">etiket<\/span> <span class=\"hps\">umo\u017e\u0148uje <\/span><span class=\"hps\">p\u0159esn\u00fd<\/span>\u00a0tisk \u0161t\u00edtk\u016f a \u010d\u00e1rov\u00fdch k\u00f3d\u016f\u00a0<span class=\"hps\">s vysokou kvalitou<\/span> <span class=\"hps\">grafiky. Je vhodn\u00e1 do<\/span>\u00a0<span class=\"hps\">maloobchodu, <\/span><span class=\"hps\">dod\u00e1vkov\u00fdch<\/span> <span class=\"hps\">slu\u017eeb, na<\/span>\u00a0popisky v\u00fdrobk\u016f um\u00edstn\u011bn\u00fdch v <span class=\"hps\">reg\u00e1lech<\/span>, <span class=\"hps\">ID<\/span> <span class=\"hps\">a<\/span> <span class=\"hps\">skladov\u00e1n\u00ed<\/span>.<\/strong><\/span><\/p>\n<p><span style=\"color: #3366ff;\"><span class=\"hps\">Jsou kompaktn\u00ed a<\/span> <span class=\"hps\">snadno<\/span> <span class=\"hps\">ovladateln\u00e9.<\/span> N<span class=\"hps\">a\u0161i nab\u00eddku<\/span> <span class=\"hps\">stoln\u00edch<\/span>\u00a0<span class=\"hps\">a<\/span> <span class=\"hps\">p\u0159enosn\u00fdch<\/span> <span class=\"hps\">tisk\u00e1ren<\/span> <span class=\"hps\">\u010d\u00e1rov\u00fdch k\u00f3d\u016f<\/span>\u00a0lze <span class=\"hps\">snadno integrovat<\/span> <span class=\"hps\">do<\/span> <span class=\"hps\">va\u0161ich st\u00e1vaj\u00edc\u00edch<\/span> <span class=\"hps\">syst\u00e9m\u016f<\/span> <span class=\"hps\">d\u00edky<\/span> <span class=\"hps\">mo\u017enosti<\/span> <span class=\"hps\">kabelov\u00e9ho<\/span> <span class=\"hps\">a<\/span> <span class=\"hps\">bezdr\u00e1tov\u00e9ho p\u0159ipojen\u00ed<\/span>, stejn\u011b jako <span class=\"hps\">sofistikovan\u00e9<\/span> <span class=\"hps\">ovlada\u010de pro<\/span> <span class=\"hps\">\u0161irok\u00fd v\u00fdb\u011br<\/span> <span class=\"hps\">opera\u010dn\u00edch syst\u00e9m\u016f.<\/span><\/span><\/p>\n<p>&nbsp;<\/p>\n<p style=\"text-align: center;\"><span style=\"color: #000080;\"><strong><a style=\"color: #000080;\" href=\"http:\/\/star.starmicronics.cz\/?page_id=155\">V\u00edce info<\/a>\u00a0\u00a0\u00a0\u00a0\u00a0\u00a0\u00a0\u00a0\u00a0\u00a0\u00a0\u00a0\u00a0\u00a0\u00a0\u00a0\u00a0\u00a0\u00a0\u00a0\u00a0\u00a0\u00a0\u00a0\u00a0 \u00a0\u00a0<a style=\"color: #000080;\" href=\"http:\/\/star.starmicronics.cz\/?page_id=167\">V\u00edce info\u00a0\u00a0\u00a0\u00a0\u00a0\u00a0\u00a0\u00a0\u00a0\u00a0\u00a0\u00a0\u00a0\u00a0\u00a0\u00a0\u00a0\u00a0\u00a0\u00a0\u00a0\u00a0\u00a0 \u00a0\u00a0\u00a0<\/a><a style=\"color: #000080;\" href=\"http:\/\/star.starmicronics.cz\/?page_id=480\">V\u00edce info\u00a0\u00a0\u00a0\u00a0\u00a0\u00a0\u00a0\u00a0\u00a0\u00a0\u00a0\u00a0\u00a0\u00a0\u00a0\u00a0\u00a0\u00a0\u00a0\u00a0\u00a0\u00a0\u00a0\u00a0\u00a0\u00a0\u00a0\u00a0\u00a0\u00a0\u00a0 <\/a><a style=\"color: #000080;\" href=\"http:\/\/star.starmicronics.cz\/?page_id=171\">V\u00edce info<\/a><\/strong><\/span><\/p>\n<div id='gallery-1' class='gallery galleryid-494 gallery-columns-4 gallery-size-medium'><figure class='gallery-item'>\n\t\t\t<div class='gallery-icon landscape'>\n\t\t\t\t<img loading=\"lazy\" decoding=\"async\" width=\"300\" height=\"300\" src=\"https:\/\/star.starmicronics.cz\/wp-content\/uploads\/2015\/04\/TSP700II-300x300.jpg\" class=\"attachment-medium size-medium\" alt=\"\" aria-describedby=\"gallery-1-88\" srcset=\"https:\/\/star.starmicronics.cz\/wp-content\/uploads\/2015\/04\/TSP700II-300x300.jpg 300w, https:\/\/star.starmicronics.cz\/wp-content\/uploads\/2015\/04\/TSP700II-150x150.jpg 150w, https:\/\/star.starmicronics.cz\/wp-content\/uploads\/2015\/04\/TSP700II.jpg 400w\" sizes=\"auto, (max-width: 300px) 100vw, 300px\" \/>\n\t\t\t<\/div>\n\t\t\t\t<figcaption class='wp-caption-text gallery-caption' id='gallery-1-88'>\n\t\t\t\tTSP700II\n\t\t\t\t<\/figcaption><\/figure><figure class='gallery-item'>\n\t\t\t<div class='gallery-icon landscape'>\n\t\t\t\t<img loading=\"lazy\" decoding=\"async\" width=\"300\" height=\"300\" src=\"https:\/\/star.starmicronics.cz\/wp-content\/uploads\/2015\/04\/TSP800II-300x300.jpg\" class=\"attachment-medium size-medium\" alt=\"\" aria-describedby=\"gallery-1-89\" srcset=\"https:\/\/star.starmicronics.cz\/wp-content\/uploads\/2015\/04\/TSP800II-300x300.jpg 300w, https:\/\/star.starmicronics.cz\/wp-content\/uploads\/2015\/04\/TSP800II-150x150.jpg 150w, https:\/\/star.starmicronics.cz\/wp-content\/uploads\/2015\/04\/TSP800II.jpg 400w\" sizes=\"auto, (max-width: 300px) 100vw, 300px\" \/>\n\t\t\t<\/div>\n\t\t\t\t<figcaption class='wp-caption-text gallery-caption' id='gallery-1-89'>\n\t\t\t\tTSP800II\n\t\t\t\t<\/figcaption><\/figure><figure class='gallery-item'>\n\t\t\t<div class='gallery-icon landscape'>\n\t\t\t\t<img loading=\"lazy\" decoding=\"async\" width=\"300\" height=\"300\" src=\"https:\/\/star.starmicronics.cz\/wp-content\/uploads\/2015\/04\/TSP650II-300x300.jpg\" class=\"attachment-medium size-medium\" alt=\"\" aria-describedby=\"gallery-1-80\" srcset=\"https:\/\/star.starmicronics.cz\/wp-content\/uploads\/2015\/04\/TSP650II-300x300.jpg 300w, https:\/\/star.starmicronics.cz\/wp-content\/uploads\/2015\/04\/TSP650II-150x150.jpg 150w, https:\/\/star.starmicronics.cz\/wp-content\/uploads\/2015\/04\/TSP650II.jpg 400w\" sizes=\"auto, (max-width: 300px) 100vw, 300px\" \/>\n\t\t\t<\/div>\n\t\t\t\t<figcaption class='wp-caption-text gallery-caption' id='gallery-1-80'>\n\t\t\t\tTSP650II &#8211; Univerz\u00e1ln\u00ed POS tisk\u00e1rna \u00fa\u010dtenek s v\u00edce mo\u017enostmi p\u0159ipojen\u00ed\n\t\t\t\t<\/figcaption><\/figure><figure class='gallery-item'>\n\t\t\t<div class='gallery-icon landscape'>\n\t\t\t\t<img loading=\"lazy\" decoding=\"async\" width=\"300\" height=\"300\" src=\"https:\/\/star.starmicronics.cz\/wp-content\/uploads\/2015\/04\/FVP10-300x300.jpg\" class=\"attachment-medium size-medium\" alt=\"\" aria-describedby=\"gallery-1-116\" srcset=\"https:\/\/star.starmicronics.cz\/wp-content\/uploads\/2015\/04\/FVP10-300x300.jpg 300w, https:\/\/star.starmicronics.cz\/wp-content\/uploads\/2015\/04\/FVP10-150x150.jpg 150w, https:\/\/star.starmicronics.cz\/wp-content\/uploads\/2015\/04\/FVP10.jpg 400w\" sizes=\"auto, (max-width: 300px) 100vw, 300px\" \/>\n\t\t\t<\/div>\n\t\t\t\t<figcaption class='wp-caption-text gallery-caption' id='gallery-1-116'>\n\t\t\t\tFVP10\n\t\t\t\t<\/figcaption><\/figure>\n\t\t<\/div>\n\n<p><span style=\"color: #000080;\"><strong><a style=\"color: #000080;\" href=\"http:\/\/star.starmicronics.cz\/?page_id=267\">V\u00edce info\u00a0\u00a0\u00a0\u00a0\u00a0\u00a0\u00a0\u00a0\u00a0\u00a0\u00a0\u00a0\u00a0\u00a0\u00a0\u00a0\u00a0\u00a0\u00a0\u00a0\u00a0\u00a0\u00a0 \u00a0\u00a0\u00a0\u00a0\u00a0\u00a0\u00a0\u00a0\u00a0\u00a0\u00a0\u00a0\u00a0\u00a0\u00a0\u00a0\u00a0\u00a0 \u00a0<\/a><a style=\"color: #000080;\" href=\"http:\/\/star.starmicronics.cz\/?page_id=283\">V\u00edce info\u00a0\u00a0\u00a0\u00a0\u00a0\u00a0\u00a0\u00a0\u00a0\u00a0\u00a0\u00a0\u00a0\u00a0\u00a0\u00a0\u00a0\u00a0\u00a0\u00a0\u00a0\u00a0\u00a0\u00a0\u00a0\u00a0\u00a0\u00a0\u00a0\u00a0\u00a0\u00a0\u00a0\u00a0\u00a0\u00a0\u00a0\u00a0\u00a0\u00a0\u00a0\u00a0\u00a0\u00a0\u00a0\u00a0\u00a0\u00a0 \u00a0<\/a><a style=\"color: #000080;\" href=\"http:\/\/star.starmicronics.cz\/?page_id=286\">V\u00edce info<\/a><\/strong><\/span><\/p>\n<div id='gallery-2' class='gallery galleryid-494 gallery-columns-4 gallery-size-thumbnail'><figure class='gallery-item'>\n\t\t\t<div class='gallery-icon landscape'>\n\t\t\t\t<img loading=\"lazy\" decoding=\"async\" width=\"150\" height=\"150\" src=\"https:\/\/star.starmicronics.cz\/wp-content\/uploads\/2015\/04\/SMT400i-150x150.jpg\" class=\"attachment-thumbnail size-thumbnail\" alt=\"\" aria-describedby=\"gallery-2-124\" srcset=\"https:\/\/star.starmicronics.cz\/wp-content\/uploads\/2015\/04\/SMT400i-150x150.jpg 150w, https:\/\/star.starmicronics.cz\/wp-content\/uploads\/2015\/04\/SMT400i-300x300.jpg 300w, https:\/\/star.starmicronics.cz\/wp-content\/uploads\/2015\/04\/SMT400i.jpg 400w\" sizes=\"auto, (max-width: 150px) 100vw, 150px\" \/>\n\t\t\t<\/div>\n\t\t\t\t<figcaption class='wp-caption-text gallery-caption' id='gallery-2-124'>\n\t\t\t\tSMT400i &#8211; Robustn\u00ed 4\u201d (112mm) mobiln\u00ed tisk\u00e1rna s p\u0159ipojen\u00edm Bluetooth na tisk \u00fa\u010dtenek a etiket\n\t\t\t\t<\/figcaption><\/figure><figure class='gallery-item'>\n\t\t\t<div class='gallery-icon portrait'>\n\t\t\t\t<img loading=\"lazy\" decoding=\"async\" width=\"150\" height=\"150\" src=\"https:\/\/star.starmicronics.cz\/wp-content\/uploads\/2015\/04\/star_tup500dp-150x150.jpg\" class=\"attachment-thumbnail size-thumbnail\" alt=\"\" aria-describedby=\"gallery-2-447\" \/>\n\t\t\t<\/div>\n\t\t\t\t<figcaption class='wp-caption-text gallery-caption' id='gallery-2-447'>\n\t\t\t\tTUP500\n\t\t\t\t<\/figcaption><\/figure><figure class='gallery-item'>\n\t\t\t<div class='gallery-icon landscape'>\n\t\t\t\t<img loading=\"lazy\" decoding=\"async\" width=\"150\" height=\"150\" src=\"https:\/\/star.starmicronics.cz\/wp-content\/uploads\/2015\/04\/TUP900_horizontal-150x150.jpg\" class=\"attachment-thumbnail size-thumbnail\" alt=\"\" aria-describedby=\"gallery-2-452\" srcset=\"https:\/\/star.starmicronics.cz\/wp-content\/uploads\/2015\/04\/TUP900_horizontal-150x150.jpg 150w, https:\/\/star.starmicronics.cz\/wp-content\/uploads\/2015\/04\/TUP900_horizontal-300x300.jpg 300w, https:\/\/star.starmicronics.cz\/wp-content\/uploads\/2015\/04\/TUP900_horizontal-768x768.jpg 768w, https:\/\/star.starmicronics.cz\/wp-content\/uploads\/2015\/04\/TUP900_horizontal-1024x1024.jpg 1024w\" sizes=\"auto, (max-width: 150px) 100vw, 150px\" \/>\n\t\t\t<\/div>\n\t\t\t\t<figcaption class='wp-caption-text gallery-caption' id='gallery-2-452'>\n\t\t\t\tTUP900\n\t\t\t\t<\/figcaption><\/figure>\n\t\t<\/div>\n\n","protected":false},"excerpt":{"rendered":"<p>N\u00edzkon\u00e1kladov\u00e1, spolehliv\u00e1 a kvalitn\u00ed\u00a0\u0159ada tisk\u00e1ren Star. Tisk\u00e1rna etiket umo\u017e\u0148uje p\u0159esn\u00fd\u00a0tisk \u0161t\u00edtk\u016f a \u010d\u00e1rov\u00fdch k\u00f3d\u016f\u00a0s vysokou kvalitou grafiky. Je vhodn\u00e1 do\u00a0maloobchodu, dod\u00e1vkov\u00fdch slu\u017eeb, na\u00a0popisky v\u00fdrobk\u016f um\u00edstn\u011bn\u00fdch v reg\u00e1lech, ID a skladov\u00e1n\u00ed. Jsou kompaktn\u00ed a snadno ovladateln\u00e9. Na\u0161i nab\u00eddku stoln\u00edch\u00a0a p\u0159enosn\u00fdch tisk\u00e1ren \u010d\u00e1rov\u00fdch k\u00f3d\u016f\u00a0lze snadno integrovat do va\u0161ich st\u00e1vaj\u00edc\u00edch syst\u00e9m\u016f d\u00edky mo\u017enosti kabelov\u00e9ho a bezdr\u00e1tov\u00e9ho p\u0159ipojen\u00ed, stejn\u011b [&hellip;]<\/p>\n","protected":false},"author":1,"featured_media":0,"parent":0,"menu_order":0,"comment_status":"closed","ping_status":"open","template":"","meta":{"footnotes":"","_links_to":"","_links_to_target":""},"class_list":["post-494","page","type-page","status-publish","hentry"],"_links":{"self":[{"href":"https:\/\/star.starmicronics.cz\/index.php?rest_route=\/wp\/v2\/pages\/494","targetHints":{"allow":["GET"]}}],"collection":[{"href":"https:\/\/star.starmicronics.cz\/index.php?rest_route=\/wp\/v2\/pages"}],"about":[{"href":"https:\/\/star.starmicronics.cz\/index.php?rest_route=\/wp\/v2\/types\/page"}],"author":[{"embeddable":true,"href":"https:\/\/star.starmicronics.cz\/index.php?rest_route=\/wp\/v2\/users\/1"}],"replies":[{"embeddable":true,"href":"https:\/\/star.starmicronics.cz\/index.php?rest_route=%2Fwp%2Fv2%2Fcomments&post=494"}],"version-history":[{"count":0,"href":"https:\/\/star.starmicronics.cz\/index.php?rest_route=\/wp\/v2\/pages\/494\/revisions"}],"wp:attachment":[{"href":"https:\/\/star.starmicronics.cz\/index.php?rest_route=%2Fwp%2Fv2%2Fmedia&parent=494"}],"curies":[{"name":"wp","href":"https:\/\/api.w.org\/{rel}","templated":true}]}}