{"id":492,"date":"2015-04-27T12:48:27","date_gmt":"2015-04-27T11:48:27","guid":{"rendered":"http:\/\/star.starmicronics.cz\/?page_id=492"},"modified":"2016-05-05T15:53:12","modified_gmt":"2016-05-05T14:53:12","slug":"hospitality","status":"publish","type":"page","link":"https:\/\/star.starmicronics.cz\/?page_id=492","title":{"rendered":"Pohostinstv\u00ed"},"content":{"rendered":"<p><span style=\"color: #3366ff;\"><span id=\"result_box\" lang=\"cs\"><span class=\"hps\">\u0158ada<\/span> <span class=\"hps\">Star tisk\u00e1ren, kter\u00e9 se hod\u00ed do pohostinstv\u00ed<\/span> <span class=\"hps\">v\u00e1m nab\u00edz\u00ed<\/span>\u00a0<span class=\"hps\">non<\/span>-stop slu\u017eby, jsou <span class=\"hps\">spolehliv\u00e9 a\u00a0p\u0159itom nejsou<\/span> <span class=\"hps\">n\u00e1ro\u010dn\u00e9<\/span> <span class=\"hps\">na \u017eivotn\u00ed prost\u0159ed\u00ed<\/span>. <span class=\"hps\">Funk\u010dn\u00ed<\/span>, hygienick\u00e9 <span class=\"hps\">kuchy\u0148sk\u00e9<\/span> <span class=\"hps\">tisk\u00e1rny<\/span>, bar <span class=\"hps\">tisk\u00e1rny a<\/span> <span class=\"hps\">flexibiln\u00ed<\/span> <span class=\"hps\">mobiln\u00ed tisk\u00e1rny<\/span> <span class=\"hps\">pro\u00a0<\/span> <span class=\"hps\">objedn\u00e1v\u00e1n\u00ed p\u0159\u00edmo u hosta. Ide\u00e1ln\u00ed pro\u00a0bezprobl\u00e9mov\u00fd tisk grafick\u00e9ho<\/span>\u00a0<span class=\"hps\">loga,<\/span> <span class=\"hps\">tisk kup\u00f3n\u016f,<\/span> tisk <span class=\"hps\">stylov\u00fdch<\/span> <span class=\"hps\">front<\/span>-of-house \u00fa\u010dtenek, <span class=\"hps\">v\u0161echny<\/span> tisk\u00e1rny <span class=\"hps\">nab\u00edzej\u00ed<\/span> <span class=\"hps\">specializovan\u00e9<\/span> <span class=\"hps\">funkce, kter\u00e9 pot\u0159ebujete<\/span> <span class=\"hps\">pro zaji\u0161t\u011bn\u00ed<\/span> <span class=\"hps\">rychl\u00e9 a<\/span> <span class=\"hps\">spolehliv\u00e9 slu\u017eby<\/span> <span class=\"hps\">pro sv\u00e9 z\u00e1kazn\u00edky.<\/span><\/span><\/span><\/p>\n<p><span style=\"color: #3366ff;\"><span class=\"hps\">N\u00e1\u0161 <\/span><span class=\"hps\">inovativn\u00ed design<\/span> <span class=\"hps\">v\u00fdrobku<\/span> <span class=\"hps\">a<\/span> <span class=\"hps\">podpora<\/span> <span class=\"hps\">multi<\/span><span class=\"atn\">&#8211;<\/span>platformy <span class=\"hps\">umo\u017e\u0148uje<\/span> <span class=\"hps\">jednoduchou integraci<\/span> <span class=\"hps\">s\u00edt\u011b pro<\/span> <span class=\"hps\">v\u00edce konfigurac\u00ed<\/span> <span class=\"hps\">tisk\u00e1rny<\/span> <span class=\"hps\">s<\/span> <span class=\"hps\">tradi\u010dn\u00edm<\/span> <span class=\"hps\">nebo<\/span> <span class=\"hps\">cloud<\/span>-based <span class=\"hps\">softwarem pro pohostinstv\u00ed<\/span>\u00a0na platform\u00e1ch\u00a0 <span class=\"hps\">Android<\/span> <span class=\"hps\">\u2122<\/span>, <span class=\"hps\">iOS<\/span> <span class=\"hps\">\u2122<\/span> <span class=\"hps\">nebo<\/span> <span class=\"hps\">Windows<\/span> <span class=\"hps\">\u2122<\/span>.<\/span><\/p>\n<p>&nbsp;<\/p>\n<p style=\"text-align: center;\"><span style=\"color: #000080;\"><strong><a style=\"color: #000080;\" href=\"http:\/\/star.starmicronics.cz\/?page_id=54\">V\u00edce info\u00a0\u00a0\u00a0\u00a0\u00a0\u00a0\u00a0\u00a0\u00a0\u00a0\u00a0\u00a0\u00a0\u00a0\u00a0\u00a0\u00a0\u00a0\u00a0\u00a0\u00a0\u00a0\u00a0\u00a0\u00a0 \u00a0\u00a0<\/a><a style=\"color: #000080;\" href=\"http:\/\/star.starmicronics.cz\/?page_id=71\">V\u00edce info\u00a0\u00a0\u00a0\u00a0\u00a0\u00a0\u00a0\u00a0\u00a0\u00a0\u00a0\u00a0\u00a0\u00a0\u00a0\u00a0\u00a0\u00a0\u00a0\u00a0\u00a0\u00a0\u00a0 \u00a0\u00a0\u00a0<\/a><a style=\"color: #000080;\" href=\"http:\/\/star.starmicronics.cz\/?page_id=468\">V\u00edce info\u00a0\u00a0\u00a0\u00a0\u00a0\u00a0\u00a0\u00a0\u00a0\u00a0\u00a0\u00a0\u00a0\u00a0\u00a0\u00a0\u00a0\u00a0\u00a0\u00a0\u00a0\u00a0\u00a0\u00a0\u00a0\u00a0\u00a0\u00a0\u00a0\u00a0\u00a0 <\/a><a style=\"color: #000080;\" href=\"http:\/\/star.starmicronics.cz\/?page_id=480\">V\u00edce info<\/a><\/strong><\/span><\/p>\n<div id='gallery-1' class='gallery galleryid-492 gallery-columns-4 gallery-size-medium'><figure class='gallery-item'>\n\t\t\t<div class='gallery-icon portrait'>\n\t\t\t\t<img loading=\"lazy\" decoding=\"async\" width=\"195\" height=\"300\" src=\"https:\/\/star.starmicronics.cz\/wp-content\/uploads\/2015\/04\/AllReceipts-App-195x300.jpg\" class=\"attachment-medium size-medium\" alt=\"\" aria-describedby=\"gallery-1-27\" srcset=\"https:\/\/star.starmicronics.cz\/wp-content\/uploads\/2015\/04\/AllReceipts-App-195x300.jpg 195w, https:\/\/star.starmicronics.cz\/wp-content\/uploads\/2015\/04\/AllReceipts-App.jpg 432w\" sizes=\"auto, (max-width: 195px) 100vw, 195px\" \/>\n\t\t\t<\/div>\n\t\t\t\t<figcaption class='wp-caption-text gallery-caption' id='gallery-1-27'>\n\t\t\t\tAllReceipts \u2122\n\t\t\t\t<\/figcaption><\/figure><figure class='gallery-item'>\n\t\t\t<div class='gallery-icon landscape'>\n\t\t\t\t<img loading=\"lazy\" decoding=\"async\" width=\"300\" height=\"300\" src=\"https:\/\/star.starmicronics.cz\/wp-content\/uploads\/2015\/04\/AsuraCPRNT-300x300.jpg\" class=\"attachment-medium size-medium\" alt=\"\" aria-describedby=\"gallery-1-91\" srcset=\"https:\/\/star.starmicronics.cz\/wp-content\/uploads\/2015\/04\/AsuraCPRNT-300x300.jpg 300w, https:\/\/star.starmicronics.cz\/wp-content\/uploads\/2015\/04\/AsuraCPRNT-150x150.jpg 150w, https:\/\/star.starmicronics.cz\/wp-content\/uploads\/2015\/04\/AsuraCPRNT.jpg 400w\" sizes=\"auto, (max-width: 300px) 100vw, 300px\" \/>\n\t\t\t<\/div>\n\t\t\t\t<figcaption class='wp-caption-text gallery-caption' id='gallery-1-91'>\n\t\t\t\tAsuraCPRNT\n\t\t\t\t<\/figcaption><\/figure><figure class='gallery-item'>\n\t\t\t<div class='gallery-icon landscape'>\n\t\t\t\t<img loading=\"lazy\" decoding=\"async\" width=\"300\" height=\"300\" src=\"https:\/\/star.starmicronics.cz\/wp-content\/uploads\/2015\/04\/TSP100-300x300.jpg\" class=\"attachment-medium size-medium\" alt=\"\" aria-describedby=\"gallery-1-81\" srcset=\"https:\/\/star.starmicronics.cz\/wp-content\/uploads\/2015\/04\/TSP100-300x300.jpg 300w, https:\/\/star.starmicronics.cz\/wp-content\/uploads\/2015\/04\/TSP100-150x150.jpg 150w, https:\/\/star.starmicronics.cz\/wp-content\/uploads\/2015\/04\/TSP100.jpg 400w\" sizes=\"auto, (max-width: 300px) 100vw, 300px\" \/>\n\t\t\t<\/div>\n\t\t\t\t<figcaption class='wp-caption-text gallery-caption' id='gallery-1-81'>\n\t\t\t\tTSP100 -POS tisk\u00e1rna \u00fa\u010dtenek s jedine\u010dn\u00fdm futurePRNT Softwarem \n\t\t\t\t<\/figcaption><\/figure><figure class='gallery-item'>\n\t\t\t<div class='gallery-icon landscape'>\n\t\t\t\t<img loading=\"lazy\" decoding=\"async\" width=\"300\" height=\"300\" src=\"https:\/\/star.starmicronics.cz\/wp-content\/uploads\/2015\/04\/TSP650II-300x300.jpg\" class=\"attachment-medium size-medium\" alt=\"\" aria-describedby=\"gallery-1-80\" srcset=\"https:\/\/star.starmicronics.cz\/wp-content\/uploads\/2015\/04\/TSP650II-300x300.jpg 300w, https:\/\/star.starmicronics.cz\/wp-content\/uploads\/2015\/04\/TSP650II-150x150.jpg 150w, https:\/\/star.starmicronics.cz\/wp-content\/uploads\/2015\/04\/TSP650II.jpg 400w\" sizes=\"auto, (max-width: 300px) 100vw, 300px\" \/>\n\t\t\t<\/div>\n\t\t\t\t<figcaption class='wp-caption-text gallery-caption' id='gallery-1-80'>\n\t\t\t\tTSP650II &#8211; Univerz\u00e1ln\u00ed POS tisk\u00e1rna \u00fa\u010dtenek s v\u00edce mo\u017enostmi p\u0159ipojen\u00ed\n\t\t\t\t<\/figcaption><\/figure>\n\t\t<\/div>\n\n<p style=\"text-align: center;\"><span style=\"color: #000080;\"><strong><a style=\"color: #000080;\" href=\"http:\/\/star.starmicronics.cz\/?page_id=155\">V\u00edce info\u00a0\u00a0\u00a0\u00a0\u00a0\u00a0\u00a0\u00a0\u00a0\u00a0\u00a0\u00a0\u00a0\u00a0\u00a0\u00a0\u00a0\u00a0\u00a0\u00a0\u00a0\u00a0\u00a0\u00a0\u00a0 \u00a0\u00a0<\/a><a style=\"color: #000080;\" href=\"http:\/\/star.starmicronics.cz\/?page_id=167\">V\u00edce info\u00a0\u00a0\u00a0\u00a0\u00a0\u00a0\u00a0\u00a0\u00a0\u00a0\u00a0\u00a0\u00a0\u00a0\u00a0\u00a0\u00a0\u00a0\u00a0\u00a0\u00a0\u00a0\u00a0 \u00a0\u00a0\u00a0<\/a><a style=\"color: #000080;\" href=\"http:\/\/star.starmicronics.cz\/?page_id=199\">V\u00edce info\u00a0\u00a0\u00a0\u00a0\u00a0\u00a0\u00a0\u00a0\u00a0\u00a0\u00a0\u00a0\u00a0\u00a0\u00a0\u00a0\u00a0\u00a0\u00a0\u00a0\u00a0\u00a0\u00a0\u00a0\u00a0\u00a0\u00a0\u00a0\u00a0\u00a0\u00a0 <\/a><a style=\"color: #000080;\" href=\"http:\/\/star.starmicronics.cz\/?page_id=232\">V\u00edce info<\/a><\/strong><\/span><\/p>\n<div id='gallery-2' class='gallery galleryid-492 gallery-columns-4 gallery-size-medium'><figure class='gallery-item'>\n\t\t\t<div class='gallery-icon landscape'>\n\t\t\t\t<img loading=\"lazy\" decoding=\"async\" width=\"300\" height=\"300\" src=\"https:\/\/star.starmicronics.cz\/wp-content\/uploads\/2015\/04\/TSP700II-300x300.jpg\" class=\"attachment-medium size-medium\" alt=\"\" aria-describedby=\"gallery-2-88\" srcset=\"https:\/\/star.starmicronics.cz\/wp-content\/uploads\/2015\/04\/TSP700II-300x300.jpg 300w, https:\/\/star.starmicronics.cz\/wp-content\/uploads\/2015\/04\/TSP700II-150x150.jpg 150w, https:\/\/star.starmicronics.cz\/wp-content\/uploads\/2015\/04\/TSP700II.jpg 400w\" sizes=\"auto, (max-width: 300px) 100vw, 300px\" \/>\n\t\t\t<\/div>\n\t\t\t\t<figcaption class='wp-caption-text gallery-caption' id='gallery-2-88'>\n\t\t\t\tTSP700II\n\t\t\t\t<\/figcaption><\/figure><figure class='gallery-item'>\n\t\t\t<div class='gallery-icon landscape'>\n\t\t\t\t<img loading=\"lazy\" decoding=\"async\" width=\"300\" height=\"300\" src=\"https:\/\/star.starmicronics.cz\/wp-content\/uploads\/2015\/04\/TSP800II-300x300.jpg\" class=\"attachment-medium size-medium\" alt=\"\" aria-describedby=\"gallery-2-89\" srcset=\"https:\/\/star.starmicronics.cz\/wp-content\/uploads\/2015\/04\/TSP800II-300x300.jpg 300w, https:\/\/star.starmicronics.cz\/wp-content\/uploads\/2015\/04\/TSP800II-150x150.jpg 150w, https:\/\/star.starmicronics.cz\/wp-content\/uploads\/2015\/04\/TSP800II.jpg 400w\" sizes=\"auto, (max-width: 300px) 100vw, 300px\" \/>\n\t\t\t<\/div>\n\t\t\t\t<figcaption class='wp-caption-text gallery-caption' id='gallery-2-89'>\n\t\t\t\tTSP800II\n\t\t\t\t<\/figcaption><\/figure><figure class='gallery-item'>\n\t\t\t<div class='gallery-icon landscape'>\n\t\t\t\t<img loading=\"lazy\" decoding=\"async\" width=\"300\" height=\"300\" src=\"https:\/\/star.starmicronics.cz\/wp-content\/uploads\/2015\/04\/SP700-300x300.jpg\" class=\"attachment-medium size-medium\" alt=\"\" aria-describedby=\"gallery-2-90\" srcset=\"https:\/\/star.starmicronics.cz\/wp-content\/uploads\/2015\/04\/SP700-300x300.jpg 300w, https:\/\/star.starmicronics.cz\/wp-content\/uploads\/2015\/04\/SP700-150x150.jpg 150w, https:\/\/star.starmicronics.cz\/wp-content\/uploads\/2015\/04\/SP700.jpg 400w\" sizes=\"auto, (max-width: 300px) 100vw, 300px\" \/>\n\t\t\t<\/div>\n\t\t\t\t<figcaption class='wp-caption-text gallery-caption' id='gallery-2-90'>\n\t\t\t\tSP700 &#8211; Vysok\u00e1 rychlost, 2 barvy (\u010dern\u00e1,\u010derven\u00e1), tisk \u00fa\u010dtenek, vhodn\u00e1 do kuchyn\u011b  \n\t\t\t\t<\/figcaption><\/figure><figure class='gallery-item'>\n\t\t\t<div class='gallery-icon landscape'>\n\t\t\t\t<img loading=\"lazy\" decoding=\"async\" width=\"300\" height=\"300\" src=\"https:\/\/star.starmicronics.cz\/wp-content\/uploads\/2015\/04\/SMS220i-300x300.jpg\" class=\"attachment-medium size-medium\" alt=\"\" aria-describedby=\"gallery-2-82\" srcset=\"https:\/\/star.starmicronics.cz\/wp-content\/uploads\/2015\/04\/SMS220i-300x300.jpg 300w, https:\/\/star.starmicronics.cz\/wp-content\/uploads\/2015\/04\/SMS220i-150x150.jpg 150w, https:\/\/star.starmicronics.cz\/wp-content\/uploads\/2015\/04\/SMS220i.jpg 400w\" sizes=\"auto, (max-width: 300px) 100vw, 300px\" \/>\n\t\t\t<\/div>\n\t\t\t\t<figcaption class='wp-caption-text gallery-caption' id='gallery-2-82'>\n\t\t\t\tSMS220i\n\t\t\t\t<\/figcaption><\/figure>\n\t\t<\/div>\n\n<p style=\"text-align: center;\"><span style=\"color: #000080;\"><strong><a style=\"color: #000080;\" href=\"http:\/\/star.starmicronics.cz\/?page_id=236\">V\u00edce info\u00a0\u00a0\u00a0\u00a0\u00a0\u00a0\u00a0\u00a0\u00a0\u00a0\u00a0\u00a0\u00a0\u00a0\u00a0\u00a0\u00a0\u00a0\u00a0\u00a0\u00a0\u00a0\u00a0\u00a0\u00a0 \u00a0\u00a0<\/a><a style=\"color: #000080;\" href=\"http:\/\/star.starmicronics.cz\/?page_id=248\">V\u00edce info\u00a0\u00a0\u00a0\u00a0\u00a0\u00a0\u00a0\u00a0\u00a0\u00a0\u00a0\u00a0\u00a0\u00a0\u00a0\u00a0\u00a0\u00a0\u00a0\u00a0\u00a0\u00a0\u00a0 \u00a0\u00a0\u00a0<\/a><a style=\"color: #000080;\" href=\"http:\/\/star.starmicronics.cz\/?page_id=324\">V\u00edce info\u00a0\u00a0\u00a0\u00a0\u00a0\u00a0\u00a0\u00a0\u00a0\u00a0\u00a0\u00a0\u00a0\u00a0\u00a0\u00a0\u00a0\u00a0\u00a0\u00a0\u00a0\u00a0\u00a0\u00a0\u00a0\u00a0\u00a0\u00a0\u00a0\u00a0\u00a0 <\/a><a style=\"color: #000080;\" href=\"http:\/\/star.starmicronics.cz\/?page_id=138\">V\u00edce info<\/a><\/strong><\/span><\/p>\n<div id='gallery-3' class='gallery galleryid-492 gallery-columns-4 gallery-size-medium'><figure class='gallery-item'>\n\t\t\t<div class='gallery-icon landscape'>\n\t\t\t\t<img loading=\"lazy\" decoding=\"async\" width=\"300\" height=\"300\" src=\"https:\/\/star.starmicronics.cz\/wp-content\/uploads\/2015\/04\/SMT300i-300x300.jpg\" class=\"attachment-medium size-medium\" alt=\"\" aria-describedby=\"gallery-3-83\" srcset=\"https:\/\/star.starmicronics.cz\/wp-content\/uploads\/2015\/04\/SMT300i-300x300.jpg 300w, https:\/\/star.starmicronics.cz\/wp-content\/uploads\/2015\/04\/SMT300i-150x150.jpg 150w, https:\/\/star.starmicronics.cz\/wp-content\/uploads\/2015\/04\/SMT300i.jpg 400w\" sizes=\"auto, (max-width: 300px) 100vw, 300px\" \/>\n\t\t\t<\/div>\n\t\t\t\t<figcaption class='wp-caption-text gallery-caption' id='gallery-3-83'>\n\t\t\t\tSM-T300i &#8211; Robustn\u00ed 3\u00b4(80mm), mobiln\u00ed tisk\u00e1rna Bluetooth pro iOS, Android, Windows\n\t\t\t\t<\/figcaption><\/figure><figure class='gallery-item'>\n\t\t\t<div class='gallery-icon landscape'>\n\t\t\t\t<img loading=\"lazy\" decoding=\"async\" width=\"300\" height=\"300\" src=\"https:\/\/star.starmicronics.cz\/wp-content\/uploads\/2015\/04\/SMT300DW-300x300.jpg\" class=\"attachment-medium size-medium\" alt=\"\" aria-describedby=\"gallery-3-86\" srcset=\"https:\/\/star.starmicronics.cz\/wp-content\/uploads\/2015\/04\/SMT300DW-300x300.jpg 300w, https:\/\/star.starmicronics.cz\/wp-content\/uploads\/2015\/04\/SMT300DW-150x150.jpg 150w, https:\/\/star.starmicronics.cz\/wp-content\/uploads\/2015\/04\/SMT300DW.jpg 400w\" sizes=\"auto, (max-width: 300px) 100vw, 300px\" \/>\n\t\t\t<\/div>\n\t\t\t\t<figcaption class='wp-caption-text gallery-caption' id='gallery-3-86'>\n\t\t\t\tSM-T300DW &#8211; Robustn\u00ed 3 &#8222;mobiln\u00ed tisk\u00e1rna (80 mm), mo\u017enost p\u0159ipojen\u00ed Bluetooth nebo WiFi \n\t\t\t\t<\/figcaption><\/figure><figure class='gallery-item'>\n\t\t\t<div class='gallery-icon landscape'>\n\t\t\t\t<img loading=\"lazy\" decoding=\"async\" width=\"300\" height=\"300\" src=\"https:\/\/star.starmicronics.cz\/wp-content\/uploads\/2015\/04\/WebPRNT-300x300.jpg\" class=\"attachment-medium size-medium\" alt=\"\" aria-describedby=\"gallery-3-92\" srcset=\"https:\/\/star.starmicronics.cz\/wp-content\/uploads\/2015\/04\/WebPRNT-300x300.jpg 300w, https:\/\/star.starmicronics.cz\/wp-content\/uploads\/2015\/04\/WebPRNT-150x150.jpg 150w, https:\/\/star.starmicronics.cz\/wp-content\/uploads\/2015\/04\/WebPRNT.jpg 400w\" sizes=\"auto, (max-width: 300px) 100vw, 300px\" \/>\n\t\t\t<\/div>\n\t\t\t\t<figcaption class='wp-caption-text gallery-caption' id='gallery-3-92'>\n\t\t\t\tWebPRNT &#8211; Tisk p\u0159es webov\u00e9 rozhran\u00ed, nez\u00e1visle na platform\u011b syst\u00e9m\u016f\n\t\t\t\t<\/figcaption><\/figure><figure class='gallery-item'>\n\t\t\t<div class='gallery-icon landscape'>\n\t\t\t\t<img loading=\"lazy\" decoding=\"async\" width=\"300\" height=\"300\" src=\"https:\/\/star.starmicronics.cz\/wp-content\/uploads\/2015\/04\/cash_drawers1-300x300.jpg\" class=\"attachment-medium size-medium\" alt=\"\" aria-describedby=\"gallery-3-93\" srcset=\"https:\/\/star.starmicronics.cz\/wp-content\/uploads\/2015\/04\/cash_drawers1-300x300.jpg 300w, https:\/\/star.starmicronics.cz\/wp-content\/uploads\/2015\/04\/cash_drawers1-150x150.jpg 150w, https:\/\/star.starmicronics.cz\/wp-content\/uploads\/2015\/04\/cash_drawers1.jpg 425w\" sizes=\"auto, (max-width: 300px) 100vw, 300px\" \/>\n\t\t\t<\/div>\n\t\t\t\t<figcaption class='wp-caption-text gallery-caption' id='gallery-3-93'>\n\t\t\t\tPen\u011b\u017en\u00ed z\u00e1suvky  &#8211; Odoln\u00e9 pokladn\u00ed z\u00e1suvky \n\t\t\t\t<\/figcaption><\/figure>\n\t\t<\/div>\n\n<div id='gallery-4' class='gallery galleryid-492 gallery-columns-4 gallery-size-medium'><figure class='gallery-item'>\n\t\t\t<div class='gallery-icon landscape'>\n\t\t\t\t<img loading=\"lazy\" decoding=\"async\" width=\"300\" height=\"300\" src=\"https:\/\/star.starmicronics.cz\/wp-content\/uploads\/2015\/04\/pos_peripherals1-300x300.jpg\" class=\"attachment-medium size-medium\" alt=\"\" aria-describedby=\"gallery-4-94\" srcset=\"https:\/\/star.starmicronics.cz\/wp-content\/uploads\/2015\/04\/pos_peripherals1-300x300.jpg 300w, https:\/\/star.starmicronics.cz\/wp-content\/uploads\/2015\/04\/pos_peripherals1-150x150.jpg 150w, https:\/\/star.starmicronics.cz\/wp-content\/uploads\/2015\/04\/pos_peripherals1.jpg 425w\" sizes=\"auto, (max-width: 300px) 100vw, 300px\" \/>\n\t\t\t<\/div>\n\t\t\t\t<figcaption class='wp-caption-text gallery-caption' id='gallery-4-94'>\n\t\t\t\tPOS periferie &#8211; Z\u00e1kaznick\u00e9 displeje \n\t\t\t\t<\/figcaption><\/figure>\n\t\t<\/div>\n\n<p><span style=\"color: #000080;\"><strong><a style=\"color: #000080;\" href=\"http:\/\/star.starmicronics.cz\/?page_id=144\">V\u00edce info<\/a><\/strong><\/span><\/p>\n","protected":false},"excerpt":{"rendered":"<p>\u0158ada Star tisk\u00e1ren, kter\u00e9 se hod\u00ed do pohostinstv\u00ed v\u00e1m nab\u00edz\u00ed\u00a0non-stop slu\u017eby, jsou spolehliv\u00e9 a\u00a0p\u0159itom nejsou n\u00e1ro\u010dn\u00e9 na \u017eivotn\u00ed prost\u0159ed\u00ed. Funk\u010dn\u00ed, hygienick\u00e9 kuchy\u0148sk\u00e9 tisk\u00e1rny, bar tisk\u00e1rny a flexibiln\u00ed mobiln\u00ed tisk\u00e1rny pro\u00a0 objedn\u00e1v\u00e1n\u00ed p\u0159\u00edmo u hosta. Ide\u00e1ln\u00ed pro\u00a0bezprobl\u00e9mov\u00fd tisk grafick\u00e9ho\u00a0loga, tisk kup\u00f3n\u016f, tisk stylov\u00fdch front-of-house \u00fa\u010dtenek, v\u0161echny tisk\u00e1rny nab\u00edzej\u00ed specializovan\u00e9 funkce, kter\u00e9 pot\u0159ebujete pro zaji\u0161t\u011bn\u00ed rychl\u00e9 a [&hellip;]<\/p>\n","protected":false},"author":1,"featured_media":0,"parent":0,"menu_order":0,"comment_status":"closed","ping_status":"open","template":"","meta":{"footnotes":"","_links_to":"","_links_to_target":""},"class_list":["post-492","page","type-page","status-publish","hentry"],"_links":{"self":[{"href":"https:\/\/star.starmicronics.cz\/index.php?rest_route=\/wp\/v2\/pages\/492","targetHints":{"allow":["GET"]}}],"collection":[{"href":"https:\/\/star.starmicronics.cz\/index.php?rest_route=\/wp\/v2\/pages"}],"about":[{"href":"https:\/\/star.starmicronics.cz\/index.php?rest_route=\/wp\/v2\/types\/page"}],"author":[{"embeddable":true,"href":"https:\/\/star.starmicronics.cz\/index.php?rest_route=\/wp\/v2\/users\/1"}],"replies":[{"embeddable":true,"href":"https:\/\/star.starmicronics.cz\/index.php?rest_route=%2Fwp%2Fv2%2Fcomments&post=492"}],"version-history":[{"count":0,"href":"https:\/\/star.starmicronics.cz\/index.php?rest_route=\/wp\/v2\/pages\/492\/revisions"}],"wp:attachment":[{"href":"https:\/\/star.starmicronics.cz\/index.php?rest_route=%2Fwp%2Fv2%2Fmedia&parent=492"}],"curies":[{"name":"wp","href":"https:\/\/api.w.org\/{rel}","templated":true}]}}