{"id":490,"date":"2015-04-27T12:32:39","date_gmt":"2015-04-27T11:32:39","guid":{"rendered":"http:\/\/star.starmicronics.cz\/?page_id=490"},"modified":"2016-05-05T15:53:12","modified_gmt":"2016-05-05T14:53:12","slug":"retail","status":"publish","type":"page","link":"https:\/\/star.starmicronics.cz\/?page_id=490","title":{"rendered":"Maloobchod"},"content":{"rendered":"<p><span style=\"color: #3366ff;\"><span id=\"result_box\" lang=\"cs\"><span class=\"hps\">Star Micronics<\/span> <span class=\"hps\">je<\/span> <span class=\"hps\">p\u0159edn\u00ed v\u00fdrobce<\/span> <span class=\"hps\">vysoce kvalitn\u00edch<\/span> <span class=\"hps\">tepeln\u00fdch<\/span> <span class=\"hps\">tisk\u00e1ren \u00fa\u010dtenek\u00a0a<\/span> <span class=\"hps\">POS<\/span> <span class=\"hps\">za\u0159\u00edzen\u00ed<\/span> <span class=\"hps\">pro maloobchodn\u00ed trh<\/span>. P\u0159i p<span class=\"hps\">r\u00e1ci<\/span> <span class=\"hps\">s maloobchodn\u00edky<\/span> <span class=\"hps\">po cel\u00e9m sv\u011bt\u011b<\/span>, <span class=\"hps\">jsme<\/span> <span class=\"hps\">pochopili<\/span>, \u017ee je t\u0159eba<span class=\"hps\"> rychl\u00fdch a <\/span><span class=\"hps\">efektivn\u00edch<\/span> <span class=\"hps\">transakc\u00ed<\/span>\u00a0p\u0159\u00edmo v m\u00edst\u011b prodeje\u00a0<span class=\"hps\">a<\/span> tak jsme <span class=\"hps\">vyvinuli<\/span> <span class=\"hps\">\u0159adu<\/span> <span class=\"hps\">spolehliv\u00fdch<\/span>, inova\u010dn\u00edch <span class=\"hps\">POS<\/span> <span class=\"hps\">tisk\u00e1ren,<\/span> <span class=\"hps\">pen\u011b\u017en\u00edch<\/span> <span class=\"hps\">z\u00e1suvek <\/span><span class=\"hps\">a<\/span> <span class=\"hps\">z\u00e1kaznick\u00fdch<\/span> <span class=\"hps\">displej\u016f a t\u00edm maloobchodn\u00edk\u016fm<\/span>\u00a0<span class=\"hps\">umo\u017enili<\/span> <span class=\"hps\">vyu\u017e\u00edvat<\/span> <span class=\"hps\">nejnov\u011bj\u0161\u00ed<\/span> <span class=\"hps\">POS<\/span> <span class=\"hps\">technologie<\/span>.<\/span><\/span><\/p>\n<p><span style=\"color: #3366ff;\">Rychl\u00e9 <span class=\"hps\">term\u00e1ln\u00ed<\/span> <span class=\"hps\">tisk\u00e1rny<\/span> <span class=\"hps\">\u00fa\u010dtenek<\/span>, <span class=\"hps\">v\u010detn\u011b<\/span> <span class=\"hps\">nov\u00fdch<\/span> <span class=\"hps\">technologi\u00ed Bluetooth<\/span> <span class=\"hps\">a<\/span> <span class=\"hps\">WiFi,<\/span> <span class=\"hps\">modely pro<\/span> <span class=\"hps\">cloud-based<\/span> POS, <span class=\"hps\">snadn\u00e9 pou\u017eit\u00ed<\/span>\u00a0<span class=\"hps\">mobiln\u00edch<\/span> <span class=\"hps\">tisk\u00e1ren pro samo<\/span><span class=\"hps\">obslu\u017en\u00e1 m\u00edsta<\/span> nebo <span class=\"hps\">kiosky<\/span> <span class=\"hps\">a<\/span> <span class=\"hps\">inovativn\u00ed<\/span> <span class=\"hps\">AsuraCPRNT<\/span> <span class=\"hps\">\u2122<\/span> <span class=\"hps\">p\u0159enosn\u00e1<\/span> <span class=\"hps\">komunika\u010dn\u00ed platforma.<\/span> N<span class=\"hps\">a\u0161e inovativn\u00ed<\/span> <span class=\"hps\">\u0159ada<\/span> <span class=\"hps\">nab\u00edz\u00ed vysoce kvalitn\u00ed a <\/span><span class=\"hps\">spolehliv\u00fd<\/span> <span class=\"hps\">v\u00fdkon<\/span> <span class=\"hps\">s minim\u00e1ln\u00edmi<\/span> <span class=\"hps\">provozn\u00edmi n\u00e1klady.<\/span><\/span><\/p>\n<p><span style=\"color: #3366ff;\"><span class=\"hps\">Na\u0161e <\/span><span class=\"hps\">multiplatformn\u00ed<\/span> <span class=\"hps\">a<\/span> industry-leading podpora\u00a0<span class=\"hps\">SDK<\/span> <span class=\"hps\">umo\u017e\u0148uje<\/span> <span class=\"hps\">jednoduchou<\/span> <span class=\"hps\">integraci<\/span>\u00a0Star <span class=\"hps\">v\u00fdrobk\u016f<\/span> <span class=\"hps\">se v\u0161emi<\/span> <span class=\"hps\">hlavn\u00edmi<\/span> <span class=\"hps\">softwarov\u00fdmi<\/span> <span class=\"hps\">platformami<\/span>, stejn\u011b i pro <span class=\"hps\">Android<\/span> <span class=\"hps\">\u2122<\/span>, <span class=\"hps\">iOS<\/span> <span class=\"hps\">\u2122<\/span>, <span class=\"hps\">Linux<\/span> <span class=\"hps\">\u2122<\/span> <span class=\"hps\">a<\/span> <span class=\"hps\">Windows<\/span> <span class=\"hps\">\u2122<\/span> <span class=\"hps\">aplikace<\/span>.<\/span><\/p>\n<p>&nbsp;<\/p>\n<p style=\"text-align: center;\"><span style=\"color: #000080;\"><strong><a style=\"color: #000080;\" href=\"http:\/\/star.starmicronics.cz\/?page_id=54\">V\u00edce info\u00a0\u00a0\u00a0\u00a0\u00a0\u00a0\u00a0\u00a0\u00a0\u00a0\u00a0\u00a0\u00a0\u00a0\u00a0\u00a0\u00a0\u00a0\u00a0\u00a0\u00a0\u00a0\u00a0\u00a0\u00a0 \u00a0\u00a0<\/a><a style=\"color: #000080;\" href=\"http:\/\/star.starmicronics.cz\/?page_id=71\">V\u00edce info\u00a0\u00a0\u00a0\u00a0\u00a0\u00a0\u00a0\u00a0\u00a0\u00a0\u00a0\u00a0\u00a0\u00a0\u00a0\u00a0\u00a0\u00a0\u00a0\u00a0\u00a0\u00a0\u00a0 \u00a0\u00a0\u00a0<\/a><a style=\"color: #000080;\" href=\"http:\/\/star.starmicronics.cz\/?page_id=324\">V\u00edce info\u00a0\u00a0\u00a0\u00a0\u00a0\u00a0\u00a0\u00a0\u00a0\u00a0\u00a0\u00a0\u00a0\u00a0\u00a0\u00a0\u00a0\u00a0\u00a0\u00a0\u00a0\u00a0\u00a0\u00a0\u00a0\u00a0\u00a0\u00a0\u00a0\u00a0\u00a0 <\/a><a style=\"color: #000080;\" href=\"http:\/\/star.starmicronics.cz\/?page_id=468\">V\u00edce info<\/a><\/strong><\/span><\/p>\n<div id='gallery-1' class='gallery galleryid-490 gallery-columns-4 gallery-size-medium'><figure class='gallery-item'>\n\t\t\t<div class='gallery-icon portrait'>\n\t\t\t\t<img loading=\"lazy\" decoding=\"async\" width=\"195\" height=\"300\" src=\"https:\/\/star.starmicronics.cz\/wp-content\/uploads\/2015\/04\/AllReceipts-App-195x300.jpg\" class=\"attachment-medium size-medium\" alt=\"\" aria-describedby=\"gallery-1-27\" srcset=\"https:\/\/star.starmicronics.cz\/wp-content\/uploads\/2015\/04\/AllReceipts-App-195x300.jpg 195w, https:\/\/star.starmicronics.cz\/wp-content\/uploads\/2015\/04\/AllReceipts-App.jpg 432w\" sizes=\"auto, (max-width: 195px) 100vw, 195px\" \/>\n\t\t\t<\/div>\n\t\t\t\t<figcaption class='wp-caption-text gallery-caption' id='gallery-1-27'>\n\t\t\t\tAllReceipts \u2122\n\t\t\t\t<\/figcaption><\/figure><figure class='gallery-item'>\n\t\t\t<div class='gallery-icon landscape'>\n\t\t\t\t<img loading=\"lazy\" decoding=\"async\" width=\"300\" height=\"300\" src=\"https:\/\/star.starmicronics.cz\/wp-content\/uploads\/2015\/04\/AsuraCPRNT-300x300.jpg\" class=\"attachment-medium size-medium\" alt=\"\" aria-describedby=\"gallery-1-91\" srcset=\"https:\/\/star.starmicronics.cz\/wp-content\/uploads\/2015\/04\/AsuraCPRNT-300x300.jpg 300w, https:\/\/star.starmicronics.cz\/wp-content\/uploads\/2015\/04\/AsuraCPRNT-150x150.jpg 150w, https:\/\/star.starmicronics.cz\/wp-content\/uploads\/2015\/04\/AsuraCPRNT.jpg 400w\" sizes=\"auto, (max-width: 300px) 100vw, 300px\" \/>\n\t\t\t<\/div>\n\t\t\t\t<figcaption class='wp-caption-text gallery-caption' id='gallery-1-91'>\n\t\t\t\tAsuraCPRNT\n\t\t\t\t<\/figcaption><\/figure><figure class='gallery-item'>\n\t\t\t<div class='gallery-icon landscape'>\n\t\t\t\t<img loading=\"lazy\" decoding=\"async\" width=\"300\" height=\"300\" src=\"https:\/\/star.starmicronics.cz\/wp-content\/uploads\/2015\/04\/WebPRNT-300x300.jpg\" class=\"attachment-medium size-medium\" alt=\"\" aria-describedby=\"gallery-1-92\" srcset=\"https:\/\/star.starmicronics.cz\/wp-content\/uploads\/2015\/04\/WebPRNT-300x300.jpg 300w, https:\/\/star.starmicronics.cz\/wp-content\/uploads\/2015\/04\/WebPRNT-150x150.jpg 150w, https:\/\/star.starmicronics.cz\/wp-content\/uploads\/2015\/04\/WebPRNT.jpg 400w\" sizes=\"auto, (max-width: 300px) 100vw, 300px\" \/>\n\t\t\t<\/div>\n\t\t\t\t<figcaption class='wp-caption-text gallery-caption' id='gallery-1-92'>\n\t\t\t\tWebPRNT &#8211; Tisk p\u0159es webov\u00e9 rozhran\u00ed, nez\u00e1visle na platform\u011b syst\u00e9m\u016f\n\t\t\t\t<\/figcaption><\/figure><figure class='gallery-item'>\n\t\t\t<div class='gallery-icon landscape'>\n\t\t\t\t<img loading=\"lazy\" decoding=\"async\" width=\"300\" height=\"300\" src=\"https:\/\/star.starmicronics.cz\/wp-content\/uploads\/2015\/04\/TSP100-300x300.jpg\" class=\"attachment-medium size-medium\" alt=\"\" aria-describedby=\"gallery-1-81\" srcset=\"https:\/\/star.starmicronics.cz\/wp-content\/uploads\/2015\/04\/TSP100-300x300.jpg 300w, https:\/\/star.starmicronics.cz\/wp-content\/uploads\/2015\/04\/TSP100-150x150.jpg 150w, https:\/\/star.starmicronics.cz\/wp-content\/uploads\/2015\/04\/TSP100.jpg 400w\" sizes=\"auto, (max-width: 300px) 100vw, 300px\" \/>\n\t\t\t<\/div>\n\t\t\t\t<figcaption class='wp-caption-text gallery-caption' id='gallery-1-81'>\n\t\t\t\tTSP100 -POS tisk\u00e1rna \u00fa\u010dtenek s jedine\u010dn\u00fdm futurePRNT Softwarem \n\t\t\t\t<\/figcaption><\/figure>\n\t\t<\/div>\n\n<p style=\"text-align: center;\"><span style=\"color: #000080;\"><strong><a style=\"color: #000080;\" href=\"http:\/\/star.starmicronics.cz\/?page_id=480\">V\u00edce info\u00a0\u00a0\u00a0\u00a0\u00a0\u00a0\u00a0\u00a0\u00a0\u00a0\u00a0\u00a0\u00a0\u00a0\u00a0\u00a0\u00a0\u00a0\u00a0\u00a0\u00a0\u00a0\u00a0\u00a0\u00a0 \u00a0\u00a0<\/a><a style=\"color: #000080;\" href=\"http:\/\/star.starmicronics.cz\/?page_id=155\">V\u00edce info\u00a0\u00a0\u00a0\u00a0\u00a0\u00a0\u00a0\u00a0\u00a0\u00a0\u00a0\u00a0\u00a0\u00a0\u00a0\u00a0\u00a0\u00a0\u00a0\u00a0\u00a0\u00a0\u00a0 \u00a0\u00a0\u00a0<\/a><a style=\"color: #000080;\" href=\"http:\/\/star.starmicronics.cz\/?page_id=167\">V\u00edce info\u00a0\u00a0\u00a0\u00a0\u00a0\u00a0\u00a0\u00a0\u00a0\u00a0\u00a0\u00a0\u00a0\u00a0\u00a0\u00a0\u00a0\u00a0\u00a0\u00a0\u00a0\u00a0\u00a0\u00a0\u00a0\u00a0\u00a0\u00a0\u00a0\u00a0\u00a0 <\/a><a style=\"color: #000080;\" href=\"http:\/\/star.starmicronics.cz\/?page_id=171\">V\u00edce info<\/a><\/strong><\/span><\/p>\n<div id='gallery-2' class='gallery galleryid-490 gallery-columns-4 gallery-size-medium'><figure class='gallery-item'>\n\t\t\t<div class='gallery-icon landscape'>\n\t\t\t\t<img loading=\"lazy\" decoding=\"async\" width=\"300\" height=\"300\" src=\"https:\/\/star.starmicronics.cz\/wp-content\/uploads\/2015\/04\/TSP650II-300x300.jpg\" class=\"attachment-medium size-medium\" alt=\"\" aria-describedby=\"gallery-2-80\" srcset=\"https:\/\/star.starmicronics.cz\/wp-content\/uploads\/2015\/04\/TSP650II-300x300.jpg 300w, https:\/\/star.starmicronics.cz\/wp-content\/uploads\/2015\/04\/TSP650II-150x150.jpg 150w, https:\/\/star.starmicronics.cz\/wp-content\/uploads\/2015\/04\/TSP650II.jpg 400w\" sizes=\"auto, (max-width: 300px) 100vw, 300px\" \/>\n\t\t\t<\/div>\n\t\t\t\t<figcaption class='wp-caption-text gallery-caption' id='gallery-2-80'>\n\t\t\t\tTSP650II &#8211; Univerz\u00e1ln\u00ed POS tisk\u00e1rna \u00fa\u010dtenek s v\u00edce mo\u017enostmi p\u0159ipojen\u00ed\n\t\t\t\t<\/figcaption><\/figure><figure class='gallery-item'>\n\t\t\t<div class='gallery-icon landscape'>\n\t\t\t\t<img loading=\"lazy\" decoding=\"async\" width=\"300\" height=\"300\" src=\"https:\/\/star.starmicronics.cz\/wp-content\/uploads\/2015\/04\/TSP700II-300x300.jpg\" class=\"attachment-medium size-medium\" alt=\"\" aria-describedby=\"gallery-2-88\" srcset=\"https:\/\/star.starmicronics.cz\/wp-content\/uploads\/2015\/04\/TSP700II-300x300.jpg 300w, https:\/\/star.starmicronics.cz\/wp-content\/uploads\/2015\/04\/TSP700II-150x150.jpg 150w, https:\/\/star.starmicronics.cz\/wp-content\/uploads\/2015\/04\/TSP700II.jpg 400w\" sizes=\"auto, (max-width: 300px) 100vw, 300px\" \/>\n\t\t\t<\/div>\n\t\t\t\t<figcaption class='wp-caption-text gallery-caption' id='gallery-2-88'>\n\t\t\t\tTSP700II\n\t\t\t\t<\/figcaption><\/figure><figure class='gallery-item'>\n\t\t\t<div class='gallery-icon landscape'>\n\t\t\t\t<img loading=\"lazy\" decoding=\"async\" width=\"300\" height=\"300\" src=\"https:\/\/star.starmicronics.cz\/wp-content\/uploads\/2015\/04\/TSP800II-300x300.jpg\" class=\"attachment-medium size-medium\" alt=\"\" aria-describedby=\"gallery-2-89\" srcset=\"https:\/\/star.starmicronics.cz\/wp-content\/uploads\/2015\/04\/TSP800II-300x300.jpg 300w, https:\/\/star.starmicronics.cz\/wp-content\/uploads\/2015\/04\/TSP800II-150x150.jpg 150w, https:\/\/star.starmicronics.cz\/wp-content\/uploads\/2015\/04\/TSP800II.jpg 400w\" sizes=\"auto, (max-width: 300px) 100vw, 300px\" \/>\n\t\t\t<\/div>\n\t\t\t\t<figcaption class='wp-caption-text gallery-caption' id='gallery-2-89'>\n\t\t\t\tTSP800II\n\t\t\t\t<\/figcaption><\/figure><figure class='gallery-item'>\n\t\t\t<div class='gallery-icon landscape'>\n\t\t\t\t<img loading=\"lazy\" decoding=\"async\" width=\"300\" height=\"300\" src=\"https:\/\/star.starmicronics.cz\/wp-content\/uploads\/2015\/04\/FVP10-300x300.jpg\" class=\"attachment-medium size-medium\" alt=\"\" aria-describedby=\"gallery-2-116\" srcset=\"https:\/\/star.starmicronics.cz\/wp-content\/uploads\/2015\/04\/FVP10-300x300.jpg 300w, https:\/\/star.starmicronics.cz\/wp-content\/uploads\/2015\/04\/FVP10-150x150.jpg 150w, https:\/\/star.starmicronics.cz\/wp-content\/uploads\/2015\/04\/FVP10.jpg 400w\" sizes=\"auto, (max-width: 300px) 100vw, 300px\" \/>\n\t\t\t<\/div>\n\t\t\t\t<figcaption class='wp-caption-text gallery-caption' id='gallery-2-116'>\n\t\t\t\tFVP10\n\t\t\t\t<\/figcaption><\/figure>\n\t\t<\/div>\n\n<p style=\"text-align: center;\"><span style=\"color: #000080;\"><strong><a style=\"color: #000080;\" href=\"http:\/\/star.starmicronics.cz\/?page_id=199\">V\u00edce info\u00a0\u00a0\u00a0\u00a0\u00a0\u00a0\u00a0\u00a0\u00a0\u00a0\u00a0\u00a0\u00a0\u00a0\u00a0\u00a0\u00a0\u00a0\u00a0\u00a0\u00a0\u00a0\u00a0\u00a0\u00a0 \u00a0\u00a0<\/a><a style=\"color: #000080;\" href=\"http:\/\/star.starmicronics.cz\/?page_id=178\">V\u00edce info\u00a0\u00a0\u00a0\u00a0\u00a0\u00a0\u00a0\u00a0\u00a0\u00a0\u00a0\u00a0\u00a0\u00a0\u00a0\u00a0\u00a0\u00a0\u00a0\u00a0\u00a0\u00a0\u00a0 \u00a0\u00a0\u00a0<\/a><a style=\"color: #000080;\" href=\"http:\/\/star.starmicronics.cz\/?page_id=232\">V\u00edce info\u00a0\u00a0\u00a0\u00a0\u00a0\u00a0\u00a0\u00a0\u00a0\u00a0\u00a0\u00a0\u00a0\u00a0\u00a0\u00a0\u00a0\u00a0\u00a0\u00a0\u00a0\u00a0\u00a0\u00a0\u00a0\u00a0\u00a0\u00a0\u00a0\u00a0\u00a0 <\/a><a style=\"color: #000080;\" href=\"http:\/\/star.starmicronics.cz\/?page_id=236\">V\u00edce info<\/a><\/strong><\/span><\/p>\n<div id='gallery-3' class='gallery galleryid-490 gallery-columns-4 gallery-size-medium'><figure class='gallery-item'>\n\t\t\t<div class='gallery-icon landscape'>\n\t\t\t\t<img loading=\"lazy\" decoding=\"async\" width=\"300\" height=\"300\" src=\"https:\/\/star.starmicronics.cz\/wp-content\/uploads\/2015\/04\/SP700-300x300.jpg\" class=\"attachment-medium size-medium\" alt=\"\" aria-describedby=\"gallery-3-90\" srcset=\"https:\/\/star.starmicronics.cz\/wp-content\/uploads\/2015\/04\/SP700-300x300.jpg 300w, https:\/\/star.starmicronics.cz\/wp-content\/uploads\/2015\/04\/SP700-150x150.jpg 150w, https:\/\/star.starmicronics.cz\/wp-content\/uploads\/2015\/04\/SP700.jpg 400w\" sizes=\"auto, (max-width: 300px) 100vw, 300px\" \/>\n\t\t\t<\/div>\n\t\t\t\t<figcaption class='wp-caption-text gallery-caption' id='gallery-3-90'>\n\t\t\t\tSP700 &#8211; Vysok\u00e1 rychlost, 2 barvy (\u010dern\u00e1,\u010derven\u00e1), tisk \u00fa\u010dtenek, vhodn\u00e1 do kuchyn\u011b  \n\t\t\t\t<\/figcaption><\/figure><figure class='gallery-item'>\n\t\t\t<div class='gallery-icon landscape'>\n\t\t\t\t<img loading=\"lazy\" decoding=\"async\" width=\"300\" height=\"300\" src=\"https:\/\/star.starmicronics.cz\/wp-content\/uploads\/2015\/04\/HSP7000-300x300.jpg\" class=\"attachment-medium size-medium\" alt=\"\" aria-describedby=\"gallery-3-117\" srcset=\"https:\/\/star.starmicronics.cz\/wp-content\/uploads\/2015\/04\/HSP7000-300x300.jpg 300w, https:\/\/star.starmicronics.cz\/wp-content\/uploads\/2015\/04\/HSP7000-150x150.jpg 150w, https:\/\/star.starmicronics.cz\/wp-content\/uploads\/2015\/04\/HSP7000.jpg 400w\" sizes=\"auto, (max-width: 300px) 100vw, 300px\" \/>\n\t\t\t<\/div>\n\t\t\t\t<figcaption class='wp-caption-text gallery-caption' id='gallery-3-117'>\n\t\t\t\tHSP7000\n\t\t\t\t<\/figcaption><\/figure><figure class='gallery-item'>\n\t\t\t<div class='gallery-icon landscape'>\n\t\t\t\t<img loading=\"lazy\" decoding=\"async\" width=\"300\" height=\"300\" src=\"https:\/\/star.starmicronics.cz\/wp-content\/uploads\/2015\/04\/SMS220i-300x300.jpg\" class=\"attachment-medium size-medium\" alt=\"\" aria-describedby=\"gallery-3-82\" srcset=\"https:\/\/star.starmicronics.cz\/wp-content\/uploads\/2015\/04\/SMS220i-300x300.jpg 300w, https:\/\/star.starmicronics.cz\/wp-content\/uploads\/2015\/04\/SMS220i-150x150.jpg 150w, https:\/\/star.starmicronics.cz\/wp-content\/uploads\/2015\/04\/SMS220i.jpg 400w\" sizes=\"auto, (max-width: 300px) 100vw, 300px\" \/>\n\t\t\t<\/div>\n\t\t\t\t<figcaption class='wp-caption-text gallery-caption' id='gallery-3-82'>\n\t\t\t\tSMS220i\n\t\t\t\t<\/figcaption><\/figure><figure class='gallery-item'>\n\t\t\t<div class='gallery-icon landscape'>\n\t\t\t\t<img loading=\"lazy\" decoding=\"async\" width=\"300\" height=\"300\" src=\"https:\/\/star.starmicronics.cz\/wp-content\/uploads\/2015\/04\/SMT300i-300x300.jpg\" class=\"attachment-medium size-medium\" alt=\"\" aria-describedby=\"gallery-3-83\" srcset=\"https:\/\/star.starmicronics.cz\/wp-content\/uploads\/2015\/04\/SMT300i-300x300.jpg 300w, https:\/\/star.starmicronics.cz\/wp-content\/uploads\/2015\/04\/SMT300i-150x150.jpg 150w, https:\/\/star.starmicronics.cz\/wp-content\/uploads\/2015\/04\/SMT300i.jpg 400w\" sizes=\"auto, (max-width: 300px) 100vw, 300px\" \/>\n\t\t\t<\/div>\n\t\t\t\t<figcaption class='wp-caption-text gallery-caption' id='gallery-3-83'>\n\t\t\t\tSM-T300i &#8211; Robustn\u00ed 3\u00b4(80mm), mobiln\u00ed tisk\u00e1rna Bluetooth pro iOS, Android, Windows\n\t\t\t\t<\/figcaption><\/figure>\n\t\t<\/div>\n\n<p><span style=\"color: #000080;\"><strong><a style=\"color: #000080;\" href=\"http:\/\/star.starmicronics.cz\/?page_id=248\">V\u00edce info\u00a0\u00a0\u00a0\u00a0\u00a0\u00a0\u00a0\u00a0\u00a0\u00a0\u00a0\u00a0\u00a0\u00a0\u00a0\u00a0\u00a0\u00a0\u00a0\u00a0\u00a0\u00a0\u00a0 \u00a0\u00a0\u00a0\u00a0\u00a0\u00a0\u00a0\u00a0\u00a0\u00a0\u00a0\u00a0\u00a0\u00a0 <\/a><a style=\"color: #000080;\" href=\"http:\/\/star.starmicronics.cz\/?page_id=138\">V\u00edce info\u00a0\u00a0\u00a0\u00a0\u00a0\u00a0\u00a0\u00a0\u00a0\u00a0\u00a0\u00a0\u00a0\u00a0\u00a0\u00a0\u00a0\u00a0\u00a0\u00a0\u00a0\u00a0\u00a0\u00a0\u00a0\u00a0\u00a0\u00a0\u00a0\u00a0\u00a0\u00a0\u00a0\u00a0\u00a0\u00a0\u00a0\u00a0\u00a0\u00a0\u00a0 \u00a0<\/a><a style=\"color: #000080;\" href=\"http:\/\/star.starmicronics.cz\/?page_id=144\">V\u00edce info<\/a><\/strong><\/span><\/p>\n<div id='gallery-4' class='gallery galleryid-490 gallery-columns-4 gallery-size-medium'><figure class='gallery-item'>\n\t\t\t<div class='gallery-icon landscape'>\n\t\t\t\t<img loading=\"lazy\" decoding=\"async\" width=\"300\" height=\"300\" src=\"https:\/\/star.starmicronics.cz\/wp-content\/uploads\/2015\/04\/SMT300DW-300x300.jpg\" class=\"attachment-medium size-medium\" alt=\"\" aria-describedby=\"gallery-4-86\" srcset=\"https:\/\/star.starmicronics.cz\/wp-content\/uploads\/2015\/04\/SMT300DW-300x300.jpg 300w, https:\/\/star.starmicronics.cz\/wp-content\/uploads\/2015\/04\/SMT300DW-150x150.jpg 150w, https:\/\/star.starmicronics.cz\/wp-content\/uploads\/2015\/04\/SMT300DW.jpg 400w\" sizes=\"auto, (max-width: 300px) 100vw, 300px\" \/>\n\t\t\t<\/div>\n\t\t\t\t<figcaption class='wp-caption-text gallery-caption' id='gallery-4-86'>\n\t\t\t\tSM-T300DW &#8211; Robustn\u00ed 3 &#8222;mobiln\u00ed tisk\u00e1rna (80 mm), mo\u017enost p\u0159ipojen\u00ed Bluetooth nebo WiFi \n\t\t\t\t<\/figcaption><\/figure><figure class='gallery-item'>\n\t\t\t<div class='gallery-icon landscape'>\n\t\t\t\t<img loading=\"lazy\" decoding=\"async\" width=\"300\" height=\"300\" src=\"https:\/\/star.starmicronics.cz\/wp-content\/uploads\/2015\/04\/cash_drawers1-300x300.jpg\" class=\"attachment-medium size-medium\" alt=\"\" aria-describedby=\"gallery-4-93\" srcset=\"https:\/\/star.starmicronics.cz\/wp-content\/uploads\/2015\/04\/cash_drawers1-300x300.jpg 300w, https:\/\/star.starmicronics.cz\/wp-content\/uploads\/2015\/04\/cash_drawers1-150x150.jpg 150w, https:\/\/star.starmicronics.cz\/wp-content\/uploads\/2015\/04\/cash_drawers1.jpg 425w\" sizes=\"auto, (max-width: 300px) 100vw, 300px\" \/>\n\t\t\t<\/div>\n\t\t\t\t<figcaption class='wp-caption-text gallery-caption' id='gallery-4-93'>\n\t\t\t\tPen\u011b\u017en\u00ed z\u00e1suvky  &#8211; Odoln\u00e9 pokladn\u00ed z\u00e1suvky \n\t\t\t\t<\/figcaption><\/figure><figure class='gallery-item'>\n\t\t\t<div class='gallery-icon landscape'>\n\t\t\t\t<img loading=\"lazy\" decoding=\"async\" width=\"300\" height=\"300\" src=\"https:\/\/star.starmicronics.cz\/wp-content\/uploads\/2015\/04\/pos_peripherals1-300x300.jpg\" class=\"attachment-medium size-medium\" alt=\"\" aria-describedby=\"gallery-4-94\" srcset=\"https:\/\/star.starmicronics.cz\/wp-content\/uploads\/2015\/04\/pos_peripherals1-300x300.jpg 300w, https:\/\/star.starmicronics.cz\/wp-content\/uploads\/2015\/04\/pos_peripherals1-150x150.jpg 150w, https:\/\/star.starmicronics.cz\/wp-content\/uploads\/2015\/04\/pos_peripherals1.jpg 425w\" sizes=\"auto, (max-width: 300px) 100vw, 300px\" \/>\n\t\t\t<\/div>\n\t\t\t\t<figcaption class='wp-caption-text gallery-caption' id='gallery-4-94'>\n\t\t\t\tPOS periferie &#8211; Z\u00e1kaznick\u00e9 displeje \n\t\t\t\t<\/figcaption><\/figure>\n\t\t<\/div>\n\n","protected":false},"excerpt":{"rendered":"<p>Star Micronics je p\u0159edn\u00ed v\u00fdrobce vysoce kvalitn\u00edch tepeln\u00fdch tisk\u00e1ren \u00fa\u010dtenek\u00a0a POS za\u0159\u00edzen\u00ed pro maloobchodn\u00ed trh. P\u0159i pr\u00e1ci s maloobchodn\u00edky po cel\u00e9m sv\u011bt\u011b, jsme pochopili, \u017ee je t\u0159eba rychl\u00fdch a efektivn\u00edch transakc\u00ed\u00a0p\u0159\u00edmo v m\u00edst\u011b prodeje\u00a0a tak jsme vyvinuli \u0159adu spolehliv\u00fdch, inova\u010dn\u00edch POS tisk\u00e1ren, pen\u011b\u017en\u00edch z\u00e1suvek a z\u00e1kaznick\u00fdch displej\u016f a t\u00edm maloobchodn\u00edk\u016fm\u00a0umo\u017enili vyu\u017e\u00edvat nejnov\u011bj\u0161\u00ed POS technologie. Rychl\u00e9 [&hellip;]<\/p>\n","protected":false},"author":1,"featured_media":0,"parent":0,"menu_order":0,"comment_status":"closed","ping_status":"open","template":"","meta":{"footnotes":"","_links_to":"","_links_to_target":""},"class_list":["post-490","page","type-page","status-publish","hentry"],"_links":{"self":[{"href":"https:\/\/star.starmicronics.cz\/index.php?rest_route=\/wp\/v2\/pages\/490","targetHints":{"allow":["GET"]}}],"collection":[{"href":"https:\/\/star.starmicronics.cz\/index.php?rest_route=\/wp\/v2\/pages"}],"about":[{"href":"https:\/\/star.starmicronics.cz\/index.php?rest_route=\/wp\/v2\/types\/page"}],"author":[{"embeddable":true,"href":"https:\/\/star.starmicronics.cz\/index.php?rest_route=\/wp\/v2\/users\/1"}],"replies":[{"embeddable":true,"href":"https:\/\/star.starmicronics.cz\/index.php?rest_route=%2Fwp%2Fv2%2Fcomments&post=490"}],"version-history":[{"count":1,"href":"https:\/\/star.starmicronics.cz\/index.php?rest_route=\/wp\/v2\/pages\/490\/revisions"}],"predecessor-version":[{"id":1747,"href":"https:\/\/star.starmicronics.cz\/index.php?rest_route=\/wp\/v2\/pages\/490\/revisions\/1747"}],"wp:attachment":[{"href":"https:\/\/star.starmicronics.cz\/index.php?rest_route=%2Fwp%2Fv2%2Fmedia&parent=490"}],"curies":[{"name":"wp","href":"https:\/\/api.w.org\/{rel}","templated":true}]}}