{"id":488,"date":"2015-04-27T12:15:51","date_gmt":"2015-04-27T11:15:51","guid":{"rendered":"http:\/\/star.starmicronics.cz\/?page_id=488"},"modified":"2016-05-05T15:53:12","modified_gmt":"2016-05-05T14:53:12","slug":"solutions","status":"publish","type":"page","link":"https:\/\/star.starmicronics.cz\/?page_id=488","title":{"rendered":"P\u0159\u00edklady pou\u017eit\u00ed"},"content":{"rendered":"<p><a href=\"http:\/\/star.starmicronics.cz\/?page_id=76\"><img loading=\"lazy\" decoding=\"async\" class=\"alignleft wp-image-1021\" src=\"http:\/\/star.starmicronics.cz\/wp-content\/uploads\/2015\/04\/Star-08.png\" alt=\"Star-08\" width=\"250\" height=\"250\" srcset=\"https:\/\/star.starmicronics.cz\/wp-content\/uploads\/2015\/04\/Star-08.png 251w, https:\/\/star.starmicronics.cz\/wp-content\/uploads\/2015\/04\/Star-08-150x150.png 150w\" sizes=\"auto, (max-width: 250px) 100vw, 250px\" \/><\/a><a href=\"http:\/\/star.starmicronics.cz\/?page_id=490\"><img loading=\"lazy\" decoding=\"async\" class=\"alignleft wp-image-1022\" src=\"http:\/\/star.starmicronics.cz\/wp-content\/uploads\/2015\/04\/Star-09.png\" alt=\"Star-09\" width=\"250\" height=\"250\" srcset=\"https:\/\/star.starmicronics.cz\/wp-content\/uploads\/2015\/04\/Star-09.png 251w, https:\/\/star.starmicronics.cz\/wp-content\/uploads\/2015\/04\/Star-09-150x150.png 150w\" sizes=\"auto, (max-width: 250px) 100vw, 250px\" \/><\/a><a href=\"http:\/\/star.starmicronics.cz\/?page_id=492\"><img loading=\"lazy\" decoding=\"async\" class=\"alignleft wp-image-1023\" src=\"http:\/\/star.starmicronics.cz\/wp-content\/uploads\/2015\/04\/Star-10.png\" alt=\"Star-10\" width=\"250\" height=\"250\" srcset=\"https:\/\/star.starmicronics.cz\/wp-content\/uploads\/2015\/04\/Star-10.png 251w, https:\/\/star.starmicronics.cz\/wp-content\/uploads\/2015\/04\/Star-10-150x150.png 150w\" sizes=\"auto, (max-width: 250px) 100vw, 250px\" \/><\/a><\/p>\n<p>&nbsp;<\/p>\n<p><a href=\"http:\/\/star.starmicronics.cz\/?page_id=126\"><img loading=\"lazy\" decoding=\"async\" class=\"alignleft size-full wp-image-1024\" src=\"http:\/\/star.starmicronics.cz\/wp-content\/uploads\/2015\/04\/Star-03-e1430826789761.png\" alt=\"Star-03\" width=\"250\" height=\"250\" srcset=\"https:\/\/star.starmicronics.cz\/wp-content\/uploads\/2015\/04\/Star-03-e1430826789761.png 250w, https:\/\/star.starmicronics.cz\/wp-content\/uploads\/2015\/04\/Star-03-e1430826789761-150x150.png 150w\" sizes=\"auto, (max-width: 250px) 100vw, 250px\" \/><\/a><\/p>\n<p><a href=\"http:\/\/star.starmicronics.cz\/?page_id=494\"><img loading=\"lazy\" decoding=\"async\" class=\"alignleft size-full wp-image-1025\" src=\"http:\/\/star.starmicronics.cz\/wp-content\/uploads\/2015\/04\/Star-01-e1430827082625.png\" alt=\"Star-01\" width=\"250\" height=\"250\" srcset=\"https:\/\/star.starmicronics.cz\/wp-content\/uploads\/2015\/04\/Star-01-e1430827082625.png 250w, https:\/\/star.starmicronics.cz\/wp-content\/uploads\/2015\/04\/Star-01-e1430827082625-150x150.png 150w\" sizes=\"auto, (max-width: 250px) 100vw, 250px\" \/><\/a><\/p>\n<p><a href=\"http:\/\/star.starmicronics.cz\/?page_id=496\"><img loading=\"lazy\" decoding=\"async\" class=\"alignleft size-full wp-image-1026\" src=\"http:\/\/star.starmicronics.cz\/wp-content\/uploads\/2015\/04\/Star-04-e1430827148219.png\" alt=\"Star-04\" width=\"250\" height=\"250\" srcset=\"https:\/\/star.starmicronics.cz\/wp-content\/uploads\/2015\/04\/Star-04-e1430827148219.png 250w, https:\/\/star.starmicronics.cz\/wp-content\/uploads\/2015\/04\/Star-04-e1430827148219-150x150.png 150w\" sizes=\"auto, (max-width: 250px) 100vw, 250px\" \/><\/a><\/p>\n<p><a href=\"http:\/\/star.starmicronics.cz\/?page_id=661\"><img loading=\"lazy\" decoding=\"async\" class=\"alignleft size-full wp-image-1027\" src=\"http:\/\/star.starmicronics.cz\/wp-content\/uploads\/2015\/04\/Star-05-e1430827195675.png\" alt=\"Star-05\" width=\"250\" height=\"250\" srcset=\"https:\/\/star.starmicronics.cz\/wp-content\/uploads\/2015\/04\/Star-05-e1430827195675.png 250w, https:\/\/star.starmicronics.cz\/wp-content\/uploads\/2015\/04\/Star-05-e1430827195675-150x150.png 150w\" sizes=\"auto, (max-width: 250px) 100vw, 250px\" \/><\/a><\/p>\n<p><a href=\"http:\/\/star.starmicronics.cz\/?page_id=663\"><img loading=\"lazy\" decoding=\"async\" class=\"alignleft wp-image-1028 size-full\" src=\"http:\/\/star.starmicronics.cz\/wp-content\/uploads\/2015\/04\/Star-06-e1430827245603.png\" alt=\"Star-06\" width=\"250\" height=\"250\" srcset=\"https:\/\/star.starmicronics.cz\/wp-content\/uploads\/2015\/04\/Star-06-e1430827245603.png 250w, https:\/\/star.starmicronics.cz\/wp-content\/uploads\/2015\/04\/Star-06-e1430827245603-150x150.png 150w\" sizes=\"auto, (max-width: 250px) 100vw, 250px\" \/><\/a><\/p>\n<p><a href=\"http:\/\/star.starmicronics.cz\/?page_id=665\"><img loading=\"lazy\" decoding=\"async\" class=\"alignleft size-full wp-image-1029\" src=\"http:\/\/star.starmicronics.cz\/wp-content\/uploads\/2015\/04\/Star-07-e1430827310526.png\" alt=\"Star-07\" width=\"250\" height=\"250\" srcset=\"https:\/\/star.starmicronics.cz\/wp-content\/uploads\/2015\/04\/Star-07-e1430827310526.png 250w, https:\/\/star.starmicronics.cz\/wp-content\/uploads\/2015\/04\/Star-07-e1430827310526-150x150.png 150w\" sizes=\"auto, (max-width: 250px) 100vw, 250px\" \/><\/a><a href=\"http:\/\/star.starmicronics.cz\/?page_id=667\"><img loading=\"lazy\" decoding=\"async\" class=\"alignleft size-full wp-image-1030\" src=\"http:\/\/star.starmicronics.cz\/wp-content\/uploads\/2015\/04\/Star-02-e1430827358221.png\" alt=\"Star-02\" width=\"250\" height=\"250\" srcset=\"https:\/\/star.starmicronics.cz\/wp-content\/uploads\/2015\/04\/Star-02-e1430827358221.png 250w, https:\/\/star.starmicronics.cz\/wp-content\/uploads\/2015\/04\/Star-02-e1430827358221-150x150.png 150w\" sizes=\"auto, (max-width: 250px) 100vw, 250px\" \/><br \/>\n<\/a><\/p>\n<p><a href=\"http:\/\/star.starmicronics.cz\/wp-content\/uploads\/2015\/04\/Star-07.png\" rel=\"lightbox[488]\">\u00a0<\/a><\/p>\n","protected":false},"excerpt":{"rendered":"<p>&nbsp; \u00a0<\/p>\n","protected":false},"author":1,"featured_media":0,"parent":0,"menu_order":0,"comment_status":"closed","ping_status":"open","template":"","meta":{"footnotes":"","_links_to":"","_links_to_target":""},"class_list":["post-488","page","type-page","status-publish","hentry"],"_links":{"self":[{"href":"https:\/\/star.starmicronics.cz\/index.php?rest_route=\/wp\/v2\/pages\/488","targetHints":{"allow":["GET"]}}],"collection":[{"href":"https:\/\/star.starmicronics.cz\/index.php?rest_route=\/wp\/v2\/pages"}],"about":[{"href":"https:\/\/star.starmicronics.cz\/index.php?rest_route=\/wp\/v2\/types\/page"}],"author":[{"embeddable":true,"href":"https:\/\/star.starmicronics.cz\/index.php?rest_route=\/wp\/v2\/users\/1"}],"replies":[{"embeddable":true,"href":"https:\/\/star.starmicronics.cz\/index.php?rest_route=%2Fwp%2Fv2%2Fcomments&post=488"}],"version-history":[{"count":0,"href":"https:\/\/star.starmicronics.cz\/index.php?rest_route=\/wp\/v2\/pages\/488\/revisions"}],"wp:attachment":[{"href":"https:\/\/star.starmicronics.cz\/index.php?rest_route=%2Fwp%2Fv2%2Fmedia&parent=488"}],"curies":[{"name":"wp","href":"https:\/\/api.w.org\/{rel}","templated":true}]}}