{"id":468,"date":"2015-04-27T09:06:52","date_gmt":"2015-04-27T08:06:52","guid":{"rendered":"http:\/\/star.starmicronics.cz\/?page_id=468"},"modified":"2016-05-06T22:41:22","modified_gmt":"2016-05-06T21:41:22","slug":"tsp100-2","status":"publish","type":"page","link":"https:\/\/star.starmicronics.cz\/?page_id=468","title":{"rendered":"TSP100"},"content":{"rendered":"<p>&nbsp;<\/p>\n<figure id=\"attachment_472\" aria-describedby=\"caption-attachment-472\" style=\"width: 300px\" class=\"wp-caption alignleft\"><a href=\"http:\/\/star.starmicronics.cz\/wp-content\/uploads\/2015\/04\/TSP100-LAN.png\" rel=\"lightbox[468]\"><img loading=\"lazy\" decoding=\"async\" class=\"size-medium wp-image-472\" src=\"http:\/\/star.starmicronics.cz\/wp-content\/uploads\/2015\/04\/TSP100-LAN-300x166.png\" alt=\"TSP100 LAN\" width=\"300\" height=\"166\" srcset=\"https:\/\/star.starmicronics.cz\/wp-content\/uploads\/2015\/04\/TSP100-LAN-300x166.png 300w, https:\/\/star.starmicronics.cz\/wp-content\/uploads\/2015\/04\/TSP100-LAN.png 302w\" sizes=\"auto, (max-width: 300px) 100vw, 300px\" \/><\/a><figcaption id=\"caption-attachment-472\" class=\"wp-caption-text\">TSP100 LAN<\/figcaption><\/figure>\n<p><span style=\"color: #3366ff;\">TSP143 ECO Automatick\u00e1 \u0159eza\u010dka\u00a0USB model<\/span><\/p>\n<p><span style=\"color: #3366ff;\">TSP143 GT Automatick\u00e1 \u0159eza\u010dka USB model<\/span><\/p>\n<p><span style=\"color: #3366ff;\">TSP143 U Automatick\u00e1 \u0159eza\u010dka\u00a0USB model<\/span><\/p>\n<p><span style=\"color: #3366ff;\">TSP143 LAN Automatick\u00e1 \u0159eza\u010dka\u00a0Ethernet model<\/span><\/p>\n<p>&nbsp;<\/p>\n<p><span style=\"color: #3366ff;\"><strong>TSP100 &#8211; nastaven\u00ed nov\u00e9 standardy pro technologii tisku POS<\/strong><\/span><\/p>\n<p><span style=\"color: #3366ff;\">Star jsou\u00a0nejprod\u00e1van\u011bj\u0161\u00ed tisk\u00e1rny na cel\u00e9m sv\u011bt\u011b. Tsik\u00e1rna \u0159ady TSP100 je prvn\u00ed softwarov\u011b \u0159\u00edzen\u00e1 POS tisk\u00e1rna \u00fa\u010dtenek, co\u017e poskytuje plug &amp; play aplikace . Ta umo\u017e\u0148uje maloobchodn\u00edk\u016fm p\u0159izp\u016fsobit a pr\u016fb\u011b\u017en\u011b upravovat v\u0161echny aspekty\u00a0tisku \u00fa\u010dtenek\u00a0, aby splnily sv\u00e9 individu\u00e1ln\u00ed pot\u0159eby .<\/span><\/p>\n<p><span style=\"color: #3366ff;\">Pokro\u010dil\u00e9 funkce, jako je zm\u011bna designu \u00fa\u010dtenky, elektronick\u00fd \u017eurn\u00e1l, tisk na vy\u017e\u00e1d\u00e1n\u00ed, mo\u017enost graficky ovlivnit kopie \u00fa\u010dtenek\u00a0a automatick\u00e1 redukce textu\u00a0pro \u00fasporu tisku.<\/span><\/p>\n<p><span style=\"color: #3366ff;\">AllReceipts &#8211; digitalizace \u00fa\u010dtenek je\u00a0aplikace, kter\u00e1 je\u00a0sou\u010d\u00e1st\u00ed\u00a0 tisk\u00e1rny Star\u00a0TSP100 zdarma (v pr\u016fb\u011bhu roku 2015).<\/span><\/p>\n<p>&nbsp;<\/p>\n<p><span style=\"color: #3366ff;\"><strong><span style=\"text-decoration: underline;\">TSP100ECO<\/span><\/strong><\/span><\/p>\n<p><span style=\"color: #3366ff;\"><strong>TSP100 ECO<\/strong> \u2013\u00a0 \u00b4\u00b4Drop-In and Print\u00b4\u00b4 snadn\u00e9 zakl\u00e1d\u00e1n\u00ed pap\u00edru, odtrhovac\u00ed li\u0161ta nebo automatick\u00e1 \u0159eza\u010dka, unik\u00e1tn\u00ed futurePRNT software, 4 roky z\u00e1ruka na v\u0161echny modely \u0159ady TSP100 futurePRNT\u00a0 v\u010detn\u011b tiskov\u00e9 hlavy a \u0159eza\u010dky\u00a0, USB kabel , intern\u00ed zdroj nap\u00e1jen\u00ed s 1,8m nap\u00e1jec\u00edm kabelem, dr\u017e\u00e1k na ze\u010f , p\u0159\u00edslu\u0161enstv\u00ed pro mont\u00e1\u017e na ze\u010f\u00a0, 58mm vod\u00edtko pap\u00edru , instala\u010dn\u00ed CD a software s p\u0159idanou hodnotou ,\u00a0vod\u011bodoln\u00fd kryt\u00a0a stojan pro vertik\u00e1ln\u00ed pou\u017eit\u00ed<\/span><\/p>\n<p><span style=\"color: #3366ff;\">Spole\u010dnost Star vyvinula a zavedla jedine\u010dn\u00e9 funkce pro \u00fasporu pap\u00edru, kter\u00e9 mohou prodejc\u016fm u\u0161et\u0159it <strong>a\u017e 70 % pap\u00edru pot\u0159ebn\u00e9ho na \u00fa\u010dtenky<\/strong>. Sni\u017euj\u00ed se tak n\u00e1klady na pap\u00edr, ale sou\u010dasn\u011b to znamen\u00e1 m\u00e9n\u011b \u010dastou v\u00fdm\u011bnu rol\u00ed pap\u00edru na pokladn\u011b a ni\u017e\u0161\u00ed n\u00e1klady na dopravu a logistiku \u2013 zisk je nejen pro na\u0161i\u00a0planetu, tak i pro prodejce.<\/span><\/p>\n<p><span style=\"color: #3366ff;\"><strong><span style=\"text-decoration: underline;\">TSP100 GT<\/span><\/strong><\/span><\/p>\n<p><span style=\"color: #3366ff;\"><strong>TSP143 GT<\/strong> &#8211;\u00a0 vysok\u00fd lesk v piano \u010dern\u00e9\u00a0nebo ledov\u011b b\u00edl\u00e9\u00a0,\u00a0odtrhovac\u00ed li\u0161ta\u00a0nebo verze s automatickou \u0159eza\u010dkou , 4 roky z\u00e1ruka na v\u0161echny modely futurePRNT , v\u010detn\u011b tiskov\u00e9 hlavy a \u0159eza\u010dky, USB kabel, intern\u00ed zdroj nap\u00e1jen\u00ed s 1,8m nap\u00e1jec\u00edm kabelem , mont\u00e1\u017e na ze\u010f, p\u0159\u00edslu\u0161enstv\u00ed pro vertik\u00e1ln\u00ed mont\u00e1\u017e , 58mm vod\u00edtko pap\u00edru , sp\u00edna\u010d nap\u00e1jen\u00ed s\u00a0krytem , instala\u010dn\u00ed CD a a software s p\u0159idanou hodnotou ,\u00a0vod\u011bodoln\u00fd kryt a stojan pro vertik\u00e1ln\u00ed pou\u017eit\u00ed.<\/span><\/p>\n<p><span style=\"color: #3366ff;\"><strong><span style=\"text-decoration: underline;\">TSP100 U<\/span><\/strong><\/span><\/p>\n<p><span style=\"color: #3366ff;\"><strong>TSP143 U <\/strong>\u2013<span style=\"color: #3366ff;\">\u00b4\u00b4Drop-In and Print\u00b4\u00b4 snadn\u00e9 zakl\u00e1d\u00e1n\u00ed pap\u00edru, odtrhovac\u00ed li\u0161ta nebo automatick\u00e1 \u0159eza\u010dka<\/span>, 4 roky z\u00e1ruka na v\u0161echny modely futurePRNT, v\u010detn\u011b tiskov\u00e9 hlavy a \u0159eza\u010dky\u00a0, upevn\u011bn\u00ed na ze\u010f, p\u0159\u00edslu\u0161enstv\u00ed pro vertik\u00e1ln\u00ed mont\u00e1\u017e ,\u00a058mm vod\u00edtko pap\u00edru\u00a0, sp\u00edna\u010d nap\u00e1jen\u00ed kryt , instala\u010dn\u00ed CD a a software s p\u0159idanou hodnotou, vod\u011bodoln\u00fd kryt a stojan pro vertik\u00e1ln\u00ed pou\u017eit\u00ed\u00a0<\/span><\/p>\n<p><span style=\"color: #3366ff;\"><strong><span style=\"text-decoration: underline;\">TSP100 LAN<\/span><\/strong><\/span><\/p>\n<p><span style=\"color: #3366ff;\"><strong>TSP143 LAN<\/strong> \u2013 umo\u017e\u0148uje rychl\u00e9 , dlouh\u00e9 vzd\u00e1lenosti a spolehlivou komunikaci\u00a0p\u0159i standardn\u00edm\u00a0pou\u017eit\u00ed , n\u00edzk\u00e9 n\u00e1klady CAR5 kabel\u00e1\u017e , Unique Ethernet tisk na odpojen\u00ed funkce\u00a0 &#8220;Drop &#8211; In a Print&#8220; snadn\u00e9\u00a0vkl\u00e1d\u00e1n\u00ed pap\u00edru ,\u00a0odtrhovac\u00ed li\u0161ta\u00a0nebo automatick\u00e1 \u0159eza\u010dka , 4 roky z\u00e1ruka na v\u0161echny modely\u00a0futurePRNT v\u010detn\u011b tiskov\u00e9 hlavy a \u0159eza\u010dky\u00a0, LAN kabel, Intern\u00ed nap\u00e1jec\u00ed zdroj s 1,8 m nap\u00e1jec\u00edm kabelem, upevn\u011bn\u00ed na ze\u010f, p\u0159\u00edslu\u0161enstv\u00ed pro vertik\u00e1ln\u00ed mont\u00e1\u017e, 58mm vod\u00edtko pap\u00edru , sp\u00edna\u010d nap\u00e1jen\u00ed kryt , instala\u010dn\u00ed CD a a software s p\u0159idanou hodnotou , vod\u011bodoln\u00fd kryt\u00a0, stojan pro vertik\u00e1ln\u00ed pou\u017eit\u00ed , Wifi Power Pack\u00a0<\/span><\/p>\n<p>&nbsp;<\/p>\n<p><span style=\"color: #3366ff;\"><strong>Vlastnosti:\u00a0<\/strong><\/span><\/p>\n<ul>\n<li><span style=\"color: #3366ff;\">125mm &#8211; 250mm rychlost tisku za sekundu<\/span><\/li>\n<li><span style=\"color: #3366ff;\">\u00a0\u201cDrop-In &amp; Print\u201d\u00a0snadn\u00e9 zakl\u00e1d\u00e1n\u00ed pap\u00edru\u00a0<\/span><\/li>\n<li><span style=\"color: #3366ff;\">V\u0161echny set &#8211; up p\u0159\u00edslu\u0161enstv\u00ed jsou zahrnuty v krabici p\u0159i n\u00e1kupu<\/span><\/li>\n<li><span style=\"color: #3366ff;\">Unik\u00e1tn\u00ed software futurePRNT <\/span><\/li>\n<li><span style=\"color: #3366ff;\">Verze odtrhovac\u00ed li\u0161ty nebo automatick\u00e9 \u0159eza\u010dky\u00a0(gilotina)<\/span><\/li>\n<li><span style=\"color: #3366ff;\">4 roky z\u00e1ruka na v\u0161echny modely \u0159ady TSP100 futurePRNT ( Evropa a Ji\u017en\u00ed Afrika)<\/span><\/li>\n<\/ul>\n<p><strong><span style=\"color: #3366ff;\">Ke sta\u017een\u00ed<\/span><\/strong><\/p>\n<ul>\n<li><span style=\"color: #000080;\"><a style=\"color: #000080;\" href=\"http:\/\/star.starmicronics.cz\/?page_id=498\" target=\"_blank\">Produktov\u00e1 bro\u017eura<\/a><\/span><\/li>\n<li><span style=\"color: #000080;\">Manual, SDK (link to <a style=\"color: #000080;\" href=\"http:\/\/www.starmicronics.com\/support\">www.starmicronics.com\/support<\/a>)<\/span><\/li>\n<li><a href=\"http:\/\/star.starmicronics.cz\/?page_id=579\"><span style=\"color: #000080;\">Galerie obr\u00e1zk\u016f<\/span><\/a><\/li>\n<li><a href=\"https:\/\/www.youtube.com\/watch?v=fKZpxyeTn1A\" target=\"_blank\"><span style=\"color: #000080;\">Video galerie<\/span><\/a><\/li>\n<li><a href=\"http:\/\/star.starmicronics.cz\/?page_id=518\"><span style=\"color: #000080;\">Na\u0161i z\u00e1kazn\u00edci<\/span><\/a><\/li>\n<\/ul>\n<p><a href=\"http:\/\/star.starmicronics.cz\/wp-content\/uploads\/2015\/04\/appstore_googleplay.jpg\" rel=\"lightbox[468]\"><img loading=\"lazy\" decoding=\"async\" class=\"alignnone  wp-image-347\" src=\"http:\/\/star.starmicronics.cz\/wp-content\/uploads\/2015\/04\/appstore_googleplay-300x220.jpg\" alt=\"appstore_googleplay\" width=\"120\" height=\"88\" srcset=\"https:\/\/star.starmicronics.cz\/wp-content\/uploads\/2015\/04\/appstore_googleplay-300x220.jpg 300w, https:\/\/star.starmicronics.cz\/wp-content\/uploads\/2015\/04\/appstore_googleplay-135x100.jpg 135w, https:\/\/star.starmicronics.cz\/wp-content\/uploads\/2015\/04\/appstore_googleplay.jpg 425w\" sizes=\"auto, (max-width: 120px) 100vw, 120px\" \/><\/a><\/p>\n<p><a href=\"http:\/\/star.starmicronics.cz\/wp-content\/uploads\/2015\/04\/AllReceipts_grid.jpg\" rel=\"lightbox[468]\"><img loading=\"lazy\" decoding=\"async\" class=\"alignnone  wp-image-350\" src=\"http:\/\/star.starmicronics.cz\/wp-content\/uploads\/2015\/04\/AllReceipts_grid-300x300.jpg\" alt=\"AllReceipts_grid\" width=\"90\" height=\"90\" srcset=\"https:\/\/star.starmicronics.cz\/wp-content\/uploads\/2015\/04\/AllReceipts_grid-300x300.jpg 300w, https:\/\/star.starmicronics.cz\/wp-content\/uploads\/2015\/04\/AllReceipts_grid-150x150.jpg 150w, https:\/\/star.starmicronics.cz\/wp-content\/uploads\/2015\/04\/AllReceipts_grid.jpg 400w\" sizes=\"auto, (max-width: 90px) 100vw, 90px\" \/><\/a><\/p>\n<p><span style=\"color: #3366ff;\"><strong>Specifikace<\/strong><\/span><\/p>\n<table style=\"height: 1232px;\" width=\"624\">\n<tbody>\n<tr>\n<td width=\"31%\"><span style=\"color: #3366ff;\">Rychlost tisku<\/span><\/td>\n<td width=\"68%\"><span style=\"color: #3366ff;\">TSP100GT: 250mm\/sec., TSP100U (TSP113U \/\u00a0TSP143U): 125mm\/sec.<\/span><\/td>\n<\/tr>\n<tr>\n<td width=\"31%\"><span style=\"color: #3366ff;\">Rozli\u0161en\u00ed tisku<\/span><\/td>\n<td width=\"68%\"><span style=\"color: #3366ff;\">203 dpi<\/span><\/td>\n<\/tr>\n<tr>\n<td width=\"31%\"><span style=\"color: #3366ff;\">Po\u010det sloupc\u016f<\/span><\/td>\n<td width=\"68%\"><span style=\"color: #3366ff;\">48 \/ 64 sl.<\/span><\/td>\n<\/tr>\n<tr>\n<td width=\"31%\"><span style=\"color: #3366ff;\">Automatick\u00e1 \u0159eza\u010dka<\/span><\/td>\n<td width=\"68%\"><span style=\"color: #3366ff;\">Automatick\u00e1 \u0159eza\u010dka s \u010d\u00e1ste\u010dn\u00fdm \u0159ezem, nebo odtrhovac\u00ed li\u0161ta<\/span><\/td>\n<\/tr>\n<tr>\n<td width=\"31%\"><span style=\"color: #3366ff;\">\u0160\u00ed\u0159ka pap\u00edru<\/span><\/td>\n<td width=\"68%\"><span style=\"color: #3366ff;\">80mm (58mm s dod\u00e1van\u00fdm vod\u00edtkem)<\/span><\/td>\n<\/tr>\n<tr>\n<td width=\"31%\"><span style=\"color: #3366ff;\">Tlou\u0161\u0165ka pap\u00edru<\/span><\/td>\n<td width=\"68%\"><span style=\"color: #3366ff;\">0.065 \u2013 0.085mm<\/span><\/td>\n<\/tr>\n<tr>\n<td width=\"31%\"><span style=\"color: #3366ff;\">Role pap\u00edru (pr\u016fm\u011br)<\/span><\/td>\n<td width=\"68%\"><span style=\"color: #3366ff;\">83mm<\/span><\/td>\n<\/tr>\n<tr>\n<td width=\"31%\"><span style=\"color: #3366ff;\">P\u0159\u00edslu\u0161enstv\u00ed<\/span><\/td>\n<td width=\"68%\"><span style=\"color: #3366ff;\">Dr\u017e\u00e1k na ze\u010f, kryt vyp\u00edna\u010de, kabel USB\/nap\u00e1jec\u00ed, CD<\/span><\/td>\n<\/tr>\n<tr>\n<td width=\"31%\"><span style=\"color: #3366ff;\">\u0160\u00ed\u0159ka tisku<\/span><\/td>\n<td width=\"68%\"><span style=\"color: #3366ff;\">50.8mm (58mm Pap\u00edr)\u00a072mm (80mm Pap\u00edr)<\/span><\/td>\n<\/tr>\n<tr>\n<td width=\"31%\"><span style=\"color: #3366ff;\">Senzory<\/span><\/td>\n<td width=\"68%\"><span style=\"color: #3366ff;\">Otev\u0159en\u00fd kryt a\u00a0konec pap\u00edru<\/span><\/td>\n<\/tr>\n<tr>\n<td width=\"31%\"><span style=\"color: #3366ff;\">Rozhran\u00ed<\/span><\/td>\n<td width=\"68%\"><span style=\"color: #3366ff;\">USB 2.0\u00a0s plnou rychlost\u00ed, s kabelem a s emul\u00e1torem virtu\u00e1ln\u00edho s\u00e9riov\u00e9ho portu.\u00a03rd WiFi\/\u00a0Bluetooth <\/span><\/td>\n<\/tr>\n<tr>\n<td width=\"31%\"><span style=\"color: #3366ff;\">\u00a0<\/span><\/td>\n<td width=\"68%\"><span style=\"color: #3366ff;\">\u00a0<\/span><\/td>\n<\/tr>\n<tr>\n<td width=\"31%\"><span style=\"color: #3366ff;\">Nap\u00e1jec\u00ed zdroj<\/span><\/td>\n<td width=\"68%\"><span style=\"color: #3366ff;\">Intern\u00ed s nap\u00e1jec\u00edm kabelem<\/span><\/td>\n<\/tr>\n<tr>\n<td width=\"31%\"><span style=\"color: #3366ff;\">Spot\u0159eba energie<\/span><\/td>\n<td width=\"68%\"><span style=\"color: #3366ff;\">1.6 Amps tisk 0.1 Amps pohotovostn\u00ed<\/span><\/td>\n<\/tr>\n<tr>\n<td width=\"31%\"><span style=\"color: #3366ff;\">Energy Star<\/span><\/td>\n<td width=\"68%\"><span style=\"color: #3366ff;\">Certified Energy Star Intern\u00ed nap\u00e1jec\u00ed zdroj s nap\u00e1jec\u00edm kabelem<\/span><\/td>\n<\/tr>\n<tr>\n<td width=\"31%\"><span style=\"color: #3366ff;\">Spolehlivost<\/span><\/td>\n<td width=\"68%\"><span style=\"color: #3366ff;\">60\u00a0milion \u0159\u00e1dk\u016f\u00a01 milion \u0159ez\u016f<\/span><\/td>\n<\/tr>\n<tr>\n<td width=\"31%\"><span style=\"color: #3366ff;\">Rozm\u011bry (\u0161 x h x v)mm a v\u00e1ha<\/span><\/td>\n<td width=\"68%\"><span style=\"color: #3366ff;\">142 x 204 x 132 1.56kg \u2013 1.76kg<\/span><\/td>\n<\/tr>\n<tr>\n<td width=\"31%\"><span style=\"color: #3366ff;\">Dopl\u0148kov\u00e9\u00a0p\u0159\u00edslu\u0161enstv\u00ed<\/span><\/td>\n<td width=\"68%\">\n<ul>\n<li><span style=\"color: #3366ff;\">T100\/650 vod\u011bodoln\u00fd kryt<\/span><\/li>\n<li><span style=\"color: #3366ff;\">VS-T650\/100\u00a0podstavec s displejem pro vertik\u00e1ln\u00ed pou\u017eit\u00ed<\/span><\/li>\n<\/ul>\n<\/td>\n<\/tr>\n<\/tbody>\n<\/table>\n<p><span style=\"color: #3366ff;\"><strong>Galerie<\/strong><\/span><\/p>\n<div id='gallery-1' class='gallery galleryid-468 gallery-columns-4 gallery-size-full'><figure class='gallery-item'>\n\t\t\t<div class='gallery-icon landscape'>\n\t\t\t\t<a href='https:\/\/star.starmicronics.cz\/wp-content\/uploads\/2015\/04\/TSP100-Eco.png' rel=\"lightbox[468]\"><img loading=\"lazy\" decoding=\"async\" width=\"286\" height=\"176\" src=\"https:\/\/star.starmicronics.cz\/wp-content\/uploads\/2015\/04\/TSP100-Eco.png\" class=\"attachment-full size-full\" alt=\"\" aria-describedby=\"gallery-1-469\" \/><\/a>\n\t\t\t<\/div>\n\t\t\t\t<figcaption class='wp-caption-text gallery-caption' id='gallery-1-469'>\n\t\t\t\tTSP100 Eco\n\t\t\t\t<\/figcaption><\/figure><figure class='gallery-item'>\n\t\t\t<div class='gallery-icon landscape'>\n\t\t\t\t<a href='https:\/\/star.starmicronics.cz\/wp-content\/uploads\/2015\/04\/TSP100GT_pair-1.jpg' rel=\"lightbox[468]\"><img loading=\"lazy\" decoding=\"async\" width=\"4236\" height=\"4236\" src=\"https:\/\/star.starmicronics.cz\/wp-content\/uploads\/2015\/04\/TSP100GT_pair-1.jpg\" class=\"attachment-full size-full\" alt=\"\" aria-describedby=\"gallery-1-470\" srcset=\"https:\/\/star.starmicronics.cz\/wp-content\/uploads\/2015\/04\/TSP100GT_pair-1.jpg 4236w, https:\/\/star.starmicronics.cz\/wp-content\/uploads\/2015\/04\/TSP100GT_pair-1-150x150.jpg 150w, https:\/\/star.starmicronics.cz\/wp-content\/uploads\/2015\/04\/TSP100GT_pair-1-300x300.jpg 300w, https:\/\/star.starmicronics.cz\/wp-content\/uploads\/2015\/04\/TSP100GT_pair-1-768x768.jpg 768w, https:\/\/star.starmicronics.cz\/wp-content\/uploads\/2015\/04\/TSP100GT_pair-1-1024x1024.jpg 1024w\" sizes=\"auto, (max-width: 4236px) 100vw, 4236px\" \/><\/a>\n\t\t\t<\/div>\n\t\t\t\t<figcaption class='wp-caption-text gallery-caption' id='gallery-1-470'>\n\t\t\t\tTSP100GT\n\t\t\t\t<\/figcaption><\/figure><figure class='gallery-item'>\n\t\t\t<div class='gallery-icon landscape'>\n\t\t\t\t<a href='https:\/\/star.starmicronics.cz\/wp-content\/uploads\/2015\/04\/TSP143-U.jpg' rel=\"lightbox[468]\"><img loading=\"lazy\" decoding=\"async\" width=\"225\" height=\"225\" src=\"https:\/\/star.starmicronics.cz\/wp-content\/uploads\/2015\/04\/TSP143-U.jpg\" class=\"attachment-full size-full\" alt=\"\" aria-describedby=\"gallery-1-471\" srcset=\"https:\/\/star.starmicronics.cz\/wp-content\/uploads\/2015\/04\/TSP143-U.jpg 225w, https:\/\/star.starmicronics.cz\/wp-content\/uploads\/2015\/04\/TSP143-U-150x150.jpg 150w\" sizes=\"auto, (max-width: 225px) 100vw, 225px\" \/><\/a>\n\t\t\t<\/div>\n\t\t\t\t<figcaption class='wp-caption-text gallery-caption' id='gallery-1-471'>\n\t\t\t\tTSP143 U\n\t\t\t\t<\/figcaption><\/figure><figure class='gallery-item'>\n\t\t\t<div class='gallery-icon landscape'>\n\t\t\t\t<a href='https:\/\/star.starmicronics.cz\/wp-content\/uploads\/2015\/04\/TSP100-LAN.png' rel=\"lightbox[468]\"><img loading=\"lazy\" decoding=\"async\" width=\"302\" height=\"167\" src=\"https:\/\/star.starmicronics.cz\/wp-content\/uploads\/2015\/04\/TSP100-LAN.png\" class=\"attachment-full size-full\" alt=\"\" aria-describedby=\"gallery-1-472\" srcset=\"https:\/\/star.starmicronics.cz\/wp-content\/uploads\/2015\/04\/TSP100-LAN.png 302w, https:\/\/star.starmicronics.cz\/wp-content\/uploads\/2015\/04\/TSP100-LAN-300x166.png 300w\" sizes=\"auto, (max-width: 302px) 100vw, 302px\" \/><\/a>\n\t\t\t<\/div>\n\t\t\t\t<figcaption class='wp-caption-text gallery-caption' id='gallery-1-472'>\n\t\t\t\tTSP100 LAN\n\t\t\t\t<\/figcaption><\/figure>\n\t\t<\/div>\n\n<p><strong><span style=\"color: #3366ff;\">Souvisej\u00edc\u00ed produkty<\/span><\/strong><\/p>\n<div id='gallery-2' class='gallery galleryid-468 gallery-columns-4 gallery-size-thumbnail'><figure class='gallery-item'>\n\t\t\t<div class='gallery-icon portrait'>\n\t\t\t\t<img loading=\"lazy\" decoding=\"async\" width=\"150\" height=\"150\" src=\"https:\/\/star.starmicronics.cz\/wp-content\/uploads\/2015\/04\/splash_cover-150x150.jpg\" class=\"attachment-thumbnail size-thumbnail\" alt=\"\" aria-describedby=\"gallery-2-474\" \/>\n\t\t\t<\/div>\n\t\t\t\t<figcaption class='wp-caption-text gallery-caption' id='gallery-2-474'>\n\t\t\t\tVod\u011bodoln\u00fd kryt\n\t\t\t\t<\/figcaption><\/figure><figure class='gallery-item'>\n\t\t\t<div class='gallery-icon portrait'>\n\t\t\t\t<img loading=\"lazy\" decoding=\"async\" width=\"150\" height=\"150\" src=\"https:\/\/star.starmicronics.cz\/wp-content\/uploads\/2015\/04\/Vertical-Support-150x150.jpg\" class=\"attachment-thumbnail size-thumbnail\" alt=\"\" aria-describedby=\"gallery-2-475\" \/>\n\t\t\t<\/div>\n\t\t\t\t<figcaption class='wp-caption-text gallery-caption' id='gallery-2-475'>\n\t\t\t\tVertik\u00e1ln\u00ed podstavec\n\t\t\t\t<\/figcaption><\/figure><figure class='gallery-item'>\n\t\t\t<div class='gallery-icon landscape'>\n\t\t\t\t<img loading=\"lazy\" decoding=\"async\" width=\"150\" height=\"150\" src=\"https:\/\/star.starmicronics.cz\/wp-content\/uploads\/2015\/04\/wifi_powerpack1-150x150.jpg\" class=\"attachment-thumbnail size-thumbnail\" alt=\"\" aria-describedby=\"gallery-2-162\" srcset=\"https:\/\/star.starmicronics.cz\/wp-content\/uploads\/2015\/04\/wifi_powerpack1-150x150.jpg 150w, https:\/\/star.starmicronics.cz\/wp-content\/uploads\/2015\/04\/wifi_powerpack1-300x300.jpg 300w, https:\/\/star.starmicronics.cz\/wp-content\/uploads\/2015\/04\/wifi_powerpack1.jpg 425w\" sizes=\"auto, (max-width: 150px) 100vw, 150px\" \/>\n\t\t\t<\/div>\n\t\t\t\t<figcaption class='wp-caption-text gallery-caption' id='gallery-2-162'>\n\t\t\t\tWifi Power Pack\n\t\t\t\t<\/figcaption><\/figure><figure class='gallery-item'>\n\t\t\t<div class='gallery-icon landscape'>\n\t\t\t\t<img loading=\"lazy\" decoding=\"async\" width=\"150\" height=\"150\" src=\"https:\/\/star.starmicronics.cz\/wp-content\/uploads\/2015\/04\/AllReceipts_grid-150x150.jpg\" class=\"attachment-thumbnail size-thumbnail\" alt=\"\" aria-describedby=\"gallery-2-350\" srcset=\"https:\/\/star.starmicronics.cz\/wp-content\/uploads\/2015\/04\/AllReceipts_grid-150x150.jpg 150w, https:\/\/star.starmicronics.cz\/wp-content\/uploads\/2015\/04\/AllReceipts_grid-300x300.jpg 300w, https:\/\/star.starmicronics.cz\/wp-content\/uploads\/2015\/04\/AllReceipts_grid.jpg 400w\" sizes=\"auto, (max-width: 150px) 100vw, 150px\" \/>\n\t\t\t<\/div>\n\t\t\t\t<figcaption class='wp-caption-text gallery-caption' id='gallery-2-350'>\n\t\t\t\tAllReceipts Digital Receipt App\n\t\t\t\t<\/figcaption><\/figure>\n\t\t<\/div>\n\n","protected":false},"excerpt":{"rendered":"<p>&nbsp; TSP143 ECO Automatick\u00e1 \u0159eza\u010dka\u00a0USB model TSP143 GT Automatick\u00e1 \u0159eza\u010dka USB model TSP143 U Automatick\u00e1 \u0159eza\u010dka\u00a0USB model TSP143 LAN Automatick\u00e1 \u0159eza\u010dka\u00a0Ethernet model &nbsp; TSP100 &#8211; nastaven\u00ed nov\u00e9 standardy pro technologii tisku POS Star jsou\u00a0nejprod\u00e1van\u011bj\u0161\u00ed tisk\u00e1rny na cel\u00e9m sv\u011bt\u011b. Tsik\u00e1rna \u0159ady TSP100 je prvn\u00ed softwarov\u011b \u0159\u00edzen\u00e1 POS tisk\u00e1rna \u00fa\u010dtenek, co\u017e poskytuje plug &amp; play aplikace . [&hellip;]<\/p>\n","protected":false},"author":1,"featured_media":0,"parent":0,"menu_order":0,"comment_status":"closed","ping_status":"open","template":"","meta":{"footnotes":"","_links_to":"","_links_to_target":""},"class_list":["post-468","page","type-page","status-publish","hentry"],"_links":{"self":[{"href":"https:\/\/star.starmicronics.cz\/index.php?rest_route=\/wp\/v2\/pages\/468","targetHints":{"allow":["GET"]}}],"collection":[{"href":"https:\/\/star.starmicronics.cz\/index.php?rest_route=\/wp\/v2\/pages"}],"about":[{"href":"https:\/\/star.starmicronics.cz\/index.php?rest_route=\/wp\/v2\/types\/page"}],"author":[{"embeddable":true,"href":"https:\/\/star.starmicronics.cz\/index.php?rest_route=\/wp\/v2\/users\/1"}],"replies":[{"embeddable":true,"href":"https:\/\/star.starmicronics.cz\/index.php?rest_route=%2Fwp%2Fv2%2Fcomments&post=468"}],"version-history":[{"count":0,"href":"https:\/\/star.starmicronics.cz\/index.php?rest_route=\/wp\/v2\/pages\/468\/revisions"}],"wp:attachment":[{"href":"https:\/\/star.starmicronics.cz\/index.php?rest_route=%2Fwp%2Fv2%2Fmedia&parent=468"}],"curies":[{"name":"wp","href":"https:\/\/api.w.org\/{rel}","templated":true}]}}