{"id":324,"date":"2015-04-23T15:11:55","date_gmt":"2015-04-23T14:11:55","guid":{"rendered":"http:\/\/star.starmicronics.cz\/?page_id=324"},"modified":"2016-05-15T21:58:56","modified_gmt":"2016-05-15T20:58:56","slug":"webprnt","status":"publish","type":"page","link":"https:\/\/star.starmicronics.cz\/?page_id=324","title":{"rendered":"WebPRNT"},"content":{"rendered":"<p><strong>\u00a0<\/strong><\/p>\n<figure id=\"attachment_161\" aria-describedby=\"caption-attachment-161\" style=\"width: 242px\" class=\"wp-caption alignleft\"><a href=\"http:\/\/star.starmicronics.cz\/wp-content\/uploads\/2015\/04\/WebPRNT1.jpg\" rel=\"lightbox[324]\"><img loading=\"lazy\" decoding=\"async\" class=\" wp-image-161\" src=\"http:\/\/star.starmicronics.cz\/wp-content\/uploads\/2015\/04\/WebPRNT1-300x300.jpg\" alt=\"WebPRNT\" width=\"242\" height=\"242\" srcset=\"https:\/\/star.starmicronics.cz\/wp-content\/uploads\/2015\/04\/WebPRNT1-300x300.jpg 300w, https:\/\/star.starmicronics.cz\/wp-content\/uploads\/2015\/04\/WebPRNT1-150x150.jpg 150w, https:\/\/star.starmicronics.cz\/wp-content\/uploads\/2015\/04\/WebPRNT1.jpg 400w\" sizes=\"auto, (max-width: 242px) 100vw, 242px\" \/><\/a><figcaption id=\"caption-attachment-161\" class=\"wp-caption-text\">WebPRNT<\/figcaption><\/figure>\n<p><span lang=\"EN-GB\" style=\"font-family: 'Arial','sans-serif'; font-size: 12pt;\">WebPRNT Plug-In rozhran\u00ed<br \/>\n<\/span><span lang=\"EN-GB\" style=\"font-family: 'Arial','sans-serif'; font-size: 12pt;\">WebPRNT\u00a0prohl\u00ed\u017ee\u010d<\/span><\/p>\n<p><strong>Star <span class=\"hps\">WebPRNT<\/span> <span class=\"hps\">&#8211;<\/span> <span class=\"hps\">P\u0159ipojen\u00ed<\/span> <span class=\"hps\">k tisk\u00e1rn\u00e1m<\/span>\u00a0Star <span class=\"hps\">Desktop<\/span> <span class=\"hps\">&amp;<\/span> <span class=\"hps\">Mobile<\/span> <span class=\"hps\">na webu<\/span>, a\u0165 jste kdekoliv!<\/strong><\/p>\n<p><span lang=\"EN-GB\" style=\"font-family: Arial, sans-serif;\"><span class=\"hps\">S rostouc\u00edmi<\/span> <span class=\"hps\">po\u017eadavky na<\/span> <span class=\"hps\">tisk z<\/span> <span class=\"hps\">obou<\/span> <span class=\"hps\">mobiln\u00edch a<\/span> <span class=\"hps\">desktopov\u00fdch aplikac\u00ed<\/span> <span class=\"hps\">na p\u0159ijet\u00ed<\/span> <span class=\"hps\">tisk\u00e1ren<\/span>; <span class=\"hps\">Platforma<\/span><span class=\"atn\">&#8211;<\/span>agnostik <span class=\"hps\">\u0159e\u0161en\u00ed<\/span>\u00a0Star <span class=\"hps\">WebPRNT<\/span> <span class=\"hps\">\u2122 je ur\u010deno<\/span> <span class=\"hps\">pro generov\u00e1n\u00ed<\/span> <span class=\"hps\">tiskov\u00fdch dat<\/span> <span class=\"hps\">prost\u0159ednictv\u00edm<\/span> <span class=\"hps\">webov\u00e9ho prohl\u00ed\u017ee\u010de<\/span> <span class=\"hps\">na v\u00fdstup<\/span> <span class=\"hps\">p\u0159\u00edmo<\/span> <span class=\"hps\">na jak\u00e9koli tisk\u00e1rn\u011b<\/span>\u00a0Star <span class=\"hps\">vybaven\u00e9<\/span> <span class=\"hps\">WebPRNT<\/span> <span class=\"hps\">rozhran\u00edm nebo<\/span> <span class=\"hps\">pomoc\u00ed<\/span>\u00a0Star <span class=\"hps\">WebPRNT<\/span> <span class=\"hps\">prohl\u00ed\u017ee\u010de<\/span>.<\/span><\/p>\n<p><span lang=\"EN-GB\" style=\"font-family: 'Arial','sans-serif';\">Star\u00a0<span class=\"hps\">WebPRNT<\/span> <span class=\"hps\">odstra\u0148uje obvykle<\/span>\u00a0<span class=\"hps\">probl\u00e9my<\/span> <span class=\"hps\">spojen\u00e9 s<\/span> <span class=\"hps\">webov\u00fdm<\/span> <span class=\"hps\">tiskem<\/span> <span class=\"hps\">t\u00edm, \u017ee nab\u00edz\u00ed<\/span> <span class=\"hps\">\u0159\u00eddic\u00ed<\/span> <span class=\"hps\">mo\u017enosti tisku<\/span> <span class=\"hps\">pro v\u0161echna p\u0159ijat\u00e1 data<\/span>, <span class=\"hps\">s vyu\u017eit\u00edm<\/span> <span class=\"hps\">HTML a<\/span> <span class=\"hps\">JavaScriptu,<\/span> p<span class=\"hps\">oskytnou<\/span> <span class=\"hps\">konzistentn\u00ed<\/span> <span class=\"hps\">prohl\u00ed\u017een\u00ed<\/span> <span class=\"hps\">tisku.<\/span>\u00a0Star <span class=\"hps\">WebPRNT<\/span> <span class=\"hps\">podporuje v\u0161echny<\/span> <span class=\"hps\">standardn\u00ed po\u017eadavky na<\/span> <span class=\"hps\">p\u0159ijet\u00ed s uveden\u00edm<\/span> <span class=\"hps\">log<\/span> <span class=\"hps\">a<\/span> <span class=\"hps\">\u010d\u00e1rov\u00fdch k\u00f3d\u016f<\/span><\/span><span lang=\"EN-GB\" style=\"font-family: 'Arial','sans-serif';\">.<\/span><\/p>\n<p><span lang=\"EN-GB\" style=\"font-family: 'Arial','sans-serif';\"><span class=\"hps\">Pomoc\u00ed technologie<\/span>\u00a0Star <span class=\"hps\">WebPRNT<\/span>, <span class=\"hps\">lze p\u0159istupovat d\u00edky<\/span>\u00a0<span class=\"hps\">prohl\u00ed\u017ee\u010di<\/span> <span class=\"hps\">na r\u016fzn\u00e9 platformy<\/span>, v\u010detn\u011b <span class=\"hps\">Windows<\/span>, <span class=\"hps\">Linux<\/span> <span class=\"hps\">\u2122<\/span> <span class=\"hps\">\u2122<\/span>, <span class=\"hps\">Android<\/span> <span class=\"hps\">\u2122<\/span>, <span class=\"hps\">iOS<\/span> <span class=\"hps\">\u2122<\/span>, <span class=\"hps\">Mac<\/span> <span class=\"hps\">OS<\/span> <span class=\"hps\">\u2122<\/span>, <span class=\"hps\">Blackberry<\/span> <span class=\"hps\">\u2122 a<\/span> <span class=\"hps\">Symbian<\/span> <span class=\"hps\">\u2122<\/span> <span class=\"hps\">z\u00edsk\u00e1<\/span> <span class=\"hps\">stejn\u00e9<\/span> <span class=\"hps\">tiskov\u00e9<\/span> <span class=\"hps\">v\u00fdstupy<\/span>.<\/span><\/p>\n<p><strong>Star WebPRNT \u201cPlug-In\u201d\u00a0rozhran\u00ed\u00a0<\/strong><\/p>\n<ul>\n<li><span class=\"hps\">Jednoduch\u00e1<\/span> <span class=\"hps\">instalace<\/span> <span class=\"hps\">&#8211;<\/span> <span class=\"hps\">jednoduch\u00e9 instalovateln\u00e9<\/span>\u00a0<span class=\"hps\">&#8222;plug<\/span>-in&#8220; <span class=\"hps\">u\u017eivatelsk\u00e9 rozhran\u00ed<\/span>.<\/li>\n<li>BYOD (Bring Your Own Device) kompatibiln\u00ed<\/li>\n<li><span class=\"hps\">Tisk z<\/span> <span class=\"hps\">mobiln\u00edch telefon\u016f<\/span>, <span class=\"hps\">tablet\u016f<\/span>, <span class=\"hps\">atd bez instalace softwaru<\/span><\/li>\n<li><span class=\"hps\">Tisk<\/span> <span class=\"hps\">konzistentn\u00edch<\/span>\u00a0\u00fa\u010dtenek<span class=\"hps\"> z<\/span> <span class=\"hps\">libovoln\u00e9ho webov\u00e9ho prohl\u00ed\u017ee\u010de bez<\/span> <span class=\"hps\">platform\u011b<\/span> <span class=\"hps\">z\u00e1visl\u00e9ho<\/span> <span class=\"hps\">k\u00f3du<\/span><\/li>\n<\/ul>\n<p><strong>Star WebPRNT prohl\u00ed\u017ee\u010d software<\/strong><\/p>\n<p><span class=\"hps\">Poskytuje<\/span> <span class=\"hps\">schopnost tisknout<\/span> <span class=\"hps\">bu\u010f<\/span> <span class=\"hps\">Ethernet<\/span>, <span class=\"hps\">USB<\/span>, <span class=\"hps\">WiFi nebo<\/span> <span class=\"hps\">Bluetooth<\/span> <span class=\"hps\">tisk\u00e1rnou<\/span> <span class=\"hps\">z<\/span> <span class=\"hps\">webu<\/span> <span class=\"hps\">zalo\u017een\u00e9ho<\/span> <span class=\"hps\">App<\/span>. <span class=\"hps\">Pracuje<\/span> <span class=\"hps\">se Star<\/span>\u00a0t<span class=\"hps\">isk\u00e1rnami<\/span> <span class=\"hps\">Mobile<\/span>, <span class=\"hps\">TSP654II<\/span> <span class=\"hps\">Bluetooth<\/span> <span class=\"hps\">a Star<\/span> <span class=\"hps\">tisk\u00e1rnami<\/span> <span class=\"hps\">s USB<\/span> <span class=\"hps\">\/ LAN<\/span> <span class=\"hps\">rozhran\u00ed<\/span>.<\/p>\n<ul>\n<li>Apple iOS<\/li>\n<li>Android<\/li>\n<li>WebPRNT schopnost je prok\u00e1z\u00e1na na <a href=\"http:\/\/www.webprnt.com\/\">www.WebPRNT.com<\/a><\/li>\n<\/ul>\n<p><strong>Vlastnosti:\u00a0\u00a0<\/strong><\/p>\n<ul>\n<li>N\u00edzk\u00e1 cena , snadn\u00e9 a jednoduch\u00e9 pou\u017eit\u00ed , platform\u011b-agnostick\u00e9 \u0159e\u0161en\u00ed navr\u017een\u00e9 pro generov\u00e1n\u00ed tiskov\u00fdch dat prost\u0159ednictv\u00edm webov\u00e9ho prohl\u00ed\u017ee\u010de na\u00a0tisk p\u0159\u00edmo na jak\u00e9koli tisk\u00e1rn\u011b\u00a0Star vybaven\u00e9 \u00a0WebPRNT rozhran\u00ed nebo pomoc\u00ed Star WebPRNT prohl\u00ed\u017ee\u010d<\/li>\n<li>Nab\u00edz\u00ed mo\u017enosti tisku pro v\u0161echna data p\u0159evzet\u00ed, s vyu\u017eit\u00edm HTML a JavaScript<\/li>\n<li>Schopnost tisknout bu\u010f na\u00a0Star\u00a0Ethernet , USB , WiFi nebo Bluetooth tisk\u00e1rn\u00e1ch<\/li>\n<li>Mo\u017enost instalovat na v\u00edce platform\u00e1ch v souladu s po\u017eadavky na syst\u00e9m, z\u00edsk\u00e1v\u00e1n\u00ed stejn\u00e9ho vynikaj\u00edc\u00edho v\u00fdsledku<\/li>\n<li>Podporuje v\u0161echny standardn\u00ed po\u017eadavky na\u00a0tisk s uveden\u00edm loga, \u010d\u00e1rov\u00fdch k\u00f3d\u016f , atd<\/li>\n<li>Kompatibiln\u00ed s Windows \u2122 , Linux \u2122 , Android \u2122 , iOS \u2122 , Mac OS \u2122 , Blackberry \u2122 a Symbian \u2122 z\u00edsk\u00e1 shodn\u00fd tiskov\u00fd v\u00fdstup<\/li>\n<li>Star\u00a0tisk\u00e1rny kompatibiln\u00ed s HE07X WebPRNT plug-in rozhran\u00ed pat\u0159\u00ed : TSP654II Series , TSP700II Series , TSP800II Series , FVP10 Series (speci\u00e1ln\u00ed podstavec nutn\u00fd) a SP700 Series ( HE08X )<\/li>\n<\/ul>\n<p><strong>Ke sta\u017een\u00ed:<\/strong><\/p>\n<ul>\n<li><a href=\"http:\/\/star.starmicronics.cz\/?page_id=498\" target=\"_blank\">Produktov\u00e1 bro\u017eura<\/a><\/li>\n<li>Manual, SDK (link to <a href=\"http:\/\/www.starmicronics.com\/support\">www.starmicronics.com\/support<\/a>)<\/li>\n<li><a href=\"http:\/\/star.starmicronics.cz\/?page_id=579\">Galerie obr\u00e1zk\u016f<\/a><\/li>\n<li><a href=\"https:\/\/www.youtube.com\/watch?v=J28_6x2JDMo\" target=\"_blank\">Video galerie<\/a><\/li>\n<li><a href=\"http:\/\/star.starmicronics.cz\/?page_id=518\">Na\u0161i z\u00e1kazn\u00edci<\/a><\/li>\n<li><a href=\"https:\/\/www.apple.com\/itunes\/\" target=\"_blank\">App Store image <\/a><\/li>\n<li><a href=\"https:\/\/play.google.com\/store\/apps\/details?id=com.google.android.apps.plus\" target=\"_blank\">Google Play image<\/a><\/li>\n<\/ul>\n<p><a href=\"http:\/\/star.starmicronics.cz\/wp-content\/uploads\/2015\/04\/appstore_googleplay.jpg\" rel=\"lightbox[324]\"><img loading=\"lazy\" decoding=\"async\" class=\"alignnone wp-image-347\" src=\"http:\/\/star.starmicronics.cz\/wp-content\/uploads\/2015\/04\/appstore_googleplay-300x220.jpg\" alt=\"appstore_googleplay\" width=\"140\" height=\"103\" srcset=\"https:\/\/star.starmicronics.cz\/wp-content\/uploads\/2015\/04\/appstore_googleplay-300x220.jpg 300w, https:\/\/star.starmicronics.cz\/wp-content\/uploads\/2015\/04\/appstore_googleplay-135x100.jpg 135w, https:\/\/star.starmicronics.cz\/wp-content\/uploads\/2015\/04\/appstore_googleplay.jpg 425w\" sizes=\"auto, (max-width: 140px) 100vw, 140px\" \/><\/a><\/p>\n<p><strong>Specifikace<\/strong><\/p>\n<table style=\"height: 318px;\" width=\"843\">\n<tbody>\n<tr>\n<td>Plug-In rozhran\u00ed<\/td>\n<td width=\"66%\">HE07X for Star TSP650II, TSP700II, TSP800II<\/td>\n<\/tr>\n<tr>\n<td><\/td>\n<td width=\"66%\">HE08X for Star SP700<\/td>\n<\/tr>\n<tr>\n<td><\/td>\n<td width=\"66%\">BE07X for Star FVP10<\/td>\n<\/tr>\n<tr>\n<td>Star WebPRNT prohl\u00ed\u017ee\u010d<\/td>\n<td width=\"66%\">Star Mobiln\u00ed Bluetooth Range: SM-L200, SM-S220i, SM-S230i, SM-T300i, SM-T400i<\/td>\n<\/tr>\n<tr>\n<td><\/td>\n<td width=\"66%\">\u00a0Star\u00a0Term\u00e1ln\u00ed Bluetooth Range: TSP654IIBI, TSP743IIBI, TSP847IIBI, SP743BI<\/td>\n<\/tr>\n<\/tbody>\n<\/table>\n<p><strong>Galerie<\/strong><\/p>\n<div id='gallery-1' class='gallery galleryid-324 gallery-columns-3 gallery-size-medium'><figure class='gallery-item'>\n\t\t\t<div class='gallery-icon landscape'>\n\t\t\t\t<a href='https:\/\/star.starmicronics.cz\/wp-content\/uploads\/2015\/04\/WebPRNT_interface-1.jpg' rel=\"lightbox[324]\"><img loading=\"lazy\" decoding=\"async\" width=\"300\" height=\"300\" src=\"https:\/\/star.starmicronics.cz\/wp-content\/uploads\/2015\/04\/WebPRNT_interface-1-300x300.jpg\" class=\"attachment-medium size-medium\" alt=\"\" aria-describedby=\"gallery-1-463\" srcset=\"https:\/\/star.starmicronics.cz\/wp-content\/uploads\/2015\/04\/WebPRNT_interface-1-300x300.jpg 300w, https:\/\/star.starmicronics.cz\/wp-content\/uploads\/2015\/04\/WebPRNT_interface-1-150x150.jpg 150w, https:\/\/star.starmicronics.cz\/wp-content\/uploads\/2015\/04\/WebPRNT_interface-1.jpg 643w\" sizes=\"auto, (max-width: 300px) 100vw, 300px\" \/><\/a>\n\t\t\t<\/div>\n\t\t\t\t<figcaption class='wp-caption-text gallery-caption' id='gallery-1-463'>\n\t\t\t\tWebPRNT rozhran\u00ed\n\t\t\t\t<\/figcaption><\/figure><figure class='gallery-item'>\n\t\t\t<div class='gallery-icon landscape'>\n\t\t\t\t<a href='https:\/\/star.starmicronics.cz\/wp-content\/uploads\/2015\/04\/WebPRNT_logo-1.jpg' rel=\"lightbox[324]\"><img loading=\"lazy\" decoding=\"async\" width=\"300\" height=\"300\" src=\"https:\/\/star.starmicronics.cz\/wp-content\/uploads\/2015\/04\/WebPRNT_logo-1-300x300.jpg\" class=\"attachment-medium size-medium\" alt=\"\" srcset=\"https:\/\/star.starmicronics.cz\/wp-content\/uploads\/2015\/04\/WebPRNT_logo-1-300x300.jpg 300w, https:\/\/star.starmicronics.cz\/wp-content\/uploads\/2015\/04\/WebPRNT_logo-1-150x150.jpg 150w, https:\/\/star.starmicronics.cz\/wp-content\/uploads\/2015\/04\/WebPRNT_logo-1.jpg 623w\" sizes=\"auto, (max-width: 300px) 100vw, 300px\" \/><\/a>\n\t\t\t<\/div><\/figure><figure class='gallery-item'>\n\t\t\t<div class='gallery-icon landscape'>\n\t\t\t\t<a href='https:\/\/star.starmicronics.cz\/wp-content\/uploads\/2015\/04\/WebPRNT_Tree-1.jpg' rel=\"lightbox[324]\"><img loading=\"lazy\" decoding=\"async\" width=\"300\" height=\"300\" src=\"https:\/\/star.starmicronics.cz\/wp-content\/uploads\/2015\/04\/WebPRNT_Tree-1-300x300.jpg\" class=\"attachment-medium size-medium\" alt=\"\" srcset=\"https:\/\/star.starmicronics.cz\/wp-content\/uploads\/2015\/04\/WebPRNT_Tree-1-300x300.jpg 300w, https:\/\/star.starmicronics.cz\/wp-content\/uploads\/2015\/04\/WebPRNT_Tree-1-150x150.jpg 150w, https:\/\/star.starmicronics.cz\/wp-content\/uploads\/2015\/04\/WebPRNT_Tree-1-768x767.jpg 768w, https:\/\/star.starmicronics.cz\/wp-content\/uploads\/2015\/04\/WebPRNT_Tree-1.jpg 930w\" sizes=\"auto, (max-width: 300px) 100vw, 300px\" \/><\/a>\n\t\t\t<\/div><\/figure>\n\t\t<\/div>\n\n<p><strong>Souvisej\u00edc\u00ed produkty<\/strong><\/p>\n<p>&nbsp;<\/p>\n<div id='gallery-2' class='gallery galleryid-324 gallery-columns-3 gallery-size-medium'><figure class='gallery-item'>\n\t\t\t<div class='gallery-icon landscape'>\n\t\t\t\t<img loading=\"lazy\" decoding=\"async\" width=\"300\" height=\"300\" src=\"https:\/\/star.starmicronics.cz\/wp-content\/uploads\/2015\/04\/SMT300i-300x300.jpg\" class=\"attachment-medium size-medium\" alt=\"\" aria-describedby=\"gallery-2-83\" srcset=\"https:\/\/star.starmicronics.cz\/wp-content\/uploads\/2015\/04\/SMT300i-300x300.jpg 300w, https:\/\/star.starmicronics.cz\/wp-content\/uploads\/2015\/04\/SMT300i-150x150.jpg 150w, https:\/\/star.starmicronics.cz\/wp-content\/uploads\/2015\/04\/SMT300i.jpg 400w\" sizes=\"auto, (max-width: 300px) 100vw, 300px\" \/>\n\t\t\t<\/div>\n\t\t\t\t<figcaption class='wp-caption-text gallery-caption' id='gallery-2-83'>\n\t\t\t\tSM-T300i &#8211; Robustn\u00ed 3\u00b4(80mm), mobiln\u00ed tisk\u00e1rna Bluetooth pro iOS, Android, Windows\n\t\t\t\t<\/figcaption><\/figure><figure class='gallery-item'>\n\t\t\t<div class='gallery-icon portrait'>\n\t\t\t\t<img loading=\"lazy\" decoding=\"async\" width=\"160\" height=\"230\" src=\"https:\/\/star.starmicronics.cz\/wp-content\/uploads\/2015\/04\/sp7001.jpg\" class=\"attachment-medium size-medium\" alt=\"\" aria-describedby=\"gallery-2-399\" \/>\n\t\t\t<\/div>\n\t\t\t\t<figcaption class='wp-caption-text gallery-caption' id='gallery-2-399'>\n\t\t\t\tSP700\n\t\t\t\t<\/figcaption><\/figure><figure class='gallery-item'>\n\t\t\t<div class='gallery-icon landscape'>\n\t\t\t\t<img loading=\"lazy\" decoding=\"async\" width=\"300\" height=\"300\" src=\"https:\/\/star.starmicronics.cz\/wp-content\/uploads\/2015\/04\/TSP800II-300x300.jpg\" class=\"attachment-medium size-medium\" alt=\"\" aria-describedby=\"gallery-2-89\" srcset=\"https:\/\/star.starmicronics.cz\/wp-content\/uploads\/2015\/04\/TSP800II-300x300.jpg 300w, https:\/\/star.starmicronics.cz\/wp-content\/uploads\/2015\/04\/TSP800II-150x150.jpg 150w, https:\/\/star.starmicronics.cz\/wp-content\/uploads\/2015\/04\/TSP800II.jpg 400w\" sizes=\"auto, (max-width: 300px) 100vw, 300px\" \/>\n\t\t\t<\/div>\n\t\t\t\t<figcaption class='wp-caption-text gallery-caption' id='gallery-2-89'>\n\t\t\t\tTSP800II\n\t\t\t\t<\/figcaption><\/figure>\n\t\t<\/div>\n\n<pre><\/pre>\n","protected":false},"excerpt":{"rendered":"<p>\u00a0 WebPRNT Plug-In rozhran\u00ed WebPRNT\u00a0prohl\u00ed\u017ee\u010d Star WebPRNT &#8211; P\u0159ipojen\u00ed k tisk\u00e1rn\u00e1m\u00a0Star Desktop &amp; Mobile na webu, a\u0165 jste kdekoliv! S rostouc\u00edmi po\u017eadavky na tisk z obou mobiln\u00edch a desktopov\u00fdch aplikac\u00ed na p\u0159ijet\u00ed tisk\u00e1ren; Platforma&#8211;agnostik \u0159e\u0161en\u00ed\u00a0Star WebPRNT \u2122 je ur\u010deno pro generov\u00e1n\u00ed tiskov\u00fdch dat prost\u0159ednictv\u00edm webov\u00e9ho prohl\u00ed\u017ee\u010de na v\u00fdstup p\u0159\u00edmo na jak\u00e9koli tisk\u00e1rn\u011b\u00a0Star vybaven\u00e9 WebPRNT rozhran\u00edm [&hellip;]<\/p>\n","protected":false},"author":1,"featured_media":161,"parent":0,"menu_order":0,"comment_status":"closed","ping_status":"closed","template":"","meta":{"footnotes":"","_links_to":"","_links_to_target":""},"class_list":["post-324","page","type-page","status-publish","has-post-thumbnail","hentry"],"_links":{"self":[{"href":"https:\/\/star.starmicronics.cz\/index.php?rest_route=\/wp\/v2\/pages\/324","targetHints":{"allow":["GET"]}}],"collection":[{"href":"https:\/\/star.starmicronics.cz\/index.php?rest_route=\/wp\/v2\/pages"}],"about":[{"href":"https:\/\/star.starmicronics.cz\/index.php?rest_route=\/wp\/v2\/types\/page"}],"author":[{"embeddable":true,"href":"https:\/\/star.starmicronics.cz\/index.php?rest_route=\/wp\/v2\/users\/1"}],"replies":[{"embeddable":true,"href":"https:\/\/star.starmicronics.cz\/index.php?rest_route=%2Fwp%2Fv2%2Fcomments&post=324"}],"version-history":[{"count":1,"href":"https:\/\/star.starmicronics.cz\/index.php?rest_route=\/wp\/v2\/pages\/324\/revisions"}],"predecessor-version":[{"id":1634,"href":"https:\/\/star.starmicronics.cz\/index.php?rest_route=\/wp\/v2\/pages\/324\/revisions\/1634"}],"wp:featuredmedia":[{"embeddable":true,"href":"https:\/\/star.starmicronics.cz\/index.php?rest_route=\/wp\/v2\/media\/161"}],"wp:attachment":[{"href":"https:\/\/star.starmicronics.cz\/index.php?rest_route=%2Fwp%2Fv2%2Fmedia&parent=324"}],"curies":[{"name":"wp","href":"https:\/\/api.w.org\/{rel}","templated":true}]}}