{"id":286,"date":"2015-04-23T13:38:43","date_gmt":"2015-04-23T12:38:43","guid":{"rendered":"http:\/\/star.starmicronics.cz\/?page_id=286"},"modified":"2016-05-05T15:53:12","modified_gmt":"2016-05-05T14:53:12","slug":"tup900","status":"publish","type":"page","link":"https:\/\/star.starmicronics.cz\/?page_id=286","title":{"rendered":"TUP900"},"content":{"rendered":"<figure id=\"attachment_453\" aria-describedby=\"caption-attachment-453\" style=\"width: 159px\" class=\"wp-caption alignleft\"><a href=\"http:\/\/star.starmicronics.cz\/wp-content\/uploads\/2015\/04\/TUP900_pair.jpg\" rel=\"lightbox[286]\"><img loading=\"lazy\" decoding=\"async\" class=\" wp-image-453\" src=\"http:\/\/star.starmicronics.cz\/wp-content\/uploads\/2015\/04\/TUP900_pair-270x300.jpg\" alt=\"TUP900\" width=\"159\" height=\"177\" \/><\/a><figcaption id=\"caption-attachment-453\" class=\"wp-caption-text\">TUP900<\/figcaption><\/figure>\n<p><span lang=\"EN-GB\" style=\"color: #3366ff; font-family: 'Arial','sans-serif'; font-size: 12pt;\">TUP992 otev\u0159en\u00fd r\u00e1m kioskov\u00e9 tisk\u00e1rny s presenterem <\/span><\/p>\n<p><span lang=\"EN-GB\" style=\"color: #3366ff; font-family: 'Arial','sans-serif'; font-size: 12pt;\">TUP942 <span style=\"color: #3366ff; font-family: Arial;\">otev\u0159en\u00fd r\u00e1m kioskov\u00e9 tisk\u00e1rny\u00a0bez presenteru <\/span><\/span><\/p>\n<p>&nbsp;<\/p>\n<p><span lang=\"EN-GB\" style=\"color: #3366ff; font-family: 'Arial','sans-serif'; font-size: 12pt;\">Rozhran\u00ed: Serial, Paraleln\u00ed, USB, Ethernet, WebPRNT <\/span><\/p>\n<p>&nbsp;<\/p>\n<p><span style=\"color: #3366ff;\"><strong>TUP900 &#8211; <span class=\"hps\">80-112 mm<\/span> <span class=\"hps atn\">\u0161irok\u00fd tisk (<\/span>A4 v\u00fdm\u011bnn\u00fd<span class=\"hps\">)<\/span>\u00a0otev\u0159en\u00fd r\u00e1m nebo modul\u00e1rn\u00ed form\u00e1t kioskov\u00e9 tisk\u00e1rny<\/strong><\/span><\/p>\n<p><span style=\"color: #3366ff;\">TUP900 je vysokorychlostn\u00ed, <span class=\"hps\">n\u00e1kladov\u011b<\/span> <span class=\"hps\">efektivn\u00ed<\/span><span class=\"hps\">,<\/span> <span class=\"hps\">term\u00e1ln\u00ed tisk\u00e1rna<\/span> <span class=\"hps\">ur\u010dena p\u0159edev\u0161\u00edm pro<\/span> <span class=\"hps\">kiosky<\/span> <span class=\"hps\">nebo<\/span> <span class=\"hps\">pro<\/span> <span class=\"hps\">bezobslu\u017en\u00e9<\/span> <span class=\"hps\">tiskov\u00e9 aplikace<\/span>. <span class=\"hps\">D\u00edky<\/span> <span class=\"hps\">vysok\u00e9 rychlosti<\/span> <span class=\"hps\">tisku<\/span> <span class=\"hps\">150 mm<\/span> <span class=\"hps\">za sekundu<\/span> <span class=\"hps\">a<\/span> <span class=\"hps\">schopnosti tisknout\u00a0na pap\u00edr<\/span><span class=\"hps\"> a\u017e do<\/span> <span class=\"hps\">0,15 mm<\/span>, <span class=\"hps\">je ide\u00e1ln\u00ed jako<\/span> <span class=\"hps\">rychl\u00e1 a spolehliv\u00e1<\/span> <span class=\"hps\">tisk\u00e1rna<\/span> <span class=\"hps\">vstupenek<\/span> <span class=\"hps\">pro<\/span> <span class=\"hps\">kiosky<\/span>.<\/span><\/p>\n<p><span style=\"color: #3366ff;\"><span class=\"hps\">Jednoduch\u00e9 pou\u017eit\u00ed<\/span> <span class=\"hps\">a \u00fadr\u017eba<\/span>, <span class=\"hps\">TUP900<\/span> <span class=\"hps\">zahrnuje<\/span> <span class=\"hps\">snadn\u00e9 <\/span><span class=\"hps\">vkl\u00e1d\u00e1n\u00ed pap\u00edru<\/span>, multi <span class=\"hps\">nastavitelnou pozici<\/span> senzoru pap\u00edru, obousm\u011brn\u00e9 <span class=\"hps\">zpr\u00e1vy o stavu<\/span> <span class=\"hps\">tisk\u00e1rny<\/span> <span class=\"hps\">a<\/span> <span class=\"hps\">nastaviteln\u00fd<\/span> <span class=\"hps\">horizont\u00e1ln\u00ed nebo<\/span> <span class=\"hps\">vertik\u00e1ln\u00ed<\/span> <span class=\"hps\">ovl\u00e1dac\u00ed panel<\/span>. Tato tisk\u00e1rna um\u00ed zmen\u0161ovat tisk\u00a0z <span class=\"hps\">A4<\/span> <span class=\"hps\">na<\/span> <span class=\"hps\">112 mm<\/span> <span class=\"hps\">\u0161irok\u00fd<\/span> <span class=\"hps\">pap\u00edr<\/span>, <span class=\"hps\">TUP900<\/span> <span class=\"hps\">je<\/span> <span class=\"hps\">vhodn\u00e1 pro tisk<\/span> <span class=\"hps\">velkoform\u00e1tov\u00fdch<\/span>\u00a0\u00fa\u010dtenek <span class=\"hps\">a dokument\u016f<\/span> <span class=\"hps\">z<\/span> <span class=\"hps\">internetov\u00fdch kiosk\u016f<\/span> <span class=\"hps\">nebo<\/span> <span class=\"hps\">informa\u010dn\u00edch termin\u00e1l\u016f<\/span>.<\/span><\/p>\n<p><span style=\"color: #3366ff;\"><strong>Vlastnosti:\u00a0<\/strong><\/span><\/p>\n<ul>\n<li><span style=\"color: #3366ff;\"><span class=\"hps\">Vysok\u00e1 rychlost<\/span>, <span class=\"hps\">n\u00e1kladov\u011b<\/span> <span class=\"hps\">efektivn\u00ed, <\/span><span class=\"hps\">vysoce kvalitn\u00ed<\/span> <span class=\"hps\">tepeln\u00e1 tisk\u00e1rna<\/span>\u00a0<span class=\"hps\">\u010d\u00e1rov\u00fdch k\u00f3d\u016f<\/span>, \u00fa\u010dtenek a <span class=\"hps\">j\u00edzdenek.<\/span><span class=\"hps atn\">\u00a0<span class=\"hps\">A4<\/span> <span class=\"hps\">kioskov\u00e1 tisk\u00e1rna<\/span>\u00a0<span class=\"hps\">pro<\/span> <span class=\"hps\">58 mm<\/span> <span class=\"hps\">a\u017e<\/span> <span class=\"hps\">112 mm<\/span> <span class=\"hps\">form\u00e1tu<\/span> <span class=\"hps\">a\u017e<\/span> <span class=\"hps\">do<\/span> <span class=\"hps\">0,15 mm<\/span>.<\/span><\/span><\/li>\n<li><span style=\"color: #3366ff;\"><span class=\"hps atn\">Multi-<\/span>nastaviteln\u00e1 pozice <span class=\"hps\">pobl\u00ed\u017e<\/span> <span class=\"hps\">senzoru<\/span>\u00a0do\u0161l\u00fd <span class=\"hps\">pap\u00edr, s<\/span> <span class=\"hps\">80 cm<\/span> <span class=\"hps\">kabelem<\/span> <span class=\"hps\">pro pou\u017eit\u00ed s<\/span> <span class=\"hps\">mo\u017enost\u00ed<\/span> <span class=\"hps\">nap\u00e1jen\u00ed,<\/span> <span class=\"hps\">role<\/span> <span class=\"hps\">pap\u00edru<\/span> <\/span><\/li>\n<li><span style=\"color: #3366ff;\">Bi-directional kontrola stavu<\/span><\/li>\n<li><span style=\"color: #3366ff;\"><span class=\"hps\">Nastaviteln\u00fd<\/span> <span class=\"hps\">horizont\u00e1ln\u00ed nebo vertik\u00e1ln\u00ed <\/span><span class=\"hps\">ovl\u00e1dac\u00ed panel<\/span> <span class=\"hps\">s roz\u0161\u00ed\u0159enou<\/span> <span class=\"hps\">d\u00e9lkou \u00a0kabel\u016f<\/span><\/span><\/li>\n<li><span style=\"color: #3366ff;\"><span class=\"hps\">A4<\/span> <span class=\"hps\">a\u017e A6<\/span> <span class=\"hps\">automatick\u00e9 zmen\u0161en\u00ed, <\/span><span class=\"hps\">ovlada\u010d pro<\/span> <span class=\"hps\">sn\u00ed\u017een\u00ed<\/span>, <span class=\"hps\">\u010diteln\u00fdm<\/span> <span class=\"hps\">A4<\/span> <span class=\"hps\">nebo<\/span> <span class=\"hps\">v\u00fdstupu<\/span> <span class=\"hps\">na<\/span> <span class=\"hps\">112 mm<\/span> <span class=\"hps\">\u0161irok\u00fd<\/span> <span class=\"hps\">pap\u00edr<\/span><\/span><\/li>\n<li><span style=\"color: #3366ff;\">Easy-load \u2013 <span class=\"hps\"><span style=\"color: #3366ff;\">jednodu\u0161e<\/span><\/span> <span class=\"hps\"><span style=\"color: #3366ff;\">zved\u00e1<\/span><\/span> <span class=\"hps\"><span style=\"color: #3366ff;\">a<\/span><\/span> <span class=\"hps\"><span style=\"color: #3366ff;\">nakl\u00e1n\u00ed<\/span><\/span> <span class=\"hps\"><span style=\"color: #3366ff;\">mechanismus<\/span><\/span> <span class=\"hps\"><span style=\"color: #3366ff;\">dop\u0159edu<\/span><\/span> <span class=\"hps\"><span style=\"color: #3366ff;\">pro automatick\u00e9<\/span><\/span> <span class=\"hps\"><span style=\"color: #3366ff;\">vkl\u00e1d\u00e1n\u00ed pap\u00edru<\/span><\/span><\/span><\/li>\n<li><span style=\"color: #3366ff;\"><span class=\"hps\">Kompaktn\u00ed<\/span> <span class=\"hps\">rozm\u011bry<\/span> <span class=\"hps\">pouh\u00e9<\/span> <span class=\"hps\">192mm<\/span> <span class=\"hps\">x<\/span> <span class=\"hps\">179mm<\/span>.<\/span><\/li>\n<\/ul>\n<p><span style=\"color: #3366ff;\"><strong>Ke sta\u017een\u00ed:<\/strong><\/span><\/p>\n<ul>\n<li><span style=\"color: #000080;\"><a style=\"color: #000080;\" href=\"http:\/\/star.starmicronics.cz\/?page_id=498\" target=\"_blank\">Produktov\u00e1 bro\u017eura<\/a><\/span><\/li>\n<li><span style=\"color: #000080;\">Manual, SDK (link to <a style=\"color: #000080;\" href=\"http:\/\/www.starmicronics.com\/support\">www.starmicronics.com\/support<\/a>)<\/span><\/li>\n<li><a href=\"http:\/\/star.starmicronics.cz\/?page_id=579\"><span style=\"color: #000080;\">Galerie obr\u00e1zk\u016f<\/span><\/a><\/li>\n<li><a href=\"https:\/\/www.youtube.com\/watch?v=0DnStHkO0-Q\" target=\"_blank\"><span style=\"color: #000080;\">Video galerie<\/span><\/a><\/li>\n<li><a href=\"http:\/\/star.starmicronics.cz\/?page_id=518\"><span style=\"color: #000080;\">Na\u0161i z\u00e1kazn\u00edci<\/span><\/a><\/li>\n<li><span style=\"color: #000080;\"><a style=\"color: #000080;\" href=\"https:\/\/www.apple.com\/itunes\/\" target=\"_blank\">App Store image<\/a><\/span><\/li>\n<li><span style=\"color: #000080;\"><a style=\"color: #000080;\" href=\"https:\/\/play.google.com\/store\/apps\/details?id=com.google.android.apps.plus\" target=\"_blank\">Google Play image <\/a><\/span><\/li>\n<\/ul>\n<p><a href=\"http:\/\/star.starmicronics.cz\/wp-content\/uploads\/2015\/04\/appstore_googleplay.jpg\" rel=\"lightbox[286]\"><img loading=\"lazy\" decoding=\"async\" class=\"alignnone  wp-image-347\" src=\"http:\/\/star.starmicronics.cz\/wp-content\/uploads\/2015\/04\/appstore_googleplay-300x220.jpg\" alt=\"appstore_googleplay\" width=\"136\" height=\"100\" srcset=\"https:\/\/star.starmicronics.cz\/wp-content\/uploads\/2015\/04\/appstore_googleplay-300x220.jpg 300w, https:\/\/star.starmicronics.cz\/wp-content\/uploads\/2015\/04\/appstore_googleplay-135x100.jpg 135w, https:\/\/star.starmicronics.cz\/wp-content\/uploads\/2015\/04\/appstore_googleplay.jpg 425w\" sizes=\"auto, (max-width: 136px) 100vw, 136px\" \/><\/a><\/p>\n<p><span style=\"color: #3366ff;\"><strong>Specifikace<\/strong><\/span><\/p>\n<p>&nbsp;<\/p>\n<table style=\"height: 1246px;\" width=\"802\">\n<tbody>\n<tr>\n<td width=\"44%\"><span style=\"color: #3366ff;\">Rychlost tisku<\/span><\/td>\n<td width=\"55%\"><span style=\"color: #3366ff;\">150mm\/sec.<\/span><\/td>\n<\/tr>\n<tr>\n<td width=\"44%\"><span style=\"color: #3366ff;\">Rozli\u0161en\u00ed tisku<\/span><\/td>\n<td width=\"55%\"><span style=\"color: #3366ff;\">203 dpi<\/span><\/td>\n<\/tr>\n<tr>\n<td width=\"44%\"><span style=\"color: #3366ff;\">Po\u010det sloupc\u016f<\/span><\/td>\n<td width=\"55%\"><span style=\"color: #3366ff;\">A4 schopnost tisku\u00a0na 112mm pap\u00edr s Auto m\u011b\u0159\u00edtkem softwaru<\/span><\/td>\n<\/tr>\n<tr>\n<td width=\"44%\"><span style=\"color: #3366ff;\">Automatick\u00e1 \u0159eza\u010dka<\/span><\/td>\n<td width=\"55%\"><span style=\"color: #3366ff;\">\u00fapln\u00fd nebo \u010d\u00e1ste\u010dn\u00fd \u0159ez (gilotina),\u00a0\u00a0<span style=\"color: #3366ff;\">\u00fapln\u00fd pouze u<\/span> PR900 Presenter &amp; TUP992<\/span><\/td>\n<\/tr>\n<tr>\n<td width=\"44%\"><span style=\"color: #3366ff;\">\u0160\u00ed\u0159ka pap\u00edru<\/span><\/td>\n<td width=\"55%\"><span style=\"color: #3366ff;\">80 \u2013 112mm nastaviteln\u00e1<\/span><\/td>\n<\/tr>\n<tr>\n<td width=\"44%\"><span style=\"color: #3366ff;\">Tlou\u0161\u0165ka<\/span><\/td>\n<td width=\"55%\"><span style=\"color: #3366ff;\">0.065 \u2013 0.15mm<\/span><\/td>\n<\/tr>\n<tr>\n<td width=\"44%\"><span style=\"color: #3366ff;\">Role pap\u00edru (pr\u016fm\u011br)<\/span><\/td>\n<td width=\"55%\"><span style=\"color: #3366ff;\">Standardn\u00ed: 150mm Dal\u0161\u00ed mo\u017enost: 254mm<\/span><\/td>\n<\/tr>\n<tr>\n<td width=\"44%\"><span style=\"color: #3366ff;\">P\u0159\u00edslu\u0161enstv\u00ed<\/span><\/td>\n<td width=\"55%\"><span style=\"color: #3366ff;\">P\u0159\u00edstroj na skenov\u00e1n\u00ed dokument\u016f (ne pro \u0161t\u00edtky), volba kovov\u00e1 nebo blikaj\u00edc\u00edho upozorn\u011bn\u00ed pro do\u0161l\u00fd pap\u00edr<\/span><\/td>\n<\/tr>\n<tr>\n<td width=\"44%\"><span style=\"color: #3366ff;\">\u0160\u00ed\u0159ka tisku<\/span><\/td>\n<td width=\"55%\"><span style=\"color: #3366ff;\">104mm<\/span><\/td>\n<\/tr>\n<tr>\n<td width=\"44%\"><span style=\"color: #3366ff;\">Senzory<\/span><\/td>\n<td width=\"55%\"><span style=\"color: #3366ff;\">Black Mark, nastaviteln\u00fd &#8211; do\u0161l\u00fd pap\u00edr, Near End &amp; zachycen\u00ed pap\u00edru<\/span><\/td>\n<\/tr>\n<tr>\n<td width=\"44%\"><span style=\"color: #3366ff;\">Rozhran\u00ed<\/span><\/td>\n<td width=\"55%\"><span style=\"color: #3366ff;\">Dod\u00e1v\u00e1 se bez rozhran\u00ed, mo\u017enosti: 9-pin nebo 25-Pin Serial (IFBD-HN04\u00a0nebo IFBD-HD04), Paraleln\u00ed (IFBD-HC04), USB (IFBD-HU06)<\/span><\/td>\n<\/tr>\n<tr>\n<td width=\"44%\"><span style=\"color: #3366ff;\">Unique Ethernet Print on Disconnection Feature<\/span><\/td>\n<td width=\"55%\"><span style=\"color: #3366ff;\">Kontaktujte Star pro v\u00edce detail\u016f<\/span><\/td>\n<\/tr>\n<tr>\n<td width=\"44%\"><span style=\"color: #3366ff;\">Nap\u00e1jec\u00ed zdroj<\/span><\/td>\n<td width=\"55%\"><span style=\"color: #3366ff;\">Extern\u00ed PS60A<\/span><\/td>\n<\/tr>\n<tr>\n<td width=\"44%\"><span style=\"color: #3366ff;\">Spot\u0159eba energie<\/span><\/td>\n<td width=\"55%\"><span style=\"color: #3366ff;\">1.7 Amps\u00a0tisk 0.08 Amp pohotovostn\u00ed<\/span><\/td>\n<\/tr>\n<tr>\n<td width=\"44%\"><span style=\"color: #3366ff;\">Energy Star<\/span><\/td>\n<td width=\"55%\"><span style=\"color: #3366ff;\">Extern\u00ed, Energy Star kvalifikovan\u00e1 PS60A <\/span><\/td>\n<\/tr>\n<tr>\n<td width=\"44%\"><span style=\"color: #3366ff;\">Spolehlivost<\/span><\/td>\n<td width=\"55%\"><span style=\"color: #3366ff;\">37\u00a0milion\u016f \u0159\u00e1dk\u016f,\u00a01 milion \u0159ez\u016f<\/span><\/td>\n<\/tr>\n<tr>\n<td width=\"44%\">\n<p><span style=\"color: #3366ff;\">Rozm\u011bry (\u0161 x h x v)mm <\/span><\/p>\n<p><span style=\"color: #3366ff;\">v\u00e1ha<\/span><\/td>\n<td width=\"55%\"><span style=\"color: #3366ff;\">Mechanismus: 176.2 x 101 x 121 Otev\u0159en\u00fd r\u00e1m: 192 x 249.3 x 179 2.84kg<\/span><\/td>\n<\/tr>\n<tr>\n<td width=\"44%\"><span style=\"color: #3366ff;\">Dopl\u0148kov\u00e9 funkce<\/span><\/td>\n<td width=\"55%\">\n<ul>\n<li><span style=\"color: #3366ff;\">Rozhran\u00ed<\/span><\/li>\n<li><span style=\"color: #3366ff;\">Kovov\u00e9 upozorn\u011bn\u00ed na do\u0161l\u00fd pap\u00edr<\/span><\/li>\n<li><span style=\"color: #3366ff;\">Blikaj\u00edc\u00ed upozorn\u011bn\u00ed\u00a0modr\u00e9 nebo zelen\u00e9\u00a0&amp; LED \u010derven\u00e9<\/span><\/li>\n<li><span style=\"color: #3366ff;\">Mo\u017enost vod\u00edc\u00edho v\u00fdstupu<\/span><\/li>\n<li><span style=\"color: #3366ff;\">25cm role pap\u00edru<\/span><\/li>\n<\/ul>\n<p>&nbsp;<\/td>\n<\/tr>\n<\/tbody>\n<\/table>\n<p><span style=\"color: #3366ff;\"><strong>Galerie<\/strong><\/span><\/p>\n<div id='gallery-1' class='gallery galleryid-286 gallery-columns-4 gallery-size-medium'><figure class='gallery-item'>\n\t\t\t<div class='gallery-icon landscape'>\n\t\t\t\t<a href='https:\/\/star.starmicronics.cz\/wp-content\/uploads\/2015\/04\/TUP900_horizontal.jpg' rel=\"lightbox[286]\"><img loading=\"lazy\" decoding=\"async\" width=\"300\" height=\"300\" src=\"https:\/\/star.starmicronics.cz\/wp-content\/uploads\/2015\/04\/TUP900_horizontal-300x300.jpg\" class=\"attachment-medium size-medium\" alt=\"\" aria-describedby=\"gallery-1-452\" srcset=\"https:\/\/star.starmicronics.cz\/wp-content\/uploads\/2015\/04\/TUP900_horizontal-300x300.jpg 300w, https:\/\/star.starmicronics.cz\/wp-content\/uploads\/2015\/04\/TUP900_horizontal-150x150.jpg 150w, https:\/\/star.starmicronics.cz\/wp-content\/uploads\/2015\/04\/TUP900_horizontal-768x768.jpg 768w, https:\/\/star.starmicronics.cz\/wp-content\/uploads\/2015\/04\/TUP900_horizontal-1024x1024.jpg 1024w\" sizes=\"auto, (max-width: 300px) 100vw, 300px\" \/><\/a>\n\t\t\t<\/div>\n\t\t\t\t<figcaption class='wp-caption-text gallery-caption' id='gallery-1-452'>\n\t\t\t\tTUP900\n\t\t\t\t<\/figcaption><\/figure><figure class='gallery-item'>\n\t\t\t<div class='gallery-icon portrait'>\n\t\t\t\t<a href='https:\/\/star.starmicronics.cz\/wp-content\/uploads\/2015\/04\/TUP900_pair.jpg' rel=\"lightbox[286]\"><img loading=\"lazy\" decoding=\"async\" width=\"270\" height=\"300\" src=\"https:\/\/star.starmicronics.cz\/wp-content\/uploads\/2015\/04\/TUP900_pair-270x300.jpg\" class=\"attachment-medium size-medium\" alt=\"\" aria-describedby=\"gallery-1-453\" \/><\/a>\n\t\t\t<\/div>\n\t\t\t\t<figcaption class='wp-caption-text gallery-caption' id='gallery-1-453'>\n\t\t\t\tTUP900\n\t\t\t\t<\/figcaption><\/figure>\n\t\t<\/div>\n\n<p>&nbsp;<\/p>\n<p><span style=\"color: #3366ff;\"><strong>Souvisej\u00edc\u00ed produkty<\/strong><\/span><\/p>\n<div id='gallery-2' class='gallery galleryid-286 gallery-columns-4 gallery-size-medium'><figure class='gallery-item'>\n\t\t\t<div class='gallery-icon landscape'>\n\t\t\t\t<img loading=\"lazy\" decoding=\"async\" width=\"300\" height=\"300\" src=\"https:\/\/star.starmicronics.cz\/wp-content\/uploads\/2015\/04\/TSP800II-300x300.jpg\" class=\"attachment-medium size-medium\" alt=\"\" aria-describedby=\"gallery-2-89\" srcset=\"https:\/\/star.starmicronics.cz\/wp-content\/uploads\/2015\/04\/TSP800II-300x300.jpg 300w, https:\/\/star.starmicronics.cz\/wp-content\/uploads\/2015\/04\/TSP800II-150x150.jpg 150w, https:\/\/star.starmicronics.cz\/wp-content\/uploads\/2015\/04\/TSP800II.jpg 400w\" sizes=\"auto, (max-width: 300px) 100vw, 300px\" \/>\n\t\t\t<\/div>\n\t\t\t\t<figcaption class='wp-caption-text gallery-caption' id='gallery-2-89'>\n\t\t\t\tTSP800II\n\t\t\t\t<\/figcaption><\/figure><figure class='gallery-item'>\n\t\t\t<div class='gallery-icon landscape'>\n\t\t\t\t<img loading=\"lazy\" decoding=\"async\" width=\"300\" height=\"300\" src=\"https:\/\/star.starmicronics.cz\/wp-content\/uploads\/2015\/04\/TUP500DP_vertical-300x300.jpg\" class=\"attachment-medium size-medium\" alt=\"\" aria-describedby=\"gallery-2-446\" srcset=\"https:\/\/star.starmicronics.cz\/wp-content\/uploads\/2015\/04\/TUP500DP_vertical-300x300.jpg 300w, https:\/\/star.starmicronics.cz\/wp-content\/uploads\/2015\/04\/TUP500DP_vertical-150x150.jpg 150w, https:\/\/star.starmicronics.cz\/wp-content\/uploads\/2015\/04\/TUP500DP_vertical-768x768.jpg 768w, https:\/\/star.starmicronics.cz\/wp-content\/uploads\/2015\/04\/TUP500DP_vertical-1024x1024.jpg 1024w\" sizes=\"auto, (max-width: 300px) 100vw, 300px\" \/>\n\t\t\t<\/div>\n\t\t\t\t<figcaption class='wp-caption-text gallery-caption' id='gallery-2-446'>\n\t\t\t\tTUP500DP vertik\u00e1ln\u00ed\n\t\t\t\t<\/figcaption><\/figure>\n\t\t<\/div>\n\n<p>&nbsp;<\/p>\n","protected":false},"excerpt":{"rendered":"<p>TUP992 otev\u0159en\u00fd r\u00e1m kioskov\u00e9 tisk\u00e1rny s presenterem TUP942 otev\u0159en\u00fd r\u00e1m kioskov\u00e9 tisk\u00e1rny\u00a0bez presenteru &nbsp; Rozhran\u00ed: Serial, Paraleln\u00ed, USB, Ethernet, WebPRNT &nbsp; TUP900 &#8211; 80-112 mm \u0161irok\u00fd tisk (A4 v\u00fdm\u011bnn\u00fd)\u00a0otev\u0159en\u00fd r\u00e1m nebo modul\u00e1rn\u00ed form\u00e1t kioskov\u00e9 tisk\u00e1rny TUP900 je vysokorychlostn\u00ed, n\u00e1kladov\u011b efektivn\u00ed, term\u00e1ln\u00ed tisk\u00e1rna ur\u010dena p\u0159edev\u0161\u00edm pro kiosky nebo pro bezobslu\u017en\u00e9 tiskov\u00e9 aplikace. D\u00edky vysok\u00e9 rychlosti tisku [&hellip;]<\/p>\n","protected":false},"author":1,"featured_media":0,"parent":0,"menu_order":0,"comment_status":"closed","ping_status":"open","template":"","meta":{"footnotes":"","_links_to":"","_links_to_target":""},"class_list":["post-286","page","type-page","status-publish","hentry"],"_links":{"self":[{"href":"https:\/\/star.starmicronics.cz\/index.php?rest_route=\/wp\/v2\/pages\/286","targetHints":{"allow":["GET"]}}],"collection":[{"href":"https:\/\/star.starmicronics.cz\/index.php?rest_route=\/wp\/v2\/pages"}],"about":[{"href":"https:\/\/star.starmicronics.cz\/index.php?rest_route=\/wp\/v2\/types\/page"}],"author":[{"embeddable":true,"href":"https:\/\/star.starmicronics.cz\/index.php?rest_route=\/wp\/v2\/users\/1"}],"replies":[{"embeddable":true,"href":"https:\/\/star.starmicronics.cz\/index.php?rest_route=%2Fwp%2Fv2%2Fcomments&post=286"}],"version-history":[{"count":0,"href":"https:\/\/star.starmicronics.cz\/index.php?rest_route=\/wp\/v2\/pages\/286\/revisions"}],"wp:attachment":[{"href":"https:\/\/star.starmicronics.cz\/index.php?rest_route=%2Fwp%2Fv2%2Fmedia&parent=286"}],"curies":[{"name":"wp","href":"https:\/\/api.w.org\/{rel}","templated":true}]}}