{"id":283,"date":"2015-04-23T13:28:22","date_gmt":"2015-04-23T12:28:22","guid":{"rendered":"http:\/\/star.starmicronics.cz\/?page_id=283"},"modified":"2016-05-05T15:53:12","modified_gmt":"2016-05-05T14:53:12","slug":"tup500","status":"publish","type":"page","link":"https:\/\/star.starmicronics.cz\/?page_id=283","title":{"rendered":"TUP500"},"content":{"rendered":"<figure id=\"attachment_443\" aria-describedby=\"caption-attachment-443\" style=\"width: 239px\" class=\"wp-caption alignleft\"><a href=\"http:\/\/star.starmicronics.cz\/wp-content\/uploads\/2015\/04\/TUP500_group-1.jpg\" rel=\"lightbox[283]\"><img loading=\"lazy\" decoding=\"async\" class=\" wp-image-443\" src=\"http:\/\/star.starmicronics.cz\/wp-content\/uploads\/2015\/04\/TUP500_group-1-300x300.jpg\" alt=\"TUP500\" width=\"239\" height=\"239\" srcset=\"https:\/\/star.starmicronics.cz\/wp-content\/uploads\/2015\/04\/TUP500_group-1-300x300.jpg 300w, https:\/\/star.starmicronics.cz\/wp-content\/uploads\/2015\/04\/TUP500_group-1-150x150.jpg 150w, https:\/\/star.starmicronics.cz\/wp-content\/uploads\/2015\/04\/TUP500_group-1-768x768.jpg 768w, https:\/\/star.starmicronics.cz\/wp-content\/uploads\/2015\/04\/TUP500_group-1-1024x1024.jpg 1024w\" sizes=\"auto, (max-width: 239px) 100vw, 239px\" \/><\/a><figcaption id=\"caption-attachment-443\" class=\"wp-caption-text\">TUP500<\/figcaption><\/figure>\n<p><span style=\"color: #3366ff;\">TUP592 otev\u0159en\u00fd r\u00e1m\u00a0kioskov\u00e9\u00a0tisk\u00e1rny s\u00a0presenterem<\/span><\/p>\n<p><span style=\"color: #3366ff;\">TUP542\u00a0otev\u0159en\u00fd r\u00e1m\u00a0kioskov\u00e9\u00a0tisk\u00e1rny bez\u00a0presenteru<\/span><\/p>\n<p><span style=\"color: #3366ff;\">TUP500DP\u00a0kioskov\u00e1 tisk\u00e1rna bez chassis<\/span><\/p>\n<p><span style=\"color: #3366ff;\">TUP500DP mini\u00a0kompaktn\u00ed tisk\u00e1rna\u00a0s extern\u00ed manipulac\u00ed s pap\u00edrem<\/span><\/p>\n<p>&nbsp;<\/p>\n<p><span style=\"color: #3366ff;\">Rozhran\u00ed<\/span><span lang=\"EN-GB\" style=\"color: #3366ff; font-family: 'Arial','sans-serif'; font-size: 12pt;\">: Serial, Paraleln\u00ed, USB, Ethernet, WebPRNT <\/span><\/p>\n<p>&nbsp;<\/p>\n<p><span style=\"color: #3366ff;\"><strong>Vysok\u00e1 rychlost 220mm\/sec, kioskov\u00e1 tisk\u00e1rna v modul\u00e1rn\u00edm form\u00e1tu nebo ve form\u00e1tu otev\u0159en\u00e9ho r\u00e1mu<\/strong><\/span><\/p>\n<p><span lang=\"EN-GB\" style=\"color: #3366ff; font-family: 'Arial','sans-serif';\">TUP500<span class=\"hps\"> je<\/span> <span class=\"hps\">vysokorychlostn\u00ed<\/span>, <span class=\"hps\">n\u00e1kladov\u011b efektivn\u00ed,<\/span> <span class=\"hps\">otev\u0159en\u00fd<\/span> <span class=\"hps\">r\u00e1m nebo<\/span> <span class=\"hps\">modul\u00e1rn\u00ed form\u00e1t <\/span><span class=\"hps\">tisku<\/span> <span class=\"hps\">s vynikaj\u00edc\u00ed<\/span> <span class=\"hps\">kvalitou. Je ur\u010dena p\u0159edev\u0161\u00edm\u00a0pro kiosky a bezobslu\u017en\u00e9 tiskov\u00e9 aplikace.<\/span> <span class=\"hps\">D\u00edky<\/span> <span class=\"hps\">vysok\u00e9 rychlosti<\/span> <span class=\"hps\">tisku a\u017e<\/span> <span class=\"hps\">220 mm<\/span> <span class=\"hps\">za sekundu<\/span> <span class=\"hps atn\">(<\/span>standardn\u00ed <span class=\"hps\">role<\/span> <span class=\"hps\">15 cm<\/span> <span class=\"hps\">pap\u00edru)<\/span> <span class=\"hps\">a<\/span> <span class=\"hps\">schopnosti<\/span> <span class=\"hps\">tisknout<\/span> <span class=\"hps\">na\u00a0pap\u00edr<\/span> <span class=\"hps\">a\u017e<\/span> <span class=\"hps\">do<\/span> <span class=\"hps\">0,15 mm<\/span>, <span class=\"hps\">je ide\u00e1ln\u00ed jako<\/span> <span class=\"hps\">rychl\u00e1 a spolehliv\u00e1 tisk\u00e1rna \u00fa\u010dtenek<\/span>\u00a0<span class=\"hps\">nebo tisk\u00e1rna<\/span> <span class=\"hps\">vstupenek<\/span>\u00a0v <span class=\"hps\">kioskov\u00e9m<\/span> <span class=\"hps\">prost\u0159ed\u00ed<\/span>.<\/span><\/p>\n<p><span lang=\"EN-GB\" style=\"color: #3366ff; font-family: 'Arial','sans-serif';\">TUP500 <span class=\"hps\">je k dispozici,<\/span> <span class=\"hps\">jako kompletn\u00ed<\/span> <span class=\"hps\">otev\u0159en\u00fd<\/span> <span class=\"hps\">r\u00e1m<\/span> <span class=\"hps\">s funkc\u00ed<\/span>\u00a0presentera, kter\u00fd zachycuje dokumenty <span class=\"hps\">nebo je<\/span>\u00a0<span class=\"hps\">ka\u017ed\u00fd modul<\/span> <span class=\"hps\">k dispozici<\/span> <span class=\"hps\">ke koupi<\/span> <span class=\"hps\">samostatn\u011b<\/span>. <span class=\"hps\">Krom\u011b toho<\/span>, <span class=\"hps\">TUP500DP<\/span>\u00a0s mo\u017enost\u00ed <span class=\"hps\">kompaktn\u00ed z\u00e1kladny<\/span> <span class=\"hps\">pro<\/span> <span class=\"hps\">TUP542<\/span> <span class=\"hps\">nebo<\/span> <span class=\"hps\">TUP592<\/span> <span class=\"hps\">nyn\u00ed nab\u00edz\u00ed<\/span> <span class=\"hps\">v\u00edce kompaktn\u00ed \u0159e\u0161en\u00ed<\/span>\u00a0<span class=\"hps\">otev\u0159en\u00e9ho r\u00e1mu<\/span><span class=\"hps\">,<\/span> <span class=\"hps\">p\u0159i\u010dem\u017e<\/span>\u00a0je zapot\u0159eb\u00ed\u00a0<span class=\"hps\">a\u017e o 25%<\/span> <span class=\"hps\">m\u00e9n\u011b m\u00edsta<\/span>. <span class=\"hps\">Za\u010dlen\u011bn\u00ed<\/span> <span class=\"hps\">jednoduch\u00e9ho<\/span> <span class=\"hps\">vkl\u00e1d\u00e1n\u00ed pap\u00edru<\/span>, <span class=\"hps\">pln\u011b<\/span> <span class=\"hps\">nastaviteln\u00e9 &#8211;<\/span> <span class=\"hps\">pap\u00edr o \u0161\u00ed\u0159ce<\/span> <span class=\"hps\">45 mm<\/span> <span class=\"hps atn\">(<\/span>na <span class=\"hps\">82,5 mm<\/span>), multi <span class=\"hps\">nastaviteln\u00e1 pozice <\/span><span class=\"hps\">senzoru na pap\u00edr<\/span>, obousm\u011brn\u00e9 <span class=\"hps\">zpr\u00e1vy o stavu<\/span> <span class=\"hps\">tisk\u00e1rny<\/span> <span class=\"hps\">a<\/span> <span class=\"hps\">nastaviteln\u00fd<\/span> <span class=\"hps\">horizont\u00e1ln\u00ed nebo<\/span> <span class=\"hps\">vertik\u00e1ln\u00ed<\/span> <span class=\"hps\">namontovan\u00fd<\/span> <span class=\"hps\">ovl\u00e1dac\u00ed panel<\/span>, <span class=\"hps\">TUP500<\/span> <span class=\"hps\">je v tisku velmi flexibiln\u00ed.<\/span><\/span><\/p>\n<p>&nbsp;<\/p>\n<p><span style=\"color: #3366ff;\"><strong>Vlastnosti:\u00a0<\/strong><\/span><\/p>\n<ul>\n<li><span style=\"color: #3366ff;\"><span class=\"hps\">Vysok\u00e1 rychlost<\/span>, <span class=\"hps\">n\u00e1kladov\u011b<\/span> <span class=\"hps\">efektivn\u00ed, <\/span><span class=\"hps\">vysoce kvalitn\u00ed<\/span> <span class=\"hps\">tepeln\u00e1 tisk\u00e1rna<\/span>\u00a0<span class=\"hps\">\u010d\u00e1rov\u00fdch k\u00f3d\u016f<\/span>, \u00fa\u010dtenek a <span class=\"hps\">j\u00edzdenek, kioskov\u00e9ho typu<\/span><span class=\"hps atn\">\u00a0(<\/span>a\u017e <span class=\"hps\">220 mm<\/span> <span class=\"hps\">za sekundu<\/span> <span class=\"hps\">se standardn\u00ed<\/span> <span class=\"hps\">rol\u00ed<\/span> <span class=\"hps\">15 cm<\/span> <span class=\"hps\">pap\u00edru<\/span>)<\/span><\/li>\n<li><span style=\"color: #3366ff;\"><span class=\"hps\">Pln\u011b<\/span> <span class=\"hps\">nastaviteln\u00e1<\/span>\u00a0\u0161\u00ed\u0159ka pap\u00edru\u00a0<span class=\"hps\">45 &#8211; 82,5 mm<\/span> <span class=\"hps\">se<\/span> <span class=\"hps\">samovyst\u0159ed&#8217;uj\u00edc\u00edm<\/span> <span class=\"hps\">se\u0159izova\u010dem<\/span><\/span><\/li>\n<li><span style=\"color: #3366ff;\">Pln\u011b nastaviteln\u00fd senzor do\u0161l\u00e9ho pap\u00edru<\/span><\/li>\n<li><span style=\"color: #3366ff;\">Bi-directional kontrola stavu<\/span><\/li>\n<li><span style=\"color: #3366ff;\"><span class=\"hps\">Nastaviteln\u00fd<\/span> <span class=\"hps\">horizont\u00e1ln\u00ed nebo vertik\u00e1ln\u00ed <\/span><span class=\"hps\">ovl\u00e1dac\u00ed panel<\/span> <span class=\"hps\">s roz\u0161\u00ed\u0159enou<\/span> <span class=\"hps\">d\u00e9lkou \u00a0kabel\u016f<\/span><\/span><\/li>\n<li><span style=\"color: #3366ff;\"><span class=\"hps atn\">Easy-<\/span>load <span class=\"hps\">&#8211;<\/span> <span class=\"hps\">jednodu\u0161e<\/span> <span class=\"hps\">zved\u00e1<\/span> <span class=\"hps\">a<\/span> <span class=\"hps\">nakl\u00e1n\u00ed<\/span> <span class=\"hps\">mechanismus<\/span> <span class=\"hps\">dop\u0159edu<\/span> <span class=\"hps\">pro automatick\u00e9<\/span> <span class=\"hps\">vkl\u00e1d\u00e1n\u00ed pap\u00edru<\/span><\/span><\/li>\n<\/ul>\n<p><span style=\"color: #3366ff;\"><strong>Ke sta\u017een\u00ed:<\/strong><\/span><\/p>\n<ul>\n<li><span style=\"color: #000080;\"><a style=\"color: #000080;\" href=\"http:\/\/star.starmicronics.cz\/?page_id=498\" target=\"_blank\">Produktov\u00e1 bro\u017eura<\/a><\/span><\/li>\n<li><span style=\"color: #000080;\">Manual, SDK (link to <a style=\"color: #000080;\" href=\"http:\/\/www.starmicronics.com\/support\">www.starmicronics.com\/support<\/a>)<\/span><\/li>\n<li><a href=\"http:\/\/star.starmicronics.cz\/?page_id=579\"><span style=\"color: #000080;\">Galerie obr\u00e1zk\u016f<\/span><\/a><\/li>\n<li><a href=\"https:\/\/www.youtube.com\/watch?v=sXSCsfroqI4\" target=\"_blank\"><span style=\"color: #000080;\">Video galerie<\/span><\/a><\/li>\n<li><a href=\"http:\/\/star.starmicronics.cz\/?page_id=518\"><span style=\"color: #000080;\">Na\u0161i z\u00e1kazn\u00edci<\/span><\/a><\/li>\n<li><span style=\"color: #000080;\"><a style=\"color: #000080;\" href=\"https:\/\/www.apple.com\/itunes\/\" target=\"_blank\">App Store image<\/a><\/span><\/li>\n<li><span style=\"color: #000080;\"><a style=\"color: #000080;\" href=\"https:\/\/play.google.com\/store\/apps\/details?id=com.google.android.apps.plus\" target=\"_blank\">Google Play image <\/a><\/span><\/li>\n<\/ul>\n<p><a href=\"http:\/\/star.starmicronics.cz\/wp-content\/uploads\/2015\/04\/appstore_googleplay.jpg\" rel=\"lightbox[283]\"><img loading=\"lazy\" decoding=\"async\" class=\"alignnone  wp-image-347\" src=\"http:\/\/star.starmicronics.cz\/wp-content\/uploads\/2015\/04\/appstore_googleplay-300x220.jpg\" alt=\"appstore_googleplay\" width=\"142\" height=\"104\" srcset=\"https:\/\/star.starmicronics.cz\/wp-content\/uploads\/2015\/04\/appstore_googleplay-300x220.jpg 300w, https:\/\/star.starmicronics.cz\/wp-content\/uploads\/2015\/04\/appstore_googleplay-135x100.jpg 135w, https:\/\/star.starmicronics.cz\/wp-content\/uploads\/2015\/04\/appstore_googleplay.jpg 425w\" sizes=\"auto, (max-width: 142px) 100vw, 142px\" \/><\/a><\/p>\n<p><span style=\"color: #3366ff;\"><strong>Specifikace<\/strong><\/span><\/p>\n<table style=\"height: 1243px;\" width=\"701\">\n<tbody>\n<tr>\n<td width=\"27%\"><span style=\"color: #3366ff;\">Rychlost tisku<\/span><\/td>\n<td width=\"72%\"><span style=\"color: #3366ff;\">220mm\/sec.<\/span><\/td>\n<\/tr>\n<tr>\n<td width=\"27%\"><span style=\"color: #3366ff;\">Rozli\u0161en\u00ed tisku<\/span><\/td>\n<td width=\"72%\"><span style=\"color: #3366ff;\">203 dpi<\/span><\/td>\n<\/tr>\n<tr>\n<td width=\"27%\"><span style=\"color: #3366ff;\">Po\u010det sloupc\u016f<\/span><\/td>\n<td width=\"72%\"><span style=\"color: #3366ff;\">48 \/ 64\u00a0nebo 53 \/ 71\u00a0sl.\u00a0\u00a0v z\u00e1vislosti na \u0161\u00ed\u0159ce pap\u00edru<\/span><\/td>\n<\/tr>\n<tr>\n<td width=\"27%\"><span style=\"color: #3366ff;\">Automatick\u00e1 \u0159eza\u010dka<\/span><\/td>\n<td width=\"72%\"><span style=\"color: #3366ff;\"><span style=\"color: #3366ff;\">\u00fapln\u00fd nebo \u010d\u00e1ste\u010dn\u00fd \u0159ez (gilotina), \u00fapln\u00fd pouze u<\/span>\u00a0PR500 Presenter &amp; TUP592<\/span><\/td>\n<\/tr>\n<tr>\n<td width=\"27%\"><span style=\"color: #3366ff;\">\u0160\u00ed\u0159ka pap\u00edru<\/span><\/td>\n<td width=\"72%\"><span style=\"color: #3366ff;\">45 \u2013 82.5mm nastaviteln\u00e1<\/span><\/td>\n<\/tr>\n<tr>\n<td width=\"27%\"><span style=\"color: #3366ff;\">Tlou\u0161\u0165ka<\/span><\/td>\n<td width=\"72%\"><span style=\"color: #3366ff;\">0.065 \u2013 0.15mm<\/span><\/td>\n<\/tr>\n<tr>\n<td width=\"27%\"><span style=\"color: #3366ff;\">Role pap\u00edru (pr\u016fm\u011br)<\/span><\/td>\n<td width=\"72%\"><span style=\"color: #3366ff;\">150mm (bez jin\u00e9 mo\u017enosti)<\/span><\/td>\n<\/tr>\n<tr>\n<td width=\"27%\"><span style=\"color: #3366ff;\">P\u0159\u00edslu\u0161enstv\u00ed<\/span><\/td>\n<td width=\"72%\"><span style=\"color: #3366ff;\">P\u0159\u00edstroj na skenov\u00e1n\u00ed dokument\u016f (ne pro \u0161t\u00edtky), volba blikaj\u00edc\u00edho upozorn\u011bn\u00ed pro do\u0161l\u00fd pap\u00edr<\/span><\/td>\n<\/tr>\n<tr>\n<td width=\"27%\"><span style=\"color: #3366ff;\">\u0160\u00ed\u0159ka tisku<\/span><\/td>\n<td width=\"72%\"><span style=\"color: #3366ff;\">80mm<\/span><\/td>\n<\/tr>\n<tr>\n<td width=\"27%\"><span style=\"color: #3366ff;\">Senzory<\/span><\/td>\n<td width=\"72%\"><span style=\"color: #3366ff;\">Black Mark, nastaviteln\u00fd &#8211; do\u0161l\u00fd pap\u00edr, Near End &amp; zachycen\u00ed pap\u00edru<\/span><\/td>\n<\/tr>\n<tr>\n<td width=\"27%\"><span style=\"color: #3366ff;\">Rozhran\u00ed<\/span><\/td>\n<td width=\"72%\"><span style=\"color: #3366ff;\">Dod\u00e1v\u00e1 se bez rozhran\u00ed, mo\u017enosti: 9-pin\u00a0nebo 25-Pin Serial (IFBD-HN03\u00a0nebo IFBD-HD03), Paraleln\u00ed (IFBD-HC03), USB (IFBD-HU05), Ethernet (IFBD-HE07)<\/span><\/td>\n<\/tr>\n<tr>\n<td width=\"27%\"><span style=\"color: #3366ff;\">Unique Ethernet Print on Disconnection Feature<\/span><\/td>\n<td width=\"72%\"><span style=\"color: #3366ff;\">Standardn\u00ed s mo\u017enost\u00ed\u00a0IFBD-HE07 <\/span><\/td>\n<\/tr>\n<tr>\n<td width=\"27%\"><span style=\"color: #3366ff;\">Nap\u00e1jec\u00ed zdroj<\/span><\/td>\n<td width=\"72%\"><span style=\"color: #3366ff;\">Extern\u00ed PS60A<\/span><\/td>\n<\/tr>\n<tr>\n<td width=\"27%\"><span style=\"color: #3366ff;\">Spot\u0159eba energie<\/span><\/td>\n<td width=\"72%\"><span style=\"color: #3366ff;\">1.7 Amps\u00a0tisk 0.7 Amp pohotovostn\u00ed<\/span><\/td>\n<\/tr>\n<tr>\n<td width=\"27%\"><span style=\"color: #3366ff;\">Energy Star<\/span><\/td>\n<td width=\"72%\"><span style=\"color: #3366ff;\">Extern\u00ed, Energy Star kvalifikovan\u00e1 PS60A <\/span><\/td>\n<\/tr>\n<tr>\n<td width=\"27%\"><span style=\"color: #3366ff;\">Spolehlivost<\/span><\/td>\n<td width=\"72%\"><span style=\"color: #3366ff;\">60\u00a0milion\u016f \u0159\u00e1dk\u016f,\u00a01 milion \u0159ez\u016f<\/span><\/td>\n<\/tr>\n<tr>\n<td width=\"27%\">\n<p><span style=\"color: #3366ff;\">Rozm\u011bry (\u0161 x h x v)mm <\/span><\/p>\n<p><span style=\"color: #3366ff;\">v\u00e1ha<\/span><\/td>\n<td width=\"72%\"><span style=\"color: #3366ff;\">Mechanismus: 135 x 101 x 103 Otev\u0159en\u00fd r\u00e1m: 140 x 150 x 240 2.5kg<\/span><\/td>\n<\/tr>\n<tr>\n<td width=\"27%\"><span style=\"color: #3366ff;\">Dopl\u0148kov\u00e9 funkce<\/span><\/td>\n<td width=\"72%\">\n<ul>\n<li><span style=\"color: #3366ff;\">Rozhran\u00ed<\/span><\/li>\n<li><span style=\"color: #3366ff;\">Blikaj\u00edc\u00ed zelen\u00e9 upozorn\u011bn\u00ed\u00a0&amp; LED \u010derven\u00e9 pro do\u0161l\u00fd pap\u00edr\u00a0<\/span><\/li>\n<\/ul>\n<\/td>\n<\/tr>\n<\/tbody>\n<\/table>\n<p>&nbsp;<\/p>\n<p><span style=\"color: #3366ff;\"><strong>Galerie<\/strong><\/span><\/p>\n<div id='gallery-1' class='gallery galleryid-283 gallery-columns-4 gallery-size-medium'><figure class='gallery-item'>\n\t\t\t<div class='gallery-icon landscape'>\n\t\t\t\t<a href='https:\/\/star.starmicronics.cz\/wp-content\/uploads\/2015\/04\/TUP500_group-1.jpg' rel=\"lightbox[283]\"><img loading=\"lazy\" decoding=\"async\" width=\"300\" height=\"300\" src=\"https:\/\/star.starmicronics.cz\/wp-content\/uploads\/2015\/04\/TUP500_group-1-300x300.jpg\" class=\"attachment-medium size-medium\" alt=\"\" aria-describedby=\"gallery-1-443\" srcset=\"https:\/\/star.starmicronics.cz\/wp-content\/uploads\/2015\/04\/TUP500_group-1-300x300.jpg 300w, https:\/\/star.starmicronics.cz\/wp-content\/uploads\/2015\/04\/TUP500_group-1-150x150.jpg 150w, https:\/\/star.starmicronics.cz\/wp-content\/uploads\/2015\/04\/TUP500_group-1-768x768.jpg 768w, https:\/\/star.starmicronics.cz\/wp-content\/uploads\/2015\/04\/TUP500_group-1-1024x1024.jpg 1024w\" sizes=\"auto, (max-width: 300px) 100vw, 300px\" \/><\/a>\n\t\t\t<\/div>\n\t\t\t\t<figcaption class='wp-caption-text gallery-caption' id='gallery-1-443'>\n\t\t\t\tTUP500\n\t\t\t\t<\/figcaption><\/figure><figure class='gallery-item'>\n\t\t\t<div class='gallery-icon landscape'>\n\t\t\t\t<a href='https:\/\/star.starmicronics.cz\/wp-content\/uploads\/2015\/04\/TUP500_veritcal1.jpg' rel=\"lightbox[283]\"><img loading=\"lazy\" decoding=\"async\" width=\"300\" height=\"300\" src=\"https:\/\/star.starmicronics.cz\/wp-content\/uploads\/2015\/04\/TUP500_veritcal1-300x300.jpg\" class=\"attachment-medium size-medium\" alt=\"\" aria-describedby=\"gallery-1-444\" srcset=\"https:\/\/star.starmicronics.cz\/wp-content\/uploads\/2015\/04\/TUP500_veritcal1-300x300.jpg 300w, https:\/\/star.starmicronics.cz\/wp-content\/uploads\/2015\/04\/TUP500_veritcal1-150x150.jpg 150w, https:\/\/star.starmicronics.cz\/wp-content\/uploads\/2015\/04\/TUP500_veritcal1-768x768.jpg 768w, https:\/\/star.starmicronics.cz\/wp-content\/uploads\/2015\/04\/TUP500_veritcal1-1024x1024.jpg 1024w\" sizes=\"auto, (max-width: 300px) 100vw, 300px\" \/><\/a>\n\t\t\t<\/div>\n\t\t\t\t<figcaption class='wp-caption-text gallery-caption' id='gallery-1-444'>\n\t\t\t\tTUP500 vertik\u00e1ln\u00ed\n\t\t\t\t<\/figcaption><\/figure><figure class='gallery-item'>\n\t\t\t<div class='gallery-icon landscape'>\n\t\t\t\t<a href='https:\/\/star.starmicronics.cz\/wp-content\/uploads\/2015\/04\/TUP500DP_Mini.jpg' rel=\"lightbox[283]\"><img loading=\"lazy\" decoding=\"async\" width=\"300\" height=\"300\" src=\"https:\/\/star.starmicronics.cz\/wp-content\/uploads\/2015\/04\/TUP500DP_Mini-300x300.jpg\" class=\"attachment-medium size-medium\" alt=\"\" aria-describedby=\"gallery-1-445\" srcset=\"https:\/\/star.starmicronics.cz\/wp-content\/uploads\/2015\/04\/TUP500DP_Mini-300x300.jpg 300w, https:\/\/star.starmicronics.cz\/wp-content\/uploads\/2015\/04\/TUP500DP_Mini-150x150.jpg 150w, https:\/\/star.starmicronics.cz\/wp-content\/uploads\/2015\/04\/TUP500DP_Mini-768x768.jpg 768w, https:\/\/star.starmicronics.cz\/wp-content\/uploads\/2015\/04\/TUP500DP_Mini-1024x1024.jpg 1024w\" sizes=\"auto, (max-width: 300px) 100vw, 300px\" \/><\/a>\n\t\t\t<\/div>\n\t\t\t\t<figcaption class='wp-caption-text gallery-caption' id='gallery-1-445'>\n\t\t\t\tTUP500DP mini\n\t\t\t\t<\/figcaption><\/figure><figure class='gallery-item'>\n\t\t\t<div class='gallery-icon landscape'>\n\t\t\t\t<a href='https:\/\/star.starmicronics.cz\/wp-content\/uploads\/2015\/04\/TUP500DP_vertical.jpg' rel=\"lightbox[283]\"><img loading=\"lazy\" decoding=\"async\" width=\"300\" height=\"300\" src=\"https:\/\/star.starmicronics.cz\/wp-content\/uploads\/2015\/04\/TUP500DP_vertical-300x300.jpg\" class=\"attachment-medium size-medium\" alt=\"\" aria-describedby=\"gallery-1-446\" srcset=\"https:\/\/star.starmicronics.cz\/wp-content\/uploads\/2015\/04\/TUP500DP_vertical-300x300.jpg 300w, https:\/\/star.starmicronics.cz\/wp-content\/uploads\/2015\/04\/TUP500DP_vertical-150x150.jpg 150w, https:\/\/star.starmicronics.cz\/wp-content\/uploads\/2015\/04\/TUP500DP_vertical-768x768.jpg 768w, https:\/\/star.starmicronics.cz\/wp-content\/uploads\/2015\/04\/TUP500DP_vertical-1024x1024.jpg 1024w\" sizes=\"auto, (max-width: 300px) 100vw, 300px\" \/><\/a>\n\t\t\t<\/div>\n\t\t\t\t<figcaption class='wp-caption-text gallery-caption' id='gallery-1-446'>\n\t\t\t\tTUP500DP vertik\u00e1ln\u00ed\n\t\t\t\t<\/figcaption><\/figure>\n\t\t<\/div>\n\n<p><span style=\"color: #3366ff;\"><strong>Souvisej\u00edc\u00ed produkty<\/strong><\/span><\/p>\n<div id='gallery-2' class='gallery galleryid-283 gallery-columns-4 gallery-size-medium'><figure class='gallery-item'>\n\t\t\t<div class='gallery-icon portrait'>\n\t\t\t\t<img loading=\"lazy\" decoding=\"async\" width=\"160\" height=\"230\" src=\"https:\/\/star.starmicronics.cz\/wp-content\/uploads\/2015\/04\/star_tup500dp.jpg\" class=\"attachment-medium size-medium\" alt=\"\" aria-describedby=\"gallery-2-447\" \/>\n\t\t\t<\/div>\n\t\t\t\t<figcaption class='wp-caption-text gallery-caption' id='gallery-2-447'>\n\t\t\t\tTUP500\n\t\t\t\t<\/figcaption><\/figure><figure class='gallery-item'>\n\t\t\t<div class='gallery-icon landscape'>\n\t\t\t\t<img loading=\"lazy\" decoding=\"async\" width=\"160\" height=\"129\" src=\"https:\/\/star.starmicronics.cz\/wp-content\/uploads\/2015\/04\/star_tup500dpmini.jpg\" class=\"attachment-medium size-medium\" alt=\"\" aria-describedby=\"gallery-2-448\" \/>\n\t\t\t<\/div>\n\t\t\t\t<figcaption class='wp-caption-text gallery-caption' id='gallery-2-448'>\n\t\t\t\tTUP500DP Mini\n\t\t\t\t<\/figcaption><\/figure><figure class='gallery-item'>\n\t\t\t<div class='gallery-icon portrait'>\n\t\t\t\t<img loading=\"lazy\" decoding=\"async\" width=\"160\" height=\"230\" src=\"https:\/\/star.starmicronics.cz\/wp-content\/uploads\/2015\/04\/star_tup900.jpg\" class=\"attachment-medium size-medium\" alt=\"\" aria-describedby=\"gallery-2-449\" \/>\n\t\t\t<\/div>\n\t\t\t\t<figcaption class='wp-caption-text gallery-caption' id='gallery-2-449'>\n\t\t\t\tTUP500 Kioskov\u00e1 tisk\u00e1rna\n\t\t\t\t<\/figcaption><\/figure>\n\t\t<\/div>\n\n<p>&nbsp;<\/p>\n","protected":false},"excerpt":{"rendered":"<p>TUP592 otev\u0159en\u00fd r\u00e1m\u00a0kioskov\u00e9\u00a0tisk\u00e1rny s\u00a0presenterem TUP542\u00a0otev\u0159en\u00fd r\u00e1m\u00a0kioskov\u00e9\u00a0tisk\u00e1rny bez\u00a0presenteru TUP500DP\u00a0kioskov\u00e1 tisk\u00e1rna bez chassis TUP500DP mini\u00a0kompaktn\u00ed tisk\u00e1rna\u00a0s extern\u00ed manipulac\u00ed s pap\u00edrem &nbsp; Rozhran\u00ed: Serial, Paraleln\u00ed, USB, Ethernet, WebPRNT &nbsp; Vysok\u00e1 rychlost 220mm\/sec, kioskov\u00e1 tisk\u00e1rna v modul\u00e1rn\u00edm form\u00e1tu nebo ve form\u00e1tu otev\u0159en\u00e9ho r\u00e1mu TUP500 je vysokorychlostn\u00ed, n\u00e1kladov\u011b efektivn\u00ed, otev\u0159en\u00fd r\u00e1m nebo modul\u00e1rn\u00ed form\u00e1t tisku s vynikaj\u00edc\u00ed kvalitou. Je ur\u010dena [&hellip;]<\/p>\n","protected":false},"author":1,"featured_media":0,"parent":0,"menu_order":0,"comment_status":"closed","ping_status":"open","template":"","meta":{"footnotes":"","_links_to":"","_links_to_target":""},"class_list":["post-283","page","type-page","status-publish","hentry"],"_links":{"self":[{"href":"https:\/\/star.starmicronics.cz\/index.php?rest_route=\/wp\/v2\/pages\/283","targetHints":{"allow":["GET"]}}],"collection":[{"href":"https:\/\/star.starmicronics.cz\/index.php?rest_route=\/wp\/v2\/pages"}],"about":[{"href":"https:\/\/star.starmicronics.cz\/index.php?rest_route=\/wp\/v2\/types\/page"}],"author":[{"embeddable":true,"href":"https:\/\/star.starmicronics.cz\/index.php?rest_route=\/wp\/v2\/users\/1"}],"replies":[{"embeddable":true,"href":"https:\/\/star.starmicronics.cz\/index.php?rest_route=%2Fwp%2Fv2%2Fcomments&post=283"}],"version-history":[{"count":0,"href":"https:\/\/star.starmicronics.cz\/index.php?rest_route=\/wp\/v2\/pages\/283\/revisions"}],"wp:attachment":[{"href":"https:\/\/star.starmicronics.cz\/index.php?rest_route=%2Fwp%2Fv2%2Fmedia&parent=283"}],"curies":[{"name":"wp","href":"https:\/\/api.w.org\/{rel}","templated":true}]}}