{"id":232,"date":"2015-04-23T10:48:38","date_gmt":"2015-04-23T09:48:38","guid":{"rendered":"http:\/\/star.starmicronics.cz\/?page_id=232"},"modified":"2016-05-15T21:55:59","modified_gmt":"2016-05-15T20:55:59","slug":"sm-s220i","status":"publish","type":"page","link":"https:\/\/star.starmicronics.cz\/?page_id=232","title":{"rendered":"SM-S220i"},"content":{"rendered":"<p><strong>\u00a0<\/strong><\/p>\n<figure id=\"attachment_82\" aria-describedby=\"caption-attachment-82\" style=\"width: 235px\" class=\"wp-caption alignleft\"><a href=\"http:\/\/star.starmicronics.cz\/wp-content\/uploads\/2015\/04\/SMS220i.jpg\" rel=\"lightbox[232]\"><img loading=\"lazy\" decoding=\"async\" class=\" wp-image-82\" src=\"http:\/\/star.starmicronics.cz\/wp-content\/uploads\/2015\/04\/SMS220i-300x300.jpg\" alt=\"SMS220i\" width=\"235\" height=\"235\" srcset=\"https:\/\/star.starmicronics.cz\/wp-content\/uploads\/2015\/04\/SMS220i-300x300.jpg 300w, https:\/\/star.starmicronics.cz\/wp-content\/uploads\/2015\/04\/SMS220i-150x150.jpg 150w, https:\/\/star.starmicronics.cz\/wp-content\/uploads\/2015\/04\/SMS220i.jpg 400w\" sizes=\"auto, (max-width: 235px) 100vw, 235px\" \/><\/a><figcaption id=\"caption-attachment-82\" class=\"wp-caption-text\">SMS220i<\/figcaption><\/figure>\n<p>SM-S220i Bluetooth<strong>\u00a0<\/strong><\/p>\n<p>&nbsp;<\/p>\n<p><strong>SM-S220i 2\u201d iOS, Android, Windows Bluetooth mobiln\u00ed tisk\u00e1rna<\/strong><\/p>\n<p><span class=\"hps\">58 mm<\/span> <span class=\"hps\">\/<\/span> <span class=\"hps atn\">2 &#8222;mobiln\u00ed <\/span><span class=\"hps\">Bluetooth tisk\u00e1rna<\/span>\u00a0<span class=\"hps\">schopn\u00e1<\/span> <span class=\"hps\">p\u00e1rov\u00e1n\u00ed<\/span> <span class=\"hps\">p\u0159\u00edmo<\/span> <span class=\"hps\">s<\/span> <span class=\"hps\">Apple<\/span> <span class=\"hps\">iPad\u00ae<\/span>, <span class=\"hps\">iPhone\u00ae<\/span> <span class=\"hps\">a iPod<\/span> <span class=\"hps\">touch\u00ae<\/span> <span class=\"hps\">nebo jak\u00fdmkoliv<\/span>\u00a0<span class=\"hps\">za\u0159\u00edzen\u00edm, kter\u00e9<\/span> <span class=\"hps\">podporuje<\/span> <span class=\"hps\">SPP<\/span>\u00a0<span class=\"hps\">p\u0159es Bluetooth<\/span> <span class=\"hps atn\">(<\/span>Android <span class=\"hps\">\u2122<\/span>, <span class=\"hps\">Windows<\/span> <span class=\"hps\">\u2122<\/span>, Linux <span class=\"hps\">\u2122<\/span>).<\/p>\n<p><span class=\"hps\">Kompatibiln\u00ed<\/span> <span class=\"hps\">s<\/span> <span class=\"hps\">v\u00edce opera\u010dn\u00edmi syst\u00e9my<\/span> <span class=\"hps atn\">(<\/span>Windows\u00ae, <span class=\"hps\">Android<\/span> <span class=\"hps\">\u2122<\/span>, <span class=\"hps\">Linux<\/span>, <span class=\"hps\">iOS<\/span>), <span class=\"hps\">SM<\/span><span class=\"atn\">&#8211;<\/span>S220i <span class=\"hps\">je schv\u00e1lena<\/span> <span class=\"hps\">Apple Inc.<\/span> <span class=\"hps\">s certifikac\u00ed<\/span> <span class=\"hps\">m\u011bnov\u00fdch finan\u010dn\u00edch instituc\u00ed<\/span>.SM<span class=\"atn\">&#8211;<\/span>S220i <span class=\"hps\">nab\u00edz\u00ed<\/span> <span class=\"hps\">snadn\u00e9 nastaven\u00ed<\/span> <span class=\"hps\">s<\/span> <span class=\"hps\">jednoduch\u00fdm<\/span> <span class=\"hps\">p\u0159edn\u00edm<\/span> <span class=\"hps\">ovl\u00e1dac\u00edm panelem a\u00a0umo\u017e\u0148uje<\/span> <span class=\"hps\">konfiguraci<\/span> MFi<span class=\"hps\">\u00a0nebo<\/span> <span class=\"hps\">SPP<\/span> <span class=\"hps\">re\u017eim\u016f<\/span>.<\/p>\n<p><span class=\"hps\">Jej\u00ed<\/span> <span class=\"hps\">kompaktn\u00ed rozm\u011bry<\/span> <span class=\"hps\">a<\/span> <span class=\"hps\">n\u00edzk\u00e1 hmotnost,<\/span> <span class=\"hps\">elegantn\u00ed design<\/span>, <span class=\"hps\">snadn\u00e9<\/span> <span class=\"hps atn\">&#8222;<\/span>Drop<span class=\"atn\">&#8211;<\/span>In &amp; <span class=\"hps\">Print<\/span>&#8220; <span class=\"hps\">vkl\u00e1d\u00e1n\u00ed pap\u00edru<\/span> <span class=\"hps\">a<\/span> <span class=\"hps\">tisku<\/span> <span class=\"hps\">rychlost\u00ed a\u017e<\/span> <span class=\"hps\">80 mm<\/span> <span class=\"hps\">\/s. M<\/span>obiln\u00ed <span class=\"hps\">tisk\u00e1rna<\/span> <span class=\"hps\">ide\u00e1ln\u00ed pro<\/span> <span class=\"hps\">\u0161irokou \u0161k\u00e1lu<\/span> <span class=\"hps\">aplikac\u00ed od<\/span> <span class=\"hps\">fronty<\/span> <span class=\"hps\">v<\/span> <span class=\"hps\">maloobchodu a pohostinstv\u00ed<\/span>, <span class=\"hps\">mobiln\u00ed<\/span> <span class=\"hps\">pos<\/span> <span class=\"hps\">,<\/span> <span class=\"hps\">pop<\/span><span class=\"atn\">&#8211;<\/span>up <span class=\"hps\">obchody,<\/span> <span class=\"hps\">logistick\u00e9 a skladov\u00e9<\/span> <span class=\"hps\">aplikace, tak i<\/span>\u00a0mobiln\u00ed\u00a0<span class=\"hps\">dod\u00e1vky do dom\u00e1cnost\u00ed<\/span>.<\/p>\n<p>SM<span class=\"atn\">&#8211;<\/span>S220i <span class=\"hps\">nab\u00edz\u00ed<\/span>\u00a0i<span class=\"hps\">\u00a0s<\/span>\u00a0<span class=\"hps\">magnetickou \u010dte\u010dkou<\/span><span class=\"hps\"> a<\/span> <span class=\"hps\">du\u00e1ln\u00ed<\/span> <span class=\"hps\">s\u00e9riov\u00e9 porty<\/span> <span class=\"hps\">pro<\/span> <span class=\"hps\">p\u0159ipojen\u00ed<\/span> <span class=\"hps\">pin<\/span> <span class=\"hps\">k\u00f3d \/<\/span> <span class=\"hps\">NFC<\/span> <span class=\"hps\">platby<\/span> <span class=\"hps\">za\u0159\u00edzen\u00ed<\/span> <span class=\"hps\">podle pot\u0159eby<\/span>. <span class=\"hps\">Je tak\u00e9 vybavena<\/span> <span class=\"hps\">mod\u0159e podsv\u00edcen\u00fdm<\/span> <span class=\"hps\">jasn\u00fdm<\/span> <span class=\"hps\">LCD displejem<\/span> <span class=\"hps\">a<\/span> <span class=\"hps\">re\u017eimem automatick\u00e9ho<\/span> <span class=\"hps\">sp\u00e1nku<\/span> <span class=\"hps\">pro<\/span> <span class=\"hps\">33<\/span>% <span class=\"hps\">del\u0161\u00ed \u017eivotnost<\/span> <span class=\"hps\">bateri\u00ed<\/span>.<\/p>\n<p>&nbsp;<\/p>\n<p><strong>Vlastnosti:<\/strong><\/p>\n<ul>\n<li>MFi certifikace\u00a0\u2013 p\u00e1rov\u00e1no s iPadem. iPhonem a iPodem Touch stejn\u011b tak, jako Bluetooth <span class=\"hps\">za\u0159\u00edzen\u00ed vyu\u017e\u00edvaj\u00edc\u00ed<\/span> <span class=\"hps\">SPP<\/span> <span class=\"hps\">s<\/span> <span class=\"hps\">kabelov\u00fdm<\/span> <span class=\"hps\">s\u00e9riov\u00fdm p\u0159ipojen\u00edm<\/span> <span class=\"hps\">RS-232<\/span><\/li>\n<li>Vysok\u00e9\u00a0<span class=\"hps\">rozli\u0161en\u00ed<\/span> <span class=\"hps\">203dpi<\/span>\u00a0s <span class=\"hps\">80 mm<\/span> <span class=\"hps\">\/ <\/span><span class=\"hps\">rychlost\u00ed tisku<\/span>\u00a0a<span class=\"hps\"> rychlou<\/span> <span class=\"hps\">propustnost\u00ed<\/span><\/li>\n<li><span class=\"hps\">Dva<\/span> <span class=\"hps\">s\u00e9riov\u00e9 porty<\/span> <span class=\"hps\">poskytuj\u00ed<\/span> <span class=\"hps\">RS<\/span><span class=\"atn\">&#8211;<\/span>232 <span class=\"hps\">proch\u00e1zen\u00ed<\/span> <span class=\"hps\">funkc\u00ed pro<\/span> <span class=\"hps\">p\u0159\u00edpadn\u00e9 spojen\u00ed<\/span> <span class=\"hps\">Pin<\/span><span class=\"atn\">&#8211;<\/span>Pad, <span class=\"hps\">NFC<\/span> <span class=\"hps\">kod\u00e9r<\/span> <span class=\"hps\">\/<\/span> <span class=\"hps\">dekod\u00e9r<\/span>, jak je po\u017eadov\u00e1no<\/li>\n<li><span class=\"hps\">LCD<\/span> <span class=\"hps\">displej a<\/span> <span class=\"hps\">pohodln\u00e9<\/span> nastaven\u00ed <span class=\"hps\">automatick\u00e9ho<\/span> <span class=\"hps\">re\u017eimu sp\u00e1nku<\/span> <span class=\"hps\">pro<\/span> <span class=\"hps\">prodlou\u017eenou<\/span> <span class=\"hps\">\u017eivotnost baterie<\/span><\/li>\n<li><span class=\"hps\">8 hodin<\/span> \u017e<span class=\"hps\">ivotnost<\/span> <span class=\"hps\">baterie<\/span> p\u0159i <span class=\"hps\">tisku<\/span> <span class=\"hps\">v 5<\/span> <span class=\"hps\">minutov\u00fdch intervalech<\/span><\/li>\n<\/ul>\n<p><strong>Ke sta\u017een\u00ed:<\/strong><\/p>\n<ul>\n<li><a href=\"http:\/\/star.starmicronics.cz\/?page_id=498\" target=\"_blank\">Produktov\u00e1 bro\u017eura<\/a><\/li>\n<li>Manual, SDK (link to <a href=\"http:\/\/www.starmicronics.com\/support\">www.starmicronics.com\/support<\/a>)<\/li>\n<li><a href=\"http:\/\/star.starmicronics.cz\/?page_id=579\">Galerie obr\u00e1zk\u016f<\/a><\/li>\n<li><a href=\"https:\/\/www.youtube.com\/watch?v=0kcP43XOHG4\" target=\"_blank\">Video galerie<\/a><\/li>\n<li><a href=\"http:\/\/star.starmicronics.cz\/?page_id=518\">Na\u0161i z\u00e1kazn\u00edci<\/a><\/li>\n<li><a href=\"https:\/\/www.apple.com\/itunes\/\" target=\"_blank\">App Store image <\/a><\/li>\n<li><a href=\"https:\/\/play.google.com\/store\/apps\/details?id=com.google.android.apps.plus\" target=\"_blank\">Google Play image <\/a><\/li>\n<\/ul>\n<p><a href=\"http:\/\/star.starmicronics.cz\/wp-content\/uploads\/2015\/04\/appstore_googleplay.jpg\" rel=\"lightbox[232]\"><img loading=\"lazy\" decoding=\"async\" class=\"alignnone wp-image-347\" src=\"http:\/\/star.starmicronics.cz\/wp-content\/uploads\/2015\/04\/appstore_googleplay-300x220.jpg\" alt=\"appstore_googleplay\" width=\"136\" height=\"100\" srcset=\"https:\/\/star.starmicronics.cz\/wp-content\/uploads\/2015\/04\/appstore_googleplay-300x220.jpg 300w, https:\/\/star.starmicronics.cz\/wp-content\/uploads\/2015\/04\/appstore_googleplay-135x100.jpg 135w, https:\/\/star.starmicronics.cz\/wp-content\/uploads\/2015\/04\/appstore_googleplay.jpg 425w\" sizes=\"auto, (max-width: 136px) 100vw, 136px\" \/><\/a><\/p>\n<p><strong>Specifikace<\/strong><\/p>\n<table style=\"height: 1391px;\" width=\"525\">\n<tbody>\n<tr>\n<td>Rychlost tisku<\/td>\n<td width=\"52%\">80mm\/sec.<\/td>\n<\/tr>\n<tr>\n<td>Rozli\u0161en\u00ed tisku<\/td>\n<td width=\"52%\">203 dpi<\/td>\n<\/tr>\n<tr>\n<td>Po\u010det sloupc\u016f<\/td>\n<td width=\"52%\">42 sl.<\/td>\n<\/tr>\n<tr>\n<td>Automatick\u00e1 \u0159eza\u010dka<\/td>\n<td width=\"52%\">Odtrh\u00e1vac\u00ed li\u0161ta<\/td>\n<\/tr>\n<tr>\n<td>\u0160\u00ed\u0159ka pap\u00edru<\/td>\n<td width=\"52%\">58mm<\/td>\n<\/tr>\n<tr>\n<td>Tlou\u0161\u0165ka<\/td>\n<td width=\"52%\">0.06 \u2013 0.07mm<\/td>\n<\/tr>\n<tr>\n<td>Role pap\u00edru (pr\u016fm\u011br)<\/td>\n<td width=\"52%\">40mm<\/td>\n<\/tr>\n<tr>\n<td>P\u0159\u00edslu\u0161enstv\u00ed<\/td>\n<td width=\"52%\"><span class=\"hps\">Horizont\u00e1ln\u00ed<\/span> <span class=\"hps\">nebo vertik\u00e1ln\u00ed stojan<\/span>\u00a0<span class=\"hps\">s<\/span> <span class=\"hps\">p\u00e1sov\u00fdm<\/span> <span class=\"hps\">popruhem<\/span><\/td>\n<\/tr>\n<tr>\n<td>\u0160\u00ed\u0159ka tisku<\/td>\n<td width=\"52%\">48mm<\/td>\n<\/tr>\n<tr>\n<td>Senzory<\/td>\n<td width=\"52%\">Black Mark, Otev\u0159en\u00fd kryt a do\u0161l\u00fd pap\u00edr<\/td>\n<\/tr>\n<tr>\n<td>Rozhran\u00ed<\/td>\n<td width=\"52%\">Bluetooth (2.1), iOS (MFi), Serial (kabel je sou\u010d\u00e1st\u00ed balen\u00ed)<\/td>\n<\/tr>\n<tr>\n<td>Odolnost v\u016f\u010di p\u00e1du<\/td>\n<td width=\"52%\">1.2m<\/td>\n<\/tr>\n<tr>\n<td>Nap\u00e1jec\u00ed zdroj<\/td>\n<td width=\"52%\"><span class=\"hps\">AC<\/span> <span class=\"hps\">nab\u00edje\u010dka<\/span> <span class=\"hps\">a<\/span> <span class=\"hps\">baterie<\/span> <span class=\"hps\">zahrnuty<\/span><\/td>\n<\/tr>\n<tr>\n<td>Nap\u00e1jen\u00ed\/\u017eivotnost baterie<\/td>\n<td width=\"52%\"><span class=\"hps\">7.4V<\/span> <span class=\"hps\">Nab\u00edjec\u00ed<\/span> <span class=\"hps\">baterie<\/span> <span class=\"hps\">nab\u00edz\u00ed<\/span> <span class=\"hps\">8 hodinov\u00fd<\/span> <span class=\"hps\">tisk<\/span> <span class=\"hps\">v 5<\/span> <span class=\"hps\">minutov\u00fdch intervalech<\/span><\/td>\n<\/tr>\n<tr>\n<td>Spolehlivost<\/td>\n<td width=\"52%\">50km<\/td>\n<\/tr>\n<tr>\n<td>Rozm\u011bry (\u0161 x h x v)mm a v\u00e1ha<\/td>\n<td width=\"52%\">81 x 139 x 46 288g (v\u010detn\u011b baterie)<\/td>\n<\/tr>\n<tr>\n<td>V cen\u011b p\u0159i n\u00e1kupu<\/td>\n<td width=\"52%\">\n<ul>\n<li>baterie<\/li>\n<li>vzorek role pap\u00edru<\/li>\n<li>spona na opasek<\/li>\n<li>s\u00e9riov\u00fd kabel<\/li>\n<li>nab\u00edje\u010dka<\/li>\n<li>bezpe\u010dnostn\u00ed pokyny<\/li>\n<\/ul>\n<\/td>\n<\/tr>\n<tr>\n<td>Dopl\u0148kov\u00e9 funkce<\/td>\n<td width=\"52%\">\n<ul>\n<li>4 jednotkov\u00e1 nab\u00edje\u010dka<\/li>\n<li>samostatn\u00e1 nab\u00edje\u010dka<\/li>\n<li>extra baterie<\/li>\n<li>nab\u00edje\u010dka do auta<\/li>\n<li>Star WebPRNT prohl\u00ed\u017ee\u010d &#8211; aplikace ke sta\u017een\u00ed<\/li>\n<\/ul>\n<\/td>\n<\/tr>\n<\/tbody>\n<\/table>\n<p>&nbsp;<\/p>\n<p><strong>Galerie<\/strong><\/p>\n<div id='gallery-1' class='gallery galleryid-232 gallery-columns-3 gallery-size-medium'><figure class='gallery-item'>\n\t\t\t<div class='gallery-icon landscape'>\n\t\t\t\t<a href='https:\/\/star.starmicronics.cz\/wp-content\/uploads\/2015\/04\/SM-S220i.jpg' rel=\"lightbox[232]\"><img loading=\"lazy\" decoding=\"async\" width=\"300\" height=\"300\" src=\"https:\/\/star.starmicronics.cz\/wp-content\/uploads\/2015\/04\/SM-S220i-300x300.jpg\" class=\"attachment-medium size-medium\" alt=\"\" aria-describedby=\"gallery-1-424\" srcset=\"https:\/\/star.starmicronics.cz\/wp-content\/uploads\/2015\/04\/SM-S220i-300x300.jpg 300w, https:\/\/star.starmicronics.cz\/wp-content\/uploads\/2015\/04\/SM-S220i-150x150.jpg 150w, https:\/\/star.starmicronics.cz\/wp-content\/uploads\/2015\/04\/SM-S220i-768x768.jpg 768w, https:\/\/star.starmicronics.cz\/wp-content\/uploads\/2015\/04\/SM-S220i-1024x1024.jpg 1024w\" sizes=\"auto, (max-width: 300px) 100vw, 300px\" \/><\/a>\n\t\t\t<\/div>\n\t\t\t\t<figcaption class='wp-caption-text gallery-caption' id='gallery-1-424'>\n\t\t\t\tSM-S220i\n\t\t\t\t<\/figcaption><\/figure><figure class='gallery-item'>\n\t\t\t<div class='gallery-icon landscape'>\n\t\t\t\t<a href='https:\/\/star.starmicronics.cz\/wp-content\/uploads\/2015\/04\/SMS220i_Bluetooth_connection.jpg' rel=\"lightbox[232]\"><img loading=\"lazy\" decoding=\"async\" width=\"300\" height=\"299\" src=\"https:\/\/star.starmicronics.cz\/wp-content\/uploads\/2015\/04\/SMS220i_Bluetooth_connection-300x299.jpg\" class=\"attachment-medium size-medium\" alt=\"\" aria-describedby=\"gallery-1-425\" srcset=\"https:\/\/star.starmicronics.cz\/wp-content\/uploads\/2015\/04\/SMS220i_Bluetooth_connection.jpg 300w, https:\/\/star.starmicronics.cz\/wp-content\/uploads\/2015\/04\/SMS220i_Bluetooth_connection-150x150.jpg 150w\" sizes=\"auto, (max-width: 300px) 100vw, 300px\" \/><\/a>\n\t\t\t<\/div>\n\t\t\t\t<figcaption class='wp-caption-text gallery-caption' id='gallery-1-425'>\n\t\t\t\tSM-S220i Bluetooth p\u0159ipojen\u00ed\n\t\t\t\t<\/figcaption><\/figure><figure class='gallery-item'>\n\t\t\t<div class='gallery-icon landscape'>\n\t\t\t\t<a href='https:\/\/star.starmicronics.cz\/wp-content\/uploads\/2015\/04\/SM-S220i_paperload.jpg' rel=\"lightbox[232]\"><img loading=\"lazy\" decoding=\"async\" width=\"300\" height=\"300\" src=\"https:\/\/star.starmicronics.cz\/wp-content\/uploads\/2015\/04\/SM-S220i_paperload-300x300.jpg\" class=\"attachment-medium size-medium\" alt=\"\" aria-describedby=\"gallery-1-426\" srcset=\"https:\/\/star.starmicronics.cz\/wp-content\/uploads\/2015\/04\/SM-S220i_paperload-300x300.jpg 300w, https:\/\/star.starmicronics.cz\/wp-content\/uploads\/2015\/04\/SM-S220i_paperload-150x150.jpg 150w, https:\/\/star.starmicronics.cz\/wp-content\/uploads\/2015\/04\/SM-S220i_paperload-768x768.jpg 768w, https:\/\/star.starmicronics.cz\/wp-content\/uploads\/2015\/04\/SM-S220i_paperload-1024x1024.jpg 1024w\" sizes=\"auto, (max-width: 300px) 100vw, 300px\" \/><\/a>\n\t\t\t<\/div>\n\t\t\t\t<figcaption class='wp-caption-text gallery-caption' id='gallery-1-426'>\n\t\t\t\tSM-S220i\n\t\t\t\t<\/figcaption><\/figure>\n\t\t<\/div>\n\n<p>&nbsp;<\/p>\n<p><strong>\u00a0<\/strong><\/p>\n<p><strong>Souvisej\u00edc\u00ed produkty<\/strong><\/p>\n<p>&nbsp;<\/p>\n<p>&nbsp;<\/p>\n","protected":false},"excerpt":{"rendered":"<p>\u00a0 SM-S220i Bluetooth\u00a0 &nbsp; SM-S220i 2\u201d iOS, Android, Windows Bluetooth mobiln\u00ed tisk\u00e1rna 58 mm \/ 2 &#8222;mobiln\u00ed Bluetooth tisk\u00e1rna\u00a0schopn\u00e1 p\u00e1rov\u00e1n\u00ed p\u0159\u00edmo s Apple iPad\u00ae, iPhone\u00ae a iPod touch\u00ae nebo jak\u00fdmkoliv\u00a0za\u0159\u00edzen\u00edm, kter\u00e9 podporuje SPP\u00a0p\u0159es Bluetooth (Android \u2122, Windows \u2122, Linux \u2122). Kompatibiln\u00ed s v\u00edce opera\u010dn\u00edmi syst\u00e9my (Windows\u00ae, Android \u2122, Linux, iOS), SM&#8211;S220i je schv\u00e1lena Apple Inc. [&hellip;]<\/p>\n","protected":false},"author":1,"featured_media":82,"parent":0,"menu_order":0,"comment_status":"closed","ping_status":"open","template":"","meta":{"footnotes":"","_links_to":"","_links_to_target":""},"class_list":["post-232","page","type-page","status-publish","has-post-thumbnail","hentry"],"_links":{"self":[{"href":"https:\/\/star.starmicronics.cz\/index.php?rest_route=\/wp\/v2\/pages\/232","targetHints":{"allow":["GET"]}}],"collection":[{"href":"https:\/\/star.starmicronics.cz\/index.php?rest_route=\/wp\/v2\/pages"}],"about":[{"href":"https:\/\/star.starmicronics.cz\/index.php?rest_route=\/wp\/v2\/types\/page"}],"author":[{"embeddable":true,"href":"https:\/\/star.starmicronics.cz\/index.php?rest_route=\/wp\/v2\/users\/1"}],"replies":[{"embeddable":true,"href":"https:\/\/star.starmicronics.cz\/index.php?rest_route=%2Fwp%2Fv2%2Fcomments&post=232"}],"version-history":[{"count":1,"href":"https:\/\/star.starmicronics.cz\/index.php?rest_route=\/wp\/v2\/pages\/232\/revisions"}],"predecessor-version":[{"id":1633,"href":"https:\/\/star.starmicronics.cz\/index.php?rest_route=\/wp\/v2\/pages\/232\/revisions\/1633"}],"wp:featuredmedia":[{"embeddable":true,"href":"https:\/\/star.starmicronics.cz\/index.php?rest_route=\/wp\/v2\/media\/82"}],"wp:attachment":[{"href":"https:\/\/star.starmicronics.cz\/index.php?rest_route=%2Fwp%2Fv2%2Fmedia&parent=232"}],"curies":[{"name":"wp","href":"https:\/\/api.w.org\/{rel}","templated":true}]}}