{"id":224,"date":"2015-04-23T09:19:47","date_gmt":"2015-04-23T08:19:47","guid":{"rendered":"http:\/\/star.starmicronics.cz\/?page_id=224"},"modified":"2016-05-05T15:53:12","modified_gmt":"2016-05-05T14:53:12","slug":"tsp1000","status":"publish","type":"page","link":"https:\/\/star.starmicronics.cz\/?page_id=224","title":{"rendered":"TSP1000"},"content":{"rendered":"<figure id=\"attachment_411\" aria-describedby=\"caption-attachment-411\" style=\"width: 245px\" class=\"wp-caption alignleft\"><a href=\"http:\/\/star.starmicronics.cz\/wp-content\/uploads\/2015\/04\/TSP1000_paperload-1.jpg\" rel=\"lightbox[224]\"><img loading=\"lazy\" decoding=\"async\" class=\" wp-image-411\" src=\"http:\/\/star.starmicronics.cz\/wp-content\/uploads\/2015\/04\/TSP1000_paperload-1-300x300.jpg\" alt=\"TSP1000\" width=\"245\" height=\"245\" srcset=\"https:\/\/star.starmicronics.cz\/wp-content\/uploads\/2015\/04\/TSP1000_paperload-1-300x300.jpg 300w, https:\/\/star.starmicronics.cz\/wp-content\/uploads\/2015\/04\/TSP1000_paperload-1-150x150.jpg 150w, https:\/\/star.starmicronics.cz\/wp-content\/uploads\/2015\/04\/TSP1000_paperload-1-768x768.jpg 768w, https:\/\/star.starmicronics.cz\/wp-content\/uploads\/2015\/04\/TSP1000_paperload-1-1024x1024.jpg 1024w, https:\/\/star.starmicronics.cz\/wp-content\/uploads\/2015\/04\/TSP1000_paperload-1.jpg 1883w\" sizes=\"auto, (max-width: 245px) 100vw, 245px\" \/><\/a><figcaption id=\"caption-attachment-411\" class=\"wp-caption-text\">TSP1000<\/figcaption><\/figure>\n<p><span style=\"color: #3366ff;\">TSP1043 Serial<\/span><\/p>\n<p><span style=\"color: #3366ff;\">TSP1043C Paraleln\u00ed<\/span><\/p>\n<p><span style=\"color: #3366ff;\">TSP1043U USB<\/span><\/p>\n<p><span style=\"color: #3366ff;\">TSP1043 Bez rozhran\u00ed<\/span><\/p>\n<p>&nbsp;<\/p>\n<p><span style=\"color: #3366ff;\">Ethernet a\u00a0Wifi\u00a0\u00a0<\/span><\/p>\n<p>&nbsp;<\/p>\n<p><span style=\"color: #3366ff;\"><strong>TSP1000 Spolehliv\u00e1 vysokokapacitn\u00ed tisk\u00e1rna vhodn\u00e1 k tisku j\u00edzdenek a tiket\u016f<\/strong><\/span><\/p>\n<p><span style=\"color: #3366ff;\"><span class=\"hps\">Pokud hled\u00e1te n\u00edzkon\u00e1kladovou<\/span>, <span class=\"hps\">spolehlivou<\/span> <span class=\"hps\">tisk\u00e1rnu<\/span> <span class=\"hps\">vstupenek <\/span><span class=\"hps\">s<\/span> <span class=\"hps\">velmi<\/span> <span class=\"hps\">vysokou<\/span> <span class=\"hps\">kapacitou pap\u00edru<\/span> <span class=\"hps\">(a\u017e do<\/span> <span class=\"hps\">18 cm<\/span> <span class=\"hps\">pr\u016fm\u011br role<\/span> <span class=\"hps\">pap\u00edru)<\/span>, <span class=\"hps\">pak<\/span> <span class=\"hps\">TSP1000<\/span> <span class=\"hps\">je pro v\u00e1s<\/span>. <span class=\"hps\">D\u00edky unik\u00e1tn\u00edmu<\/span> zaklada\u010di vstupenek a\u017e pro 30 kus\u016f, co\u017e spad\u00e1 do standardn\u00edho vybaven\u00ed t\u00e9to tisk\u00e1rny. <span class=\"hps\">TSP1000<\/span> <span class=\"hps\">je ide\u00e1ln\u00ed jako<\/span> <span class=\"hps\">tisk\u00e1rna<\/span> <span class=\"hps\">vstupenek<\/span> <span class=\"hps\">pro<\/span> <span class=\"hps\">kina<\/span>, <span class=\"hps\">z\u00e1bavn\u00ed parky<\/span> <span class=\"hps\">a<\/span> <span class=\"hps\">turistick\u00e9 atrakce.<\/span><\/span><\/p>\n<p><span style=\"color: #3366ff;\">Velk\u00e1 <span class=\"hps\">kapacita rol\u00ed<\/span>\u00a0<span class=\"hps\">pap\u00edru<\/span> <span class=\"hps\">a jedine\u010dn\u00e9<\/span> <span class=\"hps\">funkce zabezpe\u010den\u00ed<\/span> <span class=\"hps\">znamenaj\u00ed, \u017ee<\/span>\u00a0<span class=\"hps\">TSP1000<\/span> <span class=\"hps\">m\u016f\u017ee b\u00fdt integrov\u00e1na,<\/span> <span class=\"hps\">jako<\/span> loterijn\u00ed tisk\u00e1rna.\u00a0 <span class=\"hps\">TSP1000 d\u00edky snadn\u00e9mu pou\u017e\u00edv\u00e1n\u00ed a spolehlivosti <\/span>\u00a0<span class=\"hps\">m\u016f\u017ee b\u00fdt pou\u017eita,<\/span> <span class=\"hps\">jako<\/span> <span class=\"hps\">kuchy\u0148sk\u00e1<\/span> <span class=\"hps\">tisk\u00e1rna<\/span> <span class=\"hps\">s<\/span> <span class=\"hps\">voliteln\u00fdm<\/span> <span class=\"hps\">sign\u00e1lem bud\u00edku<\/span> <span class=\"hps\">pro v\u00edce<\/span> <span class=\"hps\">objedn\u00e1vek<\/span>, atd.<\/span><\/p>\n<p>&nbsp;<\/p>\n<p><span style=\"color: #3366ff;\"><strong>Vlastnosti:\u00a0<\/strong><\/span><\/p>\n<ul>\n<li><span style=\"color: #3366ff;\"><span class=\"hps\">Vysok\u00e1 rychlost,<\/span> <span class=\"hps\">v\u00fdkon<\/span> <span class=\"hps\">a\u017e<\/span> <span class=\"hps\">180 mm<\/span> <span class=\"hps\">za sekundu<\/span><\/span><\/li>\n<li><span style=\"color: #3366ff;\">\u201cDrop-In &amp; Print\u201d, snadn\u00e9 zakl\u00e1d\u00e1n\u00ed pap\u00edru<\/span><\/li>\n<li><span style=\"color: #3366ff;\"><span class=\"hps\">Velk\u00e1 kapacita rol\u00ed pap\u00edru<\/span> <span class=\"hps atn\">(<\/span>a\u017e do pr\u016fm\u011bru <span class=\"hps\">180 mm<\/span>) <\/span><\/li>\n<li><span style=\"color: #3366ff;\"><span class=\"hps\">Zaklada\u010d l\u00edstk\u016f<\/span>\u00a0<span class=\"hps\">sou\u010d\u00e1st\u00ed standardn\u00ed v\u00fdbavy<\/span> <span class=\"hps atn\">(<\/span>a\u017e 30 <span class=\"hps\">vstupenek<\/span>)<\/span><\/li>\n<li><span style=\"color: #3366ff;\">N\u00e1sobek\u00a0<span class=\"hps\">\u0161\u00ed\u0159ky pap\u00edru<\/span> <span class=\"hps atn\">(<\/span>45 &#8211; 82,5 mm <span class=\"hps\">nastaviteln\u00e1<\/span>)<\/span><\/li>\n<li><span style=\"color: #3366ff;\">\u0158eza\u010dka<\/span><\/li>\n<li><span style=\"color: #3366ff;\"><span class=\"hps\">Variabiln\u00ed<\/span> <span class=\"hps\">poloha<\/span>, <span class=\"hps\">vysoce kvalitn\u00ed<\/span> <span class=\"hps\">senzor black mark<\/span><\/span><\/li>\n<\/ul>\n<p><span style=\"color: #3366ff;\">\u00a0<\/span><\/p>\n<p><span style=\"color: #3366ff;\"><strong>Ke sta\u017een\u00ed:<\/strong><\/span><\/p>\n<ul>\n<li><span style=\"color: #000080;\"><a style=\"color: #000080;\" href=\"http:\/\/star.starmicronics.cz\/?page_id=498\" target=\"_blank\">Produktov\u00e1 bro\u017eura<\/a><\/span><\/li>\n<li><span style=\"color: #000080;\">Manual, SDK (link to <a style=\"color: #000080;\" href=\"http:\/\/www.starmicronics.com\/support\">www.starmicronics.com\/support<\/a>)<\/span><\/li>\n<li><a href=\"http:\/\/star.starmicronics.cz\/?page_id=579\"><span style=\"color: #000080;\">Galerie obr\u00e1zk\u016f<\/span><\/a><\/li>\n<li><a href=\"https:\/\/www.youtube.com\/watch?v=Yn9MAMskFHg\" target=\"_blank\"><span style=\"color: #000080;\">Video galerie<\/span><\/a><\/li>\n<li><a href=\"http:\/\/star.starmicronics.cz\/?page_id=518\"><span style=\"color: #000080;\">Na\u0161i z\u00e1kazn\u00edci<\/span><\/a><\/li>\n<\/ul>\n<p><a href=\"http:\/\/star.starmicronics.cz\/wp-content\/uploads\/2015\/04\/appstore_googleplay.jpg\" rel=\"lightbox[224]\"><img loading=\"lazy\" decoding=\"async\" class=\"alignnone  wp-image-347\" src=\"http:\/\/star.starmicronics.cz\/wp-content\/uploads\/2015\/04\/appstore_googleplay-300x220.jpg\" alt=\"appstore_googleplay\" width=\"135\" height=\"99\" srcset=\"https:\/\/star.starmicronics.cz\/wp-content\/uploads\/2015\/04\/appstore_googleplay-300x220.jpg 300w, https:\/\/star.starmicronics.cz\/wp-content\/uploads\/2015\/04\/appstore_googleplay-135x100.jpg 135w, https:\/\/star.starmicronics.cz\/wp-content\/uploads\/2015\/04\/appstore_googleplay.jpg 425w\" sizes=\"auto, (max-width: 135px) 100vw, 135px\" \/><\/a><\/p>\n<p><span style=\"color: #3366ff;\"><strong>Specifikace<\/strong><\/span><\/p>\n<table style=\"height: 1266px;\" width=\"495\">\n<tbody>\n<tr>\n<td width=\"39%\"><span style=\"color: #3366ff;\">Rychlost tisku<\/span><\/td>\n<td width=\"60%\"><span style=\"color: #3366ff;\">180mm\/sec.<\/span><\/td>\n<\/tr>\n<tr>\n<td width=\"39%\"><span style=\"color: #3366ff;\">Rozli\u0161en\u00ed tisku<\/span><\/td>\n<td width=\"60%\"><span style=\"color: #3366ff;\">203 dpi<\/span><\/td>\n<\/tr>\n<tr>\n<td width=\"39%\"><span style=\"color: #3366ff;\">Po\u010det sloupc\u016f<\/span><\/td>\n<td width=\"60%\"><span style=\"color: #3366ff;\">48 \/ 64 nebo 53 \/ 71\u00a0sl. <span style=\"color: #3366ff;\">v z\u00e1vislosti na \u0161\u00ed\u0159ce pap\u00edru<\/span><\/span><\/td>\n<\/tr>\n<tr>\n<td width=\"39%\"><span style=\"color: #3366ff;\">Automatick\u00e1 \u0159eza\u010dka<\/span><\/td>\n<td width=\"60%\"><span style=\"color: #3366ff;\">\u00dapln\u00fd \u0159ez (gilotina)<\/span><\/td>\n<\/tr>\n<tr>\n<td width=\"39%\"><span style=\"color: #3366ff;\">\u0160\u00ed\u0159ka pap\u00edru<\/span><\/td>\n<td width=\"60%\"><span style=\"color: #3366ff;\">45 \u2013 82.5mm nastaviteln\u00e1<\/span><\/td>\n<\/tr>\n<tr>\n<td width=\"39%\"><span style=\"color: #3366ff;\">Tlou\u0161\u0165ka<\/span><\/td>\n<td width=\"60%\"><span style=\"color: #3366ff;\">0.065 \u2013 0.15mm<\/span><\/td>\n<\/tr>\n<tr>\n<td width=\"39%\"><span style=\"color: #3366ff;\">Role pap\u00edru (pr\u016fm\u011br)<\/span><\/td>\n<td width=\"60%\"><span style=\"color: #3366ff;\">180mm<\/span><\/td>\n<\/tr>\n<tr>\n<td width=\"39%\"><span style=\"color: #3366ff;\">P\u0159\u00edslu\u0161enstv\u00ed<\/span><\/td>\n<td width=\"60%\"><span style=\"color: #3366ff;\">30 \u00fa\u010dtenek\/j\u00edzdenek<\/span><\/td>\n<\/tr>\n<tr>\n<td width=\"39%\"><span style=\"color: #3366ff;\">\u0160\u00ed\u0159ka tisku<\/span><\/td>\n<td width=\"60%\"><span style=\"color: #3366ff;\">80mm<\/span><\/td>\n<\/tr>\n<tr>\n<td width=\"39%\"><span style=\"color: #3366ff;\">Senzory<\/span><\/td>\n<td width=\"60%\"><span style=\"color: #3366ff;\">Do\u0161l\u00fd pap\u00edr, Near End &amp; Stacker<\/span><\/td>\n<\/tr>\n<tr>\n<td width=\"39%\"><span style=\"color: #3366ff;\">Rozhran\u00ed<\/span><\/td>\n<td width=\"60%\"><span style=\"color: #3366ff;\">Serial, Paraleln\u00ed, USB\u00a0jako Standard. Ethernet. 3rd Party WiFi \/ Bluetooth <\/span><\/td>\n<\/tr>\n<tr>\n<td width=\"39%\"><span style=\"color: #3366ff;\">Unique Ethernet Print on Disconnection Feature<\/span><\/td>\n<td width=\"60%\"><span style=\"color: #3366ff;\">Standardn\u00ed\u00a0s\u00a0IFBD-HE08<\/span><\/td>\n<\/tr>\n<tr>\n<td width=\"39%\"><span style=\"color: #3366ff;\">Nap\u00e1jec\u00ed zdroj<\/span><\/td>\n<td width=\"60%\"><span style=\"color: #3366ff;\">Extern\u00ed PS60A<\/span><\/td>\n<\/tr>\n<tr>\n<td width=\"39%\"><span style=\"color: #3366ff;\">Spot\u0159eba energie<\/span><\/td>\n<td width=\"60%\"><span style=\"color: #3366ff;\">2.0 Amps\u00a0tisk 0.1 Amps pohotovostn\u00ed<\/span><\/td>\n<\/tr>\n<tr>\n<td width=\"39%\"><span style=\"color: #3366ff;\">Energy Star<\/span><\/td>\n<td width=\"60%\"><span style=\"color: #3366ff;\">\u00a0<\/span><\/td>\n<\/tr>\n<tr>\n<td width=\"39%\"><span style=\"color: #3366ff;\">Spolehlivost<\/span><\/td>\n<td width=\"60%\"><span style=\"color: #3366ff;\">60\u00a0milion\u016f \u0159\u00e1dk\u016f,\u00a01 milion \u0159ez\u016f<\/span><\/td>\n<\/tr>\n<tr>\n<td width=\"39%\"><span style=\"color: #3366ff;\">Rozm\u011bry (\u0161 x h x v)mm a v\u00e1ha<\/span><\/td>\n<td width=\"60%\"><span style=\"color: #3366ff;\">161 x 307 x 249 3.0kg<\/span><\/td>\n<\/tr>\n<tr>\n<td width=\"39%\"><span style=\"color: #3366ff;\">Dopl\u0148kov\u00e9 funkce<\/span><\/td>\n<td width=\"60%\">\n<ul>\n<li><span style=\"color: #3366ff;\">Ve 3 barevn\u00fdch verz\u00edch:<\/span><\/li>\n<li><span style=\"color: #3366ff;\">Cherry\u00a0\u010derven\u00e1 &amp; Star b\u00edl\u00e1<\/span><\/li>\n<li><span style=\"color: #3366ff;\">Charcoal \u0161ed\u00e1<\/span><\/li>\n<li><span style=\"color: #3366ff;\">Star b\u00edl\u00e1<\/span><\/li>\n<\/ul>\n<\/td>\n<\/tr>\n<\/tbody>\n<\/table>\n<p>&nbsp;<\/p>\n<p><span style=\"color: #3366ff;\"><strong>Galerie<\/strong><\/span><\/p>\n<div id='gallery-1' class='gallery galleryid-224 gallery-columns-4 gallery-size-medium'><figure class='gallery-item'>\n\t\t\t<div class='gallery-icon landscape'>\n\t\t\t\t<a href='https:\/\/star.starmicronics.cz\/wp-content\/uploads\/2015\/04\/TSP1000_paperload-1.jpg' rel=\"lightbox[224]\"><img loading=\"lazy\" decoding=\"async\" width=\"300\" height=\"300\" src=\"https:\/\/star.starmicronics.cz\/wp-content\/uploads\/2015\/04\/TSP1000_paperload-1-300x300.jpg\" class=\"attachment-medium size-medium\" alt=\"\" aria-describedby=\"gallery-1-411\" srcset=\"https:\/\/star.starmicronics.cz\/wp-content\/uploads\/2015\/04\/TSP1000_paperload-1-300x300.jpg 300w, https:\/\/star.starmicronics.cz\/wp-content\/uploads\/2015\/04\/TSP1000_paperload-1-150x150.jpg 150w, https:\/\/star.starmicronics.cz\/wp-content\/uploads\/2015\/04\/TSP1000_paperload-1-768x768.jpg 768w, https:\/\/star.starmicronics.cz\/wp-content\/uploads\/2015\/04\/TSP1000_paperload-1-1024x1024.jpg 1024w, https:\/\/star.starmicronics.cz\/wp-content\/uploads\/2015\/04\/TSP1000_paperload-1.jpg 1883w\" sizes=\"auto, (max-width: 300px) 100vw, 300px\" \/><\/a>\n\t\t\t<\/div>\n\t\t\t\t<figcaption class='wp-caption-text gallery-caption' id='gallery-1-411'>\n\t\t\t\tTSP1000\n\t\t\t\t<\/figcaption><\/figure><figure class='gallery-item'>\n\t\t\t<div class='gallery-icon landscape'>\n\t\t\t\t<a href='https:\/\/star.starmicronics.cz\/wp-content\/uploads\/2015\/04\/TSP1000_pair-1.jpg' rel=\"lightbox[224]\"><img loading=\"lazy\" decoding=\"async\" width=\"300\" height=\"300\" src=\"https:\/\/star.starmicronics.cz\/wp-content\/uploads\/2015\/04\/TSP1000_pair-1-300x300.jpg\" class=\"attachment-medium size-medium\" alt=\"\" aria-describedby=\"gallery-1-412\" srcset=\"https:\/\/star.starmicronics.cz\/wp-content\/uploads\/2015\/04\/TSP1000_pair-1-300x300.jpg 300w, https:\/\/star.starmicronics.cz\/wp-content\/uploads\/2015\/04\/TSP1000_pair-1-150x150.jpg 150w, https:\/\/star.starmicronics.cz\/wp-content\/uploads\/2015\/04\/TSP1000_pair-1-768x768.jpg 768w, https:\/\/star.starmicronics.cz\/wp-content\/uploads\/2015\/04\/TSP1000_pair-1-1024x1024.jpg 1024w\" sizes=\"auto, (max-width: 300px) 100vw, 300px\" \/><\/a>\n\t\t\t<\/div>\n\t\t\t\t<figcaption class='wp-caption-text gallery-caption' id='gallery-1-412'>\n\t\t\t\tTSP1000\n\t\t\t\t<\/figcaption><\/figure>\n\t\t<\/div>\n\n<p><span style=\"color: #3366ff;\"><strong>Souvisej\u00edc\u00ed produkty<\/strong><\/span><\/p>\n<div id='gallery-2' class='gallery galleryid-224 gallery-columns-4 gallery-size-medium'><figure class='gallery-item'>\n\t\t\t<div class='gallery-icon landscape'>\n\t\t\t\t<img loading=\"lazy\" decoding=\"async\" width=\"300\" height=\"300\" src=\"https:\/\/star.starmicronics.cz\/wp-content\/uploads\/2015\/04\/wifi_powerpack1-300x300.jpg\" class=\"attachment-medium size-medium\" alt=\"\" aria-describedby=\"gallery-2-162\" srcset=\"https:\/\/star.starmicronics.cz\/wp-content\/uploads\/2015\/04\/wifi_powerpack1-300x300.jpg 300w, https:\/\/star.starmicronics.cz\/wp-content\/uploads\/2015\/04\/wifi_powerpack1-150x150.jpg 150w, https:\/\/star.starmicronics.cz\/wp-content\/uploads\/2015\/04\/wifi_powerpack1.jpg 425w\" sizes=\"auto, (max-width: 300px) 100vw, 300px\" \/>\n\t\t\t<\/div>\n\t\t\t\t<figcaption class='wp-caption-text gallery-caption' id='gallery-2-162'>\n\t\t\t\tWifi Power Pack\n\t\t\t\t<\/figcaption><\/figure><figure class='gallery-item'>\n\t\t\t<div class='gallery-icon landscape'>\n\t\t\t\t<img loading=\"lazy\" decoding=\"async\" width=\"300\" height=\"257\" src=\"https:\/\/star.starmicronics.cz\/wp-content\/uploads\/2015\/04\/ps60_power_supply-300x257.jpg\" class=\"attachment-medium size-medium\" alt=\"\" aria-describedby=\"gallery-2-163\" srcset=\"https:\/\/star.starmicronics.cz\/wp-content\/uploads\/2015\/04\/ps60_power_supply-300x257.jpg 300w, https:\/\/star.starmicronics.cz\/wp-content\/uploads\/2015\/04\/ps60_power_supply.jpg 536w\" sizes=\"auto, (max-width: 300px) 100vw, 300px\" \/>\n\t\t\t<\/div>\n\t\t\t\t<figcaption class='wp-caption-text gallery-caption' id='gallery-2-163'>\n\t\t\t\tNap\u00e1jec\u00ed zdroj\n\t\t\t\t<\/figcaption><\/figure><figure class='gallery-item'>\n\t\t\t<div class='gallery-icon landscape'>\n\t\t\t\t<img loading=\"lazy\" decoding=\"async\" width=\"300\" height=\"300\" src=\"https:\/\/star.starmicronics.cz\/wp-content\/uploads\/2015\/04\/TSPL10_side-1-300x300.jpg\" class=\"attachment-medium size-medium\" alt=\"\" aria-describedby=\"gallery-2-355\" srcset=\"https:\/\/star.starmicronics.cz\/wp-content\/uploads\/2015\/04\/TSPL10_side-1-300x300.jpg 300w, https:\/\/star.starmicronics.cz\/wp-content\/uploads\/2015\/04\/TSPL10_side-1-150x150.jpg 150w, https:\/\/star.starmicronics.cz\/wp-content\/uploads\/2015\/04\/TSPL10_side-1-768x768.jpg 768w, https:\/\/star.starmicronics.cz\/wp-content\/uploads\/2015\/04\/TSPL10_side-1-1024x1024.jpg 1024w\" sizes=\"auto, (max-width: 300px) 100vw, 300px\" \/>\n\t\t\t<\/div>\n\t\t\t\t<figcaption class='wp-caption-text gallery-caption' id='gallery-2-355'>\n\t\t\t\tTSP-L10 &#8211; Vysok\u00fd v\u00fdkon tisk\u00e1rny j\u00edzdenek a l\u00edstk\u016f\n\t\t\t\t<\/figcaption><\/figure><figure class='gallery-item'>\n\t\t\t<div class='gallery-icon landscape'>\n\t\t\t\t<img loading=\"lazy\" decoding=\"async\" width=\"300\" height=\"300\" src=\"https:\/\/star.starmicronics.cz\/wp-content\/uploads\/2015\/04\/TSP700II-300x300.jpg\" class=\"attachment-medium size-medium\" alt=\"\" aria-describedby=\"gallery-2-88\" srcset=\"https:\/\/star.starmicronics.cz\/wp-content\/uploads\/2015\/04\/TSP700II-300x300.jpg 300w, https:\/\/star.starmicronics.cz\/wp-content\/uploads\/2015\/04\/TSP700II-150x150.jpg 150w, https:\/\/star.starmicronics.cz\/wp-content\/uploads\/2015\/04\/TSP700II.jpg 400w\" sizes=\"auto, (max-width: 300px) 100vw, 300px\" \/>\n\t\t\t<\/div>\n\t\t\t\t<figcaption class='wp-caption-text gallery-caption' id='gallery-2-88'>\n\t\t\t\tTSP700II\n\t\t\t\t<\/figcaption><\/figure>\n\t\t<\/div>\n\n<p>&nbsp;<\/p>\n<p>&nbsp;<\/p>\n<p>&nbsp;<\/p>\n","protected":false},"excerpt":{"rendered":"<p>TSP1043 Serial TSP1043C Paraleln\u00ed TSP1043U USB TSP1043 Bez rozhran\u00ed &nbsp; Ethernet a\u00a0Wifi\u00a0\u00a0 &nbsp; TSP1000 Spolehliv\u00e1 vysokokapacitn\u00ed tisk\u00e1rna vhodn\u00e1 k tisku j\u00edzdenek a tiket\u016f Pokud hled\u00e1te n\u00edzkon\u00e1kladovou, spolehlivou tisk\u00e1rnu vstupenek s velmi vysokou kapacitou pap\u00edru (a\u017e do 18 cm pr\u016fm\u011br role pap\u00edru), pak TSP1000 je pro v\u00e1s. D\u00edky unik\u00e1tn\u00edmu zaklada\u010di vstupenek a\u017e pro 30 kus\u016f, co\u017e [&hellip;]<\/p>\n","protected":false},"author":1,"featured_media":0,"parent":0,"menu_order":0,"comment_status":"closed","ping_status":"open","template":"","meta":{"footnotes":"","_links_to":"","_links_to_target":""},"class_list":["post-224","page","type-page","status-publish","hentry"],"_links":{"self":[{"href":"https:\/\/star.starmicronics.cz\/index.php?rest_route=\/wp\/v2\/pages\/224","targetHints":{"allow":["GET"]}}],"collection":[{"href":"https:\/\/star.starmicronics.cz\/index.php?rest_route=\/wp\/v2\/pages"}],"about":[{"href":"https:\/\/star.starmicronics.cz\/index.php?rest_route=\/wp\/v2\/types\/page"}],"author":[{"embeddable":true,"href":"https:\/\/star.starmicronics.cz\/index.php?rest_route=\/wp\/v2\/users\/1"}],"replies":[{"embeddable":true,"href":"https:\/\/star.starmicronics.cz\/index.php?rest_route=%2Fwp%2Fv2%2Fcomments&post=224"}],"version-history":[{"count":0,"href":"https:\/\/star.starmicronics.cz\/index.php?rest_route=\/wp\/v2\/pages\/224\/revisions"}],"wp:attachment":[{"href":"https:\/\/star.starmicronics.cz\/index.php?rest_route=%2Fwp%2Fv2%2Fmedia&parent=224"}],"curies":[{"name":"wp","href":"https:\/\/api.w.org\/{rel}","templated":true}]}}