{"id":211,"date":"2015-04-23T08:41:44","date_gmt":"2015-04-23T07:41:44","guid":{"rendered":"http:\/\/star.starmicronics.cz\/?page_id=211"},"modified":"2016-05-05T15:53:12","modified_gmt":"2016-05-05T14:53:12","slug":"dp8340","status":"publish","type":"page","link":"https:\/\/star.starmicronics.cz\/?page_id=211","title":{"rendered":"DP8340"},"content":{"rendered":"<figure id=\"attachment_408\" aria-describedby=\"caption-attachment-408\" style=\"width: 235px\" class=\"wp-caption alignleft\"><a href=\"http:\/\/star.starmicronics.cz\/wp-content\/uploads\/2015\/04\/DP8340_pair-1.jpg\" rel=\"lightbox[211]\"><img loading=\"lazy\" decoding=\"async\" class=\" wp-image-408\" src=\"http:\/\/star.starmicronics.cz\/wp-content\/uploads\/2015\/04\/DP8340_pair-1-300x300.jpg\" alt=\"DP8340\" width=\"235\" height=\"235\" srcset=\"https:\/\/star.starmicronics.cz\/wp-content\/uploads\/2015\/04\/DP8340_pair-1-300x300.jpg 300w, https:\/\/star.starmicronics.cz\/wp-content\/uploads\/2015\/04\/DP8340_pair-1-150x150.jpg 150w, https:\/\/star.starmicronics.cz\/wp-content\/uploads\/2015\/04\/DP8340_pair-1-768x768.jpg 768w, https:\/\/star.starmicronics.cz\/wp-content\/uploads\/2015\/04\/DP8340_pair-1-1024x1024.jpg 1024w\" sizes=\"auto, (max-width: 235px) 100vw, 235px\" \/><\/a><figcaption id=\"caption-attachment-408\" class=\"wp-caption-text\">DP8340<\/figcaption><\/figure>\n<p><span style=\"color: #3366ff;\"><strong><span lang=\"EN-GB\" style=\"font-family: 'Arial','sans-serif'; font-weight: normal;\">DP8340FD<\/span><\/strong><span lang=\"EN-GB\" style=\"font-family: 'Arial','sans-serif';\"> Serial, t\u0159ec\u00ed posuv,\u00a0\u010dern\u00e1 \/\u00a0\u010derven\u00e1<br \/>\n<strong><span style=\"font-family: 'Arial','sans-serif'; font-weight: normal;\">DP8340FC <\/span><\/strong>Paraleln\u00ed, t\u0159ec\u00ed posuv, \u010dern\u00e1 \/ \u010derven\u00e1<br \/>\n<strong><span style=\"font-family: 'Arial','sans-serif'; font-weight: normal;\">DP8340SD<\/span><\/strong> Seri\u00e1l, traktorov\u00fd posuv,\u00a0\u010dern\u00e1 \/\u00a0\u010derven\u00e1<br \/>\n<strong><span style=\"font-family: 'Arial','sans-serif'; font-weight: normal;\">DP8340SC<\/span><\/strong> Paraleln\u00ed,\u00a0traktorov\u00fd posuv,\u00a0\u010dern\u00e1 \/ \u010derven\u00e1<\/span><\/span><\/p>\n<p>&nbsp;<\/p>\n<p><span style=\"color: #3366ff;\"><strong>\u0160irok\u00fd form\u00e1t jehli\u010dkov\u00e9 tisk\u00e1rny \u00fa\u010dtenek<\/strong><\/span><\/p>\n<p><span lang=\"EN-GB\" style=\"font-family: 'Arial','sans-serif';\"><span style=\"color: #000000;\"><span style=\"color: #3366ff;\">DP8340 <span class=\"hps\">byla<\/span> <span class=\"hps\">prvn\u00ed<\/span> <span class=\"hps\">POS<\/span> <span class=\"hps\">tisk\u00e1rna<\/span> <span class=\"hps\">vyr\u00e1b\u011bn\u00e1 spole\u010dnost\u00ed Star a pro svou jedine\u010dnost je po n\u00ed st\u00e1le velk\u00e1 popt\u00e1vka i dnes.<\/span>\u00a0<\/span> <\/span><\/span><\/p>\n<p><span style=\"color: #3366ff;\"><span id=\"result_box\" lang=\"cs\">Extr\u00e9mn\u011b <span class=\"hps\">robustn\u00ed<\/span> <span class=\"hps\">a spolehliv\u00e1<\/span> jehli\u010dkov\u00e1 tisk\u00e1rna <span class=\"hps\">schopn\u00e1 tisknout<\/span> <span class=\"hps\">a\u017e do<\/span> <span class=\"hps\">114 mm<\/span> <span class=\"hps\">\u0161\u00ed\u0159ky<\/span> <span class=\"hps\">s mo\u017enost\u00ed<\/span> <span class=\"hps\">12V<\/span> <span class=\"hps\">nap\u00e1jen\u00ed<\/span>, <span class=\"hps\">tak\u017ee je<\/span> <span class=\"hps\">ide\u00e1ln\u00ed<\/span> <span class=\"hps\">mobiln\u00ed<\/span> <span class=\"hps\">tisk\u00e1rnou<\/span> <span class=\"hps\">pro instalaci<\/span> <span class=\"hps\">v kamionech<\/span> <span class=\"hps\">a<\/span> <span class=\"hps\">dod\u00e1vk\u00e1ch\u00a0na<\/span>\u00a0<span class=\"hps\">tisk<\/span> <span class=\"hps\">dodac\u00edch<\/span> <span class=\"hps\">faktur<\/span>.<span class=\"hps\"> Pro svou vysokou spolehlivost a n\u00edzkon\u00e1kladovost je tak\u00e9 vhodn\u00e1 k z\u00e1znamu dat nebo k tisku z\u00e1znam\u016f v bezobslu\u017en\u00fdch prost\u0159ed\u00edch.<\/span><\/span><\/span><\/p>\n<div id=\"gt-edit\"><\/div>\n<p><span style=\"color: #3366ff;\"><strong>Vlastnosti:\u00a0<\/strong><\/span><\/p>\n<ul>\n<li><span style=\"color: #3366ff;\"><span class=\"hps\">Unik\u00e1tn\u00ed<\/span> <span class=\"hps\">114 mm<\/span> <span class=\"hps\">\u0161irok\u00fd form\u00e1t<\/span>,\u00a0tisk\u00e1rna \u00fa\u010dtenek\u00a0<span class=\"hps\">a <\/span><span class=\"hps\">dat<\/span> <span class=\"hps\">k dispozici pro<\/span> <span class=\"hps\">12V<\/span> <span class=\"hps\">nebo<\/span> <span class=\"hps\">24V,<\/span> <span class=\"hps\">pou\u017eit\u00ed<\/span> jako <span class=\"hps\">mobiln\u00ed tisk\u00e1rna<\/span>, ve zt\u00ed\u017een\u00fdch podm\u00ednk\u00e1ch <span class=\"hps\">nebo<\/span> pro <span class=\"hps\">bezobslu\u017en\u00e9<\/span> <span class=\"hps\">prost\u0159ed\u00ed<\/span><\/span><\/li>\n<li><span style=\"color: #3366ff;\">Spolehliv\u00e1 tisk\u00e1rna s odtrhovac\u00ed li\u0161tou<\/span><\/li>\n<li><span style=\"color: #3366ff;\"><span class=\"hps\">Rychlost tisku a\u017e<\/span> <span class=\"hps\">2 \u0159\u00e1dky<\/span> <span class=\"hps\">za sekundu<\/span> <span class=\"hps\">s<\/span> <span class=\"hps\">rychlost\u00ed<\/span> <span class=\"hps\">pod\u00e1v\u00e1n\u00ed pap\u00edru<\/span> <span class=\"hps\">12<\/span> <span class=\"hps\">LPS<\/span><\/span><\/li>\n<li><span style=\"color: #3366ff;\">2 barvy tisku &#8211; \u010dern\u00e1 a \u010derven\u00e1<\/span><\/li>\n<li><span style=\"color: #3366ff;\">Mo\u017enost n\u00e1st\u011bnn\u00e9ho dr\u017e\u00e1ku<\/span><\/li>\n<li><span style=\"color: #3366ff;\">Komunikace s\u00a0pokladn\u00ed z\u00e1suvku<\/span><\/li>\n<li><span style=\"color: #3366ff;\"><span class=\"hps\">Schopn\u00e1 tisknout<\/span> <span class=\"hps\">multi<\/span><span class=\"atn\">&#8211;<\/span>kopie <span class=\"hps\">faktur<\/span>, stejn\u011b <span class=\"hps\">jako \u0161t\u00edtky<\/span><\/span><\/li>\n<\/ul>\n<p><span style=\"color: #3366ff;\"><strong> <span style=\"color: #3366ff;\"><strong>Ke sta\u017een\u00ed:<\/strong><\/span><\/strong><\/span><\/p>\n<ul>\n<li><span style=\"color: #000080;\"><a style=\"color: #000080;\" href=\"http:\/\/star.starmicronics.cz\/?page_id=498\" target=\"_blank\">Produktov\u00e1 bro\u017eura<\/a><\/span><\/li>\n<li><span style=\"color: #000080;\">Manual, SDK (link to <a style=\"color: #000080;\" href=\"http:\/\/www.starmicronics.com\/support\">www.starmicronics.com\/support<\/a>)<\/span><\/li>\n<li><a href=\"http:\/\/star.starmicronics.cz\/?page_id=579\"><span style=\"color: #000080;\">Galerie obr\u00e1zk\u016f<\/span><\/a><\/li>\n<li><a href=\"https:\/\/www.youtube.com\/user\/starposprinters\" target=\"_blank\"><span style=\"color: #000080;\">Video galerie<\/span><\/a><\/li>\n<li><a href=\"http:\/\/star.starmicronics.cz\/?page_id=518\"><span style=\"color: #000080;\">Na\u0161i z\u00e1kazn\u00edci<\/span><\/a><\/li>\n<\/ul>\n<p><span lang=\"EN-GB\" style=\"color: #3366ff;\"><span style=\"font-family: Times New Roman;\">\u00a0<\/span><\/span><\/p>\n<p><span style=\"color: #3366ff;\"><strong>Specifikace<\/strong><\/span><\/p>\n<table style=\"height: 1171px;\" width=\"475\">\n<tbody>\n<tr>\n<td width=\"42%\"><span style=\"color: #3366ff;\">Rychlost tisku<\/span><\/td>\n<td width=\"57%\"><span style=\"color: #3366ff;\">A\u017e do\u00a02 lps (obousm\u011brn\u00e1)<\/span><\/td>\n<\/tr>\n<tr>\n<td width=\"42%\"><span style=\"color: #3366ff;\">Rozli\u0161en\u00ed tisku<\/span><\/td>\n<td width=\"57%\"><span style=\"color: #3366ff;\">203 dpi, 406 x 203 dpi voliteln\u00e9<\/span><\/td>\n<\/tr>\n<tr>\n<td width=\"42%\"><span style=\"color: #3366ff;\">Po\u010det sloupc\u016f<\/span><\/td>\n<td width=\"57%\"><span style=\"color: #3366ff;\">40 (12 CPI) 48\u00a0nebo 60 sl.<\/span><\/td>\n<\/tr>\n<tr>\n<td width=\"42%\"><span style=\"color: #3366ff;\">Automatick\u00e1 \u0159eza\u010dka<\/span><\/td>\n<td width=\"57%\"><span style=\"color: #3366ff;\">Pouze odtrhovac\u00ed li\u0161ta<\/span><\/td>\n<\/tr>\n<tr>\n<td width=\"42%\"><span style=\"color: #3366ff;\">\u0160\u00ed\u0159ka pap\u00edru<\/span><\/td>\n<td width=\"57%\"><span style=\"color: #3366ff;\">114mm<\/span><\/td>\n<\/tr>\n<tr>\n<td width=\"42%\"><span style=\"color: #3366ff;\">Tlou\u0161\u0165ka<\/span><\/td>\n<td width=\"57%\"><span style=\"color: #3366ff;\">Max. 0.09mm<\/span><\/td>\n<\/tr>\n<tr>\n<td width=\"42%\"><span style=\"color: #3366ff;\">Role pap\u00edru (pr\u016fm\u011br)<\/span><\/td>\n<td width=\"57%\"><span style=\"color: #3366ff;\">Role pap\u00edru nebo ozuben\u00e9 kolo v\u011bj\u00ed\u0159e, Max. 80mm pr\u016fm\u011br<\/span><\/td>\n<\/tr>\n<tr>\n<td width=\"42%\"><span style=\"color: #3366ff;\">P\u0159\u00edslu\u0161enstv\u00ed<\/span><\/td>\n<td width=\"57%\"><span style=\"color: #3366ff;\">\u00a0<\/span><\/td>\n<\/tr>\n<tr>\n<td width=\"42%\"><span style=\"color: #3366ff;\">\u0160\u00ed\u0159ka tisku<\/span><\/td>\n<td width=\"57%\"><span style=\"color: #3366ff;\">84.3mm<\/span><\/td>\n<\/tr>\n<tr>\n<td width=\"42%\"><span style=\"color: #3366ff;\">Senzory<\/span><\/td>\n<td width=\"57%\"><span style=\"color: #3366ff;\">\u00a0<\/span><\/td>\n<\/tr>\n<tr>\n<td width=\"42%\"><span style=\"color: #3366ff;\">Rozhran\u00ed<\/span><\/td>\n<td width=\"57%\"><span style=\"color: #3366ff;\">Serial, Paraleln\u00ed<\/span><\/td>\n<\/tr>\n<tr>\n<td width=\"42%\"><span style=\"color: #3366ff;\">Barv\u00edc\u00ed p\u00e1ska<\/span><\/td>\n<td width=\"57%\"><span style=\"color: #3366ff;\">\u010cern\u00e1\u00a0\/\u00a0\u010derven\u00e1 (SF-03BR),\u00a0\u010dern\u00e1 (SF-03B)<\/span><\/td>\n<\/tr>\n<tr>\n<td width=\"42%\"><span style=\"color: #3366ff;\">Nap\u00e1jec\u00ed zdroj<\/span><\/td>\n<td width=\"57%\"><span style=\"color: #3366ff;\">Extern\u00ed PS8340<\/span><\/td>\n<\/tr>\n<tr>\n<td width=\"42%\"><span style=\"color: #3366ff;\"><span class=\"hps\">Spot\u0159eba Energie<\/span><\/span><\/td>\n<td width=\"57%\"><span style=\"color: #3366ff;\">\u00a0<\/span><\/td>\n<\/tr>\n<tr>\n<td width=\"42%\"><span style=\"color: #3366ff;\">Energy Star<\/span><\/td>\n<td width=\"57%\"><span style=\"color: #3366ff;\">\u00a0<\/span><\/td>\n<\/tr>\n<tr>\n<td width=\"42%\"><span style=\"color: #3366ff;\">Spolehlivost<\/span><\/td>\n<td width=\"57%\"><span style=\"color: #3366ff;\">10 milion\u016f \u0159\u00e1dk\u016f<\/span><\/td>\n<\/tr>\n<tr>\n<td width=\"42%\">\n<p><span style=\"color: #3366ff;\">Rozm\u011bry (\u0161 x h x v)mm <\/span><\/p>\n<p><span style=\"color: #3366ff;\">V\u00e1ha<\/span><\/td>\n<td width=\"57%\"><span style=\"color: #3366ff;\">202 x 200 x 98 1.9kg<\/span><\/td>\n<\/tr>\n<tr>\n<td width=\"42%\"><span style=\"color: #3366ff;\">Dopl\u0148kov\u00e9 funkce<\/span><\/td>\n<td width=\"57%\">\n<ul>\n<li><span style=\"color: #3366ff;\">Dr\u017e\u00e1k pro mont\u00e1\u017e na st\u011bnu<\/span><\/li>\n<li><span style=\"color: #3366ff;\">Nap\u00e1jec\u00ed kabel do auta<\/span><\/li>\n<\/ul>\n<\/td>\n<\/tr>\n<\/tbody>\n<\/table>\n<p><span style=\"color: #3366ff;\">\u00a0<\/span><\/p>\n<p><span style=\"color: #3366ff;\"><strong>Galerie<\/strong><\/span><\/p>\n<div id='gallery-1' class='gallery galleryid-211 gallery-columns-3 gallery-size-medium'><figure class='gallery-item'>\n\t\t\t<div class='gallery-icon landscape'>\n\t\t\t\t<a href='https:\/\/star.starmicronics.cz\/wp-content\/uploads\/2015\/04\/DP8340_side.jpg' rel=\"lightbox[211]\"><img loading=\"lazy\" decoding=\"async\" width=\"300\" height=\"300\" src=\"https:\/\/star.starmicronics.cz\/wp-content\/uploads\/2015\/04\/DP8340_side-300x300.jpg\" class=\"attachment-medium size-medium\" alt=\"\" aria-describedby=\"gallery-1-407\" srcset=\"https:\/\/star.starmicronics.cz\/wp-content\/uploads\/2015\/04\/DP8340_side-300x300.jpg 300w, https:\/\/star.starmicronics.cz\/wp-content\/uploads\/2015\/04\/DP8340_side-150x150.jpg 150w, https:\/\/star.starmicronics.cz\/wp-content\/uploads\/2015\/04\/DP8340_side-768x768.jpg 768w, https:\/\/star.starmicronics.cz\/wp-content\/uploads\/2015\/04\/DP8340_side-1024x1024.jpg 1024w, https:\/\/star.starmicronics.cz\/wp-content\/uploads\/2015\/04\/DP8340_side.jpg 1246w\" sizes=\"auto, (max-width: 300px) 100vw, 300px\" \/><\/a>\n\t\t\t<\/div>\n\t\t\t\t<figcaption class='wp-caption-text gallery-caption' id='gallery-1-407'>\n\t\t\t\tDP8340\n\t\t\t\t<\/figcaption><\/figure><figure class='gallery-item'>\n\t\t\t<div class='gallery-icon landscape'>\n\t\t\t\t<a href='https:\/\/star.starmicronics.cz\/wp-content\/uploads\/2015\/04\/DP8340_pair-1.jpg' rel=\"lightbox[211]\"><img loading=\"lazy\" decoding=\"async\" width=\"300\" height=\"300\" src=\"https:\/\/star.starmicronics.cz\/wp-content\/uploads\/2015\/04\/DP8340_pair-1-300x300.jpg\" class=\"attachment-medium size-medium\" alt=\"\" aria-describedby=\"gallery-1-408\" srcset=\"https:\/\/star.starmicronics.cz\/wp-content\/uploads\/2015\/04\/DP8340_pair-1-300x300.jpg 300w, https:\/\/star.starmicronics.cz\/wp-content\/uploads\/2015\/04\/DP8340_pair-1-150x150.jpg 150w, https:\/\/star.starmicronics.cz\/wp-content\/uploads\/2015\/04\/DP8340_pair-1-768x768.jpg 768w, https:\/\/star.starmicronics.cz\/wp-content\/uploads\/2015\/04\/DP8340_pair-1-1024x1024.jpg 1024w\" sizes=\"auto, (max-width: 300px) 100vw, 300px\" \/><\/a>\n\t\t\t<\/div>\n\t\t\t\t<figcaption class='wp-caption-text gallery-caption' id='gallery-1-408'>\n\t\t\t\tDP8340\n\t\t\t\t<\/figcaption><\/figure>\n\t\t<\/div>\n\n<p><span style=\"color: #3366ff;\"><strong>Souvisej\u00edc\u00ed produkty<\/strong><\/span><\/p>\n<div id='gallery-2' class='gallery galleryid-211 gallery-columns-3 gallery-size-medium'><figure class='gallery-item'>\n\t\t\t<div class='gallery-icon landscape'>\n\t\t\t\t<img loading=\"lazy\" decoding=\"async\" width=\"300\" height=\"300\" src=\"https:\/\/star.starmicronics.cz\/wp-content\/uploads\/2015\/04\/TSP800II-300x300.jpg\" class=\"attachment-medium size-medium\" alt=\"\" aria-describedby=\"gallery-2-89\" srcset=\"https:\/\/star.starmicronics.cz\/wp-content\/uploads\/2015\/04\/TSP800II-300x300.jpg 300w, https:\/\/star.starmicronics.cz\/wp-content\/uploads\/2015\/04\/TSP800II-150x150.jpg 150w, https:\/\/star.starmicronics.cz\/wp-content\/uploads\/2015\/04\/TSP800II.jpg 400w\" sizes=\"auto, (max-width: 300px) 100vw, 300px\" \/>\n\t\t\t<\/div>\n\t\t\t\t<figcaption class='wp-caption-text gallery-caption' id='gallery-2-89'>\n\t\t\t\tTSP800II\n\t\t\t\t<\/figcaption><\/figure>\n\t\t<\/div>\n\n<p>&nbsp;<\/p>\n<p>&nbsp;<\/p>\n<p>&nbsp;<\/p>\n<p>&nbsp;<\/p>\n","protected":false},"excerpt":{"rendered":"<p>DP8340FD Serial, t\u0159ec\u00ed posuv,\u00a0\u010dern\u00e1 \/\u00a0\u010derven\u00e1 DP8340FC Paraleln\u00ed, t\u0159ec\u00ed posuv, \u010dern\u00e1 \/ \u010derven\u00e1 DP8340SD Seri\u00e1l, traktorov\u00fd posuv,\u00a0\u010dern\u00e1 \/\u00a0\u010derven\u00e1 DP8340SC Paraleln\u00ed,\u00a0traktorov\u00fd posuv,\u00a0\u010dern\u00e1 \/ \u010derven\u00e1 &nbsp; \u0160irok\u00fd form\u00e1t jehli\u010dkov\u00e9 tisk\u00e1rny \u00fa\u010dtenek DP8340 byla prvn\u00ed POS tisk\u00e1rna vyr\u00e1b\u011bn\u00e1 spole\u010dnost\u00ed Star a pro svou jedine\u010dnost je po n\u00ed st\u00e1le velk\u00e1 popt\u00e1vka i dnes.\u00a0 Extr\u00e9mn\u011b robustn\u00ed a spolehliv\u00e1 jehli\u010dkov\u00e1 tisk\u00e1rna schopn\u00e1 [&hellip;]<\/p>\n","protected":false},"author":1,"featured_media":0,"parent":0,"menu_order":0,"comment_status":"closed","ping_status":"open","template":"","meta":{"footnotes":"","_links_to":"","_links_to_target":""},"class_list":["post-211","page","type-page","status-publish","hentry"],"_links":{"self":[{"href":"https:\/\/star.starmicronics.cz\/index.php?rest_route=\/wp\/v2\/pages\/211","targetHints":{"allow":["GET"]}}],"collection":[{"href":"https:\/\/star.starmicronics.cz\/index.php?rest_route=\/wp\/v2\/pages"}],"about":[{"href":"https:\/\/star.starmicronics.cz\/index.php?rest_route=\/wp\/v2\/types\/page"}],"author":[{"embeddable":true,"href":"https:\/\/star.starmicronics.cz\/index.php?rest_route=\/wp\/v2\/users\/1"}],"replies":[{"embeddable":true,"href":"https:\/\/star.starmicronics.cz\/index.php?rest_route=%2Fwp%2Fv2%2Fcomments&post=211"}],"version-history":[{"count":0,"href":"https:\/\/star.starmicronics.cz\/index.php?rest_route=\/wp\/v2\/pages\/211\/revisions"}],"wp:attachment":[{"href":"https:\/\/star.starmicronics.cz\/index.php?rest_route=%2Fwp%2Fv2%2Fmedia&parent=211"}],"curies":[{"name":"wp","href":"https:\/\/api.w.org\/{rel}","templated":true}]}}