{"id":205,"date":"2015-04-23T08:05:16","date_gmt":"2015-04-23T07:05:16","guid":{"rendered":"http:\/\/star.starmicronics.cz\/?page_id=205"},"modified":"2016-05-05T15:53:12","modified_gmt":"2016-05-05T14:53:12","slug":"sp500","status":"publish","type":"page","link":"https:\/\/star.starmicronics.cz\/?page_id=205","title":{"rendered":"SP500"},"content":{"rendered":"<figure id=\"attachment_397\" aria-describedby=\"caption-attachment-397\" style=\"width: 212px\" class=\"wp-caption alignleft\"><a href=\"http:\/\/star.starmicronics.cz\/wp-content\/uploads\/2015\/04\/SP500_pair.jpg\" rel=\"lightbox[205]\"><img loading=\"lazy\" decoding=\"async\" class=\" wp-image-397\" src=\"http:\/\/star.starmicronics.cz\/wp-content\/uploads\/2015\/04\/SP500_pair-300x300.jpg\" alt=\"SP500\" width=\"212\" height=\"212\" srcset=\"https:\/\/star.starmicronics.cz\/wp-content\/uploads\/2015\/04\/SP500_pair-300x300.jpg 300w, https:\/\/star.starmicronics.cz\/wp-content\/uploads\/2015\/04\/SP500_pair-150x150.jpg 150w, https:\/\/star.starmicronics.cz\/wp-content\/uploads\/2015\/04\/SP500_pair-768x768.jpg 768w, https:\/\/star.starmicronics.cz\/wp-content\/uploads\/2015\/04\/SP500_pair-1024x1024.jpg 1024w\" sizes=\"auto, (max-width: 212px) 100vw, 212px\" \/><\/a><figcaption id=\"caption-attachment-397\" class=\"wp-caption-text\">SP500<\/figcaption><\/figure>\n<p><span style=\"color: #3366ff;\">SP512 s odtrhovac\u00ed li\u0161tou<\/span><\/p>\n<p><span style=\"color: #3366ff;\">SP542 s automatickou \u0159eza\u010dkou<\/span><\/p>\n<p><span style=\"color: #3366ff;\">SP500R Rewind verze<\/span><\/p>\n<p>&nbsp;<\/p>\n<p><span style=\"color: #3366ff;\">Rozhran\u00ed: USB, Serial, 9-Pin Serial, Paraleln\u00ed<\/span><\/p>\n<p><span style=\"color: #3366ff;\">LAN s mo\u017enost\u00ed WiFi Power Pack<\/span><\/p>\n<p><span style=\"color: #3366ff;\"><strong>SP500 \u2013 <\/strong><strong>Jehli\u010dkov\u00e1 tisk\u00e1rna \u00fa\u010dtenek s nep\u0159ekonateln\u00fdm pom\u011brem ceny a v\u00fdkonu<\/strong><\/span><\/p>\n<p><span style=\"color: #3366ff;\">Vysok\u00e1 kvalita <span class=\"hps\">SP500<\/span> <span class=\"hps\">nab\u00edz\u00ed bezkonkuren\u010dn\u00ed<\/span> <span class=\"hps\">pom\u011br<\/span> <span class=\"hps\">cena \/ v\u00fdkon<\/span>. <span class=\"hps\">D\u00edky<\/span> <span class=\"hps\">vysok\u00e9 spolehlivosti<\/span>, kompaktn\u00edm <span class=\"hps\">svisl\u00fdm nebo vodorovn\u00fdm<\/span> <span class=\"hps\">rozm\u011br\u016fm a<\/span> <span class=\"hps\">snadno<\/span> <span class=\"hps\">pou\u017eiteln\u00fdm funkc\u00edm. <\/span><span class=\"hps\">SP500<\/span> <span class=\"hps\">lze snadno integrovat<\/span> <span class=\"hps\">do<\/span> <span class=\"hps\">v\u011bt\u0161iny<\/span> <span class=\"hps\">POS<\/span> <span class=\"hps\">nebo do<\/span>\u00a0<span class=\"hps\">pohostinstv\u00ed<\/span><span class=\"hps\">.<\/span><br \/>\nMo\u017enosti\u00a0rewind <span class=\"hps\">\/journal<\/span> <span class=\"hps\">jsou<\/span> <span class=\"hps\">k dispozici<\/span> <span class=\"hps\">pro \u00fa\u010dely auditu<\/span>. Ned\u00edlnou sou\u010d\u00e1st\u00ed je black mark senzor\u00a0<span class=\"hps\">a voliteln\u00e1<\/span> <span class=\"hps\">mont\u00e1\u017e\u00a0dr\u017e\u00e1ku na ze\u010f. <\/span><span class=\"hps\">SP500<\/span> <span class=\"hps\">lze tak\u00e9 pou\u017e\u00edt,<\/span> <span class=\"hps\">jako tisk\u00e1rnu<\/span> <span class=\"hps\">vstupenek<\/span> <span class=\"hps\">bu\u010f<\/span> <span class=\"hps\">s\u00a0obsluhou<\/span> <span class=\"hps\">nebo<\/span> <span class=\"hps\">bez obsluhy<\/span> <span class=\"hps\">kiosku<\/span>.<\/span><\/p>\n<p><span style=\"color: #3366ff;\"><strong>\u00a0<\/strong><\/span><\/p>\n<p><span style=\"color: #3366ff;\"><strong>Vlastnosti:\u00a0<\/strong><\/span><\/p>\n<ul>\n<li><span style=\"color: #3366ff;\">Vysok\u00e1 rychlost, logick\u00e9 hled\u00e1n\u00ed, <span class=\"hps\"><span style=\"color: #3366ff;\">9<\/span><\/span><span class=\"atn\"><span style=\"color: #3366ff;\">&#8211;<\/span><\/span><span style=\"color: #3366ff;\">pin <\/span><span class=\"hps\"><span style=\"color: #3366ff;\">kvalita<\/span><\/span><span style=\"color: #3366ff;\">\u00a0jehli\u010dkov\u00e9 <\/span><span class=\"hps\"><span style=\"color: #3366ff;\">tisk\u00e1rny<\/span><\/span> <span class=\"hps\"><span style=\"color: #3366ff;\">&#8211;<\/span><\/span> <span class=\"hps\"><span style=\"color: #3366ff;\">a\u017e<\/span><\/span> <span class=\"hps\"><span style=\"color: #3366ff;\">na <\/span><\/span>7.5 lps<\/span><\/li>\n<li><span style=\"color: #3366ff;\">\u201cDrop-In &amp; Insert\u201d <span style=\"color: #3366ff;\">snadn\u00e9 zakl\u00e1d\u00e1n\u00ed pap\u00edru a stuhy<\/span><\/span><\/li>\n<li><span style=\"color: #3366ff;\"><span class=\"hps\">Nastaviteln\u00e1<\/span> <span class=\"hps\">58<\/span> <span class=\"hps\">nebo<\/span> <span class=\"hps\">76 mm<\/span> <span class=\"hps\">\u0161\u00ed\u0159ka<\/span> <span class=\"hps\">pap\u00edru<\/span><\/span><\/li>\n<li><span style=\"color: #3366ff;\">6 pozic black mark sensoru <span class=\"hps\">pro p\u0159esn\u00fd tisk <\/span><span class=\"hps\">l\u00edstk\u016f<\/span> <\/span><\/li>\n<li><span style=\"color: #3366ff;\"><span class=\"hps\">Ergonomick\u00fd design<\/span>, v\u010detn\u011b <span class=\"hps\">hygienick\u00fdch<\/span> <span class=\"hps\">konstruk\u010dn\u00edch<\/span> <span class=\"hps\">a<\/span> <span class=\"hps\">kabelov\u00fdch<\/span> <span class=\"hps\">kryt\u016f<\/span> <span class=\"hps\">odoln\u00fdch proti polit\u00ed<\/span> sp\u00edna\u010d\u016f<\/span><\/li>\n<li><span style=\"color: #3366ff;\"><span class=\"hps\">Prostorov\u011b \u00fasporn\u00fd<\/span> <span class=\"hps\">vertik\u00e1ln\u00ed nebo horizont\u00e1ln\u00ed<\/span> <span class=\"hps\">provoz<\/span><\/span><\/li>\n<li><span style=\"color: #3366ff;\"><span class=\"hps\">Kompaktn\u00ed<\/span> <span class=\"hps\">rozm\u011bry<\/span> <span class=\"hps\">s intern\u00edm zdrojem nap\u00e1jen\u00ed<\/span> <span class=\"hps\">a<\/span> <span class=\"hps\">vertik\u00e1ln\u00ed provoz<\/span><\/span><\/li>\n<li><span style=\"color: #3366ff;\">Barv\u00edc\u00ed p\u00e1ska: RC200B \u2013 \u010dern\u00e1<\/span><\/li>\n<\/ul>\n<p><span style=\"color: #3366ff;\">\u00a0<\/span><\/p>\n<p><span style=\"color: #3366ff;\"><strong>Ke sta\u017een\u00ed:<\/strong><\/span><\/p>\n<ul>\n<li><span style=\"color: #000080;\"><a style=\"color: #000080;\" href=\"http:\/\/star.starmicronics.cz\/?page_id=498\" target=\"_blank\">Produktov\u00e1 bro\u017eura<\/a><\/span><\/li>\n<li><span style=\"color: #000080;\">Manual, SDK (link to <a style=\"color: #000080;\" href=\"http:\/\/www.starmicronics.com\/support\">www.starmicronics.com\/support<\/a>)<\/span><\/li>\n<li><a href=\"http:\/\/star.starmicronics.cz\/?page_id=579\"><span style=\"color: #000080;\">Galerie obr\u00e1zk\u016f<\/span><\/a><\/li>\n<li><a href=\"https:\/\/www.youtube.com\/watch?v=yHVYzYAzqp0\" target=\"_blank\"><span style=\"color: #000080;\">Video galerie<\/span><\/a><\/li>\n<li><a href=\"http:\/\/star.starmicronics.cz\/?page_id=518\"><span style=\"color: #000080;\">Na\u0161i z\u00e1kazn\u00edci<\/span><\/a><\/li>\n<li><span style=\"color: #000080;\"><a style=\"color: #000080;\" href=\"https:\/\/www.apple.com\/itunes\/\" target=\"_blank\">App Store image<\/a><\/span><\/li>\n<li><span style=\"color: #000080;\"><a style=\"color: #000080;\" href=\"https:\/\/play.google.com\/store\/apps\/details?id=com.google.android.apps.plus\" target=\"_blank\">Google Play image <\/a><\/span><\/li>\n<\/ul>\n<p><a href=\"http:\/\/star.starmicronics.cz\/wp-content\/uploads\/2015\/04\/appstore_googleplay.jpg\" rel=\"lightbox[205]\"><img loading=\"lazy\" decoding=\"async\" class=\"alignnone  wp-image-347\" src=\"http:\/\/star.starmicronics.cz\/wp-content\/uploads\/2015\/04\/appstore_googleplay-300x220.jpg\" alt=\"appstore_googleplay\" width=\"150\" height=\"110\" srcset=\"https:\/\/star.starmicronics.cz\/wp-content\/uploads\/2015\/04\/appstore_googleplay-300x220.jpg 300w, https:\/\/star.starmicronics.cz\/wp-content\/uploads\/2015\/04\/appstore_googleplay-135x100.jpg 135w, https:\/\/star.starmicronics.cz\/wp-content\/uploads\/2015\/04\/appstore_googleplay.jpg 425w\" sizes=\"auto, (max-width: 150px) 100vw, 150px\" \/><\/a><\/p>\n<p><span style=\"color: #3366ff;\"><strong>Specifikace<\/strong><\/span><\/p>\n<table style=\"height: 1243px;\" width=\"577\">\n<tbody>\n<tr>\n<td width=\"41%\"><span style=\"color: #3366ff;\">Rychlost tisku<\/span><\/td>\n<td width=\"58%\"><span style=\"color: #3366ff;\">4.0\u00a0do 7.5 lps<\/span><\/td>\n<\/tr>\n<tr>\n<td width=\"41%\"><span style=\"color: #3366ff;\">Rozli\u0161en\u00ed tisku<\/span><\/td>\n<td width=\"58%\"><span style=\"color: #3366ff;\">7 x 9 <\/span><\/td>\n<\/tr>\n<tr>\n<td width=\"41%\"><span style=\"color: #3366ff;\">Po\u010det sloupc\u016f<\/span><\/td>\n<td width=\"58%\"><span style=\"color: #3366ff;\">42 \/ 30 sl.<\/span><\/td>\n<\/tr>\n<tr>\n<td width=\"41%\"><span style=\"color: #3366ff;\">Automatick\u00e1 \u0159eza\u010dka<\/span><\/td>\n<td width=\"58%\"><span style=\"color: #3366ff;\">Odtrhovac\u00ed li\u0161ta a \u00fapln\u00fd nebo \u010d\u00e1ste\u010dn\u00fd \u0159ez (gilotina)\u00a0a automatick\u00e1 \u0159eza\u010dka\u00a0Rewind<\/span><\/td>\n<\/tr>\n<tr>\n<td width=\"41%\"><span style=\"color: #3366ff;\">\u0160\u00ed\u0159ka pap\u00edru<\/span><\/td>\n<td width=\"58%\"><span style=\"color: #3366ff;\">76, 57mm<\/span><\/td>\n<\/tr>\n<tr>\n<td width=\"41%\"><span style=\"color: #3366ff;\">Tlou\u0161\u0165ka<\/span><\/td>\n<td width=\"58%\"><span style=\"color: #3366ff;\">0.07 \u2013 0.10mm \/ 1+2 kopie<\/span><\/td>\n<\/tr>\n<tr>\n<td width=\"41%\"><span style=\"color: #3366ff;\">Role pap\u00edru (pr\u016fm\u011br)<\/span><\/td>\n<td width=\"58%\"><span style=\"color: #3366ff;\">85mm<\/span><\/td>\n<\/tr>\n<tr>\n<td width=\"41%\"><span style=\"color: #3366ff;\">P\u0159\u00edslu\u0161enstv\u00ed<\/span><\/td>\n<td width=\"58%\"><span style=\"color: #3366ff;\">Vertik\u00e1ln\u00ed nebo\u00a0Horizont\u00e1ln\u00ed re\u017eim<\/span><\/td>\n<\/tr>\n<tr>\n<td width=\"41%\"><span style=\"color: #3366ff;\">\u0160\u00ed\u0159ka tisku<\/span><\/td>\n<td width=\"58%\"><span style=\"color: #3366ff;\">63 \/ 60 \/ 45mm<\/span><\/td>\n<\/tr>\n<tr>\n<td width=\"41%\"><span style=\"color: #3366ff;\">Senzory<\/span><\/td>\n<td width=\"58%\"><span style=\"color: #3366ff;\">6 pozic Black Mark<\/span><\/td>\n<\/tr>\n<tr>\n<td width=\"41%\"><span style=\"color: #3366ff;\">Rozhran\u00ed<\/span><\/td>\n<td width=\"58%\"><span style=\"color: #3366ff;\">RS232C\u00a0nebo Paraleln\u00ed<\/span><\/td>\n<\/tr>\n<tr>\n<td width=\"41%\"><span style=\"color: #3366ff;\">Unique Ethernet Print on Disconnection Feature<\/span><\/td>\n<td width=\"58%\"><span style=\"color: #3366ff;\"><span class=\"hps\">Intern\u00ed<\/span> <span class=\"hps\">s kabelem<\/span> <\/span><\/td>\n<\/tr>\n<tr>\n<td width=\"41%\"><span style=\"color: #3366ff;\">Nap\u00e1jec\u00ed zdroj<\/span><\/td>\n<td width=\"58%\"><span style=\"color: #3366ff;\">0.43 Amps\u00a0tisk 0.12 Amps pohotovostn\u00ed<\/span><\/td>\n<\/tr>\n<tr>\n<td width=\"41%\"><span style=\"color: #3366ff;\"><span class=\"hps\">Spot\u0159eba Energie<\/span><\/span><\/td>\n<td width=\"58%\"><span style=\"color: #3366ff;\">\u00a0<\/span><\/td>\n<\/tr>\n<tr>\n<td width=\"41%\"><span style=\"color: #3366ff;\">Energy Star<\/span><\/td>\n<td width=\"58%\"><span style=\"color: #3366ff;\">22\u00a0milion\u016f \u0159\u00e1dk\u016f\u00a01 milion \u0159ez\u016f<\/span><\/td>\n<\/tr>\n<tr>\n<td width=\"41%\"><span style=\"color: #3366ff;\">Spolehlivost<\/span><\/td>\n<td width=\"58%\"><span style=\"color: #3366ff;\">\u00a0<\/span><\/td>\n<\/tr>\n<tr>\n<td width=\"41%\"><span style=\"color: #3366ff;\">Rozm\u011bry (\u0161 x h x v)mm <\/span><\/td>\n<td width=\"58%\"><span style=\"color: #3366ff;\">140 x 225 x 163<\/span><\/td>\n<\/tr>\n<tr>\n<td width=\"41%\"><span style=\"color: #3366ff;\">Dopl\u0148kov\u00e9 funkce<\/span><\/td>\n<td width=\"58%\">\n<ul>\n<li><span style=\"color: #3366ff;\">Bzu\u010d\u00e1k<\/span><\/li>\n<li><span style=\"color: #3366ff;\">Pro mont\u00e1\u017e na ze\u010f<\/span><\/li>\n<li><span style=\"color: #3366ff;\">Vertik\u00e1ln\u00ed kit<\/span><\/li>\n<li><span style=\"color: #3366ff;\">SP500R pap\u00edr Rewind verze<\/span><\/li>\n<\/ul>\n<\/td>\n<\/tr>\n<\/tbody>\n<\/table>\n<p><span style=\"color: #3366ff;\">\u00a0<\/span><\/p>\n<p><span style=\"color: #3366ff;\"><strong>Galerie<\/strong><\/span><\/p>\n<div id='gallery-1' class='gallery galleryid-205 gallery-columns-3 gallery-size-medium'><figure class='gallery-item'>\n\t\t\t<div class='gallery-icon landscape'>\n\t\t\t\t<a href='https:\/\/star.starmicronics.cz\/wp-content\/uploads\/2015\/04\/SP500_pair.jpg' rel=\"lightbox[205]\"><img loading=\"lazy\" decoding=\"async\" width=\"300\" height=\"300\" src=\"https:\/\/star.starmicronics.cz\/wp-content\/uploads\/2015\/04\/SP500_pair-300x300.jpg\" class=\"attachment-medium size-medium\" alt=\"\" aria-describedby=\"gallery-1-397\" srcset=\"https:\/\/star.starmicronics.cz\/wp-content\/uploads\/2015\/04\/SP500_pair-300x300.jpg 300w, https:\/\/star.starmicronics.cz\/wp-content\/uploads\/2015\/04\/SP500_pair-150x150.jpg 150w, https:\/\/star.starmicronics.cz\/wp-content\/uploads\/2015\/04\/SP500_pair-768x768.jpg 768w, https:\/\/star.starmicronics.cz\/wp-content\/uploads\/2015\/04\/SP500_pair-1024x1024.jpg 1024w\" sizes=\"auto, (max-width: 300px) 100vw, 300px\" \/><\/a>\n\t\t\t<\/div>\n\t\t\t\t<figcaption class='wp-caption-text gallery-caption' id='gallery-1-397'>\n\t\t\t\tSP500\n\t\t\t\t<\/figcaption><\/figure><figure class='gallery-item'>\n\t\t\t<div class='gallery-icon landscape'>\n\t\t\t\t<a href='https:\/\/star.starmicronics.cz\/wp-content\/uploads\/2015\/04\/SP500_front.jpg' rel=\"lightbox[205]\"><img loading=\"lazy\" decoding=\"async\" width=\"300\" height=\"300\" src=\"https:\/\/star.starmicronics.cz\/wp-content\/uploads\/2015\/04\/SP500_front-300x300.jpg\" class=\"attachment-medium size-medium\" alt=\"\" aria-describedby=\"gallery-1-398\" srcset=\"https:\/\/star.starmicronics.cz\/wp-content\/uploads\/2015\/04\/SP500_front-300x300.jpg 300w, https:\/\/star.starmicronics.cz\/wp-content\/uploads\/2015\/04\/SP500_front-150x150.jpg 150w, https:\/\/star.starmicronics.cz\/wp-content\/uploads\/2015\/04\/SP500_front-768x768.jpg 768w, https:\/\/star.starmicronics.cz\/wp-content\/uploads\/2015\/04\/SP500_front-1024x1024.jpg 1024w\" sizes=\"auto, (max-width: 300px) 100vw, 300px\" \/><\/a>\n\t\t\t<\/div>\n\t\t\t\t<figcaption class='wp-caption-text gallery-caption' id='gallery-1-398'>\n\t\t\t\tSP500\n\t\t\t\t<\/figcaption><\/figure>\n\t\t<\/div>\n\n<p><span style=\"color: #3366ff;\"><strong>Souvisej\u00edc\u00ed produkty<\/strong><\/span><\/p>\n<div id='gallery-2' class='gallery galleryid-205 gallery-columns-3 gallery-size-medium'><figure class='gallery-item'>\n\t\t\t<div class='gallery-icon portrait'>\n\t\t\t\t<img loading=\"lazy\" decoding=\"async\" width=\"160\" height=\"230\" src=\"https:\/\/star.starmicronics.cz\/wp-content\/uploads\/2015\/04\/sp7001.jpg\" class=\"attachment-medium size-medium\" alt=\"\" aria-describedby=\"gallery-2-399\" \/>\n\t\t\t<\/div>\n\t\t\t\t<figcaption class='wp-caption-text gallery-caption' id='gallery-2-399'>\n\t\t\t\tSP700\n\t\t\t\t<\/figcaption><\/figure><figure class='gallery-item'>\n\t\t\t<div class='gallery-icon landscape'>\n\t\t\t\t<img loading=\"lazy\" decoding=\"async\" width=\"300\" height=\"300\" src=\"https:\/\/star.starmicronics.cz\/wp-content\/uploads\/2015\/04\/wifi_powerpack1-300x300.jpg\" class=\"attachment-medium size-medium\" alt=\"\" aria-describedby=\"gallery-2-162\" srcset=\"https:\/\/star.starmicronics.cz\/wp-content\/uploads\/2015\/04\/wifi_powerpack1-300x300.jpg 300w, https:\/\/star.starmicronics.cz\/wp-content\/uploads\/2015\/04\/wifi_powerpack1-150x150.jpg 150w, https:\/\/star.starmicronics.cz\/wp-content\/uploads\/2015\/04\/wifi_powerpack1.jpg 425w\" sizes=\"auto, (max-width: 300px) 100vw, 300px\" \/>\n\t\t\t<\/div>\n\t\t\t\t<figcaption class='wp-caption-text gallery-caption' id='gallery-2-162'>\n\t\t\t\tWifi Power Pack\n\t\t\t\t<\/figcaption><\/figure><figure class='gallery-item'>\n\t\t\t<div class='gallery-icon portrait'>\n\t\t\t\t<img loading=\"lazy\" decoding=\"async\" width=\"160\" height=\"230\" src=\"https:\/\/star.starmicronics.cz\/wp-content\/uploads\/2015\/04\/star_buzzer.jpg\" class=\"attachment-medium size-medium\" alt=\"\" aria-describedby=\"gallery-2-393\" \/>\n\t\t\t<\/div>\n\t\t\t\t<figcaption class='wp-caption-text gallery-caption' id='gallery-2-393'>\n\t\t\t\tBzu\u010d\u00e1k\n\t\t\t\t<\/figcaption><\/figure>\n\t\t<\/div>\n\n<p>&nbsp;<\/p>\n<p>&nbsp;<\/p>\n<p>&nbsp;<\/p>\n<p>&nbsp;<\/p>\n<p>&nbsp;<\/p>\n<p>&nbsp;<\/p>\n","protected":false},"excerpt":{"rendered":"<p>SP512 s odtrhovac\u00ed li\u0161tou SP542 s automatickou \u0159eza\u010dkou SP500R Rewind verze &nbsp; Rozhran\u00ed: USB, Serial, 9-Pin Serial, Paraleln\u00ed LAN s mo\u017enost\u00ed WiFi Power Pack SP500 \u2013 Jehli\u010dkov\u00e1 tisk\u00e1rna \u00fa\u010dtenek s nep\u0159ekonateln\u00fdm pom\u011brem ceny a v\u00fdkonu Vysok\u00e1 kvalita SP500 nab\u00edz\u00ed bezkonkuren\u010dn\u00ed pom\u011br cena \/ v\u00fdkon. D\u00edky vysok\u00e9 spolehlivosti, kompaktn\u00edm svisl\u00fdm nebo vodorovn\u00fdm rozm\u011br\u016fm a snadno pou\u017eiteln\u00fdm [&hellip;]<\/p>\n","protected":false},"author":1,"featured_media":0,"parent":0,"menu_order":0,"comment_status":"closed","ping_status":"open","template":"","meta":{"footnotes":"","_links_to":"","_links_to_target":""},"class_list":["post-205","page","type-page","status-publish","hentry"],"_links":{"self":[{"href":"https:\/\/star.starmicronics.cz\/index.php?rest_route=\/wp\/v2\/pages\/205","targetHints":{"allow":["GET"]}}],"collection":[{"href":"https:\/\/star.starmicronics.cz\/index.php?rest_route=\/wp\/v2\/pages"}],"about":[{"href":"https:\/\/star.starmicronics.cz\/index.php?rest_route=\/wp\/v2\/types\/page"}],"author":[{"embeddable":true,"href":"https:\/\/star.starmicronics.cz\/index.php?rest_route=\/wp\/v2\/users\/1"}],"replies":[{"embeddable":true,"href":"https:\/\/star.starmicronics.cz\/index.php?rest_route=%2Fwp%2Fv2%2Fcomments&post=205"}],"version-history":[{"count":0,"href":"https:\/\/star.starmicronics.cz\/index.php?rest_route=\/wp\/v2\/pages\/205\/revisions"}],"wp:attachment":[{"href":"https:\/\/star.starmicronics.cz\/index.php?rest_route=%2Fwp%2Fv2%2Fmedia&parent=205"}],"curies":[{"name":"wp","href":"https:\/\/api.w.org\/{rel}","templated":true}]}}