{"id":199,"date":"2015-04-23T07:45:18","date_gmt":"2015-04-23T06:45:18","guid":{"rendered":"http:\/\/star.starmicronics.cz\/?page_id=199"},"modified":"2016-05-06T22:41:22","modified_gmt":"2016-05-06T21:41:22","slug":"sp700","status":"publish","type":"page","link":"https:\/\/star.starmicronics.cz\/?page_id=199","title":{"rendered":"SP700"},"content":{"rendered":"<p><span style=\"color: #3366ff;\"><strong>\u00a0<\/strong><\/span><\/p>\n<figure id=\"attachment_399\" aria-describedby=\"caption-attachment-399\" style=\"width: 208px\" class=\"wp-caption alignleft\"><a href=\"http:\/\/star.starmicronics.cz\/wp-content\/uploads\/2015\/04\/sp7001.jpg\" rel=\"lightbox[199]\"><img loading=\"lazy\" decoding=\"async\" class=\" wp-image-399\" src=\"http:\/\/star.starmicronics.cz\/wp-content\/uploads\/2015\/04\/sp7001.jpg\" alt=\"SP700\" width=\"208\" height=\"299\" \/><\/a><figcaption id=\"caption-attachment-399\" class=\"wp-caption-text\">SP700<\/figcaption><\/figure>\n<p><span lang=\"EN-GB\" style=\"font-family: 'Arial','sans-serif'; font-size: 12pt;\"><span style=\"color: #000000;\"><span style=\"color: #3366ff;\">SP712 s odtrhovac\u00ed li\u0161tou<\/span><\/span><\/span><\/p>\n<p><span style=\"color: #3366ff;\">SP742 s automatickou \u0159eza\u010dkou<\/span><\/p>\n<p><span style=\"color: #3366ff;\">SP712R\/742R Rewind verze<\/span><\/p>\n<p><span style=\"color: #3366ff;\">SP742BI Bluetooth <\/span><\/p>\n<p>&nbsp;<\/p>\n<p><span style=\"color: #3366ff;\">Rozhran\u00ed: USB, LAN, Bluetooth,<\/span><\/p>\n<p><span style=\"color: #3366ff;\">Wifi, WebPRNT, Serial,<\/span><\/p>\n<p><span style=\"color: #3366ff;\">9-Pin Serial, Paraleln\u00ed<\/span><\/p>\n<p><span style=\"color: #3366ff;\"><strong>SP700 &#8211; Vysokorychlostn\u00ed dvoubarevn\u00e1 tisk\u00e1rna \u00fa\u010dtenek<\/strong><\/span><\/p>\n<p><span style=\"color: #3366ff;\">Vysokorychlostn\u00ed 9jehli\u010dkov\u00e1 tisk\u00e1rna s vysokou kvalitou v\u00fdstupu schopn\u00e1 tisknout \u00fa\u010dtenky v rastru 13 x 20 \u0159\u00e1dk\u016f. Software s p\u0159idanou hodnotou pro prodejce, dodavatele origin\u00e1ln\u00edch za\u0159\u00edzen\u00ed (OEM), syst\u00e9mov\u00e9 v\u00fdrobce a v\u00fdvoj\u00e1\u0159e softwaru spolu s n\u00e1stroji pro marketing a grafiku v\u010detn\u011b nov\u00e9ho<\/span> <span style=\"color: #3366ff;\"><strong>n\u00e1stroje pro<\/strong> <strong>spr\u00e1vu grafiky<\/strong>, kter\u00fd usnad\u0148uje identifikaci d\u00edky pou\u017eit\u00ed jm\u00e9na a seznamu a umo\u017e\u0148uje vyu\u017e\u00edt a\u017e 255 obr\u00e1zk\u016f. Tento n\u00e1stroj tak\u00e9 usnadn\u00ed pou\u017eit\u00ed tisk\u00e1rny ve v\u00edce konfigurac\u00edch, proto\u017ee s jeho pomoc\u00ed m\u016f\u017ee osobn\u00ed po\u010d\u00edta\u010d rychle a jednodu\u0161e nahr\u00e1t kompletn\u00ed seznam grafiky.<\/span><\/p>\n<p><span style=\"color: #3366ff;\"><span class=\"hps\">Je to<\/span>\u00a0vod\u011bodoln\u00e1 <span class=\"hps\">konstrukce, kter\u00e1 se snadno \u010dist\u00ed<\/span>\u00a0<span class=\"hps\">spolu s<\/span> <span class=\"hps\">mo\u017enostmi<\/span>, jako jsou <span class=\"hps\">dvoub<\/span><span class=\"hps\">arevn\u00fd tisk<\/span>, <span class=\"hps\">n\u00e1st\u011bnn\u00fd<\/span> <span class=\"hps\">dr\u017e\u00e1k<\/span> <span class=\"hps\">a <\/span><span class=\"hps\">bzu\u010d\u00e1k<\/span><span class=\"hps\">, <\/span><span class=\"hps\">SP700<\/span> <span class=\"hps\">je<\/span> <span class=\"hps\">ide\u00e1ln\u00ed<\/span> pro <span class=\"hps\">pohostinstv\u00ed, bary \u010di kuchyn\u011b.<\/span><\/span><\/p>\n<p><span style=\"color: #3366ff;\"><span class=\"hps\">K dispozici<\/span> <span class=\"hps\">s \u0159adou<\/span> <span class=\"hps\">mo\u017enost\u00ed,<\/span> <span class=\"hps\">v\u010detn\u011b<\/span> <span class=\"hps\">rozhran\u00ed<\/span> <span class=\"hps\">Bluetooth<\/span>, <span class=\"hps\">LAN<\/span> <span class=\"hps\">s<\/span> <span class=\"hps\">WiFi<\/span> <span class=\"hps\">Power<\/span> <span class=\"hps\">Pack a<\/span> <span class=\"hps\">WebPRNT<\/span>, <span class=\"hps\">SP700<\/span> <span class=\"hps\">je<\/span> <span class=\"hps\">univerz\u00e1ln\u00ed<\/span> <span class=\"hps\">bezdr\u00e1tov\u00e1<\/span> <span class=\"hps\">tisk\u00e1rna<\/span>\u00a0pro<span class=\"hps\"> maloobchod nebo<\/span> <span class=\"hps\">pohostinstv\u00ed<\/span>.<\/span><\/p>\n<p>&nbsp;<\/p>\n<p><span style=\"color: #3366ff;\"><strong>Vlastnosti:\u00a0<\/strong><\/span><\/p>\n<ul>\n<li><span style=\"color: #3366ff;\"><span class=\"hps\">Vysok\u00e1 rychlost,<\/span> <span class=\"hps\">9<\/span><span class=\"atn\">&#8211;<\/span>pin <span class=\"hps\">kvalita<\/span>\u00a0jehli\u010dkov\u00e9 <span class=\"hps\">tisk\u00e1rny<\/span> <span class=\"hps\">&#8211;<\/span> <span class=\"hps\">a\u017e<\/span> <span class=\"hps\">na 8,9<\/span> <span class=\"hps\">LPS<\/span><\/span><\/li>\n<li><span style=\"color: #3366ff;\">76mm v<span class=\"hps\">\u00fdchoz\u00ed \u0161\u00ed\u0159ka<\/span> <span class=\"hps\">pap\u00edru<\/span><\/span><\/li>\n<li><span style=\"color: #3366ff;\">\u201cDrop-In &amp; Print\u201d, snadn\u00e9 zakl\u00e1d\u00e1n\u00ed pap\u00edru a stuhy<\/span><\/li>\n<li><span style=\"color: #3366ff;\"><span class=\"hps\">\u00a0Robustn\u00ed odoln\u00fd design, kter\u00fd se snadno \u010dist\u00ed, vhodn\u00fd do kuchyn\u00ed\/bar\u016f<\/span><\/span><\/li>\n<li><span style=\"color: #3366ff;\"><span class=\"hps\">Vnit\u0159n\u00ed<\/span> <span class=\"hps\">nap\u00e1jec\u00ed zdroj s<\/span> <span class=\"hps\">univerz\u00e1ln\u00edm<\/span> <span class=\"hps\">kabelem<\/span> <span class=\"hps\">zahrnuty<\/span> <span class=\"hps\">p\u0159i n\u00e1kupu<\/span><\/span><\/li>\n<li><span style=\"color: #3366ff;\"><span class=\"hps\">Grafick\u00fd<\/span> <span class=\"hps\">Management \/<\/span> <span class=\"hps\">Logo<\/span> <span class=\"hps\">N\u00e1stroje<\/span> <span class=\"hps\">\u00falo\u017ei\u0161ti ovlada\u010d\u016f<\/span><\/span><\/li>\n<li><span style=\"color: #3366ff;\">SP742BTi Bluetooth verze s mo\u017enost\u00ed unik\u00e1tn\u00edho\u00a0Auto Connect<\/span><\/li>\n<li><span style=\"color: #3366ff;\">Star platform-agnostic WebPRNT \u201cPlug-in\u201d rozhran\u00ed<\/span><\/li>\n<li><span style=\"color: #3366ff;\"><span class=\"hps\">Pro mont\u00e1\u017e na ze\u010f<\/span> <span class=\"hps\">\/<\/span> <span class=\"hps\">st\u016fl<\/span> <\/span><\/li>\n<\/ul>\n<p><span style=\"color: #3366ff;\"><strong>Ke sta\u017een\u00ed:<\/strong><\/span><\/p>\n<ul>\n<li><span style=\"color: #000080;\"><a style=\"color: #000080;\" href=\"http:\/\/star.starmicronics.cz\/?page_id=498\" target=\"_blank\">Produktov\u00e1 bro\u017eura<\/a><\/span><\/li>\n<li><span style=\"color: #000080;\">Manual, SDK (link to <a style=\"color: #000080;\" href=\"http:\/\/www.starmicronics.com\/support\">www.starmicronics.com\/support<\/a>)<\/span><\/li>\n<li><a href=\"http:\/\/star.starmicronics.cz\/?page_id=579\"><span style=\"color: #000080;\">Galerie obr\u00e1zk\u016f<\/span><\/a><\/li>\n<li><a href=\"https:\/\/www.youtube.com\/watch?v=GKo3viCtW2k\" target=\"_blank\"><span style=\"color: #000080;\">Video galerie<\/span><\/a><\/li>\n<li><a href=\"http:\/\/star.starmicronics.cz\/?page_id=518\"><span style=\"color: #000080;\">Na\u0161i z\u00e1kazn\u00edci<\/span><\/a><\/li>\n<li><span style=\"color: #000080;\"><a style=\"color: #000080;\" href=\"https:\/\/www.apple.com\/itunes\/\" target=\"_blank\">App Store image<\/a><\/span><\/li>\n<li><span style=\"color: #000080;\"><a style=\"color: #000080;\" href=\"https:\/\/play.google.com\/store\/apps\/details?id=com.google.android.apps.plus\" target=\"_blank\">Google Play image <\/a><\/span><\/li>\n<\/ul>\n<p><a href=\"http:\/\/star.starmicronics.cz\/wp-content\/uploads\/2015\/04\/appstore_googleplay.jpg\" rel=\"lightbox[199]\"><img loading=\"lazy\" decoding=\"async\" class=\"alignnone  wp-image-347\" src=\"http:\/\/star.starmicronics.cz\/wp-content\/uploads\/2015\/04\/appstore_googleplay-300x220.jpg\" alt=\"appstore_googleplay\" width=\"145\" height=\"106\" srcset=\"https:\/\/star.starmicronics.cz\/wp-content\/uploads\/2015\/04\/appstore_googleplay-300x220.jpg 300w, https:\/\/star.starmicronics.cz\/wp-content\/uploads\/2015\/04\/appstore_googleplay-135x100.jpg 135w, https:\/\/star.starmicronics.cz\/wp-content\/uploads\/2015\/04\/appstore_googleplay.jpg 425w\" sizes=\"auto, (max-width: 145px) 100vw, 145px\" \/><\/a><\/p>\n<p><span style=\"color: #3366ff;\"><strong>Specifikace<\/strong><\/span><\/p>\n<table style=\"height: 1356px;\" width=\"344\">\n<tbody>\n<tr>\n<td width=\"57%\"><span style=\"color: #3366ff;\">Rychlost tisku<\/span><\/td>\n<td width=\"42%\"><span style=\"color: #3366ff;\">4.7 to 8.9 lps<\/span><\/td>\n<\/tr>\n<tr>\n<td width=\"57%\"><span style=\"color: #3366ff;\">Rozli\u0161en\u00ed tisku<\/span><\/td>\n<td width=\"42%\"><span style=\"color: #3366ff;\">7 x 9 <\/span><\/td>\n<\/tr>\n<tr>\n<td width=\"57%\"><span style=\"color: #3366ff;\">Po\u010det sloupc\u016f<\/span><\/td>\n<td width=\"42%\"><span style=\"color: #3366ff;\">42 \/ 35 sl.<\/span><\/td>\n<\/tr>\n<tr>\n<td width=\"57%\"><span style=\"color: #3366ff;\">Automatick\u00e1 \u0159eza\u010dka<\/span><\/td>\n<td width=\"42%\"><span style=\"color: #3366ff;\">Odtrhovac\u00ed li\u0161ta a \u00fapln\u00fd nebo \u010d\u00e1ste\u010dn\u00fd \u0159ez (gilotina)\u00a0a automatick\u00e1 \u0159eza\u010dka\u00a0Rewind<\/span><\/td>\n<\/tr>\n<tr>\n<td width=\"57%\"><span style=\"color: #3366ff;\">\u0160\u00ed\u0159ka pap\u00edru<\/span><\/td>\n<td width=\"42%\"><span style=\"color: #3366ff;\">76mm standardn\u00ed, 69.5, 58mm<\/span><\/td>\n<\/tr>\n<tr>\n<td width=\"57%\"><span style=\"color: #3366ff;\">Tlou\u0161\u0165ka<\/span><\/td>\n<td width=\"42%\"><span style=\"color: #3366ff;\">0.06 \u2013 0.085mm \/ 1+2 kopie<\/span><\/td>\n<\/tr>\n<tr>\n<td width=\"57%\"><span style=\"color: #3366ff;\">Role pap\u00edru (pr\u016fm\u011br)<\/span><\/td>\n<td width=\"42%\"><span style=\"color: #3366ff;\">85mm<\/span><\/td>\n<\/tr>\n<tr>\n<td width=\"57%\"><span style=\"color: #3366ff;\">P\u0159\u00edslu\u0161enstv\u00ed<\/span><\/td>\n<td width=\"42%\"><span style=\"color: #3366ff;\">Vertik\u00e1ln\u00ed nebo\u00a0Horizont\u00e1ln\u00ed re\u017eim<\/span><\/td>\n<\/tr>\n<tr>\n<td width=\"57%\"><span style=\"color: #3366ff;\">\u0160\u00ed\u0159ka tisku<\/span><\/td>\n<td width=\"42%\"><span style=\"color: #3366ff;\">63 \/ 50 \/ 45mm<\/span><\/td>\n<\/tr>\n<tr>\n<td width=\"57%\"><span style=\"color: #3366ff;\">Senzory<\/span><\/td>\n<td width=\"42%\"><span style=\"color: #3366ff;\">Do\u0161l\u00fd pap\u00edr<\/span><\/td>\n<\/tr>\n<tr>\n<td width=\"57%\"><span style=\"color: #3366ff;\">Rozhran\u00ed<\/span><\/td>\n<td width=\"42%\"><span style=\"color: #3366ff;\">RS232C, Paraleln\u00ed, bez rozhran\u00ed nebo Bluetooth (2.1), iOS MFi<\/span><\/td>\n<\/tr>\n<tr>\n<td width=\"57%\"><span style=\"color: #3366ff;\">Unique Ethernet Print on Disconnection Feature<\/span><\/td>\n<td width=\"42%\"><span style=\"color: #3366ff;\">\u00a0<\/span><\/td>\n<\/tr>\n<tr>\n<td width=\"57%\"><span style=\"color: #3366ff;\">Nap\u00e1jec\u00ed zdroj<\/span><\/td>\n<td width=\"42%\"><span style=\"color: #3366ff;\"><span class=\"hps\">Intern\u00ed<\/span> <span class=\"hps\">s kabelem<\/span> <\/span><\/td>\n<\/tr>\n<tr>\n<td width=\"57%\"><span style=\"color: #3366ff;\">Spot\u0159eba energie<\/span><\/td>\n<td width=\"42%\"><span style=\"color: #3366ff;\">1.5 Amps tisk 0.42 Amps pohotovostn\u00ed<\/span><\/td>\n<\/tr>\n<tr>\n<td width=\"57%\"><span style=\"color: #3366ff;\">Energy Star<\/span><\/td>\n<td width=\"42%\"><span style=\"color: #3366ff;\">\u00a0<\/span><\/td>\n<\/tr>\n<tr>\n<td width=\"57%\"><span style=\"color: #3366ff;\">Spolehlivost<\/span><\/td>\n<td width=\"42%\"><span style=\"color: #3366ff;\">\u00a022\u00a0milion \u0159\u00e1dk\u016f\u00a01 milion \u0159ez\u016f<\/span><\/td>\n<\/tr>\n<tr>\n<td width=\"57%\"><span style=\"color: #3366ff;\">Rozm\u011bry (\u0161 x h x v)mm <\/span><\/td>\n<td width=\"42%\"><span style=\"color: #3366ff;\">\u00a0160 x 245 x 152<\/span><\/td>\n<\/tr>\n<tr>\n<td width=\"57%\"><span style=\"color: #3366ff;\">Dopl\u0148kov\u00e9 funkce<\/span><\/td>\n<td width=\"42%\">\n<ul>\n<li><span style=\"color: #3366ff;\">Bzu\u010d\u00e1k<\/span><\/li>\n<li><span style=\"color: #3366ff;\">Pro mont\u00e1\u017e na ze\u010f<\/span><\/li>\n<li><span style=\"color: #3366ff;\">Vertik\u00e1ln\u00ed kit<\/span><\/li>\n<li><span style=\"color: #3366ff;\">SP700R pap\u00edr<\/span><\/li>\n<li><span style=\"color: #3366ff;\">Rewind verze<\/span><\/li>\n<\/ul>\n<\/td>\n<\/tr>\n<\/tbody>\n<\/table>\n<p>&nbsp;<\/p>\n<p><span style=\"color: #3366ff;\"><strong>Galerie<\/strong><\/span><\/p>\n<div id='gallery-1' class='gallery galleryid-199 gallery-columns-3 gallery-size-medium'><figure class='gallery-item'>\n\t\t\t<div class='gallery-icon landscape'>\n\t\t\t\t<a href='https:\/\/star.starmicronics.cz\/wp-content\/uploads\/2015\/04\/SP700_front-1.jpg' rel=\"lightbox[199]\"><img loading=\"lazy\" decoding=\"async\" width=\"300\" height=\"300\" src=\"https:\/\/star.starmicronics.cz\/wp-content\/uploads\/2015\/04\/SP700_front-1-300x300.jpg\" class=\"attachment-medium size-medium\" alt=\"\" aria-describedby=\"gallery-1-390\" srcset=\"https:\/\/star.starmicronics.cz\/wp-content\/uploads\/2015\/04\/SP700_front-1-300x300.jpg 300w, https:\/\/star.starmicronics.cz\/wp-content\/uploads\/2015\/04\/SP700_front-1-150x150.jpg 150w, https:\/\/star.starmicronics.cz\/wp-content\/uploads\/2015\/04\/SP700_front-1-768x768.jpg 768w, https:\/\/star.starmicronics.cz\/wp-content\/uploads\/2015\/04\/SP700_front-1-1024x1024.jpg 1024w\" sizes=\"auto, (max-width: 300px) 100vw, 300px\" \/><\/a>\n\t\t\t<\/div>\n\t\t\t\t<figcaption class='wp-caption-text gallery-caption' id='gallery-1-390'>\n\t\t\t\tSP700\n\t\t\t\t<\/figcaption><\/figure><figure class='gallery-item'>\n\t\t\t<div class='gallery-icon landscape'>\n\t\t\t\t<a href='https:\/\/star.starmicronics.cz\/wp-content\/uploads\/2015\/04\/SP700_pair-1.jpg' rel=\"lightbox[199]\"><img loading=\"lazy\" decoding=\"async\" width=\"300\" height=\"300\" src=\"https:\/\/star.starmicronics.cz\/wp-content\/uploads\/2015\/04\/SP700_pair-1-300x300.jpg\" class=\"attachment-medium size-medium\" alt=\"\" aria-describedby=\"gallery-1-391\" srcset=\"https:\/\/star.starmicronics.cz\/wp-content\/uploads\/2015\/04\/SP700_pair-1-300x300.jpg 300w, https:\/\/star.starmicronics.cz\/wp-content\/uploads\/2015\/04\/SP700_pair-1-150x150.jpg 150w, https:\/\/star.starmicronics.cz\/wp-content\/uploads\/2015\/04\/SP700_pair-1-768x768.jpg 768w, https:\/\/star.starmicronics.cz\/wp-content\/uploads\/2015\/04\/SP700_pair-1-1024x1024.jpg 1024w\" sizes=\"auto, (max-width: 300px) 100vw, 300px\" \/><\/a>\n\t\t\t<\/div>\n\t\t\t\t<figcaption class='wp-caption-text gallery-caption' id='gallery-1-391'>\n\t\t\t\tSP700\n\t\t\t\t<\/figcaption><\/figure><figure class='gallery-item'>\n\t\t\t<div class='gallery-icon landscape'>\n\t\t\t\t<a href='https:\/\/star.starmicronics.cz\/wp-content\/uploads\/2015\/04\/SP700_paperload-1.jpg' rel=\"lightbox[199]\"><img loading=\"lazy\" decoding=\"async\" width=\"300\" height=\"300\" src=\"https:\/\/star.starmicronics.cz\/wp-content\/uploads\/2015\/04\/SP700_paperload-1-300x300.jpg\" class=\"attachment-medium size-medium\" alt=\"\" aria-describedby=\"gallery-1-392\" srcset=\"https:\/\/star.starmicronics.cz\/wp-content\/uploads\/2015\/04\/SP700_paperload-1-300x300.jpg 300w, https:\/\/star.starmicronics.cz\/wp-content\/uploads\/2015\/04\/SP700_paperload-1-150x150.jpg 150w, https:\/\/star.starmicronics.cz\/wp-content\/uploads\/2015\/04\/SP700_paperload-1-768x768.jpg 768w, https:\/\/star.starmicronics.cz\/wp-content\/uploads\/2015\/04\/SP700_paperload-1-1024x1024.jpg 1024w, https:\/\/star.starmicronics.cz\/wp-content\/uploads\/2015\/04\/SP700_paperload-1.jpg 1839w\" sizes=\"auto, (max-width: 300px) 100vw, 300px\" \/><\/a>\n\t\t\t<\/div>\n\t\t\t\t<figcaption class='wp-caption-text gallery-caption' id='gallery-1-392'>\n\t\t\t\tSP700\n\t\t\t\t<\/figcaption><\/figure>\n\t\t<\/div>\n\n<p><span style=\"color: #3366ff;\"><strong>Souvisej\u00edc\u00ed produkty<\/strong><\/span><\/p>\n<div id='gallery-2' class='gallery galleryid-199 gallery-columns-4 gallery-size-medium'><figure class='gallery-item'>\n\t\t\t<div class='gallery-icon portrait'>\n\t\t\t\t<img loading=\"lazy\" decoding=\"async\" width=\"209\" height=\"300\" src=\"https:\/\/star.starmicronics.cz\/wp-content\/uploads\/2015\/04\/TSP700II_deskboot-209x300.jpg\" class=\"attachment-medium size-medium\" alt=\"\" aria-describedby=\"gallery-2-159\" srcset=\"https:\/\/star.starmicronics.cz\/wp-content\/uploads\/2015\/04\/TSP700II_deskboot-209x300.jpg 209w, https:\/\/star.starmicronics.cz\/wp-content\/uploads\/2015\/04\/TSP700II_deskboot.jpg 500w\" sizes=\"auto, (max-width: 209px) 100vw, 209px\" \/>\n\t\t\t<\/div>\n\t\t\t\t<figcaption class='wp-caption-text gallery-caption' id='gallery-2-159'>\n\t\t\t\tVertik\u00e1ln\u00ed dr\u017e\u00e1k\n\t\t\t\t<\/figcaption><\/figure>\n\t\t<\/div>\n\n<div id='gallery-3' class='gallery galleryid-199 gallery-columns-4 gallery-size-medium'><figure class='gallery-item'>\n\t\t\t<div class='gallery-icon landscape'>\n\t\t\t\t<img loading=\"lazy\" decoding=\"async\" width=\"300\" height=\"300\" src=\"https:\/\/star.starmicronics.cz\/wp-content\/uploads\/2015\/04\/wifi_powerpack1-300x300.jpg\" class=\"attachment-medium size-medium\" alt=\"\" aria-describedby=\"gallery-3-162\" srcset=\"https:\/\/star.starmicronics.cz\/wp-content\/uploads\/2015\/04\/wifi_powerpack1-300x300.jpg 300w, https:\/\/star.starmicronics.cz\/wp-content\/uploads\/2015\/04\/wifi_powerpack1-150x150.jpg 150w, https:\/\/star.starmicronics.cz\/wp-content\/uploads\/2015\/04\/wifi_powerpack1.jpg 425w\" sizes=\"auto, (max-width: 300px) 100vw, 300px\" \/>\n\t\t\t<\/div>\n\t\t\t\t<figcaption class='wp-caption-text gallery-caption' id='gallery-3-162'>\n\t\t\t\tWifi Power Pack\n\t\t\t\t<\/figcaption><\/figure><figure class='gallery-item'>\n\t\t\t<div class='gallery-icon landscape'>\n\t\t\t\t<img loading=\"lazy\" decoding=\"async\" width=\"300\" height=\"300\" src=\"https:\/\/star.starmicronics.cz\/wp-content\/uploads\/2015\/04\/WebPRNT1-300x300.jpg\" class=\"attachment-medium size-medium\" alt=\"\" aria-describedby=\"gallery-3-161\" srcset=\"https:\/\/star.starmicronics.cz\/wp-content\/uploads\/2015\/04\/WebPRNT1-300x300.jpg 300w, https:\/\/star.starmicronics.cz\/wp-content\/uploads\/2015\/04\/WebPRNT1-150x150.jpg 150w, https:\/\/star.starmicronics.cz\/wp-content\/uploads\/2015\/04\/WebPRNT1.jpg 400w\" sizes=\"auto, (max-width: 300px) 100vw, 300px\" \/>\n\t\t\t<\/div>\n\t\t\t\t<figcaption class='wp-caption-text gallery-caption' id='gallery-3-161'>\n\t\t\t\tWebPRNT\n\t\t\t\t<\/figcaption><\/figure><figure class='gallery-item'>\n\t\t\t<div class='gallery-icon portrait'>\n\t\t\t\t<img loading=\"lazy\" decoding=\"async\" width=\"160\" height=\"230\" src=\"https:\/\/star.starmicronics.cz\/wp-content\/uploads\/2015\/04\/star_buzzer.jpg\" class=\"attachment-medium size-medium\" alt=\"\" aria-describedby=\"gallery-3-393\" \/>\n\t\t\t<\/div>\n\t\t\t\t<figcaption class='wp-caption-text gallery-caption' id='gallery-3-393'>\n\t\t\t\tBzu\u010d\u00e1k\n\t\t\t\t<\/figcaption><\/figure><figure class='gallery-item'>\n\t\t\t<div class='gallery-icon portrait'>\n\t\t\t\t<img loading=\"lazy\" decoding=\"async\" width=\"239\" height=\"300\" src=\"https:\/\/star.starmicronics.cz\/wp-content\/uploads\/2015\/04\/sp700_rewind-239x300-239x300.jpg\" class=\"attachment-medium size-medium\" alt=\"\" aria-describedby=\"gallery-3-394\" \/>\n\t\t\t<\/div>\n\t\t\t\t<figcaption class='wp-caption-text gallery-caption' id='gallery-3-394'>\n\t\t\t\tSP700 rewind\n\t\t\t\t<\/figcaption><\/figure>\n\t\t<\/div>\n\n<p>&nbsp;<\/p>\n","protected":false},"excerpt":{"rendered":"<p>\u00a0 SP712 s odtrhovac\u00ed li\u0161tou SP742 s automatickou \u0159eza\u010dkou SP712R\/742R Rewind verze SP742BI Bluetooth &nbsp; Rozhran\u00ed: USB, LAN, Bluetooth, Wifi, WebPRNT, Serial, 9-Pin Serial, Paraleln\u00ed SP700 &#8211; Vysokorychlostn\u00ed dvoubarevn\u00e1 tisk\u00e1rna \u00fa\u010dtenek Vysokorychlostn\u00ed 9jehli\u010dkov\u00e1 tisk\u00e1rna s vysokou kvalitou v\u00fdstupu schopn\u00e1 tisknout \u00fa\u010dtenky v rastru 13 x 20 \u0159\u00e1dk\u016f. Software s p\u0159idanou hodnotou pro prodejce, dodavatele origin\u00e1ln\u00edch [&hellip;]<\/p>\n","protected":false},"author":1,"featured_media":0,"parent":0,"menu_order":0,"comment_status":"closed","ping_status":"open","template":"","meta":{"footnotes":"","_links_to":"","_links_to_target":""},"class_list":["post-199","page","type-page","status-publish","hentry"],"_links":{"self":[{"href":"https:\/\/star.starmicronics.cz\/index.php?rest_route=\/wp\/v2\/pages\/199","targetHints":{"allow":["GET"]}}],"collection":[{"href":"https:\/\/star.starmicronics.cz\/index.php?rest_route=\/wp\/v2\/pages"}],"about":[{"href":"https:\/\/star.starmicronics.cz\/index.php?rest_route=\/wp\/v2\/types\/page"}],"author":[{"embeddable":true,"href":"https:\/\/star.starmicronics.cz\/index.php?rest_route=\/wp\/v2\/users\/1"}],"replies":[{"embeddable":true,"href":"https:\/\/star.starmicronics.cz\/index.php?rest_route=%2Fwp%2Fv2%2Fcomments&post=199"}],"version-history":[{"count":0,"href":"https:\/\/star.starmicronics.cz\/index.php?rest_route=\/wp\/v2\/pages\/199\/revisions"}],"wp:attachment":[{"href":"https:\/\/star.starmicronics.cz\/index.php?rest_route=%2Fwp%2Fv2%2Fmedia&parent=199"}],"curies":[{"name":"wp","href":"https:\/\/api.w.org\/{rel}","templated":true}]}}