{"id":178,"date":"2015-04-22T14:25:35","date_gmt":"2015-04-22T13:25:35","guid":{"rendered":"http:\/\/star.starmicronics.cz\/?page_id=178"},"modified":"2016-05-05T15:53:12","modified_gmt":"2016-05-05T14:53:12","slug":"hsp7000","status":"publish","type":"page","link":"https:\/\/star.starmicronics.cz\/?page_id=178","title":{"rendered":"HSP7000"},"content":{"rendered":"<figure id=\"attachment_182\" aria-describedby=\"caption-attachment-182\" style=\"width: 172px\" class=\"wp-caption alignleft\"><a href=\"http:\/\/star.starmicronics.cz\/wp-content\/uploads\/2015\/04\/HSP7000_side.jpg\" rel=\"lightbox[178]\"><img loading=\"lazy\" decoding=\"async\" class=\" wp-image-182\" src=\"http:\/\/star.starmicronics.cz\/wp-content\/uploads\/2015\/04\/HSP7000_side-300x300.jpg\" alt=\"HSP7000\" width=\"172\" height=\"172\" srcset=\"https:\/\/star.starmicronics.cz\/wp-content\/uploads\/2015\/04\/HSP7000_side-300x300.jpg 300w, https:\/\/star.starmicronics.cz\/wp-content\/uploads\/2015\/04\/HSP7000_side-150x150.jpg 150w, https:\/\/star.starmicronics.cz\/wp-content\/uploads\/2015\/04\/HSP7000_side-768x768.jpg 768w, https:\/\/star.starmicronics.cz\/wp-content\/uploads\/2015\/04\/HSP7000_side-1024x1024.jpg 1024w\" sizes=\"auto, (max-width: 172px) 100vw, 172px\" \/><\/a><figcaption id=\"caption-attachment-182\" class=\"wp-caption-text\">HSP7000<\/figcaption><\/figure>\n<p><span style=\"color: #3366ff;\">HSP7543\u00a0bez \u00a0MICR(bez rozhran\u00ed nebo\u00a0USB)<\/span><\/p>\n<p><span style=\"color: #3366ff;\">HSP7643 MICR horn\u00ed poloha(bez rozhran\u00ed)\u00a0<\/span><\/p>\n<p><span style=\"color: #3366ff;\">HSP7743 MICR doln\u00ed poloha(bez rozhran\u00ed, USB, serial, paraleln\u00ed)\u00a0<\/span><\/p>\n<p><span style=\"color: #3366ff;\">Ethernet a WiFi<strong>\u00a0<\/strong><\/span><\/p>\n<p>&nbsp;<\/p>\n<p><span style=\"color: #3366ff;\"><strong>HSP7000 &#8211; <span class=\"hps\">rychl\u00e9<\/span> <span class=\"hps\">a<\/span> <span class=\"hps\">efektivn\u00ed<\/span> <span class=\"hps\">transakce<\/span><\/strong><\/span><\/p>\n<p><span style=\"color: #3366ff;\"><strong>Vysok\u00e1 rychlost hybridn\u00ed tisk\u00e1rny, kter\u00e1 m\u00e1 2 zabudovan\u00e9\u00a0tisk\u00e1rny\u00a0&#8211;\u00a0term\u00e1ln\u00ed a jehli\u010dkovou<\/strong><\/span><\/p>\n<p><span style=\"color: #3366ff;\"><span class=\"hps\">\u0158ada\u00a0tisk\u00e1ren\u00a0<span class=\"hps\">HSP7000\u00a0d<\/span>\u00edky kvalitn\u00ed termo tisk\u00e1rn\u011b<\/span>\u00a0<span class=\"hps\">nab\u00edz\u00ed vysok\u00fd v\u00fdkon,<\/span>\u00a0skv\u011bl\u00e9\u00a0<span class=\"hps\">rozli\u0161en\u00ed<\/span> <span class=\"hps\">tisku<\/span> <span class=\"hps\">a vynikaj\u00edc\u00ed<\/span> <span class=\"hps\">rychlost tisku<\/span> <span class=\"hps\">vytv\u00e1\u0159\u00ed<\/span> <span class=\"hps\">perfektn\u00ed<\/span> <span class=\"hps\">POS<\/span> <span class=\"hps\">tisk\u00e1rny pro<\/span> <span class=\"hps\">tisk<\/span> \u0161ek\u016f a \u00fa\u010dtenek.<\/span><\/p>\n<p><span style=\"color: #3366ff;\"><span class=\"hps\">Jej\u00ed vysok\u00e9<\/span> <span class=\"hps\">rozli\u0161en\u00ed tisku<\/span> <span class=\"hps atn\">(<\/span>203dpi) <span class=\"hps\">produkuje<\/span> <span class=\"hps\">vynikaj\u00edc\u00ed kvalitu<\/span> <span class=\"hps\">textu a grafiky<\/span> <span class=\"hps\">pro tisk<\/span> <span class=\"hps\">log<\/span>, \u010d\u00e1rov\u00fdch k\u00f3d\u016f <span class=\"hps\">a<\/span>\u00a0\u00fa\u010dt\u016f\u00a0<span class=\"hps\">nebo pouk\u00e1zek<\/span> <span class=\"hps\">v m\u00edst\u011b<\/span> <span class=\"hps\">prodeje<\/span>.<\/span><\/p>\n<p><span style=\"color: #3366ff;\">HSP7000 <span class=\"hps\">je tak\u00e9<\/span> <span class=\"hps\">neuv\u011b\u0159iteln\u011b<\/span> <span class=\"hps\">snadn\u00e9 pou\u017e\u00edvat s<\/span> <span class=\"hps atn\">&#8222;<\/span>Drop <span class=\"hps\">In &amp; Print<\/span>&#8220; snadn\u00fdm zakl\u00e1d\u00e1n\u00edm pap\u00edru, stejn\u011b <span class=\"hps\">jako<\/span>\u00a0p\u0159edp\u0159ipraven\u00e9 <span class=\"hps\">formul\u00e1\u0159e,<\/span> <span class=\"hps\">polohov\u00e1n\u00ed<\/span> <span class=\"hps\">pro<\/span> <span class=\"hps\">rychl\u00e9 a p\u0159esn\u00e9<\/span> <span class=\"hps\">um\u00edst\u011bn\u00ed<\/span> tisku. <span class=\"hps\">V\u00fdm\u011bna<\/span>\u00a0tiskov\u00e9 p\u00e1sky\u00a0<span class=\"hps\">je jednoduch\u00e1<\/span> <span class=\"hps\">a<\/span> <span class=\"hps\">snadno<\/span> <span class=\"hps\">p\u0159\u00edstupn\u00e1.<\/span> <span class=\"hps\">HSP7000<\/span>\u00a0<span class=\"hps\">m\u00e1 zabudovan\u00e9 senzory na konec pap\u00edru, vlo\u017een\u00ed pap\u00edru a otev\u0159en\u00ed krytu.<\/span><\/span><\/p>\n<p><span style=\"color: #3366ff;\"><span class=\"hps\">Navr\u017eena<\/span> <span class=\"hps\">s<\/span> <span class=\"hps\">ohledem na pot\u0159eby u\u017eivatel\u016f<\/span>, <span class=\"hps\">HSP7000<\/span> <span class=\"hps\">je jednoduch\u00e1 na<\/span> <span class=\"hps\">instalaci a<\/span> <span class=\"hps\">nastaven\u00ed<\/span> <span class=\"hps\">se<\/span> <span class=\"hps\">Star<\/span> <span class=\"hps\">sadou<\/span> ovlada\u010d\u016f<span class=\"hps\">\/<\/span><span class=\"hps\">podp\u016frn\u00fdch<\/span> <span class=\"hps\">emulac\u00ed<\/span> <span class=\"hps\">a<\/span> <span class=\"hps\">variabiln\u00ed<\/span> <span class=\"hps\">\u0161\u00ed\u0159kou pap\u00edru<\/span>, aby odpov\u00eddala <span class=\"hps\">existuj\u00edc\u00edmu softwaru<\/span>.<\/span><\/p>\n<p>&nbsp;<\/p>\n<p><span style=\"color: #3366ff;\"><strong>Vlastnosti:<\/strong><\/span><\/p>\n<ul>\n<li><span style=\"color: #3366ff;\">Vysok\u00e1 rychlost\u00a0<span class=\"hps\">250 mm<\/span> <span class=\"hps\">\/ s<\/span> <span class=\"hps\">term\u00e1ln\u00ed<\/span> <span class=\"hps\">tisk\u00e1rnou \u00fa\u010dtenek <\/span><span class=\"hps\">v kombinaci<\/span> <span class=\"hps\">s<\/span> <span class=\"hps\">vysokou rychlost\u00ed<\/span> <span class=\"hps\">9<\/span><span class=\"atn\">&#8211;<\/span>pin\u00a0jehli\u010dkovou hlavou<\/span><\/li>\n<li><span style=\"color: #3366ff;\">\u201cDrop-In &amp; Print\u201d <span style=\"color: #3366ff;\">snadn\u00e9 zakl\u00e1d\u00e1n\u00ed pap\u00edru<\/span><\/span><\/li>\n<li><span style=\"color: #3366ff;\"><span class=\"hps\">Vysok\u00e9 rozli\u0161en\u00ed<\/span> <span class=\"hps\">203<\/span> <span class=\"hps\">dpi<\/span> pro rychl\u00fd tisk, <span class=\"hps\">vynikaj\u00edc\u00ed kvalita<\/span> tisku \u00fa\u010dtenek &#8211; <span class=\"hps\">loga<\/span> <span class=\"hps\">\/<\/span> <span class=\"hps\">\u010d\u00e1rov\u00e9 k\u00f3dy<\/span> <\/span><\/li>\n<li><span style=\"color: #3366ff;\">Automatick\u00e9 vkl\u00e1d\u00e1n\u00ed pap\u00edru, senzor zpr\u00e1v atd.<\/span><\/li>\n<li><span style=\"color: #3366ff;\">Jednoduch\u00e9 pou\u017eit\u00ed funkce <span class=\"hps\">AutoLogo<\/span> <span class=\"hps\">\u2122<\/span> <span class=\"hps\">nez\u00e1visle<\/span> <span class=\"hps\">p\u0159id\u00e1v\u00e1<\/span> <span class=\"hps\">loga a<\/span> <span class=\"hps\">kup\u00f3ny<\/span> <span class=\"hps\">na<\/span> \u00fa\u010dtenky<\/span><\/li>\n<li><span style=\"color: #3366ff;\">Barv\u00edc\u00ed p\u00e1ska: RC-7KB \u010dern\u00e1<\/span><\/li>\n<li><span style=\"color: #3366ff;\">Mo\u017enosti rozhran\u00ed: Serial, 9-Pin Serial, Paraleln\u00ed, USB, LAN\u00a0s mo\u017enost\u00ed WiFi Power Pack <\/span><\/li>\n<\/ul>\n<p><span style=\"color: #3366ff;\"><strong>Ke sta\u017een\u00ed:<\/strong><\/span><\/p>\n<ul>\n<li><span style=\"color: #000080;\"><a style=\"color: #000080;\" href=\"http:\/\/star.starmicronics.cz\/?page_id=498\" target=\"_blank\">Produktov\u00e1 bro\u017eura<\/a><\/span><\/li>\n<li><span style=\"color: #000080;\">Manual, SDK (link to <a style=\"color: #000080;\" href=\"http:\/\/www.starmicronics.com\/support\">www.starmicronics.com\/support<\/a>)<\/span><\/li>\n<li><a href=\"http:\/\/star.starmicronics.cz\/?page_id=579\"><span style=\"color: #000080;\">Galerie obr\u00e1zk\u016f<\/span><\/a><\/li>\n<li><a href=\"https:\/\/www.youtube.com\/watch?v=LDuZGdGT4Fk\" target=\"_blank\"><span style=\"color: #000080;\">Video galerie<\/span><\/a><\/li>\n<li><a href=\"http:\/\/star.starmicronics.cz\/?page_id=518\"><span style=\"color: #000080;\">Na\u0161i z\u00e1kazn\u00edci<\/span><\/a><\/li>\n<\/ul>\n<p><a href=\"http:\/\/star.starmicronics.cz\/wp-content\/uploads\/2015\/04\/appstore_googleplay.jpg\" rel=\"lightbox[178]\"><img loading=\"lazy\" decoding=\"async\" class=\"alignnone  wp-image-347\" src=\"http:\/\/star.starmicronics.cz\/wp-content\/uploads\/2015\/04\/appstore_googleplay-300x220.jpg\" alt=\"appstore_googleplay\" width=\"132\" height=\"97\" srcset=\"https:\/\/star.starmicronics.cz\/wp-content\/uploads\/2015\/04\/appstore_googleplay-300x220.jpg 300w, https:\/\/star.starmicronics.cz\/wp-content\/uploads\/2015\/04\/appstore_googleplay-135x100.jpg 135w, https:\/\/star.starmicronics.cz\/wp-content\/uploads\/2015\/04\/appstore_googleplay.jpg 425w\" sizes=\"auto, (max-width: 132px) 100vw, 132px\" \/><\/a><\/p>\n<p><span style=\"color: #3366ff;\"><strong>Specifikace<\/strong><\/span><\/p>\n<table style=\"height: 1199px;\" width=\"680\">\n<tbody>\n<tr>\n<td width=\"35%\"><span style=\"color: #3366ff;\">Rychlost tisku<\/span><\/td>\n<td width=\"64%\"><span style=\"color: #3366ff;\">term\u00e1ln\u00ed 250mm\/sec., jehli\u010dkov\u00e1 \u00a04.82 \u2013 8.9 lps<\/span><\/td>\n<\/tr>\n<tr>\n<td width=\"35%\"><span style=\"color: #3366ff;\">Rozli\u0161en\u00ed tisku<\/span><\/td>\n<td width=\"64%\"><span style=\"color: #3366ff;\">203 dpi<\/span><\/td>\n<\/tr>\n<tr>\n<td width=\"35%\"><span style=\"color: #3366ff;\">Po\u010det sloupc\u016f<\/span><\/td>\n<td width=\"64%\"><span style=\"color: #3366ff;\">\u00fa\u010dtenka: 48\u00a0nebo 64 Star Mode\u00a0nebo ESC \/ POS. l\u00edstek: 60 nebo 45 sl.<\/span><\/td>\n<\/tr>\n<tr>\n<td width=\"35%\"><span style=\"color: #3366ff;\">Automatick\u00e1 \u0159eza\u010dka<\/span><\/td>\n<td width=\"64%\"><span style=\"color: #3366ff;\"><span style=\"color: #3366ff;\">\u010d\u00e1ste\u010dn\u00fd \u0159ez (gilotina)<\/span><\/span><\/td>\n<\/tr>\n<tr>\n<td width=\"35%\"><span style=\"color: #3366ff;\">\u0160\u00ed\u0159ka pap\u00edru<\/span><\/td>\n<td width=\"64%\"><span style=\"color: #3366ff;\">term\u00e1ln\u00ed: 80, 76, 58mm jehli\u010dkov\u00e1: 68 \u2013 230mm<\/span><\/td>\n<\/tr>\n<tr>\n<td width=\"35%\"><span style=\"color: #3366ff;\">Tlou\u0161\u0165ka<\/span><\/td>\n<td width=\"64%\"><span style=\"color: #3366ff;\">term\u00e1ln\u00ed: 0.065 \u2013 0.085mm jehli\u010dkov\u00e1: 0.09 \u2013 0.31<\/span><\/td>\n<\/tr>\n<tr>\n<td width=\"35%\"><span style=\"color: #3366ff;\">Role pap\u00edru (pr\u016fm\u011br)<\/span><\/td>\n<td width=\"64%\"><span style=\"color: #3366ff;\">83mm<\/span><\/td>\n<\/tr>\n<tr>\n<td width=\"35%\"><span style=\"color: #3366ff;\">Po\u010det kopi\u00ed<\/span><\/td>\n<td width=\"64%\"><span style=\"color: #3366ff;\">origin\u00e1l +3<\/span><\/td>\n<\/tr>\n<tr>\n<td width=\"35%\"><span style=\"color: #3366ff;\">Logo obchod<\/span><\/td>\n<td width=\"64%\"><span style=\"color: #3366ff;\">Pokro\u010dil\u00e9 grafick\u00e9 n\u00e1stroje<\/span><\/td>\n<\/tr>\n<tr>\n<td width=\"35%\"><span style=\"color: #3366ff;\">\u0160\u00ed\u0159ka tisku<\/span><\/td>\n<td width=\"64%\"><span style=\"color: #3366ff;\">\u00fa\u010dtenka: 51,68,72 (standard)mm l\u00edstek: max. 85.4mm<\/span><\/td>\n<\/tr>\n<tr>\n<td width=\"35%\"><span style=\"color: #3366ff;\">Rozhran\u00ed<\/span><\/td>\n<td width=\"64%\"><span style=\"color: #3366ff;\">RS232C\u00a0nebo Paraleln\u00ed,\u00a0s LAN \/ USB \/ Powered USB <\/span><\/td>\n<\/tr>\n<tr>\n<td width=\"35%\"><span style=\"color: #3366ff;\">Inkoustov\u00e1\u00a0p\u00e1ska<\/span><\/td>\n<td width=\"64%\"><span style=\"color: #3366ff;\">RC-7KB<\/span><\/td>\n<\/tr>\n<tr>\n<td width=\"35%\"><span style=\"color: #3366ff;\">Nap\u00e1jec\u00ed zdroj<\/span><\/td>\n<td width=\"64%\"><span style=\"color: #3366ff;\">extern\u00ed PS-60A<\/span><\/td>\n<\/tr>\n<tr>\n<td width=\"35%\"><span style=\"color: #3366ff;\">Spot\u0159eba energie<\/span><\/td>\n<td width=\"64%\"><span style=\"color: #3366ff;\">\u00a0<\/span><\/td>\n<\/tr>\n<tr>\n<td width=\"35%\"><span style=\"color: #3366ff;\">Energy Star<\/span><\/td>\n<td width=\"64%\"><span style=\"color: #3366ff;\">\u00a0<\/span><\/td>\n<\/tr>\n<tr>\n<td width=\"35%\"><span style=\"color: #3366ff;\">Spolehlivost<\/span><\/td>\n<td width=\"64%\"><span style=\"color: #3366ff;\">term\u00e1ln\u00ed: 60 milion\u016f \u0159\u00e1dk\u016f, l\u00edstek: 37 milion\u016f \u0159\u00e1dk\u016f<\/span><\/td>\n<\/tr>\n<tr>\n<td width=\"35%\"><span style=\"color: #3366ff;\">Rozm\u011bry (\u0161 x h x v)mm <\/span><\/td>\n<td width=\"64%\"><span style=\"color: #3366ff;\">186 x 296 x 177<\/span><\/td>\n<\/tr>\n<tr>\n<td width=\"35%\"><span style=\"color: #3366ff;\">Dopl\u0148kov\u00e9 funkce<\/span><\/td>\n<td width=\"64%\">\n<ul>\n<li><span style=\"color: #3366ff;\"><span class=\"hps\">Unik\u00e1tn\u00ed<\/span> <span class=\"hps\">AutoLogo<\/span> <span class=\"hps\">kup\u00f3n<\/span> <span class=\"hps\">a<\/span> <span class=\"hps\">grafick\u00fd n\u00e1stroj<\/span><\/span><\/li>\n<li><span style=\"color: #3366ff;\">MICR a bez MICR verze<\/span><\/li>\n<li><span style=\"color: #3366ff;\">dvoubarevn\u00e9 term\u00e1ln\u00ed \u00fa\u010dtenky<\/span><\/li>\n<li><span style=\"color: #3366ff;\">Drop-in zakl\u00e1d\u00e1n\u00ed pap\u00edru<\/span><\/li>\n<li><span style=\"color: #3366ff;\">p\u0159edn\u00ed vkl\u00e1d\u00e1n\u00ed pap\u00edru<\/span><\/li>\n<\/ul>\n<\/td>\n<\/tr>\n<\/tbody>\n<\/table>\n<p>&nbsp;<\/p>\n<p><span style=\"color: #3366ff;\"><strong>Galerie<\/strong><\/span><\/p>\n<div id='gallery-1' class='gallery galleryid-178 gallery-columns-4 gallery-size-medium'><figure class='gallery-item'>\n\t\t\t<div class='gallery-icon landscape'>\n\t\t\t\t<a href='https:\/\/star.starmicronics.cz\/wp-content\/uploads\/2015\/04\/HSP7000_group.jpg' rel=\"lightbox[178]\"><img loading=\"lazy\" decoding=\"async\" width=\"300\" height=\"300\" src=\"https:\/\/star.starmicronics.cz\/wp-content\/uploads\/2015\/04\/HSP7000_group-300x300.jpg\" class=\"attachment-medium size-medium\" alt=\"\" aria-describedby=\"gallery-1-180\" srcset=\"https:\/\/star.starmicronics.cz\/wp-content\/uploads\/2015\/04\/HSP7000_group-300x300.jpg 300w, https:\/\/star.starmicronics.cz\/wp-content\/uploads\/2015\/04\/HSP7000_group-150x150.jpg 150w, https:\/\/star.starmicronics.cz\/wp-content\/uploads\/2015\/04\/HSP7000_group-768x768.jpg 768w, https:\/\/star.starmicronics.cz\/wp-content\/uploads\/2015\/04\/HSP7000_group-1024x1024.jpg 1024w\" sizes=\"auto, (max-width: 300px) 100vw, 300px\" \/><\/a>\n\t\t\t<\/div>\n\t\t\t\t<figcaption class='wp-caption-text gallery-caption' id='gallery-1-180'>\n\t\t\t\tHSP7000\n\t\t\t\t<\/figcaption><\/figure><figure class='gallery-item'>\n\t\t\t<div class='gallery-icon portrait'>\n\t\t\t\t<a href='https:\/\/star.starmicronics.cz\/wp-content\/uploads\/2015\/04\/HSP7000_side.jpg' rel=\"lightbox[178]\"><img loading=\"lazy\" decoding=\"async\" width=\"300\" height=\"300\" src=\"https:\/\/star.starmicronics.cz\/wp-content\/uploads\/2015\/04\/HSP7000_side-300x300.jpg\" class=\"attachment-medium size-medium\" alt=\"\" aria-describedby=\"gallery-1-182\" srcset=\"https:\/\/star.starmicronics.cz\/wp-content\/uploads\/2015\/04\/HSP7000_side-300x300.jpg 300w, https:\/\/star.starmicronics.cz\/wp-content\/uploads\/2015\/04\/HSP7000_side-150x150.jpg 150w, https:\/\/star.starmicronics.cz\/wp-content\/uploads\/2015\/04\/HSP7000_side-768x768.jpg 768w, https:\/\/star.starmicronics.cz\/wp-content\/uploads\/2015\/04\/HSP7000_side-1024x1024.jpg 1024w\" sizes=\"auto, (max-width: 300px) 100vw, 300px\" \/><\/a>\n\t\t\t<\/div>\n\t\t\t\t<figcaption class='wp-caption-text gallery-caption' id='gallery-1-182'>\n\t\t\t\tHSP7000\n\t\t\t\t<\/figcaption><\/figure><figure class='gallery-item'>\n\t\t\t<div class='gallery-icon landscape'>\n\t\t\t\t<a href='https:\/\/star.starmicronics.cz\/wp-content\/uploads\/2015\/04\/HSP7000_interface-1.jpg' rel=\"lightbox[178]\"><img loading=\"lazy\" decoding=\"async\" width=\"300\" height=\"300\" src=\"https:\/\/star.starmicronics.cz\/wp-content\/uploads\/2015\/04\/HSP7000_interface-1-300x300.jpg\" class=\"attachment-medium size-medium\" alt=\"\" aria-describedby=\"gallery-1-181\" srcset=\"https:\/\/star.starmicronics.cz\/wp-content\/uploads\/2015\/04\/HSP7000_interface-1-300x300.jpg 300w, https:\/\/star.starmicronics.cz\/wp-content\/uploads\/2015\/04\/HSP7000_interface-1-150x150.jpg 150w, https:\/\/star.starmicronics.cz\/wp-content\/uploads\/2015\/04\/HSP7000_interface-1-768x768.jpg 768w, https:\/\/star.starmicronics.cz\/wp-content\/uploads\/2015\/04\/HSP7000_interface-1-1024x1024.jpg 1024w, https:\/\/star.starmicronics.cz\/wp-content\/uploads\/2015\/04\/HSP7000_interface-1.jpg 1498w\" sizes=\"auto, (max-width: 300px) 100vw, 300px\" \/><\/a>\n\t\t\t<\/div>\n\t\t\t\t<figcaption class='wp-caption-text gallery-caption' id='gallery-1-181'>\n\t\t\t\tHSP7000 Rozhran\u00ed\n\t\t\t\t<\/figcaption><\/figure>\n\t\t<\/div>\n\n<p><span style=\"color: #3366ff;\"><strong>Souvisej\u00edc\u00ed produkty<\/strong><\/span><\/p>\n<div id='gallery-2' class='gallery galleryid-178 gallery-columns-4 gallery-size-medium'><figure class='gallery-item'>\n\t\t\t<div class='gallery-icon landscape'>\n\t\t\t\t<img loading=\"lazy\" decoding=\"async\" width=\"300\" height=\"300\" src=\"https:\/\/star.starmicronics.cz\/wp-content\/uploads\/2015\/04\/wifi_powerpack1-300x300.jpg\" class=\"attachment-medium size-medium\" alt=\"\" aria-describedby=\"gallery-2-162\" srcset=\"https:\/\/star.starmicronics.cz\/wp-content\/uploads\/2015\/04\/wifi_powerpack1-300x300.jpg 300w, https:\/\/star.starmicronics.cz\/wp-content\/uploads\/2015\/04\/wifi_powerpack1-150x150.jpg 150w, https:\/\/star.starmicronics.cz\/wp-content\/uploads\/2015\/04\/wifi_powerpack1.jpg 425w\" sizes=\"auto, (max-width: 300px) 100vw, 300px\" \/>\n\t\t\t<\/div>\n\t\t\t\t<figcaption class='wp-caption-text gallery-caption' id='gallery-2-162'>\n\t\t\t\tWifi Power Pack\n\t\t\t\t<\/figcaption><\/figure><figure class='gallery-item'>\n\t\t\t<div class='gallery-icon landscape'>\n\t\t\t\t<img loading=\"lazy\" decoding=\"async\" width=\"300\" height=\"257\" src=\"https:\/\/star.starmicronics.cz\/wp-content\/uploads\/2015\/04\/ps60_power_supply-300x257.jpg\" class=\"attachment-medium size-medium\" alt=\"\" aria-describedby=\"gallery-2-163\" srcset=\"https:\/\/star.starmicronics.cz\/wp-content\/uploads\/2015\/04\/ps60_power_supply-300x257.jpg 300w, https:\/\/star.starmicronics.cz\/wp-content\/uploads\/2015\/04\/ps60_power_supply.jpg 536w\" sizes=\"auto, (max-width: 300px) 100vw, 300px\" \/>\n\t\t\t<\/div>\n\t\t\t\t<figcaption class='wp-caption-text gallery-caption' id='gallery-2-163'>\n\t\t\t\tNap\u00e1jec\u00ed zdroj\n\t\t\t\t<\/figcaption><\/figure>\n\t\t<\/div>\n\n<p>&nbsp;<\/p>\n<p>&nbsp;<\/p>\n","protected":false},"excerpt":{"rendered":"<p>HSP7543\u00a0bez \u00a0MICR(bez rozhran\u00ed nebo\u00a0USB) HSP7643 MICR horn\u00ed poloha(bez rozhran\u00ed)\u00a0 HSP7743 MICR doln\u00ed poloha(bez rozhran\u00ed, USB, serial, paraleln\u00ed)\u00a0 Ethernet a WiFi\u00a0 &nbsp; HSP7000 &#8211; rychl\u00e9 a efektivn\u00ed transakce Vysok\u00e1 rychlost hybridn\u00ed tisk\u00e1rny, kter\u00e1 m\u00e1 2 zabudovan\u00e9\u00a0tisk\u00e1rny\u00a0&#8211;\u00a0term\u00e1ln\u00ed a jehli\u010dkovou \u0158ada\u00a0tisk\u00e1ren\u00a0HSP7000\u00a0d\u00edky kvalitn\u00ed termo tisk\u00e1rn\u011b\u00a0nab\u00edz\u00ed vysok\u00fd v\u00fdkon,\u00a0skv\u011bl\u00e9\u00a0rozli\u0161en\u00ed tisku a vynikaj\u00edc\u00ed rychlost tisku vytv\u00e1\u0159\u00ed perfektn\u00ed POS tisk\u00e1rny pro tisk \u0161ek\u016f [&hellip;]<\/p>\n","protected":false},"author":1,"featured_media":0,"parent":0,"menu_order":0,"comment_status":"closed","ping_status":"open","template":"","meta":{"footnotes":"","_links_to":"","_links_to_target":""},"class_list":["post-178","page","type-page","status-publish","hentry"],"_links":{"self":[{"href":"https:\/\/star.starmicronics.cz\/index.php?rest_route=\/wp\/v2\/pages\/178","targetHints":{"allow":["GET"]}}],"collection":[{"href":"https:\/\/star.starmicronics.cz\/index.php?rest_route=\/wp\/v2\/pages"}],"about":[{"href":"https:\/\/star.starmicronics.cz\/index.php?rest_route=\/wp\/v2\/types\/page"}],"author":[{"embeddable":true,"href":"https:\/\/star.starmicronics.cz\/index.php?rest_route=\/wp\/v2\/users\/1"}],"replies":[{"embeddable":true,"href":"https:\/\/star.starmicronics.cz\/index.php?rest_route=%2Fwp%2Fv2%2Fcomments&post=178"}],"version-history":[{"count":0,"href":"https:\/\/star.starmicronics.cz\/index.php?rest_route=\/wp\/v2\/pages\/178\/revisions"}],"wp:attachment":[{"href":"https:\/\/star.starmicronics.cz\/index.php?rest_route=%2Fwp%2Fv2%2Fmedia&parent=178"}],"curies":[{"name":"wp","href":"https:\/\/api.w.org\/{rel}","templated":true}]}}