{"id":171,"date":"2015-04-22T13:57:42","date_gmt":"2015-04-22T12:57:42","guid":{"rendered":"http:\/\/star.starmicronics.cz\/?page_id=171"},"modified":"2016-05-05T15:53:12","modified_gmt":"2016-05-05T14:53:12","slug":"fvp10","status":"publish","type":"page","link":"https:\/\/star.starmicronics.cz\/?page_id=171","title":{"rendered":"FVP10"},"content":{"rendered":"<p>&nbsp;<\/p>\n<figure id=\"attachment_116\" aria-describedby=\"caption-attachment-116\" style=\"width: 236px\" class=\"wp-caption alignleft\"><a href=\"http:\/\/star.starmicronics.cz\/wp-content\/uploads\/2015\/04\/FVP10.jpg\" rel=\"lightbox[171]\"><img loading=\"lazy\" decoding=\"async\" class=\" wp-image-116\" src=\"http:\/\/star.starmicronics.cz\/wp-content\/uploads\/2015\/04\/FVP10-300x300.jpg\" alt=\"FVP10\" width=\"236\" height=\"236\" srcset=\"https:\/\/star.starmicronics.cz\/wp-content\/uploads\/2015\/04\/FVP10-300x300.jpg 300w, https:\/\/star.starmicronics.cz\/wp-content\/uploads\/2015\/04\/FVP10-150x150.jpg 150w, https:\/\/star.starmicronics.cz\/wp-content\/uploads\/2015\/04\/FVP10.jpg 400w\" sizes=\"auto, (max-width: 236px) 100vw, 236px\" \/><\/a><figcaption id=\"caption-attachment-116\" class=\"wp-caption-text\">FVP10<\/figcaption><\/figure>\n<p><span style=\"color: #3366ff;\">FVP10U \u2013 USB<\/span><\/p>\n<p><span style=\"color: #3366ff;\"><span class=\"hps\">Du\u00e1ln\u00ed<\/span> <span class=\"hps\">rozhran\u00ed &#8211; <\/span><span class=\"hps\">paraleln\u00ed<\/span>, <span class=\"hps\">s\u00e9riov\u00e9<\/span>, <span class=\"hps\">Ethernet<\/span>, <span class=\"hps\">WiFi<\/span><\/span><\/p>\n<p><span style=\"color: #3366ff;\"> FVP10 WebPRNT<\/span><\/p>\n<p>&nbsp;<\/p>\n<p><span style=\"color: #3366ff;\"><strong>FVP10 \u2013 Prostorov\u011b \u00fasporn\u00e1 pokladn\u00ed tisk\u00e1rna<\/strong><\/span><\/p>\n<p><span style=\"color: #3366ff;\">\u0160pi\u010dkov\u00e1, <span class=\"hps\">multi<\/span>funk\u010dn\u00ed t<span class=\"hps\">isk\u00e1rna \u00fa\u010dt\u016f<\/span>, <span class=\"hps\">FVP10<\/span> <span class=\"hps\">nab\u00edz\u00ed<\/span> <span class=\"hps\">vysok\u00fd v\u00fdkon,<\/span> <span class=\"hps\">rychlost,<\/span> <span class=\"hps\">\u0161et\u0159\u00ed pap\u00edr a m\u00e1 zvukov\u00e1 upozorn\u011bn\u00ed.<\/span><\/span><\/p>\n<p><span style=\"color: #3366ff;\">FVP10 <span class=\"hps\">m\u00e1<\/span> <span class=\"hps\">tvrd\u00fd<\/span> <span class=\"hps\">a odoln\u00fd<\/span> <span class=\"hps\">kryt<\/span> <span class=\"hps\">s<\/span> <span class=\"hps\">certifikac\u00ed<\/span> <span class=\"hps\">IPX1<\/span> <span class=\"hps\">a<\/span> <span class=\"hps\">\u0161ikm\u00fd<\/span> <span class=\"hps\">v\u00fdstup pap\u00edru dol\u016f<\/span>, aby se zabr\u00e1nilo namo\u010den\u00ed \u00fa\u010dtenky. \u010ctvercov\u00fd <span class=\"hps\">design, ovl\u00e1d\u00e1n\u00ed tisk\u00e1rny\u00a0a tisk \u00fa\u010dtenek vp\u0159edu vytv\u00e1\u0159\u00ed prostorovou \u00fasporu. Mo\u017enost uchycen\u00ed na prodejn\u00ed pult<\/span>, <span class=\"hps\">FVP10<\/span> <span class=\"hps\">lze<\/span> <span class=\"hps\">diskr\u00e9tn\u011b<\/span> <span class=\"hps\">namontovat<\/span> <span class=\"hps\">pod<\/span> <span class=\"hps\">pultem<\/span>\u00a0a t\u00edm vyu\u017e\u00edt efektivn\u011bji u\u0161et\u0159en\u00fd prostor. <span class=\"hps\">\u010c\u00e1rov\u00e9 k\u00f3dy<\/span>, \u00fa\u010dtenky, <span class=\"hps\">\u0161t\u00edtky<\/span> <span class=\"hps\">a<\/span> <span class=\"hps\">vstupenky<\/span> <span class=\"hps\">mohou b\u00fdt v\u0161echny<\/span> <span class=\"hps\">vyti\u0161t\u011bny na pap\u00edr o tlou\u0161\u0165ce 0<\/span>,065-0,15mm.<\/span><\/p>\n<p><span style=\"color: #3366ff;\">FVP10 <span class=\"hps\">je jedin\u00e1<\/span> <span class=\"hps\">pokladn\u00ed tisk\u00e1rna<\/span> <span class=\"hps\">na<\/span> <span class=\"hps\">trhu, kter\u00e1<\/span> <span class=\"hps\">nab\u00edz\u00ed<\/span> <span class=\"hps\">jedine\u010dn\u00fd<\/span> <span class=\"hps\">styl<\/span>\u00a0otev\u00edr\u00e1n\u00ed tisk\u00e1rny jako\u00a0<span class=\"hps\">z\u00e1suvky<\/span> <span class=\"hps\">s p\u0159edn\u00edm syst\u00e9mem a<\/span>\u00a0<span class=\"hps atn\">&#8222;<\/span>Drop<span class=\"atn\">&#8211;<\/span>In &amp; Print&#8220;snadn\u00e9 <span class=\"hps\">vkl\u00e1d\u00e1n\u00ed pap\u00edru<\/span>. <span class=\"hps\">To<\/span> <span class=\"hps\">je ide\u00e1ln\u00ed pro<\/span> <span class=\"hps\">pou\u017eit\u00ed<\/span> <span class=\"hps\">pod<\/span> <span class=\"hps\">pultem<\/span> <span class=\"hps\">a zaji\u0161\u0165uje, aby<\/span> re-loading\u00a0byl omezen <span class=\"hps\">na minimum<\/span>.<\/span><\/p>\n<p><span style=\"color: #3366ff;\"><strong>Vlastnosti:\u00a0\u00a0<\/strong><\/span><\/p>\n<ul>\n<li><span style=\"color: #3366ff;\">Vysok\u00e1 kvalita\u00a0203 dpi v kombinaci s rychlost\u00ed 250mm\/sec.<\/span><\/li>\n<li><span style=\"color: #3366ff;\">Vysok\u00e1 spolehlivost\u00a0\u2013 (60\u00a0milion \u0159\u00e1dk\u016f MCBF)<\/span><\/li>\n<li><span style=\"color: #3366ff;\"><span class=\"hps\">Unik\u00e1tn\u00ed<\/span> <span class=\"hps\">p\u0159edn\u00ed<\/span> <span class=\"hps\">nakl\u00e1dac\u00ed<\/span> <span class=\"hps\">z\u00e1suvka<\/span> s &#8222;Drop-In &amp; Print&#8220; snadn\u00e9 zakl\u00e1d\u00e1n\u00ed pap\u00edru<\/span><\/li>\n<li><span style=\"color: #3366ff;\"><span class=\"hps\">Robustn\u00ed<\/span> <span class=\"hps\">a<\/span>\u00a0vod\u011bodoln\u00e9 <span class=\"hps\">pouzdro s<\/span> <span class=\"hps\">certifikac\u00ed<\/span> <span class=\"hps\">IPX1<\/span> <\/span><\/li>\n<li><span style=\"color: #3366ff;\"><span class=\"hps\">Intuitivn\u00ed<\/span> <span class=\"hps\">\u010dtvercov\u00fd<\/span> <span class=\"hps\">design poskytuje \u00fasporu<\/span>\u00a0<span class=\"hps\">prostoru a mo\u017enost vlo\u017een\u00ed tisk\u00e1rny na pult i pod n\u011bj<\/span>\u00a0<\/span><\/li>\n<li><span style=\"color: #3366ff;\">Podpora Black mark senzoru pro l\u00edstky a j\u00edzdenky<\/span><\/li>\n<li><span style=\"color: #3366ff;\">58 \u2013 80mm pln\u011b nastaviteln\u00e1 \u0161\u00ed\u0159ka pap\u00edru<\/span><\/li>\n<li><span style=\"color: #3366ff;\"><span class=\"hps\">Pln\u00e1 zvukov\u00e1<\/span> <span class=\"hps\">schopnost<\/span> <span class=\"hps\">s<\/span> <span class=\"hps\">mo\u017enost\u00ed<\/span> <span class=\"hps atn\">line-<\/span>out <span class=\"hps\">pro<\/span> <span class=\"hps\">extern\u00ed reproduktory<\/span><\/span><\/li>\n<\/ul>\n<p>&nbsp;<\/p>\n<p><span style=\"color: #3366ff;\"><strong>Ke sta\u017een\u00ed:<\/strong><\/span><\/p>\n<ul>\n<li><span style=\"color: #000080;\"><a style=\"color: #000080;\" href=\"http:\/\/star.starmicronics.cz\/?page_id=498\" target=\"_blank\">Produktov\u00e1 bro\u017eura<\/a><\/span><\/li>\n<li><span style=\"color: #000080;\">Manual, SDK (link to <a style=\"color: #000080;\" href=\"http:\/\/www.starmicronics.com\/support\">www.starmicronics.com\/support<\/a>)<\/span><\/li>\n<li><a href=\"http:\/\/star.starmicronics.cz\/?page_id=579\"><span style=\"color: #000080;\">Galerie obr\u00e1zk\u016f<\/span><\/a><\/li>\n<li><a href=\"https:\/\/www.youtube.com\/watch?v=A9tAM4uajMw\" target=\"_blank\"><span style=\"color: #000080;\">Video galerie<\/span><\/a><\/li>\n<li><a href=\"http:\/\/star.starmicronics.cz\/?page_id=518\"><span style=\"color: #000080;\">Na\u0161i z\u00e1kazn\u00edci<\/span><\/a><\/li>\n<\/ul>\n<p><a href=\"http:\/\/star.starmicronics.cz\/wp-content\/uploads\/2015\/04\/appstore_googleplay.jpg\" rel=\"lightbox[171]\"><img loading=\"lazy\" decoding=\"async\" class=\"alignnone  wp-image-347\" src=\"http:\/\/star.starmicronics.cz\/wp-content\/uploads\/2015\/04\/appstore_googleplay-300x220.jpg\" alt=\"appstore_googleplay\" width=\"139\" height=\"102\" srcset=\"https:\/\/star.starmicronics.cz\/wp-content\/uploads\/2015\/04\/appstore_googleplay-300x220.jpg 300w, https:\/\/star.starmicronics.cz\/wp-content\/uploads\/2015\/04\/appstore_googleplay-135x100.jpg 135w, https:\/\/star.starmicronics.cz\/wp-content\/uploads\/2015\/04\/appstore_googleplay.jpg 425w\" sizes=\"auto, (max-width: 139px) 100vw, 139px\" \/><\/a><\/p>\n<p><span style=\"color: #3366ff;\"><strong>Specifikace<\/strong><\/span><\/p>\n<table style=\"height: 1256px;\" width=\"666\">\n<tbody>\n<tr>\n<td><span style=\"color: #3366ff;\">Rychlost tisku<\/span><\/td>\n<td width=\"57%\"><span style=\"color: #3366ff;\">250mm\/sec.<\/span><\/td>\n<\/tr>\n<tr>\n<td><span style=\"color: #3366ff;\">Rozli\u0161en\u00ed tisku<\/span><\/td>\n<td width=\"57%\"><span style=\"color: #3366ff;\">203 dpi, 406 x 203 dpi voliteln\u00e9<\/span><\/td>\n<\/tr>\n<tr>\n<td><span style=\"color: #3366ff;\">Po\u010det sloupc\u016f<\/span><\/td>\n<td width=\"57%\"><span style=\"color: #3366ff;\">48 \/ 64\u00a0sl.\u00a0v<span class=\"hps\"> z\u00e1vislosti na \u0161\u00ed\u0159ce<\/span>\u00a0<span class=\"hps\">pap\u00edru<\/span> <\/span><\/td>\n<\/tr>\n<tr>\n<td><span style=\"color: #3366ff;\">Automatick\u00e1 \u0159eza\u010dka<\/span><\/td>\n<td width=\"57%\"><span style=\"color: #3366ff;\">\u00dapln\u00fd nebo \u010d\u00e1ste\u010dn\u00fd \u0159ez (gilotina)<\/span><\/td>\n<\/tr>\n<tr>\n<td><span style=\"color: #3366ff;\">\u0160\u00ed\u0159ka pap\u00edru<\/span><\/td>\n<td width=\"57%\"><span style=\"color: #3366ff;\">58 \u2013 80mm\u00a0<span class=\"hps\">pln\u011b nastaviteln\u00e9<\/span><\/span><\/td>\n<\/tr>\n<tr>\n<td><span style=\"color: #3366ff;\">Tlou\u0161\u0165ka<\/span><\/td>\n<td width=\"57%\"><span style=\"color: #3366ff;\">0.065 \u2013 0.15mm<\/span><\/td>\n<\/tr>\n<tr>\n<td><span style=\"color: #3366ff;\">Role pap\u00edru (pr\u016fm\u011br)<\/span><\/td>\n<td width=\"57%\"><span style=\"color: #3366ff;\">83mm<\/span><\/td>\n<\/tr>\n<tr>\n<td><span style=\"color: #3366ff;\">P\u0159\u00edslu\u0161enstv\u00ed<\/span><\/td>\n<td width=\"57%\"><span style=\"color: #3366ff;\">Mont\u00e1\u017en\u00ed dr\u017e\u00e1k <\/span><\/td>\n<\/tr>\n<tr>\n<td><span style=\"color: #3366ff;\">\u0160\u00ed\u0159ka tisku<\/span><\/td>\n<td width=\"57%\"><span style=\"color: #3366ff;\">72mm<\/span><\/td>\n<\/tr>\n<tr>\n<td><span style=\"color: #3366ff;\">Senzory<\/span><\/td>\n<td width=\"57%\"><span style=\"color: #3366ff;\">Black Mark, <span style=\"color: #3366ff;\">do\u0161l\u00fd pap\u00edr,\u00a0otev\u0159en\u00fd kryt<\/span>, Near End<\/span><\/td>\n<\/tr>\n<tr>\n<td><span style=\"color: #3366ff;\">Rozhran\u00ed<\/span><\/td>\n<td width=\"57%\"><span style=\"color: #3366ff;\">USB model\u00a0s\u00a02\u00a0rozhran\u00edmi s otvorem pro Plug-In mo\u017enosti:\u00a0Serial (BD03),\u00a0Paraleln\u00ed,\u00a0Ethernet (BE07),\u00a0WebPRNT<\/span><\/td>\n<\/tr>\n<tr>\n<td><span style=\"color: #3366ff;\">Unique Ethernet Print on Disconnection Feature<\/span><\/td>\n<td width=\"57%\"><span style=\"color: #3366ff;\">Standardn\u00ed s\u00a0IFBD-HE07\u00a0a n\u00e1hradn\u00ed mo\u017enost<\/span><\/td>\n<\/tr>\n<tr>\n<td><span style=\"color: #3366ff;\">Nap\u00e1jec\u00ed zdroj<\/span><\/td>\n<td width=\"57%\"><span style=\"color: #3366ff;\">Extern\u00ed PS60A<\/span><\/td>\n<\/tr>\n<tr>\n<td><span style=\"color: #3366ff;\">Spot\u0159eba energie<\/span><\/td>\n<td width=\"57%\"><span style=\"color: #3366ff;\">1.56 Amps\u00a0tisk\u00a00.12 Amps pohotovostn\u00ed<\/span><\/td>\n<\/tr>\n<tr>\n<td><span style=\"color: #3366ff;\">Energy Star<\/span><\/td>\n<td width=\"57%\"><span style=\"color: #3366ff;\">Extern\u00ed, Energy Star\u00a0Qualified PS60\u00a0<\/span><\/td>\n<\/tr>\n<tr>\n<td><span style=\"color: #3366ff;\">Spolehlivost<\/span><\/td>\n<td width=\"57%\"><span style=\"color: #3366ff;\">60\u00a0milion \u0159\u00e1dk\u016f\u00a02 miliony \u0159ez\u016f<\/span><\/td>\n<\/tr>\n<tr>\n<td><span style=\"color: #3366ff;\">Rozm\u011bry (\u0161 x h x v)mm a v\u00e1ha<\/span><\/td>\n<td width=\"57%\"><span style=\"color: #3366ff;\">144 x 227.7 x 114 2.8kg<\/span><\/td>\n<\/tr>\n<tr>\n<td><span style=\"color: #3366ff;\">Dopl\u0148kov\u00e9 funkce<\/span><\/td>\n<td width=\"57%\">\n<ul>\n<li><span style=\"color: #3366ff;\">MK-FVP10 mont\u00e1\u017en\u00ed dr\u017e\u00e1k<\/span><\/li>\n<li><span style=\"color: #3366ff;\">Plug-in 2 rozhran\u00ed<\/span><\/li>\n<li><span style=\"color: #3366ff;\">\u201cPlug-In\u201d WebPRNT\u00a0rozhran\u00ed\u00a0pro jednoduch\u00fd\u00a0Webov\u00fd tisk<\/span><\/li>\n<\/ul>\n<\/td>\n<\/tr>\n<\/tbody>\n<\/table>\n<p><span style=\"color: #3366ff;\">\u00a0<\/span><\/p>\n<p><span style=\"color: #3366ff;\"><strong><span style=\"color: #0000ff;\">\u00a0<span style=\"color: #3366ff;\">Galerie<\/span><\/span><\/strong><\/span><\/p>\n<div id='gallery-1' class='gallery galleryid-171 gallery-columns-4 gallery-size-medium'><figure class='gallery-item'>\n\t\t\t<div class='gallery-icon landscape'>\n\t\t\t\t<a href='https:\/\/star.starmicronics.cz\/wp-content\/uploads\/2015\/04\/FVP10_front-1.jpg' rel=\"lightbox[171]\"><img loading=\"lazy\" decoding=\"async\" width=\"300\" height=\"300\" src=\"https:\/\/star.starmicronics.cz\/wp-content\/uploads\/2015\/04\/FVP10_front-1-300x300.jpg\" class=\"attachment-medium size-medium\" alt=\"\" aria-describedby=\"gallery-1-172\" srcset=\"https:\/\/star.starmicronics.cz\/wp-content\/uploads\/2015\/04\/FVP10_front-1-300x300.jpg 300w, https:\/\/star.starmicronics.cz\/wp-content\/uploads\/2015\/04\/FVP10_front-1-150x150.jpg 150w, https:\/\/star.starmicronics.cz\/wp-content\/uploads\/2015\/04\/FVP10_front-1-768x768.jpg 768w, https:\/\/star.starmicronics.cz\/wp-content\/uploads\/2015\/04\/FVP10_front-1-1024x1024.jpg 1024w\" sizes=\"auto, (max-width: 300px) 100vw, 300px\" \/><\/a>\n\t\t\t<\/div>\n\t\t\t\t<figcaption class='wp-caption-text gallery-caption' id='gallery-1-172'>\n\t\t\t\tFVP10\n\t\t\t\t<\/figcaption><\/figure><figure class='gallery-item'>\n\t\t\t<div class='gallery-icon landscape'>\n\t\t\t\t<a href='https:\/\/star.starmicronics.cz\/wp-content\/uploads\/2015\/04\/FVP10_pair-1.jpg' rel=\"lightbox[171]\"><img loading=\"lazy\" decoding=\"async\" width=\"300\" height=\"300\" src=\"https:\/\/star.starmicronics.cz\/wp-content\/uploads\/2015\/04\/FVP10_pair-1-300x300.jpg\" class=\"attachment-medium size-medium\" alt=\"\" aria-describedby=\"gallery-1-173\" srcset=\"https:\/\/star.starmicronics.cz\/wp-content\/uploads\/2015\/04\/FVP10_pair-1-300x300.jpg 300w, https:\/\/star.starmicronics.cz\/wp-content\/uploads\/2015\/04\/FVP10_pair-1-150x150.jpg 150w, https:\/\/star.starmicronics.cz\/wp-content\/uploads\/2015\/04\/FVP10_pair-1-768x768.jpg 768w, https:\/\/star.starmicronics.cz\/wp-content\/uploads\/2015\/04\/FVP10_pair-1-1024x1024.jpg 1024w\" sizes=\"auto, (max-width: 300px) 100vw, 300px\" \/><\/a>\n\t\t\t<\/div>\n\t\t\t\t<figcaption class='wp-caption-text gallery-caption' id='gallery-1-173'>\n\t\t\t\tFVP10\n\t\t\t\t<\/figcaption><\/figure>\n\t\t<\/div>\n\n<p><span style=\"color: #3366ff;\"><strong>Souvisej\u00edc\u00ed produkty<\/strong><\/span><\/p>\n<p>&nbsp;<\/p>\n<div id='gallery-2' class='gallery galleryid-171 gallery-columns-4 gallery-size-medium'><figure class='gallery-item'>\n\t\t\t<div class='gallery-icon landscape'>\n\t\t\t\t<img loading=\"lazy\" decoding=\"async\" width=\"300\" height=\"224\" src=\"https:\/\/star.starmicronics.cz\/wp-content\/uploads\/2015\/04\/fvp10_mounting_bracket-300x224.jpg\" class=\"attachment-medium size-medium\" alt=\"\" aria-describedby=\"gallery-2-174\" srcset=\"https:\/\/star.starmicronics.cz\/wp-content\/uploads\/2015\/04\/fvp10_mounting_bracket-300x224.jpg 300w, https:\/\/star.starmicronics.cz\/wp-content\/uploads\/2015\/04\/fvp10_mounting_bracket-135x100.jpg 135w, https:\/\/star.starmicronics.cz\/wp-content\/uploads\/2015\/04\/fvp10_mounting_bracket.jpg 591w\" sizes=\"auto, (max-width: 300px) 100vw, 300px\" \/>\n\t\t\t<\/div>\n\t\t\t\t<figcaption class='wp-caption-text gallery-caption' id='gallery-2-174'>\n\t\t\t\tMont\u00e1\u017en\u00ed dr\u017e\u00e1k\n\t\t\t\t<\/figcaption><\/figure><figure class='gallery-item'>\n\t\t\t<div class='gallery-icon landscape'>\n\t\t\t\t<img loading=\"lazy\" decoding=\"async\" width=\"300\" height=\"300\" src=\"https:\/\/star.starmicronics.cz\/wp-content\/uploads\/2015\/04\/wifi_powerpack1-300x300.jpg\" class=\"attachment-medium size-medium\" alt=\"\" aria-describedby=\"gallery-2-162\" srcset=\"https:\/\/star.starmicronics.cz\/wp-content\/uploads\/2015\/04\/wifi_powerpack1-300x300.jpg 300w, https:\/\/star.starmicronics.cz\/wp-content\/uploads\/2015\/04\/wifi_powerpack1-150x150.jpg 150w, https:\/\/star.starmicronics.cz\/wp-content\/uploads\/2015\/04\/wifi_powerpack1.jpg 425w\" sizes=\"auto, (max-width: 300px) 100vw, 300px\" \/>\n\t\t\t<\/div>\n\t\t\t\t<figcaption class='wp-caption-text gallery-caption' id='gallery-2-162'>\n\t\t\t\tWifi Power Pack\n\t\t\t\t<\/figcaption><\/figure><figure class='gallery-item'>\n\t\t\t<div class='gallery-icon landscape'>\n\t\t\t\t<img loading=\"lazy\" decoding=\"async\" width=\"300\" height=\"300\" src=\"https:\/\/star.starmicronics.cz\/wp-content\/uploads\/2015\/04\/WebPRNT1-300x300.jpg\" class=\"attachment-medium size-medium\" alt=\"\" aria-describedby=\"gallery-2-161\" srcset=\"https:\/\/star.starmicronics.cz\/wp-content\/uploads\/2015\/04\/WebPRNT1-300x300.jpg 300w, https:\/\/star.starmicronics.cz\/wp-content\/uploads\/2015\/04\/WebPRNT1-150x150.jpg 150w, https:\/\/star.starmicronics.cz\/wp-content\/uploads\/2015\/04\/WebPRNT1.jpg 400w\" sizes=\"auto, (max-width: 300px) 100vw, 300px\" \/>\n\t\t\t<\/div>\n\t\t\t\t<figcaption class='wp-caption-text gallery-caption' id='gallery-2-161'>\n\t\t\t\tWebPRNT\n\t\t\t\t<\/figcaption><\/figure><figure class='gallery-item'>\n\t\t\t<div class='gallery-icon landscape'>\n\t\t\t\t<img loading=\"lazy\" decoding=\"async\" width=\"300\" height=\"257\" src=\"https:\/\/star.starmicronics.cz\/wp-content\/uploads\/2015\/04\/ps60_power_supply-300x257.jpg\" class=\"attachment-medium size-medium\" alt=\"\" aria-describedby=\"gallery-2-163\" srcset=\"https:\/\/star.starmicronics.cz\/wp-content\/uploads\/2015\/04\/ps60_power_supply-300x257.jpg 300w, https:\/\/star.starmicronics.cz\/wp-content\/uploads\/2015\/04\/ps60_power_supply.jpg 536w\" sizes=\"auto, (max-width: 300px) 100vw, 300px\" \/>\n\t\t\t<\/div>\n\t\t\t\t<figcaption class='wp-caption-text gallery-caption' id='gallery-2-163'>\n\t\t\t\tNap\u00e1jec\u00ed zdroj\n\t\t\t\t<\/figcaption><\/figure>\n\t\t<\/div>\n\n","protected":false},"excerpt":{"rendered":"<p>&nbsp; FVP10U \u2013 USB Du\u00e1ln\u00ed rozhran\u00ed &#8211; paraleln\u00ed, s\u00e9riov\u00e9, Ethernet, WiFi FVP10 WebPRNT &nbsp; FVP10 \u2013 Prostorov\u011b \u00fasporn\u00e1 pokladn\u00ed tisk\u00e1rna \u0160pi\u010dkov\u00e1, multifunk\u010dn\u00ed tisk\u00e1rna \u00fa\u010dt\u016f, FVP10 nab\u00edz\u00ed vysok\u00fd v\u00fdkon, rychlost, \u0161et\u0159\u00ed pap\u00edr a m\u00e1 zvukov\u00e1 upozorn\u011bn\u00ed. FVP10 m\u00e1 tvrd\u00fd a odoln\u00fd kryt s certifikac\u00ed IPX1 a \u0161ikm\u00fd v\u00fdstup pap\u00edru dol\u016f, aby se zabr\u00e1nilo namo\u010den\u00ed \u00fa\u010dtenky. \u010ctvercov\u00fd [&hellip;]<\/p>\n","protected":false},"author":1,"featured_media":0,"parent":0,"menu_order":0,"comment_status":"closed","ping_status":"open","template":"","meta":{"footnotes":"","_links_to":"","_links_to_target":""},"class_list":["post-171","page","type-page","status-publish","hentry"],"_links":{"self":[{"href":"https:\/\/star.starmicronics.cz\/index.php?rest_route=\/wp\/v2\/pages\/171","targetHints":{"allow":["GET"]}}],"collection":[{"href":"https:\/\/star.starmicronics.cz\/index.php?rest_route=\/wp\/v2\/pages"}],"about":[{"href":"https:\/\/star.starmicronics.cz\/index.php?rest_route=\/wp\/v2\/types\/page"}],"author":[{"embeddable":true,"href":"https:\/\/star.starmicronics.cz\/index.php?rest_route=\/wp\/v2\/users\/1"}],"replies":[{"embeddable":true,"href":"https:\/\/star.starmicronics.cz\/index.php?rest_route=%2Fwp%2Fv2%2Fcomments&post=171"}],"version-history":[{"count":0,"href":"https:\/\/star.starmicronics.cz\/index.php?rest_route=\/wp\/v2\/pages\/171\/revisions"}],"wp:attachment":[{"href":"https:\/\/star.starmicronics.cz\/index.php?rest_route=%2Fwp%2Fv2%2Fmedia&parent=171"}],"curies":[{"name":"wp","href":"https:\/\/api.w.org\/{rel}","templated":true}]}}