{"id":167,"date":"2015-04-22T13:28:10","date_gmt":"2015-04-22T12:28:10","guid":{"rendered":"http:\/\/star.starmicronics.cz\/?page_id=167"},"modified":"2016-05-06T22:41:22","modified_gmt":"2016-05-06T21:41:22","slug":"tsp800ii","status":"publish","type":"page","link":"https:\/\/star.starmicronics.cz\/?page_id=167","title":{"rendered":"TSP800II"},"content":{"rendered":"<p>&nbsp;<\/p>\n<figure id=\"attachment_169\" aria-describedby=\"caption-attachment-169\" style=\"width: 253px\" class=\"wp-caption alignleft\"><a href=\"http:\/\/star.starmicronics.cz\/wp-content\/uploads\/2015\/04\/TSP800II_pair-1.jpg\" rel=\"lightbox[167]\"><img loading=\"lazy\" decoding=\"async\" class=\" wp-image-169\" src=\"http:\/\/star.starmicronics.cz\/wp-content\/uploads\/2015\/04\/TSP800II_pair-1-300x300.jpg\" alt=\"TSP800II\" width=\"253\" height=\"253\" srcset=\"https:\/\/star.starmicronics.cz\/wp-content\/uploads\/2015\/04\/TSP800II_pair-1-300x300.jpg 300w, https:\/\/star.starmicronics.cz\/wp-content\/uploads\/2015\/04\/TSP800II_pair-1-150x150.jpg 150w, https:\/\/star.starmicronics.cz\/wp-content\/uploads\/2015\/04\/TSP800II_pair-1-768x768.jpg 768w, https:\/\/star.starmicronics.cz\/wp-content\/uploads\/2015\/04\/TSP800II_pair-1-1024x1024.jpg 1024w\" sizes=\"auto, (max-width: 253px) 100vw, 253px\" \/><\/a><figcaption id=\"caption-attachment-169\" class=\"wp-caption-text\">TSP800II<\/figcaption><\/figure>\n<p><span style=\"color: #3366ff;\">TSP847IIBI Bluetooth<\/span><\/p>\n<p><span style=\"color: #3366ff;\">TSP847II WebPRNT<\/span><\/p>\n<p><span style=\"color: #3366ff;\">TSP847IIU USB <\/span><\/p>\n<p><span style=\"color: #3366ff;\">TSP847IID Serial<\/span><\/p>\n<p><span style=\"color: #3366ff;\"> TSP847IIC Paraleln\u00ed<\/span><\/p>\n<p><span style=\"color: #3366ff;\">TSP847II bez rozhran\u00ed\u00a0<\/span><\/p>\n<p>&nbsp;<\/p>\n<p><span style=\"color: #3366ff;\"><strong>Multifunk\u010dn\u00ed tisk\u00e1rna s \u0161\u00ed\u0159kou tisku\u00a0112 mm, tisk \u010d\u00e1rov\u00fdch k\u00f3d\u016f, \u0161t\u00edtk\u016f, \u00fa\u010dtenek a j\u00edzdenek<\/strong><\/span><\/p>\n<p><span style=\"color: #3366ff;\">TSP800II je jedine\u010dn\u00e1 a v\u0161estrann\u00e1 term\u00e1ln\u00ed tisk\u00e1rna, kter\u00e1\u00a0dok\u00e1\u017ee tisknout na \u0161ir\u0161\u00ed ne\u017e pr\u016fm\u011brn\u00e1 m\u00e9dia a\u017e do 112 mm . V kombinaci s jedine\u010dn\u00fdm A4 rastrov\u00fdm ovlada\u010dem, kter\u00fd m\u00e1 schopnost\u00a0\u0161k\u00e1lov\u00e1n\u00ed obrazu form\u00e1tu A4 na 112 mm \u0161irok\u00fd pap\u00edr ,TSP800II m\u016f\u017ee b\u00fdt integrov\u00e1na jako n\u00e1kladov\u011b efektivn\u00ed , snadno pou\u017eiteln\u00e1 a kompaktn\u00ed alternativa ke standardn\u00edm tisk\u00e1rn\u00e1m A4 na faktury nebo zpr\u00e1vy v maloobchodn\u00edm prost\u0159ed\u00ed, stejn\u011b jako v\u00a0hotelech.\u00a0 <\/span><\/p>\n<p><span style=\"color: #3366ff;\"><strong>TSP800II nab\u00edz\u00ed p\u0159ibli\u017en\u011b o\u00a090 % ni\u017e\u0161\u00ed provozn\u00ed n\u00e1klady ne\u017e typick\u00e9 laserov\u00e9 tisk\u00e1rny form\u00e1tu A4 nab\u00edzej\u00edc\u00ed dokonal\u00fd tisk, tato tisk\u00e1rna je alternativou pro vykazov\u00e1n\u00ed nap\u0159\u00edklad fakturace v\u00a0hotelech na konci dne. <\/strong><\/span><\/p>\n<p><span style=\"color: #3366ff;\">TSP800II obsahuje\u00a0Black mark\u00a0senzor, tak\u017ee je ide\u00e1ln\u00ed n\u00edzkon\u00e1kladov\u00e1 tisk\u00e1rna etiket, reg\u00e1lov\u00fdch etiket nebo spolehlivou tisk\u00e1rnou j\u00edzdenek, vzhledem k mo\u017enosti \u0161ir\u0161\u00edho tisku.<\/span><\/p>\n<p><span style=\"color: #3366ff;\">Lze p\u0159ipevnit na ze\u010f\u00a0s extern\u00edm podava\u010dem\u00a0pap\u00edru, TSP800II byla tak\u00e9\u00a0instalov\u00e1na v mnoha prost\u0159ed\u00edch bezobslu\u017en\u00fdch kiosk\u016f\u00a0nap\u0159\u00edklad v hotel\u00edch k check -inu host\u016f.\u00a0<\/span><\/p>\n<p><span style=\"color: #3366ff;\"><strong>Vlastnosti:<\/strong><\/span><\/p>\n<ul>\n<li><span style=\"color: #3366ff;\">Univerz\u00e1ln\u00ed 180mm \/ sec . tisk\u00e1rna \u010d\u00e1rov\u00fdch k\u00f3d\u016f , etiket , \u00fa\u010dtenek a vstupenek, s automatickou \u0159eza\u010dkou <\/span><\/li>\n<li><span style=\"color: #3366ff;\">Unik\u00e1tn\u00ed 104 mm \/ 4 &#8220; \u0161\u00ed\u0159ka tisku, a\u017e do 0,15 mm tlou\u0161\u0165ky ( 82,5 a 80 mm pap\u00edrov\u00e9 role\u00a0mohou b\u00fdt tak\u00e9\u00a0uchyceny pomoc\u00ed voliteln\u00fdch vod\u00edtek pap\u00edru ) <\/span><\/li>\n<li><span style=\"color: #3366ff;\">Intern\u00ed nebo extern\u00ed podava\u010d pap\u00edru<\/span><\/li>\n<li><span style=\"color: #3366ff;\">\u201cDrop-In &amp; Print\u201d snadn\u00e9 zakl\u00e1d\u00e1n\u00ed pap\u00edru<\/span><\/li>\n<li><span style=\"color: #3366ff;\">Kompaktn\u00ed rozm\u011bry ( 180 ( \u0161) x 213 ( d ) x 148 (h) mm ) s vertik\u00e1ln\u00edm\u00a0dr\u017e\u00e1kem a mo\u017enost\u00ed pro mont\u00e1\u017e na st\u011bnu <\/span><\/li>\n<li><span style=\"color: #3366ff;\">Automatick\u00fd \u0161k\u00e1lovateln\u00fd rastrov\u00fd ovlada\u010d k okam\u017eit\u00e9mu zmen\u0161en\u00ed\u00a0A4 na virtu\u00e1ln\u00ed A6 . Ide\u00e1ln\u00ed pro n\u00e1hradn\u00ed stoln\u00ed tisk\u00e1rny , internetov\u00e9 kav\u00e1rny a kiosky<\/span><\/li>\n<\/ul>\n<p><span style=\"color: #3366ff;\"><strong>Ke sta\u017een\u00ed:<\/strong><\/span><\/p>\n<ul>\n<li><span style=\"color: #000080;\"><a style=\"color: #000080;\" href=\"http:\/\/star.starmicronics.cz\/?page_id=498\" target=\"_blank\">Produktov\u00e1 bro\u017eura<\/a><\/span><\/li>\n<li><span style=\"color: #000080;\">Manual, SDK (link to <a style=\"color: #000080;\" href=\"http:\/\/www.starmicronics.com\/support\">www.starmicronics.com\/support<\/a>)<\/span><\/li>\n<li><a href=\"http:\/\/star.starmicronics.cz\/?page_id=579\"><span style=\"color: #000080;\">Galerie obr\u00e1zk\u016f<\/span><\/a><\/li>\n<li><a href=\"https:\/\/www.youtube.com\/watch?v=yQCfvrL207s\" target=\"_blank\"><span style=\"color: #000080;\">Video galerie<\/span><\/a><\/li>\n<li><a href=\"http:\/\/star.starmicronics.cz\/?page_id=518\"><span style=\"color: #000080;\">Na\u0161i z\u00e1kazn\u00edci<\/span><\/a><\/li>\n<li><span style=\"color: #000080;\"><a style=\"color: #000080;\" href=\"https:\/\/www.apple.com\/itunes\/\" target=\"_blank\">App Store image <\/a><\/span><\/li>\n<li><span style=\"color: #000080;\"><a style=\"color: #000080;\" href=\"https:\/\/play.google.com\/store\/apps\/details?id=com.google.android.apps.plus\" target=\"_blank\">Google Play image <\/a><\/span><\/li>\n<\/ul>\n<p><a href=\"http:\/\/star.starmicronics.cz\/wp-content\/uploads\/2015\/04\/appstore_googleplay.jpg\" rel=\"lightbox[167]\"><img loading=\"lazy\" decoding=\"async\" class=\"alignnone  wp-image-347\" src=\"http:\/\/star.starmicronics.cz\/wp-content\/uploads\/2015\/04\/appstore_googleplay-300x220.jpg\" alt=\"appstore_googleplay\" width=\"133\" height=\"98\" srcset=\"https:\/\/star.starmicronics.cz\/wp-content\/uploads\/2015\/04\/appstore_googleplay-300x220.jpg 300w, https:\/\/star.starmicronics.cz\/wp-content\/uploads\/2015\/04\/appstore_googleplay-135x100.jpg 135w, https:\/\/star.starmicronics.cz\/wp-content\/uploads\/2015\/04\/appstore_googleplay.jpg 425w\" sizes=\"auto, (max-width: 133px) 100vw, 133px\" \/><\/a><\/p>\n<p><span style=\"color: #3366ff;\"><strong>Specifikace<\/strong><\/span><\/p>\n<table style=\"height: 1393px;\" width=\"714\">\n<tbody>\n<tr>\n<td width=\"27%\"><span style=\"color: #3366ff;\">Rychlost tisku<\/span><\/td>\n<td width=\"72%\"><span style=\"color: #3366ff;\">180mm\/sec.<\/span><\/td>\n<\/tr>\n<tr>\n<td width=\"27%\"><span style=\"color: #3366ff;\">Rozli\u0161en\u00ed tisku<\/span><\/td>\n<td width=\"72%\"><span style=\"color: #3366ff;\">203 dpi, 406 x 203 dpi voliteln\u00e9<\/span><\/td>\n<\/tr>\n<tr>\n<td width=\"27%\"><span style=\"color: #3366ff;\">Po\u010det sloupc\u016f<\/span><\/td>\n<td width=\"72%\"><span style=\"color: #3366ff;\">A4 schopnost tisku na 112 mm pap\u00edr s funkc\u00ed Auto Scalling Software <\/span><\/td>\n<\/tr>\n<tr>\n<td width=\"27%\"><span style=\"color: #3366ff;\">Automatick\u00e1 \u0159eza\u010dka<\/span><\/td>\n<td width=\"72%\"><span style=\"color: #3366ff;\">\u00dapln\u00fd nebo \u010d\u00e1ste\u010dn\u00fd \u0159ez (gilotina)<\/span><\/td>\n<\/tr>\n<tr>\n<td width=\"27%\"><span style=\"color: #3366ff;\">\u0160\u00ed\u0159ka pap\u00edru<\/span><\/td>\n<td width=\"72%\"><span style=\"color: #3366ff;\">112mm Standardn\u00ed,\u00a080mm s<span style=\"color: #3366ff;\">\u00a0vod\u00edtkem pap\u00edru<\/span><\/span><\/td>\n<\/tr>\n<tr>\n<td width=\"27%\"><span style=\"color: #3366ff;\">Tlou\u0161\u0165ka pap\u00edru<\/span><\/td>\n<td width=\"72%\"><span style=\"color: #3366ff;\">0.065 \u2013 0.15mm<\/span><\/td>\n<\/tr>\n<tr>\n<td width=\"27%\"><span style=\"color: #3366ff;\">Role pap\u00edru (pr\u016fm\u011br)<\/span><\/td>\n<td width=\"72%\"><span style=\"color: #3366ff;\">100mm<\/span><\/td>\n<\/tr>\n<tr>\n<td width=\"27%\"><span style=\"color: #3366ff;\">P\u0159\u00edslu\u0161enstv\u00ed<\/span><\/td>\n<td width=\"72%\"><span style=\"color: #3366ff;\">Mont\u00e1\u017e na ze\u010f, extern\u00ed dr\u017e\u00e1k pap\u00edru<\/span><\/td>\n<\/tr>\n<tr>\n<td width=\"27%\"><span style=\"color: #3366ff;\">\u0160\u00ed\u0159ka tisku<\/span><\/td>\n<td width=\"72%\"><span style=\"color: #3366ff;\">104mm<\/span><\/td>\n<\/tr>\n<tr>\n<td width=\"27%\"><span style=\"color: #3366ff;\">Senzory<\/span><\/td>\n<td width=\"72%\"><span style=\"color: #3366ff;\">Black Mark, <span style=\"color: #3366ff;\">do\u0161l\u00fd pap\u00edr,\u00a0otev\u0159en\u00fd kryt<\/span><\/span><span style=\"color: #3366ff;\">, Near End Horizont\u00e1ln\u00ed &amp; Vertik\u00e1ln\u00ed<\/span><\/td>\n<\/tr>\n<tr>\n<td width=\"27%\"><span style=\"color: #3366ff;\">Rozhran\u00ed<\/span><\/td>\n<td width=\"72%\"><span style=\"color: #3366ff;\">Serial, Paraleln\u00ed, USB a bez rozhran\u00ed, Plug-In mo\u017enosti:\u00a0Serial (IFBD-HD03),\u00a09-pin Serial (HN03),\u00a0Paraleln\u00ed (HC03),\u00a0Ethernet (HE07), WebPRNT (HE07X)\u00a0Nov\u011b Bluetooth (Apple\u00a0iOS, Android, Windows)<\/span><\/td>\n<\/tr>\n<tr>\n<td width=\"27%\"><span style=\"color: #3366ff;\">Unique Ethernet Print on Disconnection Feature\u00a0<\/span><\/td>\n<td width=\"72%\"><span style=\"color: #3366ff;\">Standardn\u00ed\u00a0s\u00a0IFBD-HE07 volbou<\/span><\/td>\n<\/tr>\n<tr>\n<td width=\"27%\"><span style=\"color: #3366ff;\">Nap\u00e1jec\u00ed zdroj<\/span><\/td>\n<td width=\"72%\"><span style=\"color: #3366ff;\">Extern\u00ed PS60A<\/span><\/td>\n<\/tr>\n<tr>\n<td width=\"27%\"><span style=\"color: #3366ff;\">Spot\u0159eba energie<\/span><\/td>\n<td width=\"72%\"><span style=\"color: #3366ff;\">2.0 Amps\u00a0tisk 0.12 Amps pohotovostn\u00ed<\/span><\/td>\n<\/tr>\n<tr>\n<td width=\"27%\"><span style=\"color: #3366ff;\">Energy Star<\/span><\/td>\n<td width=\"72%\"><span style=\"color: #3366ff;\">Extern\u00ed, Energy Star Qualified PS60 ( Dobrovoln\u00fd)<\/span><\/td>\n<\/tr>\n<tr>\n<td width=\"27%\"><span style=\"color: #3366ff;\">Spolehlivost<\/span><\/td>\n<td width=\"72%\"><span style=\"color: #3366ff;\">37 <span style=\"color: #3366ff;\">milion \u0159\u00e1dk\u016f\u00a02 miliony \u0159ez\u016f<\/span><\/span><\/td>\n<\/tr>\n<tr>\n<td width=\"27%\"><span style=\"color: #3366ff;\">Rozm\u011bry (\u0161 x h x v)mm a v\u00e1ha<\/span><\/td>\n<td width=\"72%\"><span style=\"color: #3366ff;\">180 x 213 x 148 1.9kg<\/span><\/td>\n<\/tr>\n<tr>\n<td width=\"27%\"><span style=\"color: #3366ff;\">Dopl\u0148kov\u00e9 funkce<\/span><\/td>\n<td width=\"72%\">\n<ul>\n<li><span style=\"color: #3366ff;\">Bzu\u010d\u00e1k<\/span><\/li>\n<li><span style=\"color: #3366ff;\">Modr\u00e9 nebo zelen\u00e9 a \u010derven\u00e9\u00a0LED vod\u00edtko pap\u00edru<\/span><\/li>\n<li><span style=\"color: #3366ff;\">Plug-in rozhran\u00ed<\/span><\/li>\n<li><span style=\"color: #3366ff;\">\u201cPlug-In\u201d <span style=\"color: #3366ff;\">\u0159e\u0161en\u00ed WebPRNT rozhran\u00ed pro jednoduch\u00fd webov\u00fd tisk<\/span><\/span><\/li>\n<li><span style=\"color: #3366ff;\">Star WebPRNT Browser, je ke sta\u017een\u00ed pro\u00a0TSP847IIBTi\u00a0na App Store &amp; Google Play<\/span><\/li>\n<\/ul>\n<\/td>\n<\/tr>\n<\/tbody>\n<\/table>\n<p>&nbsp;<\/p>\n<p><span style=\"color: #3366ff;\"><strong><span style=\"color: #0000ff;\">\u00a0<span style=\"color: #3366ff;\">Galerie<\/span><\/span><\/strong><\/span><\/p>\n<div id='gallery-1' class='gallery galleryid-167 gallery-columns-4 gallery-size-medium'><figure class='gallery-item'>\n\t\t\t<div class='gallery-icon landscape'>\n\t\t\t\t<a href='https:\/\/star.starmicronics.cz\/wp-content\/uploads\/2015\/04\/TSP800II_front-1.jpg' rel=\"lightbox[167]\"><img loading=\"lazy\" decoding=\"async\" width=\"300\" height=\"300\" src=\"https:\/\/star.starmicronics.cz\/wp-content\/uploads\/2015\/04\/TSP800II_front-1-300x300.jpg\" class=\"attachment-medium size-medium\" alt=\"\" aria-describedby=\"gallery-1-168\" srcset=\"https:\/\/star.starmicronics.cz\/wp-content\/uploads\/2015\/04\/TSP800II_front-1-300x300.jpg 300w, https:\/\/star.starmicronics.cz\/wp-content\/uploads\/2015\/04\/TSP800II_front-1-150x150.jpg 150w, https:\/\/star.starmicronics.cz\/wp-content\/uploads\/2015\/04\/TSP800II_front-1-768x768.jpg 768w, https:\/\/star.starmicronics.cz\/wp-content\/uploads\/2015\/04\/TSP800II_front-1-1024x1024.jpg 1024w\" sizes=\"auto, (max-width: 300px) 100vw, 300px\" \/><\/a>\n\t\t\t<\/div>\n\t\t\t\t<figcaption class='wp-caption-text gallery-caption' id='gallery-1-168'>\n\t\t\t\tTSP800II\n\t\t\t\t<\/figcaption><\/figure><figure class='gallery-item'>\n\t\t\t<div class='gallery-icon landscape'>\n\t\t\t\t<a href='https:\/\/star.starmicronics.cz\/wp-content\/uploads\/2015\/04\/TSP800II_pair-1.jpg' rel=\"lightbox[167]\"><img loading=\"lazy\" decoding=\"async\" width=\"300\" height=\"300\" src=\"https:\/\/star.starmicronics.cz\/wp-content\/uploads\/2015\/04\/TSP800II_pair-1-300x300.jpg\" class=\"attachment-medium size-medium\" alt=\"\" aria-describedby=\"gallery-1-169\" srcset=\"https:\/\/star.starmicronics.cz\/wp-content\/uploads\/2015\/04\/TSP800II_pair-1-300x300.jpg 300w, https:\/\/star.starmicronics.cz\/wp-content\/uploads\/2015\/04\/TSP800II_pair-1-150x150.jpg 150w, https:\/\/star.starmicronics.cz\/wp-content\/uploads\/2015\/04\/TSP800II_pair-1-768x768.jpg 768w, https:\/\/star.starmicronics.cz\/wp-content\/uploads\/2015\/04\/TSP800II_pair-1-1024x1024.jpg 1024w\" sizes=\"auto, (max-width: 300px) 100vw, 300px\" \/><\/a>\n\t\t\t<\/div>\n\t\t\t\t<figcaption class='wp-caption-text gallery-caption' id='gallery-1-169'>\n\t\t\t\tTSP800II\n\t\t\t\t<\/figcaption><\/figure>\n\t\t<\/div>\n\n<p><span style=\"color: #3366ff;\"><strong><span style=\"color: #0000ff;\">\u00a0\u00a0<span style=\"color: #3366ff;\">Souvisej\u00edc\u00ed produkty<\/span><\/span><\/strong><\/span><\/p>\n<p>&nbsp;<\/p>\n<div id='gallery-2' class='gallery galleryid-167 gallery-columns-4 gallery-size-medium'><figure class='gallery-item'>\n\t\t\t<div class='gallery-icon portrait'>\n\t\t\t\t<img loading=\"lazy\" decoding=\"async\" width=\"209\" height=\"300\" src=\"https:\/\/star.starmicronics.cz\/wp-content\/uploads\/2015\/04\/TSP700II_deskboot-209x300.jpg\" class=\"attachment-medium size-medium\" alt=\"\" aria-describedby=\"gallery-2-159\" srcset=\"https:\/\/star.starmicronics.cz\/wp-content\/uploads\/2015\/04\/TSP700II_deskboot-209x300.jpg 209w, https:\/\/star.starmicronics.cz\/wp-content\/uploads\/2015\/04\/TSP700II_deskboot.jpg 500w\" sizes=\"auto, (max-width: 209px) 100vw, 209px\" \/>\n\t\t\t<\/div>\n\t\t\t\t<figcaption class='wp-caption-text gallery-caption' id='gallery-2-159'>\n\t\t\t\tVertik\u00e1ln\u00ed dr\u017e\u00e1k\n\t\t\t\t<\/figcaption><\/figure><figure class='gallery-item'>\n\t\t\t<div class='gallery-icon landscape'>\n\t\t\t\t<img loading=\"lazy\" decoding=\"async\" width=\"300\" height=\"300\" src=\"https:\/\/star.starmicronics.cz\/wp-content\/uploads\/2015\/04\/wifi_powerpack1-300x300.jpg\" class=\"attachment-medium size-medium\" alt=\"\" aria-describedby=\"gallery-2-162\" srcset=\"https:\/\/star.starmicronics.cz\/wp-content\/uploads\/2015\/04\/wifi_powerpack1-300x300.jpg 300w, https:\/\/star.starmicronics.cz\/wp-content\/uploads\/2015\/04\/wifi_powerpack1-150x150.jpg 150w, https:\/\/star.starmicronics.cz\/wp-content\/uploads\/2015\/04\/wifi_powerpack1.jpg 425w\" sizes=\"auto, (max-width: 300px) 100vw, 300px\" \/>\n\t\t\t<\/div>\n\t\t\t\t<figcaption class='wp-caption-text gallery-caption' id='gallery-2-162'>\n\t\t\t\tWifi Power Pack\n\t\t\t\t<\/figcaption><\/figure><figure class='gallery-item'>\n\t\t\t<div class='gallery-icon landscape'>\n\t\t\t\t<img loading=\"lazy\" decoding=\"async\" width=\"300\" height=\"257\" src=\"https:\/\/star.starmicronics.cz\/wp-content\/uploads\/2015\/04\/ps60_power_supply-300x257.jpg\" class=\"attachment-medium size-medium\" alt=\"\" aria-describedby=\"gallery-2-163\" srcset=\"https:\/\/star.starmicronics.cz\/wp-content\/uploads\/2015\/04\/ps60_power_supply-300x257.jpg 300w, https:\/\/star.starmicronics.cz\/wp-content\/uploads\/2015\/04\/ps60_power_supply.jpg 536w\" sizes=\"auto, (max-width: 300px) 100vw, 300px\" \/>\n\t\t\t<\/div>\n\t\t\t\t<figcaption class='wp-caption-text gallery-caption' id='gallery-2-163'>\n\t\t\t\tNap\u00e1jec\u00ed zdroj\n\t\t\t\t<\/figcaption><\/figure><figure class='gallery-item'>\n\t\t\t<div class='gallery-icon landscape'>\n\t\t\t\t<img loading=\"lazy\" decoding=\"async\" width=\"300\" height=\"300\" src=\"https:\/\/star.starmicronics.cz\/wp-content\/uploads\/2015\/04\/WebPRNT1-300x300.jpg\" class=\"attachment-medium size-medium\" alt=\"\" aria-describedby=\"gallery-2-161\" srcset=\"https:\/\/star.starmicronics.cz\/wp-content\/uploads\/2015\/04\/WebPRNT1-300x300.jpg 300w, https:\/\/star.starmicronics.cz\/wp-content\/uploads\/2015\/04\/WebPRNT1-150x150.jpg 150w, https:\/\/star.starmicronics.cz\/wp-content\/uploads\/2015\/04\/WebPRNT1.jpg 400w\" sizes=\"auto, (max-width: 300px) 100vw, 300px\" \/>\n\t\t\t<\/div>\n\t\t\t\t<figcaption class='wp-caption-text gallery-caption' id='gallery-2-161'>\n\t\t\t\tWebPRNT\n\t\t\t\t<\/figcaption><\/figure>\n\t\t<\/div>\n\n<p>&nbsp;<\/p>\n","protected":false},"excerpt":{"rendered":"<p>&nbsp; TSP847IIBI Bluetooth TSP847II WebPRNT TSP847IIU USB TSP847IID Serial TSP847IIC Paraleln\u00ed TSP847II bez rozhran\u00ed\u00a0 &nbsp; Multifunk\u010dn\u00ed tisk\u00e1rna s \u0161\u00ed\u0159kou tisku\u00a0112 mm, tisk \u010d\u00e1rov\u00fdch k\u00f3d\u016f, \u0161t\u00edtk\u016f, \u00fa\u010dtenek a j\u00edzdenek TSP800II je jedine\u010dn\u00e1 a v\u0161estrann\u00e1 term\u00e1ln\u00ed tisk\u00e1rna, kter\u00e1\u00a0dok\u00e1\u017ee tisknout na \u0161ir\u0161\u00ed ne\u017e pr\u016fm\u011brn\u00e1 m\u00e9dia a\u017e do 112 mm . V kombinaci s jedine\u010dn\u00fdm A4 rastrov\u00fdm ovlada\u010dem, kter\u00fd [&hellip;]<\/p>\n","protected":false},"author":1,"featured_media":0,"parent":0,"menu_order":0,"comment_status":"closed","ping_status":"open","template":"","meta":{"footnotes":"","_links_to":"","_links_to_target":""},"class_list":["post-167","page","type-page","status-publish","hentry"],"_links":{"self":[{"href":"https:\/\/star.starmicronics.cz\/index.php?rest_route=\/wp\/v2\/pages\/167","targetHints":{"allow":["GET"]}}],"collection":[{"href":"https:\/\/star.starmicronics.cz\/index.php?rest_route=\/wp\/v2\/pages"}],"about":[{"href":"https:\/\/star.starmicronics.cz\/index.php?rest_route=\/wp\/v2\/types\/page"}],"author":[{"embeddable":true,"href":"https:\/\/star.starmicronics.cz\/index.php?rest_route=\/wp\/v2\/users\/1"}],"replies":[{"embeddable":true,"href":"https:\/\/star.starmicronics.cz\/index.php?rest_route=%2Fwp%2Fv2%2Fcomments&post=167"}],"version-history":[{"count":0,"href":"https:\/\/star.starmicronics.cz\/index.php?rest_route=\/wp\/v2\/pages\/167\/revisions"}],"wp:attachment":[{"href":"https:\/\/star.starmicronics.cz\/index.php?rest_route=%2Fwp%2Fv2%2Fmedia&parent=167"}],"curies":[{"name":"wp","href":"https:\/\/api.w.org\/{rel}","templated":true}]}}