{"id":151,"date":"2015-04-22T09:54:29","date_gmt":"2015-04-22T08:54:29","guid":{"rendered":"http:\/\/star.starmicronics.cz\/?page_id=151"},"modified":"2016-05-07T23:03:21","modified_gmt":"2016-05-07T22:03:21","slug":"pos-consumables","status":"publish","type":"page","link":"https:\/\/star.starmicronics.cz\/?page_id=151","title":{"rendered":"POS spot\u0159ebn\u00ed materi\u00e1l"},"content":{"rendered":"<p><span style=\"color: #0000ff;\"><b><span lang=\"EN-GB\" style=\"font-family: 'Arial','sans-serif';\"><span class=\"hps\">P\u00e1sky<\/span> <span class=\"hps\">pro Star jehli\u010dkov\u00e9<\/span>\u00a0<span class=\"hps\">tisk\u00e1rny<\/span> <\/span><\/b><\/span><\/p>\n<p><span lang=\"EN-GB\" style=\"color: #0000ff; font-family: 'Arial','sans-serif';\"><br \/>\n<span class=\"hps\">Kl\u00ed\u010dem k<\/span> <span class=\"hps\">dlouhodob\u00e9mu<\/span>\u00a0kvalitn\u00edmu tisku<span class=\"hps\">\u00a0je<\/span> <span class=\"hps\">v<\/span> <span class=\"hps\">kvalit\u011b<\/span> <span class=\"hps\">spot\u0159ebn\u00edho materi\u00e1lu<\/span>.<span class=\"hps\"> Je pot\u0159eba p\u00e1sky, kter\u00e1 je schopna nejenom\u00a0kvalitn\u00edho tisku, ale tak\u00e9 ochrany nejcenn\u011bj\u0161\u00ed pracovn\u00ed \u010d\u00e1sti tisk\u00e1rny &#8211; tiskov\u00e9 hlavy.<\/span><\/span><\/p>\n<p><span lang=\"EN-GB\" style=\"color: #0000ff; font-family: 'Arial','sans-serif';\"><span class=\"hps\">Pou\u017e\u00edv\u00e1n\u00ed<\/span> <span class=\"hps\">levn\u011bj\u0161\u00ed<\/span> <span class=\"hps\">kompatibiln\u00ed<\/span> <span class=\"hps\">p\u00e1sky<\/span> <span class=\"hps\">nemus\u00ed v\u00e9st jen k nekvalitn\u00edmu tisku<\/span>, <span class=\"hps\">ale<\/span> <span class=\"hps\">m\u016f\u017ee m\u00edt<\/span> <span class=\"hps\">tak\u00e9<\/span> <span class=\"hps\">trval\u00e9<\/span>\u00a0<span class=\"hps\">a<\/span> <span class=\"hps\">\u0161kodliv\u00e9 n\u00e1sledky na\u00a0<\/span><span class=\"hps\">v\u00fdkonnost<\/span> <span class=\"hps\">tisk\u00e1rny.<\/span><\/span><\/p>\n<p><span lang=\"EN-GB\" style=\"color: #0000ff; font-family: 'Arial','sans-serif';\"><span class=\"hps\">Po<\/span> <span class=\"hps\">investici<\/span> do\u00a0kvalitn\u00edho <span class=\"hps\">hardwaru<\/span>, <span class=\"hps\">by bylo<\/span> <span class=\"hps\">neekonomick\u00e9 <\/span><span class=\"hps\">pou\u017e\u00edvat<\/span> <span class=\"hps\">spot\u0159ebn\u00ed materi\u00e1l, kter\u00fd nen\u00ed vhodn\u00fd pro tisk\u00e1rny Star<\/span><span class=\"hps\">.<\/span>\u00a0Star <span class=\"hps\">v\u00ed, jak<\/span> <span class=\"hps\">produkovat<\/span> <span class=\"hps\">kvalitn\u00ed<\/span> <span class=\"hps\">spot\u0159ebn\u00ed materi\u00e1l<\/span>, kter\u00fd <span class=\"hps\">tisk\u00e1rna<\/span>\u00a0Star <span class=\"hps\">vy\u017eaduje<\/span> <span class=\"hps\">a<\/span> <span class=\"hps\">pouze origin\u00e1ln\u00ed<\/span>\u00a0Star <span class=\"hps\">p\u00e1sky<\/span> <span class=\"hps\">jsou schopny dos\u00e1hnout<\/span> <span class=\"hps\">konzistentn\u00ed<\/span> <span class=\"hps\">vysoce kvalitn\u00ed tisk<\/span>, <span class=\"hps\">kter\u00fd nab\u00edz\u00ed<\/span> <span class=\"hps\">mnoho let<\/span> <span class=\"hps\">bezprobl\u00e9mov\u00e9ho<\/span> <span class=\"hps\">provozu<\/span>.<\/span><\/p>\n<p><span lang=\"EN-GB\" style=\"color: #3366ff; font-family: 'Arial','sans-serif';\"><span style=\"color: #0000ff;\"><span class=\"hps\">Pros\u00edm kontaktujte<\/span> <span class=\"hps\">n\u00e1s<\/span> <span class=\"hps\">s dotazem ohledn\u011b<\/span>\u00a0<\/span><span class=\"hps\"><span style=\"color: #0000ff;\">spr\u00e1vn\u00e9ho v\u00fdb\u011bru spot\u0159ebn\u00edho materi\u00e1lu<\/span>.<\/span><\/span><\/p>\n<div id='gallery-1' class='gallery galleryid-151 gallery-columns-4 gallery-size-thumbnail'><figure class='gallery-item'>\n\t\t\t<div class='gallery-icon landscape'>\n\t\t\t\t<img loading=\"lazy\" decoding=\"async\" width=\"150\" height=\"150\" src=\"https:\/\/star.starmicronics.cz\/wp-content\/uploads\/2015\/04\/consumables-150x150.jpg\" class=\"attachment-thumbnail size-thumbnail\" alt=\"\" \/>\n\t\t\t<\/div><\/figure>\n\t\t<\/div>\n\n<p><span lang=\"EN-GB\" style=\"color: #3366ff; font-family: 'Arial','sans-serif';\">\u00a0 <\/span><\/p>\n<p><span style=\"color: #0000ff;\"><b><span lang=\"EN-GB\" style=\"font-family: 'Arial','sans-serif';\">Pap\u00edr pro Star tisk\u00e1rny<\/span><\/b><\/span><\/p>\n<p><span lang=\"EN-GB\" style=\"color: #0000ff; font-family: 'Arial','sans-serif';\"><br \/>\nKvalita <span class=\"hps\">pap\u00edru nebo<\/span> <span class=\"hps\">\u0161t\u00edtk\u016f je d\u016fle\u017eit\u00e1<\/span>. <span class=\"hps\">Ni\u017e\u0161\u00ed<\/span> <span class=\"hps\">kvalita pap\u00edru<\/span> <span class=\"hps\">a<\/span> <span class=\"hps\">\u0161t\u00edtk\u016f<\/span> <span class=\"hps\">m\u016f\u017ee v\u00e9st k drsn\u011bj\u0161\u00edmu povrchu pap\u00edru<\/span>, <span class=\"hps\">co\u017e zp\u016fsobuje<\/span> <span class=\"hps\">po\u0161kozen\u00ed tiskov\u00e9<\/span> <span class=\"hps\">hlavy a<\/span> <span class=\"hps\">vestav\u011bn\u00e9 \u0159eza\u010dky<\/span> <span class=\"hps\">v<\/span> <span class=\"hps\">tisk\u00e1rn\u011b<\/span>. <\/span><\/p>\n<p><span lang=\"EN-GB\" style=\"color: #3366ff; font-family: 'Arial','sans-serif';\"><span style=\"color: #0000ff;\"><span class=\"hps\">Pro <\/span>seznam <span class=\"hps\">schv\u00e1len\u00fdch dodavatel\u016f<\/span> <span class=\"hps\">pap\u00edru<\/span> <\/span><span class=\"hps\"><span style=\"color: #0000ff;\">ve va\u0161em regionu n\u00e1s pros\u00edm kontaktujte<\/span>.<\/span><\/span><\/p>\n<p>&nbsp;<\/p>\n<p><span style=\"color: #0000ff;\"><strong>Term\u00e1ln\u00ed pap\u00edr<\/strong><\/span><\/p>\n<p><span style=\"color: #0000ff;\">\u00a0<\/span><\/p>\n<p><span style=\"color: #3366ff;\"><span style=\"color: #0000ff;\">Doporu\u010den\u00e9 role pap\u00edru k jednotliv\u00fdm tisk\u00e1rn\u00e1m<\/span> <span style=\"color: #000080;\"><a style=\"color: #000080;\" href=\"http:\/\/www.star-m.jp\/eng\/service\/pdf\/RecommendedPaper_en.pdf\" target=\"_blank\">zde.<\/a><\/span><\/span><\/p>\n<p><a href=\"http:\/\/star.starmicronics.cz\/wp-content\/uploads\/2015\/04\/Term\u00e1ln\u00ed-pap\u00edr.jpg\" rel=\"lightbox[151]\"><img loading=\"lazy\" decoding=\"async\" class=\"alignleft size-medium wp-image-1496\" src=\"http:\/\/star.starmicronics.cz\/wp-content\/uploads\/2015\/04\/Term\u00e1ln\u00ed-pap\u00edr-300x114.jpg\" alt=\"Term\u00e1ln\u00ed pap\u00edr\" width=\"300\" height=\"114\" srcset=\"https:\/\/star.starmicronics.cz\/wp-content\/uploads\/2015\/04\/Term\u00e1ln\u00ed-pap\u00edr-300x114.jpg 300w, https:\/\/star.starmicronics.cz\/wp-content\/uploads\/2015\/04\/Term\u00e1ln\u00ed-pap\u00edr.jpg 317w\" sizes=\"auto, (max-width: 300px) 100vw, 300px\" \/><\/a><\/p>\n<p>&nbsp;<\/p>\n<p>&nbsp;<\/p>\n<p>&nbsp;<\/p>\n<p>&nbsp;<\/p>\n<p><span style=\"color: #0000ff;\"><strong>P\u00e1sky<\/strong><\/span><\/p>\n<p>&nbsp;<\/p>\n<p><span style=\"color: #3366ff;\"><strong>SF03BR <a href=\"http:\/\/star.starmicronics.cz\/wp-content\/uploads\/2015\/04\/SF03BR.jpg\" rel=\"lightbox[151]\"><img loading=\"lazy\" decoding=\"async\" class=\"alignleft size-full wp-image-1485\" src=\"http:\/\/star.starmicronics.cz\/wp-content\/uploads\/2015\/04\/SF03BR.jpg\" alt=\"SF03BR\" width=\"137\" height=\"68\" srcset=\"https:\/\/star.starmicronics.cz\/wp-content\/uploads\/2015\/04\/SF03BR.jpg 137w, https:\/\/star.starmicronics.cz\/wp-content\/uploads\/2015\/04\/SF03BR-135x68.jpg 135w\" sizes=\"auto, (max-width: 137px) 100vw, 137px\" \/><\/a> <\/strong><\/span><\/p>\n<table>\n<thead>\n<tr>\n<td width=\"91\"><span style=\"color: #3366ff;\">Polo\u017eka<\/span><\/td>\n<td width=\"205\"><span style=\"color: #3366ff;\">SF03BR<\/span><\/td>\n<\/tr>\n<\/thead>\n<tbody>\n<tr>\n<td width=\"91\"><span style=\"color: #3366ff;\">Barva<\/span><\/td>\n<td width=\"205\"><span style=\"color: #3366ff;\">\u010cern\u00e1 a \u010derven\u00e1<\/span><\/td>\n<\/tr>\n<tr>\n<td width=\"91\"><span style=\"color: #3366ff;\">\u017divotnost<\/span><\/td>\n<td width=\"205\"><span style=\"color: #3366ff;\">\u010cerven\u00e1: 0.4miliony znak\u016f \u010cern\u00e1: 0.8miliony znak\u016f<\/span><\/td>\n<\/tr>\n<tr>\n<td width=\"91\"><span style=\"color: #3366ff;\">Rozm\u011bry<\/span><\/td>\n<td width=\"205\"><span style=\"color: #3366ff;\">&#8211;<\/span><\/td>\n<\/tr>\n<tr>\n<td width=\"91\"><span style=\"color: #3366ff;\">Pou\u017eit\u00ed s<\/span><\/td>\n<td width=\"205\"><span style=\"color: #3366ff;\">DP8340<\/span><\/td>\n<\/tr>\n<\/tbody>\n<\/table>\n<p><span style=\"color: #3366ff;\"><strong>RC200BR <a href=\"http:\/\/star.starmicronics.cz\/wp-content\/uploads\/2015\/04\/RC200BR.jpg\" rel=\"lightbox[151]\"><img loading=\"lazy\" decoding=\"async\" class=\"alignleft size-full wp-image-1486\" src=\"http:\/\/star.starmicronics.cz\/wp-content\/uploads\/2015\/04\/RC200BR.jpg\" alt=\"RC200BR\" width=\"122\" height=\"70\" \/><\/a><\/strong><\/span><\/p>\n<table>\n<thead>\n<tr>\n<td width=\"96\"><span style=\"color: #3366ff;\">Polo\u017eka<\/span><\/td>\n<td width=\"209\"><span style=\"color: #3366ff;\">RC200BR<\/span><\/td>\n<\/tr>\n<\/thead>\n<tbody>\n<tr>\n<td width=\"96\"><span style=\"color: #3366ff;\">Barva<\/span><\/td>\n<td width=\"209\"><span style=\"color: #3366ff;\">\u010cern\u00e1 a \u010derven\u00e1<\/span><\/td>\n<\/tr>\n<tr>\n<td width=\"96\"><span style=\"color: #3366ff;\">\u017divotnost<\/span><\/td>\n<td width=\"209\"><span style=\"color: #3366ff;\">\u010cerven\u00e1: 0.3miliony znak\u016f \u010cern\u00e1: 0.6miliony znak\u016f<\/span><\/td>\n<\/tr>\n<tr>\n<td width=\"96\"><span style=\"color: #3366ff;\">Rozm\u011bry<\/span><\/td>\n<td width=\"209\"><span style=\"color: #3366ff;\">114.4\u00d765\u00d728mm<\/span><\/td>\n<\/tr>\n<tr>\n<td width=\"96\"><span style=\"color: #3366ff;\">Pou\u017eit\u00ed s<\/span><\/td>\n<td width=\"209\"><span style=\"color: #3366ff;\">MP200<\/span><\/td>\n<\/tr>\n<\/tbody>\n<\/table>\n<p><span style=\"color: #3366ff;\"><strong>RC200B <a href=\"http:\/\/star.starmicronics.cz\/wp-content\/uploads\/2015\/04\/RC200B.jpg\" rel=\"lightbox[151]\"><img loading=\"lazy\" decoding=\"async\" class=\"alignleft size-full wp-image-1487\" src=\"http:\/\/star.starmicronics.cz\/wp-content\/uploads\/2015\/04\/RC200B.jpg\" alt=\"RC200B\" width=\"128\" height=\"69\" \/><\/a><\/strong><\/span><\/p>\n<table>\n<thead>\n<tr>\n<td width=\"102\"><span style=\"color: #3366ff;\">Polo\u017eka<\/span><\/td>\n<td width=\"196\"><span style=\"color: #3366ff;\">RC200B<\/span><\/td>\n<\/tr>\n<\/thead>\n<tbody>\n<tr>\n<td width=\"102\"><span style=\"color: #3366ff;\">Barva<\/span><\/td>\n<td width=\"196\"><span style=\"color: #3366ff;\">\u010cern\u00e1<\/span><\/td>\n<\/tr>\n<tr>\n<td width=\"102\"><span style=\"color: #3366ff;\">\u017divotnost<\/span><\/td>\n<td width=\"196\"><span style=\"color: #3366ff;\">1.5 miliony znak\u016f<\/span><\/td>\n<\/tr>\n<tr>\n<td width=\"102\"><span style=\"color: #3366ff;\">Rozm\u011bry<\/span><\/td>\n<td width=\"196\"><span style=\"color: #3366ff;\">114.4\u00d765\u00d728mm<\/span><\/td>\n<\/tr>\n<tr>\n<td width=\"102\"><span style=\"color: #3366ff;\">Pou\u017eit\u00ed s<\/span><\/td>\n<td width=\"196\"><span style=\"color: #3366ff;\">MP200, MP292, MP500, SP298, SP500<\/span><\/td>\n<\/tr>\n<\/tbody>\n<\/table>\n<p><span style=\"color: #3366ff;\"><strong>RC300B <a href=\"http:\/\/star.starmicronics.cz\/wp-content\/uploads\/2015\/04\/RC300B.jpg\" rel=\"lightbox[151]\"><img loading=\"lazy\" decoding=\"async\" class=\"alignleft size-full wp-image-1488\" src=\"http:\/\/star.starmicronics.cz\/wp-content\/uploads\/2015\/04\/RC300B.jpg\" alt=\"RC300B\" width=\"135\" height=\"77\" \/><\/a><\/strong><\/span><\/p>\n<table>\n<thead>\n<tr>\n<td width=\"105\"><span style=\"color: #3366ff;\">Polo\u017eka<\/span><\/td>\n<td width=\"200\"><span style=\"color: #3366ff;\">RC300B<\/span><\/td>\n<\/tr>\n<\/thead>\n<tbody>\n<tr>\n<td width=\"105\"><span style=\"color: #3366ff;\">Barva<\/span><\/td>\n<td width=\"200\"><span style=\"color: #3366ff;\">\u010cern\u00e1<\/span><\/td>\n<\/tr>\n<tr>\n<td width=\"105\"><span style=\"color: #3366ff;\">\u017divotnost<\/span><\/td>\n<td width=\"200\"><span style=\"color: #3366ff;\">2.6 miliony znak\u016f<\/span><\/td>\n<\/tr>\n<tr>\n<td width=\"105\"><span style=\"color: #3366ff;\">Rozm\u011bry<\/span><\/td>\n<td width=\"200\"><span style=\"color: #3366ff;\">116.4\u00d766.5\u00d728mm<\/span><\/td>\n<\/tr>\n<tr>\n<td width=\"105\"><span style=\"color: #3366ff;\">Pou\u017eit\u00ed s<\/span><\/td>\n<td width=\"200\"><span style=\"color: #3366ff;\">MP300, SP320<\/span><\/td>\n<\/tr>\n<\/tbody>\n<\/table>\n<p><span style=\"color: #3366ff;\"><strong>RC330B <a href=\"http:\/\/star.starmicronics.cz\/wp-content\/uploads\/2015\/04\/RC330B.jpg\" rel=\"lightbox[151]\"><img loading=\"lazy\" decoding=\"async\" class=\"alignleft size-full wp-image-1489\" src=\"http:\/\/star.starmicronics.cz\/wp-content\/uploads\/2015\/04\/RC330B.jpg\" alt=\"RC330B\" width=\"150\" height=\"84\" \/><\/a><\/strong><\/span><\/p>\n<table>\n<thead>\n<tr>\n<td width=\"105\"><span style=\"color: #3366ff;\">Polo\u017eka<\/span><\/td>\n<td width=\"200\"><span style=\"color: #3366ff;\">RC330B<\/span><\/td>\n<\/tr>\n<\/thead>\n<tbody>\n<tr>\n<td width=\"105\"><span style=\"color: #3366ff;\">Barva<\/span><\/td>\n<td width=\"200\"><span style=\"color: #3366ff;\">\u010cern\u00e1<\/span><\/td>\n<\/tr>\n<tr>\n<td width=\"105\"><span style=\"color: #3366ff;\">\u017divotnost<\/span><\/td>\n<td width=\"200\"><span style=\"color: #3366ff;\">2.6 miliony znak\u016f<\/span><\/td>\n<\/tr>\n<tr>\n<td width=\"105\"><span style=\"color: #3366ff;\">Rozm\u011bry<\/span><\/td>\n<td width=\"200\"><span style=\"color: #3366ff;\">116.4\u00d766.5\u00d728mm<\/span><\/td>\n<\/tr>\n<tr>\n<td width=\"105\"><span style=\"color: #3366ff;\">Pou\u017eit\u00ed s<\/span><\/td>\n<td width=\"200\"><span style=\"color: #3366ff;\">MP330<\/span><\/td>\n<\/tr>\n<\/tbody>\n<\/table>\n<p><span style=\"color: #3366ff;\"><strong>RC100B <a href=\"http:\/\/star.starmicronics.cz\/wp-content\/uploads\/2015\/04\/RC100B.jpg\" rel=\"lightbox[151]\"><img loading=\"lazy\" decoding=\"async\" class=\"alignleft size-full wp-image-1490\" src=\"http:\/\/star.starmicronics.cz\/wp-content\/uploads\/2015\/04\/RC100B.jpg\" alt=\"RC100B\" width=\"137\" height=\"90\" srcset=\"https:\/\/star.starmicronics.cz\/wp-content\/uploads\/2015\/04\/RC100B.jpg 137w, https:\/\/star.starmicronics.cz\/wp-content\/uploads\/2015\/04\/RC100B-135x90.jpg 135w\" sizes=\"auto, (max-width: 137px) 100vw, 137px\" \/><\/a><\/strong><\/span><\/p>\n<table>\n<thead>\n<tr>\n<td width=\"115\"><span style=\"color: #3366ff;\">Polo\u017eka<\/span><\/td>\n<td width=\"190\"><span style=\"color: #3366ff;\">RC100B<\/span><\/td>\n<\/tr>\n<\/thead>\n<tbody>\n<tr>\n<td width=\"115\"><span style=\"color: #3366ff;\">Barva<\/span><\/td>\n<td width=\"190\"><span style=\"color: #3366ff;\">\u010cern\u00e1<\/span><\/td>\n<\/tr>\n<tr>\n<td width=\"115\"><span style=\"color: #3366ff;\">\u017divotnost<\/span><\/td>\n<td width=\"190\"><span style=\"color: #3366ff;\">0.8 miliony znak\u016f<\/span><\/td>\n<\/tr>\n<tr>\n<td width=\"115\"><span style=\"color: #3366ff;\">Rozm\u011bry<\/span><\/td>\n<td width=\"190\"><span style=\"color: #3366ff;\">103\u00d766.8\u00d728mm<\/span><\/td>\n<\/tr>\n<tr>\n<td width=\"115\"><span style=\"color: #3366ff;\">Pou\u017eit\u00ed s<\/span><\/td>\n<td width=\"190\"><span style=\"color: #3366ff;\">MP400<\/span><\/td>\n<\/tr>\n<\/tbody>\n<\/table>\n<p><span style=\"color: #3366ff;\"><strong>RC700B <a href=\"http:\/\/star.starmicronics.cz\/wp-content\/uploads\/2015\/04\/RC700B.jpg\" rel=\"lightbox[151]\"><img loading=\"lazy\" decoding=\"async\" class=\"alignleft size-full wp-image-1491\" src=\"http:\/\/star.starmicronics.cz\/wp-content\/uploads\/2015\/04\/RC700B.jpg\" alt=\"RC700B\" width=\"139\" height=\"78\" \/><\/a><\/strong><\/span><\/p>\n<table>\n<thead>\n<tr>\n<td width=\"113\"><span style=\"color: #3366ff;\">Polo\u017eka<\/span><\/td>\n<td width=\"189\"><span style=\"color: #3366ff;\">RC700B<\/span><\/td>\n<\/tr>\n<\/thead>\n<tbody>\n<tr>\n<td width=\"113\"><span style=\"color: #3366ff;\">Barva<\/span><\/td>\n<td width=\"189\"><span style=\"color: #3366ff;\">\u010cern\u00e1<\/span><\/td>\n<\/tr>\n<tr>\n<td width=\"113\"><span style=\"color: #3366ff;\">\u017divotnost<\/span><\/td>\n<td width=\"189\"><span style=\"color: #3366ff;\">3.0miliony znak\u016f<\/span><\/td>\n<\/tr>\n<tr>\n<td width=\"113\"><span style=\"color: #3366ff;\">Rozm\u011bry<\/span><\/td>\n<td width=\"189\"><span style=\"color: #3366ff;\">139.1\u00d767.5\u00d728mm<\/span><\/td>\n<\/tr>\n<tr>\n<td width=\"113\"><span style=\"color: #3366ff;\">Pou\u017eit\u00ed s<\/span><\/td>\n<td width=\"189\"><span style=\"color: #3366ff;\">SP700<\/span><\/td>\n<\/tr>\n<\/tbody>\n<\/table>\n<p><span style=\"color: #3366ff;\"><strong>RC700BR <a href=\"http:\/\/star.starmicronics.cz\/wp-content\/uploads\/2015\/04\/RC700BR.jpg\" rel=\"lightbox[151]\"><img loading=\"lazy\" decoding=\"async\" class=\"alignleft size-full wp-image-1492\" src=\"http:\/\/star.starmicronics.cz\/wp-content\/uploads\/2015\/04\/RC700BR.jpg\" alt=\"RC700BR\" width=\"134\" height=\"78\" \/><\/a><\/strong><\/span><\/p>\n<table>\n<thead>\n<tr>\n<td width=\"115\"><span style=\"color: #3366ff;\">Polo\u017eka<\/span><\/td>\n<td width=\"191\"><span style=\"color: #3366ff;\">RC700BR<\/span><\/td>\n<\/tr>\n<\/thead>\n<tbody>\n<tr>\n<td width=\"115\"><span style=\"color: #3366ff;\">Barva<\/span><\/td>\n<td width=\"191\"><span style=\"color: #3366ff;\">\u010cern\u00e1 a \u010derven\u00e1<\/span><\/td>\n<\/tr>\n<tr>\n<td width=\"115\"><span style=\"color: #3366ff;\">\u017divotnost<\/span><\/td>\n<td width=\"191\"><span style=\"color: #3366ff;\">\u010cerven\u00e1: 0.75miliony znak\u016f \u010cern\u00e1: 1.5miliony znak\u016f<\/span><\/td>\n<\/tr>\n<tr>\n<td width=\"115\"><span style=\"color: #3366ff;\">Rozm\u011bry<\/span><\/td>\n<td width=\"191\"><span style=\"color: #3366ff;\">139.1\u00d767.5\u00d728mm<\/span><\/td>\n<\/tr>\n<tr>\n<td width=\"115\"><span style=\"color: #3366ff;\">Pou\u017eit\u00ed s<\/span><\/td>\n<td width=\"191\"><span style=\"color: #3366ff;\">SP700<\/span><\/td>\n<\/tr>\n<\/tbody>\n<\/table>\n<p><span style=\"color: #3366ff;\"><strong>RC-7KB <a href=\"http:\/\/star.starmicronics.cz\/wp-content\/uploads\/2015\/04\/RC-7KB.jpg\" rel=\"lightbox[151]\"><img loading=\"lazy\" decoding=\"async\" class=\"alignleft size-full wp-image-1493\" src=\"http:\/\/star.starmicronics.cz\/wp-content\/uploads\/2015\/04\/RC-7KB.jpg\" alt=\"RC-7KB\" width=\"150\" height=\"88\" \/><\/a><\/strong><\/span><\/p>\n<table>\n<thead>\n<tr>\n<td width=\"118\"><span style=\"color: #3366ff;\">Polo\u017eka<\/span><\/td>\n<td width=\"174\"><span style=\"color: #3366ff;\">RC-7KB<\/span><\/td>\n<\/tr>\n<\/thead>\n<tbody>\n<tr>\n<td width=\"118\"><span style=\"color: #3366ff;\">Barva<\/span><\/td>\n<td width=\"174\"><span style=\"color: #3366ff;\">\u010cern\u00e1<\/span><\/td>\n<\/tr>\n<tr>\n<td width=\"118\"><span style=\"color: #3366ff;\">\u017divotnost<\/span><\/td>\n<td width=\"174\"><span style=\"color: #3366ff;\">4 miliony zn\u00e1k\u016f<\/span><\/td>\n<\/tr>\n<tr>\n<td width=\"118\"><span style=\"color: #3366ff;\">Rozm\u011bry<\/span><\/td>\n<td width=\"174\"><span style=\"color: #3366ff;\">148.4\u00d766.4\u00d728mm<\/span><\/td>\n<\/tr>\n<tr>\n<td width=\"118\"><span style=\"color: #3366ff;\">Pou\u017eit\u00ed s<\/span><\/td>\n<td width=\"174\"><span style=\"color: #3366ff;\">HSP7000<\/span><\/td>\n<\/tr>\n<\/tbody>\n<\/table>\n<p>&nbsp;<\/p>\n","protected":false},"excerpt":{"rendered":"<p>Stuhy do tisk\u00e1rny a pap\u00edrov\u00e9 role pro va\u0161i tisk\u00e1rnu<\/p>\n","protected":false},"author":1,"featured_media":1050,"parent":103,"menu_order":0,"comment_status":"closed","ping_status":"open","template":"","meta":{"footnotes":"","_links_to":"","_links_to_target":""},"class_list":["post-151","page","type-page","status-publish","has-post-thumbnail","hentry"],"_links":{"self":[{"href":"https:\/\/star.starmicronics.cz\/index.php?rest_route=\/wp\/v2\/pages\/151","targetHints":{"allow":["GET"]}}],"collection":[{"href":"https:\/\/star.starmicronics.cz\/index.php?rest_route=\/wp\/v2\/pages"}],"about":[{"href":"https:\/\/star.starmicronics.cz\/index.php?rest_route=\/wp\/v2\/types\/page"}],"author":[{"embeddable":true,"href":"https:\/\/star.starmicronics.cz\/index.php?rest_route=\/wp\/v2\/users\/1"}],"replies":[{"embeddable":true,"href":"https:\/\/star.starmicronics.cz\/index.php?rest_route=%2Fwp%2Fv2%2Fcomments&post=151"}],"version-history":[{"count":3,"href":"https:\/\/star.starmicronics.cz\/index.php?rest_route=\/wp\/v2\/pages\/151\/revisions"}],"predecessor-version":[{"id":1599,"href":"https:\/\/star.starmicronics.cz\/index.php?rest_route=\/wp\/v2\/pages\/151\/revisions\/1599"}],"up":[{"embeddable":true,"href":"https:\/\/star.starmicronics.cz\/index.php?rest_route=\/wp\/v2\/pages\/103"}],"wp:featuredmedia":[{"embeddable":true,"href":"https:\/\/star.starmicronics.cz\/index.php?rest_route=\/wp\/v2\/media\/1050"}],"wp:attachment":[{"href":"https:\/\/star.starmicronics.cz\/index.php?rest_route=%2Fwp%2Fv2%2Fmedia&parent=151"}],"curies":[{"name":"wp","href":"https:\/\/api.w.org\/{rel}","templated":true}]}}