{"id":1499,"date":"2015-08-20T14:46:07","date_gmt":"2015-08-20T13:46:07","guid":{"rendered":"http:\/\/star.starmicronics.cz\/?page_id=1499"},"modified":"2016-05-05T15:53:12","modified_gmt":"2016-05-05T14:53:12","slug":"prislusenstvi","status":"publish","type":"page","link":"https:\/\/star.starmicronics.cz\/?page_id=1499","title":{"rendered":"P\u0159\u00edslu\u0161enstv\u00ed"},"content":{"rendered":"<h2><span style=\"color: #0000ff;\"><strong>Zdroj nap\u00e1jen\u00ed<\/strong><\/span><\/h2>\n<table style=\"height: 157px;\" width=\"277\">\n<tbody>\n<tr>\n<td width=\"51\"><span style=\"color: #0000ff;\">Polo\u017eka \u00a0<\/span><\/td>\n<td><span style=\"color: #0000ff;\">PS60A-24B1 S\u00ed\u0165ov\u00fd zdroj<\/span><\/td>\n<\/tr>\n<tr>\n<td width=\"51\"><span style=\"color: #0000ff;\">Pou\u017eit\u00ed s<\/span><\/td>\n<td><span style=\"color: #0000ff;\">FVP10\/TSP100PUSB\/TSP650II\/TSP700II\/ TSP800II\/TSP828L\/TSP1000\/TUP500\/ TUP900\/SP298\/HSP7000<\/span><\/td>\n<\/tr>\n<\/tbody>\n<\/table>\n<table style=\"height: 107px;\" width=\"382\">\n<thead>\n<tr>\n<td width=\"122\"><span style=\"color: #0000ff;\">Polo\u017eka<\/span><\/td>\n<td><span style=\"color: #0000ff;\">PS8340A S\u00ed\u0165ov\u00fd zdroj<\/span><\/td>\n<\/tr>\n<\/thead>\n<tbody>\n<tr>\n<td width=\"122\"><span style=\"color: #0000ff;\">Pou\u017eit\u00ed s<\/span><\/td>\n<td><span style=\"color: #0000ff;\">DP8340<\/span><\/td>\n<\/tr>\n<\/tbody>\n<\/table>\n<div id='gallery-1' class='gallery galleryid-1499 gallery-columns-3 gallery-size-thumbnail'><figure class='gallery-item'>\n\t\t\t<div class='gallery-icon landscape'>\n\t\t\t\t<a href='https:\/\/star.starmicronics.cz\/?attachment_id=1500'><img loading=\"lazy\" decoding=\"async\" width=\"150\" height=\"121\" src=\"https:\/\/star.starmicronics.cz\/wp-content\/uploads\/2015\/08\/PS60A-150x121.jpg\" class=\"attachment-thumbnail size-thumbnail\" alt=\"\" aria-describedby=\"gallery-1-1500\" \/><\/a>\n\t\t\t<\/div>\n\t\t\t\t<figcaption class='wp-caption-text gallery-caption' id='gallery-1-1500'>\n\t\t\t\tPS60A\n\t\t\t\t<\/figcaption><\/figure><figure class='gallery-item'>\n\t\t\t<div class='gallery-icon landscape'>\n\t\t\t\t<a href='https:\/\/star.starmicronics.cz\/?attachment_id=1501'><img loading=\"lazy\" decoding=\"async\" width=\"150\" height=\"135\" src=\"https:\/\/star.starmicronics.cz\/wp-content\/uploads\/2015\/08\/PS8340A-150x135.jpg\" class=\"attachment-thumbnail size-thumbnail\" alt=\"\" aria-describedby=\"gallery-1-1501\" \/><\/a>\n\t\t\t<\/div>\n\t\t\t\t<figcaption class='wp-caption-text gallery-caption' id='gallery-1-1501'>\n\t\t\t\tPS8340A\n\t\t\t\t<\/figcaption><\/figure>\n\t\t<\/div>\n\n<h2><span style=\"color: #0000ff;\"><strong>Dr\u017e\u00e1ky<\/strong><\/span><\/h2>\n<p><span style=\"color: #0000ff;\"><strong>\u00a0<\/strong><\/span><span style=\"color: #0000ff;\"><strong>Dr\u017e\u00e1k na st\u011bnu<\/strong><\/span><\/p>\n<table>\n<thead>\n<tr>\n<td width=\"117\"><span style=\"color: #0000ff;\">Polo\u017eka<\/span><\/td>\n<td><span style=\"color: #0000ff;\">WB-T700<\/span><\/td>\n<td><span style=\"color: #0000ff;\">WB-T800<\/span><\/td>\n<\/tr>\n<\/thead>\n<tbody>\n<tr>\n<td width=\"117\"><span style=\"color: #0000ff;\">Pou\u017eit\u00ed s<\/span><\/td>\n<td><span style=\"color: #0000ff;\">TSP700II<\/span><\/td>\n<td><span style=\"color: #0000ff;\">TSP700II<\/span><\/td>\n<\/tr>\n<\/tbody>\n<\/table>\n<p><a href=\"http:\/\/star.starmicronics.cz\/wp-content\/uploads\/2015\/08\/WB-T700.jpg\" rel=\"lightbox[1499]\"><img loading=\"lazy\" decoding=\"async\" class=\"alignleft size-full wp-image-1502\" src=\"http:\/\/star.starmicronics.cz\/wp-content\/uploads\/2015\/08\/WB-T700.jpg\" alt=\"WB-T700\" width=\"230\" height=\"130\" \/><\/a><\/p>\n<p>&nbsp;<\/p>\n<p>&nbsp;<\/p>\n<p>&nbsp;<\/p>\n<p>&nbsp;<\/p>\n<p><span style=\"color: #0000ff;\"><strong>Vertik\u00e1ln\u00ed stojan<\/strong><\/span><\/p>\n<table>\n<thead>\n<tr>\n<td width=\"51\"><span style=\"color: #0000ff;\">Polo\u017eka<\/span><\/td>\n<td><span style=\"color: #0000ff;\">VS-T650<\/span><\/td>\n<td><span style=\"color: #0000ff;\">VS-T700<\/span><\/td>\n<td><span style=\"color: #0000ff;\">VS-T800<\/span><\/td>\n<\/tr>\n<\/thead>\n<tbody>\n<tr>\n<td width=\"51\"><span style=\"color: #0000ff;\">Pou\u017eit\u00ed s<\/span><\/td>\n<td><span style=\"color: #0000ff;\">TSP100\/100ECO TSP650II<\/span><\/td>\n<td><span style=\"color: #0000ff;\">TSP700II<\/span><\/td>\n<td><span style=\"color: #0000ff;\">TSP800II<\/span><\/td>\n<\/tr>\n<\/tbody>\n<\/table>\n<p><a href=\"http:\/\/star.starmicronics.cz\/wp-content\/uploads\/2015\/08\/VS-T700.jpg\" rel=\"lightbox[1499]\"><img loading=\"lazy\" decoding=\"async\" class=\"alignleft size-full wp-image-1503\" src=\"http:\/\/star.starmicronics.cz\/wp-content\/uploads\/2015\/08\/VS-T700.jpg\" alt=\"VS-T700\" width=\"230\" height=\"145\" \/><\/a><\/p>\n<p>&nbsp;<\/p>\n<p>&nbsp;<\/p>\n<p>&nbsp;<\/p>\n<p>&nbsp;<\/p>\n<p><span style=\"color: #0000ff;\"><strong>Dr\u017e\u00e1k pod pult<\/strong><\/span><\/p>\n<table>\n<thead>\n<tr>\n<td width=\"200\"><span style=\"color: #0000ff;\">Polo\u017eka<\/span><\/td>\n<td><span style=\"color: #0000ff;\">MK-F10<\/span><\/td>\n<\/tr>\n<\/thead>\n<tbody>\n<tr>\n<td><span style=\"color: #0000ff;\">Pou\u017eit\u00ed s<\/span><\/td>\n<td><span style=\"color: #0000ff;\">FVP10<\/span><\/td>\n<\/tr>\n<\/tbody>\n<\/table>\n<h2><a href=\"http:\/\/star.starmicronics.cz\/wp-content\/uploads\/2015\/08\/MK-F10.jpg\" rel=\"lightbox[1499]\"><img loading=\"lazy\" decoding=\"async\" class=\"alignleft size-full wp-image-1504\" src=\"http:\/\/star.starmicronics.cz\/wp-content\/uploads\/2015\/08\/MK-F10.jpg\" alt=\"MK-F10\" width=\"230\" height=\"113\" \/><\/a><\/h2>\n<h2><\/h2>\n<h2><\/h2>\n<h2><\/h2>\n<h2><\/h2>\n<h2><span style=\"color: #0000ff;\"><strong>Vod\u011bodoln\u00fd kryt<\/strong><\/span><\/h2>\n<table>\n<thead>\n<tr>\n<td width=\"80\"><span style=\"color: #0000ff;\">Polo\u017eka<\/span><\/td>\n<td><span style=\"color: #0000ff;\">SPC-T100<\/span><\/td>\n<\/tr>\n<\/thead>\n<tbody>\n<tr>\n<td><span style=\"color: #0000ff;\">Pou\u017eit\u00ed s<\/span><\/td>\n<td><span style=\"color: #0000ff;\">TSP100\/TSP100ECO\/TSP650\u2161<\/span><\/td>\n<\/tr>\n<\/tbody>\n<\/table>\n<table style=\"height: 128px;\" width=\"324\">\n<thead>\n<tr>\n<td width=\"161\"><span style=\"color: #0000ff;\">Polo\u017eka<\/span><\/td>\n<td><span style=\"color: #0000ff;\">SPC-T700<\/span><\/td>\n<\/tr>\n<\/thead>\n<tbody>\n<tr>\n<td width=\"161\"><span style=\"color: #0000ff;\">Pou\u017eit\u00ed s<\/span><\/td>\n<td><span style=\"color: #0000ff;\">TSP700\u2161<\/span><\/td>\n<\/tr>\n<\/tbody>\n<\/table>\n<p><span style=\"color: #0000ff;\">\u00a0<\/span><\/p>\n<div id='gallery-2' class='gallery galleryid-1499 gallery-columns-3 gallery-size-thumbnail'><figure class='gallery-item'>\n\t\t\t<div class='gallery-icon landscape'>\n\t\t\t\t<a href='https:\/\/star.starmicronics.cz\/?attachment_id=1505'><img loading=\"lazy\" decoding=\"async\" width=\"150\" height=\"107\" src=\"https:\/\/star.starmicronics.cz\/wp-content\/uploads\/2015\/08\/SPC-T100-150x107.jpg\" class=\"attachment-thumbnail size-thumbnail\" alt=\"\" aria-describedby=\"gallery-2-1505\" \/><\/a>\n\t\t\t<\/div>\n\t\t\t\t<figcaption class='wp-caption-text gallery-caption' id='gallery-2-1505'>\n\t\t\t\tSPC-T100\n\t\t\t\t<\/figcaption><\/figure><figure class='gallery-item'>\n\t\t\t<div class='gallery-icon landscape'>\n\t\t\t\t<a href='https:\/\/star.starmicronics.cz\/?attachment_id=1506'><img loading=\"lazy\" decoding=\"async\" width=\"150\" height=\"117\" src=\"https:\/\/star.starmicronics.cz\/wp-content\/uploads\/2015\/08\/SPC-T700-150x117.jpg\" class=\"attachment-thumbnail size-thumbnail\" alt=\"\" aria-describedby=\"gallery-2-1506\" \/><\/a>\n\t\t\t<\/div>\n\t\t\t\t<figcaption class='wp-caption-text gallery-caption' id='gallery-2-1506'>\n\t\t\t\tSPC-T700\n\t\t\t\t<\/figcaption><\/figure>\n\t\t<\/div>\n\n<h2><\/h2>\n<h2><span style=\"color: #0000ff;\"><strong>Zvonek<\/strong><\/span><\/h2>\n<table>\n<thead>\n<tr>\n<td width=\"95\"><span style=\"color: #0000ff;\">Polo\u017eka<\/span><\/td>\n<td><span style=\"color: #0000ff;\">BU01-24-A<\/span><\/td>\n<\/tr>\n<\/thead>\n<tbody>\n<tr>\n<td width=\"95\"><span style=\"color: #0000ff;\">Pou\u017eit\u00ed s<\/span><\/td>\n<td><span style=\"color: #0000ff;\">TSP100*\/TSP100ECO TSP650II\/TSP700II\/SP700 *nefunguje u\u00a0TSP100PUSB<\/span><\/td>\n<\/tr>\n<\/tbody>\n<\/table>\n<p>&nbsp;<\/p>\n<p><a href=\"http:\/\/star.starmicronics.cz\/wp-content\/uploads\/2015\/08\/BU01-24-A.jpg\" rel=\"lightbox[1499]\"><img loading=\"lazy\" decoding=\"async\" class=\"alignleft size-full wp-image-1507\" src=\"http:\/\/star.starmicronics.cz\/wp-content\/uploads\/2015\/08\/BU01-24-A.jpg\" alt=\"BU01-24-A\" width=\"230\" height=\"154\" \/><\/a><\/p>\n","protected":false},"excerpt":{"rendered":"<p>Zdroj nap\u00e1jen\u00ed Polo\u017eka \u00a0 PS60A-24B1 S\u00ed\u0165ov\u00fd zdroj Pou\u017eit\u00ed s FVP10\/TSP100PUSB\/TSP650II\/TSP700II\/ TSP800II\/TSP828L\/TSP1000\/TUP500\/ TUP900\/SP298\/HSP7000 Polo\u017eka PS8340A S\u00ed\u0165ov\u00fd zdroj Pou\u017eit\u00ed s DP8340 Dr\u017e\u00e1ky \u00a0Dr\u017e\u00e1k na st\u011bnu Polo\u017eka WB-T700 WB-T800 Pou\u017eit\u00ed s TSP700II TSP700II &nbsp; &nbsp; &nbsp; &nbsp; Vertik\u00e1ln\u00ed stojan Polo\u017eka VS-T650 VS-T700 VS-T800 Pou\u017eit\u00ed s TSP100\/100ECO TSP650II TSP700II TSP800II &nbsp; &nbsp; &nbsp; &nbsp; Dr\u017e\u00e1k pod pult Polo\u017eka MK-F10 [&hellip;]<\/p>\n","protected":false},"author":1,"featured_media":0,"parent":0,"menu_order":0,"comment_status":"closed","ping_status":"open","template":"","meta":{"footnotes":"","_links_to":"","_links_to_target":""},"class_list":["post-1499","page","type-page","status-publish","hentry"],"_links":{"self":[{"href":"https:\/\/star.starmicronics.cz\/index.php?rest_route=\/wp\/v2\/pages\/1499","targetHints":{"allow":["GET"]}}],"collection":[{"href":"https:\/\/star.starmicronics.cz\/index.php?rest_route=\/wp\/v2\/pages"}],"about":[{"href":"https:\/\/star.starmicronics.cz\/index.php?rest_route=\/wp\/v2\/types\/page"}],"author":[{"embeddable":true,"href":"https:\/\/star.starmicronics.cz\/index.php?rest_route=\/wp\/v2\/users\/1"}],"replies":[{"embeddable":true,"href":"https:\/\/star.starmicronics.cz\/index.php?rest_route=%2Fwp%2Fv2%2Fcomments&post=1499"}],"version-history":[{"count":0,"href":"https:\/\/star.starmicronics.cz\/index.php?rest_route=\/wp\/v2\/pages\/1499\/revisions"}],"wp:attachment":[{"href":"https:\/\/star.starmicronics.cz\/index.php?rest_route=%2Fwp%2Fv2%2Fmedia&parent=1499"}],"curies":[{"name":"wp","href":"https:\/\/api.w.org\/{rel}","templated":true}]}}