{"id":144,"date":"2015-04-22T09:42:58","date_gmt":"2015-04-22T08:42:58","guid":{"rendered":"http:\/\/star.starmicronics.cz\/?page_id=144"},"modified":"2016-05-07T23:02:59","modified_gmt":"2016-05-07T22:02:59","slug":"pos-peripherals","status":"publish","type":"page","link":"https:\/\/star.starmicronics.cz\/?page_id=144","title":{"rendered":"POS perif\u00e9rie"},"content":{"rendered":"<p><span style=\"color: #3366ff;\"><b><span lang=\"EN-GB\" style=\"font-family: 'Arial','sans-serif';\">Star\u00a0<span class=\"hps\">vyr\u00e1b\u00ed<\/span> <span class=\"hps\">\u0161irokou<\/span> <span class=\"hps\">\u0161k\u00e1lu kvalitn\u00edch<\/span> <span class=\"hps\">POS<\/span> <span class=\"hps\">perifern\u00edch za\u0159\u00edzen\u00ed<\/span> <span class=\"hps\">navr\u017een\u00fdch speci\u00e1ln\u011b<\/span> <span class=\"hps\">pro pou\u017eit\u00ed\u00a0Star<\/span> <span class=\"hps\">a<\/span> <span class=\"hps\">dal\u0161\u00edch<\/span> <span class=\"hps\">pr\u016fmyslov\u00fdch standardn<\/span>\u00edch <span class=\"hps\">pokladn\u00edch tisk\u00e1ren<\/span>, v\u010detn\u011b\u00a0pokladn\u00edch z\u00e1suvek\u00a0<span class=\"hps\">a<\/span> <span class=\"hps\">z\u00e1kaznick\u00fdch<\/span> <span class=\"hps\">displej\u016f<\/span>.<\/span><\/b><\/span><\/p>\n<p><span style=\"color: #3366ff;\"><span class=\"hps\">V pop\u0159ed\u00ed<\/span> <span class=\"hps\">technologie<\/span> <span class=\"hps\">MPOS<\/span>\u00a0Star <span class=\"hps\">tak\u00e9 vyvinula<\/span> <span class=\"hps\">\u0159adu<\/span> <span class=\"hps\">unik\u00e1tn\u00edch<\/span> <span class=\"hps\">bezdr\u00e1tov\u00fdch<\/span> <span class=\"hps\">POS<\/span> <span class=\"hps\">p\u0159\u00edslu\u0161enstv\u00ed<\/span> <span class=\"hps\">s c\u00edlem zajistit<\/span> <span class=\"hps\">snadnou integraci<\/span> <span class=\"hps\">Bluetooth<\/span> <span class=\"hps\">a<\/span> <span class=\"hps\">Wi-Fi.<\/span><span class=\"hps\"> Toto umo\u017e\u0148uje tisk\u00e1rn\u00e1m a pokladn\u00edm z\u00e1suvk\u00e1m POS software s nejnov\u011bj\u0161\u00edm cloudem.<\/span><\/span><\/p>\n<p><span style=\"color: #3366ff;\"><b><span style=\"text-decoration: underline;\"><span lang=\"EN-GB\" style=\"font-family: 'Arial','sans-serif';\">Star WiFi PowerPack<\/span><\/span><\/b><\/span><\/p>\n<p><span lang=\"EN-GB\" style=\"color: #3366ff; font-family: 'Arial','sans-serif';\"><span class=\"hps\">Poskytuje<\/span> <span class=\"hps\">jednoduch\u00fd<\/span> <span class=\"hps\">WiFi<\/span> <span class=\"hps\">tisk<\/span> <span class=\"hps\">p\u0159\u00edmo<\/span> <span class=\"hps\">ze<\/span> <span class=\"hps\">smartphon\u016f<\/span>, tablet\u016f, <span class=\"hps\">po\u010d\u00edta\u010d\u016f<\/span> <span class=\"hps\">nebo jin\u00e9ho<\/span> <span class=\"hps\">mobiln\u00edho za\u0159\u00edzen\u00ed do<\/span>\u00a0Star <span class=\"hps\">LAN<\/span> tisk\u00e1rny<span class=\"hps\">.<\/span>\u00a0<span class=\"hps\">Star<\/span> m\u00e1 k dispozici <span class=\"hps\">celou \u0161k\u00e1lu<\/span> <span class=\"hps\">tisk\u00e1ren<\/span> <span class=\"hps\">LAN<\/span>, v\u010detn\u011b <span class=\"hps\">TSP100<\/span>, <span class=\"hps\">TSP650II<\/span>, <span class=\"hps\">TSP700II<\/span>, <span class=\"hps\">TSP800II<\/span> <span class=\"hps\">a<\/span> <span class=\"hps\">SP700<\/span>.<\/span><\/p>\n<div id='gallery-1' class='gallery galleryid-144 gallery-columns-4 gallery-size-thumbnail'><figure class='gallery-item'>\n\t\t\t<div class='gallery-icon landscape'>\n\t\t\t\t<img loading=\"lazy\" decoding=\"async\" width=\"150\" height=\"150\" src=\"https:\/\/star.starmicronics.cz\/wp-content\/uploads\/2015\/04\/wifi_powerpack1-150x150.jpg\" class=\"attachment-thumbnail size-thumbnail\" alt=\"\" aria-describedby=\"gallery-1-162\" srcset=\"https:\/\/star.starmicronics.cz\/wp-content\/uploads\/2015\/04\/wifi_powerpack1-150x150.jpg 150w, https:\/\/star.starmicronics.cz\/wp-content\/uploads\/2015\/04\/wifi_powerpack1-300x300.jpg 300w, https:\/\/star.starmicronics.cz\/wp-content\/uploads\/2015\/04\/wifi_powerpack1.jpg 425w\" sizes=\"auto, (max-width: 150px) 100vw, 150px\" \/>\n\t\t\t<\/div>\n\t\t\t\t<figcaption class='wp-caption-text gallery-caption' id='gallery-1-162'>\n\t\t\t\tWifi Power Pack\n\t\t\t\t<\/figcaption><\/figure>\n\t\t<\/div>\n\n<p><span style=\"color: #3366ff;\"><strong><span style=\"text-decoration: underline;\">WebPRNT<\/span><\/strong><\/span><\/p>\n<p><span style=\"color: #3366ff;\"><span class=\"hps\">Platforma<\/span><span class=\"atn\">&#8211;<\/span>agnostik <span class=\"hps\">WebPRNT<\/span>\u00a0Star <span class=\"hps\">je ur\u010den pro<\/span> <span class=\"hps\">generov\u00e1n\u00ed<\/span> <span class=\"hps\">tiskov\u00fdch dat<\/span> <span class=\"hps\">prost\u0159ednictv\u00edm<\/span> <span class=\"hps\">webov\u00e9ho prohl\u00ed\u017ee\u010de<\/span> <span class=\"hps\">na\u00a0p\u0159\u00edm\u00ed tisk<\/span><span class=\"hps\">, na jak\u00e9koli<\/span> <span class=\"hps\">tisk\u00e1rn\u011b<\/span>\u00a0Star <span class=\"hps\">vybaven\u00e9<\/span> <span class=\"hps\">WebPRNT<\/span> <span class=\"hps\">rozhran\u00edm nebo<\/span> <span class=\"hps\">pomoc\u00ed<\/span>\u00a0Star <span class=\"hps\">WebPRNT<\/span> <span class=\"hps\">prohl\u00ed\u017ee\u010d, kter\u00fd je<\/span> <span class=\"hps\">k dispozici od<\/span> <span class=\"hps\">GooglePlay<\/span> <span class=\"hps\">nebo<\/span> <span class=\"hps\">App Store<\/span>.<\/span><\/p>\n<div id='gallery-2' class='gallery galleryid-144 gallery-columns-4 gallery-size-thumbnail'><figure class='gallery-item'>\n\t\t\t<div class='gallery-icon landscape'>\n\t\t\t\t<img loading=\"lazy\" decoding=\"async\" width=\"150\" height=\"150\" src=\"https:\/\/star.starmicronics.cz\/wp-content\/uploads\/2015\/04\/WebPRNT1-150x150.jpg\" class=\"attachment-thumbnail size-thumbnail\" alt=\"\" aria-describedby=\"gallery-2-161\" srcset=\"https:\/\/star.starmicronics.cz\/wp-content\/uploads\/2015\/04\/WebPRNT1-150x150.jpg 150w, https:\/\/star.starmicronics.cz\/wp-content\/uploads\/2015\/04\/WebPRNT1-300x300.jpg 300w, https:\/\/star.starmicronics.cz\/wp-content\/uploads\/2015\/04\/WebPRNT1.jpg 400w\" sizes=\"auto, (max-width: 150px) 100vw, 150px\" \/>\n\t\t\t<\/div>\n\t\t\t\t<figcaption class='wp-caption-text gallery-caption' id='gallery-2-161'>\n\t\t\t\tWebPRNT\n\t\t\t\t<\/figcaption><\/figure>\n\t\t<\/div>\n\n<p><span style=\"color: #3366ff;\"><strong><span style=\"text-decoration: underline;\">ProxiPRNT<\/span><\/strong><\/span><\/p>\n<p><span style=\"color: #3366ff;\"><strong>Proximity Based Printing &amp; Secure Cash Management\u00a0pro mPOS<\/strong><\/span><\/p>\n<p><span style=\"color: #3366ff;\">Staru\u00a0<span class=\"hps\">nejnov\u011bj\u0161\u00ed p\u0159\u00edr\u016fstek do<\/span> <span class=\"hps\">sv\u00e9<\/span> <span class=\"hps\">st\u00e1le<\/span> <span class=\"hps\">se roz\u0161i\u0159uj\u00edc\u00ed<\/span> <span class=\"hps\">MPOS<\/span> <span class=\"hps\">\u0161k\u00e1ly produkt\u016f. V<\/span><span class=\"hps\">yu\u017e\u00edv\u00e1<\/span> <span class=\"hps\">sign\u00e1ly<\/span> <span class=\"hps\">zalo\u017een\u00e9 na<\/span>\u00a0<span class=\"hps\">BLE<\/span> i<span class=\"hps\">ntegrovan\u00e9 technologii<\/span> <span class=\"hps\">se<\/span> <span class=\"hps\">Star IO<\/span> <span class=\"hps\">tisk\u00e1rnami a pokladn\u00edmi z\u00e1suvkami,<\/span> <span class=\"hps\">podpora<\/span> <span class=\"hps\">API<\/span> <span class=\"hps\">nebo<\/span> <span class=\"hps\">SDK<\/span> <span class=\"hps\">umo\u017en\u00ed vzd\u00e1len\u00fd p\u0159\u00edstup<\/span> <span class=\"hps\">tablet\u016f k <\/span><span class=\"hps\">tisk\u00e1rn\u00e1m Star<\/span> <span class=\"hps\">a<\/span> <span class=\"hps\">pokladn\u00edm z\u00e1suvk\u00e1m<\/span>. <span class=\"hps\">Jakmile se<\/span>\u00a0<span class=\"hps\">integruje se<\/span> <span class=\"hps\">Star<\/span>\u00a0tisk\u00e1rnou \u00fa\u010dtenek<span class=\"hps\">\u00a0nebo<\/span> <span class=\"hps\">pokladn\u00ed<\/span> <span class=\"hps\">z\u00e1suvkou<\/span>, <span class=\"hps\">Star<\/span> <span class=\"hps\">ProxiPRNT<\/span> <span class=\"hps\">umo\u017e\u0148uj\u00ed<\/span>\u00a0obsluze\u00a0<span class=\"hps\">automaticky vybrat<\/span> <span class=\"hps\">a<\/span> <span class=\"hps\">tisknout na<\/span> <span class=\"hps\">nejbli\u017e\u0161\u00ed<\/span> <span class=\"hps\">tisk\u00e1rn\u011b<\/span>, stejn\u011b jako <span class=\"hps\">zajistit, \u017ee<\/span>\u00a0se\u00a0<span class=\"hps\">z\u00e1suvka na pen\u00edze<\/span> <span class=\"hps\">otev\u0159ene<\/span>\u00a0<span class=\"hps\">bezdr\u00e1tov\u011b pouze<\/span>, kdy\u017e <span class=\"hps\">obsluha<\/span>\u00a0<span class=\"hps\">stoj\u00ed<\/span> <span class=\"hps\">hned<\/span> <span class=\"hps\">vedle n\u00ed.<\/span><\/span><\/p>\n<ul>\n<li><span style=\"color: #3366ff;\"><span class=\"hps\">V<\/span><span class=\"hps\">zd\u00e1lenosti komunikace lze<\/span> <span class=\"hps\">nastavit<\/span> <span class=\"hps\">podle pot\u0159eby<\/span><\/span><\/li>\n<li><span style=\"color: #3366ff;\">Nepodporuje pokladn\u00ed z\u00e1suvku se Star DK-AirCash<\/span><\/li>\n<li><span style=\"color: #3366ff;\">Pln\u00e1 podpora\u00a0Star IO a SDK <\/span><\/li>\n<\/ul>\n<p>&nbsp;<\/p>\n<p><span style=\"color: #3366ff;\"><strong><span style=\"text-decoration: underline;\">DK-AirCash<\/span><\/strong><\/span><\/p>\n<p><span style=\"color: #3366ff;\"><strong><span class=\"hps\">Unik\u00e1tn\u00ed<\/span> <span class=\"hps\">dopln\u011bk k<\/span> <span class=\"hps\">mobilizaci<\/span> <span class=\"hps\">jak\u00e9koliv<\/span> <span class=\"hps\">pokladn\u00ed<\/span> <span class=\"hps\">z\u00e1suvky<\/span><\/strong><\/span><\/p>\n<p><span style=\"color: #3366ff;\">N\u00edzkon\u00e1kladov\u00e9 p\u0159\u00edslu\u0161enstv\u00ed pokladn\u00edch z\u00e1suvek umo\u017e\u0148uje u\u017eivatel\u016fm mobiln\u00edch POS otev\u0159\u00edt z\u00e1suvku na pen\u00edze se standardn\u00edm RJ \u2013 11 p\u0159ipojen\u00edm prost\u0159ednictv\u00edm sv\u00e9ho mobiln\u00edho za\u0159\u00edzen\u00ed v r\u016fzn\u00fdch prost\u0159ed\u00edch .<\/span><\/p>\n<ul>\n<li><span style=\"color: #3366ff;\">Podpora pro v\u0161echny tradi\u010dn\u00ed opera\u010dn\u00ed platformy v\u010detn\u011b OPOS , Java \u2013 POS , Windows \u2122 , Android \u2122 , iOS \u2122 a mnoho dal\u0161\u00edch .<\/span><\/li>\n<li><span style=\"color: #3366ff;\">3\u00a0verze\u00a0\u2013 LAN, LAN a Android \/ Apple iOS Bluetooth, Lan a WiFi<\/span><\/li>\n<li><span style=\"color: #3366ff;\">Elegantn\u00ed , kompaktn\u00ed design (154 w x 75 d x 28 h mm)<\/span><\/li>\n<li><span style=\"color: #3366ff;\">Retro-fit nainstalov\u00e1n do st\u00e1vaj\u00edc\u00edch pokladn\u00edch z\u00e1suvek<\/span><\/li>\n<li><span style=\"color: #3366ff;\">Kontrola otev\u0159en\u00ed z\u00e1suvky<\/span><\/li>\n<li><span style=\"color: #3366ff;\">Jednoduch\u00fd p\u0159\u00edstup k <span class=\"hps\">DIP p\u0159ep\u00edna\u010di<\/span> <span class=\"hps\">pro<\/span> <span class=\"hps\">volbu<\/span> <span class=\"hps\">LAN<\/span> <span class=\"hps\">\/<\/span> <span class=\"hps\">Bluetooth<\/span>, jako\u017e i <span class=\"hps\">dal\u0161\u00edch funkc\u00ed<\/span>, v\u010detn\u011b <span class=\"hps\">p\u0159epnut\u00ed pokladn\u00ed z\u00e1suvky<\/span>\u00a0na <span class=\"hps\">Polarity<\/span> <span class=\"hps\">atd<\/span><\/span><\/li>\n<\/ul>\n<div id='gallery-3' class='gallery galleryid-144 gallery-columns-4 gallery-size-thumbnail'><figure class='gallery-item'>\n\t\t\t<div class='gallery-icon landscape'>\n\t\t\t\t<img loading=\"lazy\" decoding=\"async\" width=\"150\" height=\"150\" src=\"https:\/\/star.starmicronics.cz\/wp-content\/uploads\/2015\/04\/DKAirCash-150x150.jpg\" class=\"attachment-thumbnail size-thumbnail\" alt=\"\" aria-describedby=\"gallery-3-142\" \/>\n\t\t\t<\/div>\n\t\t\t\t<figcaption class='wp-caption-text gallery-caption' id='gallery-3-142'>\n\t\t\t\tDKAirCash\n\t\t\t\t<\/figcaption><\/figure>\n\t\t<\/div>\n\n<p><span style=\"color: #3366ff;\"><strong><span style=\"text-decoration: underline;\">SCD122 USB z\u00e1kaznick\u00fd displej<\/span><\/strong><\/span><\/p>\n<p><span style=\"color: #3366ff;\"><strong>Rychl\u00fd a\u00a0<span class=\"hps\">snadno<\/span> <span class=\"hps\">\u010diteln\u00fd,<\/span> <span class=\"hps\">2 \u0159\u00e1dky<\/span> <span class=\"hps\">x<\/span> 2<span class=\"hps\">0<\/span> <span class=\"hps\">znak\u016f,\u00a0displej<\/span> <span class=\"hps\">s<\/span> <span class=\"hps\">ESC<\/span> <span class=\"hps\">\/<\/span> <span class=\"hps\">POS<\/span> <span class=\"hps\">\u2122<\/span> <span class=\"hps\">a podporou<\/span> <span class=\"hps\">OPOS<\/span> <span class=\"hps\">\u2122<\/span><\/strong><\/span><\/p>\n<ul>\n<li><span style=\"color: #3366ff;\"><span class=\"hps\">Dod\u00e1v\u00e1 se<\/span>\u00a0v\u010detn\u011b <span class=\"hps\">samostatn\u00e9<\/span> <span class=\"hps\">z\u00e1kladny a<\/span> <span class=\"hps\">teleskopick\u00e9 ty\u010de<\/span><\/span><\/li>\n<li><span style=\"color: #3366ff;\"><span class=\"hps\">Vysokorychlostn\u00ed p\u0159enos<\/span> <span class=\"hps\">dat pomoc\u00ed<\/span> <span class=\"hps\">rozhran\u00ed USB 2.0<\/span><\/span><\/li>\n<li><span style=\"color: #3366ff;\"><span class=\"hps\">Jasn\u00e9<\/span>, <span class=\"hps\">velmi\u00a0\u010diteln\u00e9,<\/span> <span class=\"hps\">s<\/span> <span class=\"hps\">\u0161irok\u00fdm pozorovac\u00edm<\/span> <span class=\"hps\">\u00fahlem<\/span><\/span><\/li>\n<li><span style=\"color: #3366ff;\"><span class=\"hps\">ESC<\/span> <span class=\"hps\">\/<\/span> <span class=\"hps\">POS<\/span> <span class=\"hps\">\u2122emulace<\/span> <span class=\"hps atn\">(<\/span>sp\u00edna\u010d <span class=\"hps\">voliteln\u00e9<\/span> <span class=\"hps\">DIP<\/span>)<\/span><\/li>\n<li><span style=\"color: #3366ff;\">Znakov\u00e1 podpora cyrilice<\/span><\/li>\n<\/ul>\n<div id='gallery-4' class='gallery galleryid-144 gallery-columns-4 gallery-size-thumbnail'><figure class='gallery-item'>\n\t\t\t<div class='gallery-icon landscape'>\n\t\t\t\t<img loading=\"lazy\" decoding=\"async\" width=\"150\" height=\"150\" src=\"https:\/\/star.starmicronics.cz\/wp-content\/uploads\/2015\/04\/SCD122-150x150.jpg\" class=\"attachment-thumbnail size-thumbnail\" alt=\"\" aria-describedby=\"gallery-4-147\" srcset=\"https:\/\/star.starmicronics.cz\/wp-content\/uploads\/2015\/04\/SCD122-150x150.jpg 150w, https:\/\/star.starmicronics.cz\/wp-content\/uploads\/2015\/04\/SCD122-300x300.jpg 300w, https:\/\/star.starmicronics.cz\/wp-content\/uploads\/2015\/04\/SCD122.jpg 425w\" sizes=\"auto, (max-width: 150px) 100vw, 150px\" \/>\n\t\t\t<\/div>\n\t\t\t\t<figcaption class='wp-caption-text gallery-caption' id='gallery-4-147'>\n\t\t\t\tSCD122\n\t\t\t\t<\/figcaption><\/figure>\n\t\t<\/div>\n\n<p><span style=\"color: #3366ff;\"><strong><span style=\"text-decoration: underline;\">SCD400 z\u00e1kaznick\u00fd displej<\/span><\/strong><\/span><\/p>\n<p><span style=\"color: #3366ff;\"><strong><span class=\"hps\">Pro pou\u017eit\u00ed s<\/span> <span class=\"hps\">POS<\/span> <span class=\"hps\">a<\/span> <span class=\"hps\">ECR<\/span> <span class=\"hps\">syst\u00e9my. Star <\/span><span class=\"hps\">SCD400<\/span> d<span class=\"hps\">isplej<\/span> <span class=\"hps\">pou\u017e\u00edv\u00e1 stejn\u00e9<\/span> <span class=\"hps\">s\u00e9riov\u00e9 rozhran\u00ed,<\/span> <span class=\"hps\">jako<\/span> <span class=\"hps\">tisk\u00e1rny Star<\/span>\u00a0<span class=\"hps\">POS.<\/span><\/strong><\/span><\/p>\n<ul>\n<li><span style=\"color: #3366ff;\"><span class=\"hps\">Spolehliv\u00fd<\/span> <span class=\"hps\">a<\/span> <span class=\"hps\">v\u0161estrann\u00fd<\/span> <span class=\"hps\">2<\/span> <span class=\"hps\">\u0159\u00e1dky<\/span> <span class=\"hps\">x<\/span> <span class=\"hps\">20<\/span> <span class=\"hps\">znak\u016f<\/span> <span class=\"hps\">z\u00e1kaznick\u00fd displej<\/span><\/span><\/li>\n<li><span style=\"color: #3366ff;\"><span class=\"hps\">Velk\u00e9,<\/span> <span class=\"hps\">jasn\u00e9<\/span>, <span class=\"hps\">snadno<\/span> <span class=\"hps\">\u010diteln\u00e9<\/span> <span class=\"hps\">znaky<\/span><\/span><\/li>\n<li><span style=\"color: #3366ff;\"><span class=\"hps\">\u0160irok\u00fd<\/span> <span class=\"hps\">pozorovac\u00ed \u00fahel<\/span><\/span><\/li>\n<li><span style=\"color: #3366ff;\">Samostatn\u00e9 rozhran\u00ed pro displej a tisk\u00e1rnu<\/span><\/li>\n<\/ul>\n<div id='gallery-5' class='gallery galleryid-144 gallery-columns-4 gallery-size-thumbnail'><figure class='gallery-item'>\n\t\t\t<div class='gallery-icon landscape'>\n\t\t\t\t<img loading=\"lazy\" decoding=\"async\" width=\"150\" height=\"150\" src=\"https:\/\/star.starmicronics.cz\/wp-content\/uploads\/2015\/04\/SCD400-150x150.jpg\" class=\"attachment-thumbnail size-thumbnail\" alt=\"\" aria-describedby=\"gallery-5-148\" srcset=\"https:\/\/star.starmicronics.cz\/wp-content\/uploads\/2015\/04\/SCD400-150x150.jpg 150w, https:\/\/star.starmicronics.cz\/wp-content\/uploads\/2015\/04\/SCD400-300x300.jpg 300w, https:\/\/star.starmicronics.cz\/wp-content\/uploads\/2015\/04\/SCD400.jpg 425w\" sizes=\"auto, (max-width: 150px) 100vw, 150px\" \/>\n\t\t\t<\/div>\n\t\t\t\t<figcaption class='wp-caption-text gallery-caption' id='gallery-5-148'>\n\t\t\t\tSCD400\n\t\t\t\t<\/figcaption><\/figure>\n\t\t<\/div>\n\n<p>&nbsp;<\/p>\n<p><span style=\"color: #3366ff;\"><strong><span style=\"text-decoration: underline;\">\u00a0<\/span><\/strong><\/span><\/p>\n<p>&nbsp;<\/p>\n<p><span style=\"color: #3366ff;\">\u00a0<\/span><\/p>\n<p>&nbsp;<\/p>\n<p>&nbsp;<\/p>\n<p><span lang=\"EN-GB\" style=\"font-family: 'Arial','sans-serif';\"><span style=\"color: #000000;\">\u00a0<\/span><\/span><\/p>\n<p>&nbsp;<\/p>\n<p>&nbsp;<\/p>\n<p>&nbsp;<\/p>\n<p>&nbsp;<\/p>\n<p>&nbsp;<\/p>\n<p><span lang=\"EN-GB\" style=\"color: #3366ff; font-family: 'Arial','sans-serif';\">\u00a0<\/span><\/p>\n<p>&nbsp;<\/p>\n<p>&nbsp;<\/p>\n<p><span lang=\"EN-GB\" style=\"font-family: 'Arial','sans-serif';\"><span style=\"color: #000000;\">\u00a0<\/span><\/span><\/p>\n<p>&nbsp;<\/p>\n","protected":false},"excerpt":{"rendered":"<p>Displeje z\u00e1kazn\u00edk\u016f a POS p\u0159\u00edslu\u0161enstv\u00ed<\/p>\n","protected":false},"author":1,"featured_media":1049,"parent":103,"menu_order":0,"comment_status":"closed","ping_status":"open","template":"","meta":{"footnotes":"","_links_to":"","_links_to_target":""},"class_list":["post-144","page","type-page","status-publish","has-post-thumbnail","hentry"],"_links":{"self":[{"href":"https:\/\/star.starmicronics.cz\/index.php?rest_route=\/wp\/v2\/pages\/144","targetHints":{"allow":["GET"]}}],"collection":[{"href":"https:\/\/star.starmicronics.cz\/index.php?rest_route=\/wp\/v2\/pages"}],"about":[{"href":"https:\/\/star.starmicronics.cz\/index.php?rest_route=\/wp\/v2\/types\/page"}],"author":[{"embeddable":true,"href":"https:\/\/star.starmicronics.cz\/index.php?rest_route=\/wp\/v2\/users\/1"}],"replies":[{"embeddable":true,"href":"https:\/\/star.starmicronics.cz\/index.php?rest_route=%2Fwp%2Fv2%2Fcomments&post=144"}],"version-history":[{"count":3,"href":"https:\/\/star.starmicronics.cz\/index.php?rest_route=\/wp\/v2\/pages\/144\/revisions"}],"predecessor-version":[{"id":1597,"href":"https:\/\/star.starmicronics.cz\/index.php?rest_route=\/wp\/v2\/pages\/144\/revisions\/1597"}],"up":[{"embeddable":true,"href":"https:\/\/star.starmicronics.cz\/index.php?rest_route=\/wp\/v2\/pages\/103"}],"wp:featuredmedia":[{"embeddable":true,"href":"https:\/\/star.starmicronics.cz\/index.php?rest_route=\/wp\/v2\/media\/1049"}],"wp:attachment":[{"href":"https:\/\/star.starmicronics.cz\/index.php?rest_route=%2Fwp%2Fv2%2Fmedia&parent=144"}],"curies":[{"name":"wp","href":"https:\/\/api.w.org\/{rel}","templated":true}]}}