{"id":138,"date":"2015-04-22T09:10:03","date_gmt":"2015-04-22T08:10:03","guid":{"rendered":"http:\/\/star.starmicronics.cz\/?page_id=138"},"modified":"2016-05-07T23:02:21","modified_gmt":"2016-05-07T22:02:21","slug":"cash-drawers","status":"publish","type":"page","link":"https:\/\/star.starmicronics.cz\/?page_id=138","title":{"rendered":"Pokladn\u00ed z\u00e1suvky"},"content":{"rendered":"<p>&nbsp;<\/p>\n<figure id=\"attachment_29\" aria-describedby=\"caption-attachment-29\" style=\"width: 130px\" class=\"wp-caption alignleft\"><a href=\"http:\/\/star.starmicronics.cz\/wp-content\/uploads\/2015\/04\/cash_drawers.jpg\" rel=\"lightbox[138]\"><img loading=\"lazy\" decoding=\"async\" class=\" wp-image-29\" src=\"http:\/\/star.starmicronics.cz\/wp-content\/uploads\/2015\/04\/cash_drawers-300x300.jpg\" alt=\"Pen\u011b\u017en\u00ed z\u00e1suvky\" width=\"130\" height=\"130\" srcset=\"https:\/\/star.starmicronics.cz\/wp-content\/uploads\/2015\/04\/cash_drawers-300x300.jpg 300w, https:\/\/star.starmicronics.cz\/wp-content\/uploads\/2015\/04\/cash_drawers-150x150.jpg 150w, https:\/\/star.starmicronics.cz\/wp-content\/uploads\/2015\/04\/cash_drawers.jpg 425w\" sizes=\"auto, (max-width: 130px) 100vw, 130px\" \/><\/a><figcaption id=\"caption-attachment-29\" class=\"wp-caption-text\">Pen\u011b\u017en\u00ed z\u00e1suvky<\/figcaption><\/figure>\n<p><span style=\"color: #3366ff;\"><span class=\"hps\">Serie<\/span> <span class=\"hps\">pen\u011b\u017en\u00edch<\/span> <span class=\"hps\">z\u00e1suvek Star<\/span>\u00a0<span class=\"hps\">byla speci\u00e1ln\u011b<\/span> <span class=\"hps\">navr\u017eena tak, aby<\/span>\u00a0se spojila se Star\u00a0POS tisk\u00e1rnami. P<span class=\"hps\">ohybuj\u00ed se<\/span>\u00a0<span class=\"hps\">od<\/span> <span class=\"hps\">v\u011bt\u0161\u00edch model\u016f <\/span><span class=\"hps\">k<\/span> <span class=\"hps\">men\u0161\u00edm<\/span> <span class=\"hps\">verz\u00edm<\/span> <span class=\"hps\">spolu s<\/span> <span class=\"hps\">bezdr\u00e1tov\u00fdm<\/span> <span class=\"hps\">p\u0159\u00edslu\u0161enstv\u00edm<\/span> <span class=\"hps\">pro trh<\/span> <span class=\"hps\">MPOS<\/span>.<\/span><\/p>\n<p>&nbsp;<\/p>\n<p><span style=\"color: #3366ff;\">\u00a0<strong><span style=\"text-decoration: underline;\">CB<\/span><\/strong><strong><span style=\"text-decoration: underline;\">-2002 a CB-92II pokladn\u00ed z\u00e1suvky<\/span><\/strong><\/span><\/p>\n<ul>\n<li><span style=\"color: #3366ff;\"><span class=\"hps\">\u0158\u00edzen\u00e9 perifer\u00e1ln\u00edm<\/span>\u00a0<span class=\"hps\">obvodem Star<\/span>\u00a0<span class=\"hps\">nebo POS tisk\u00e1rnou<\/span>\u00a0<span class=\"hps\">Epson<\/span> <\/span><\/li>\n<li><span style=\"color: #3366ff;\"><span class=\"hps\">Ob\u011b verze<\/span> <span class=\"hps\">obsahuj\u00ed<\/span> <span class=\"hps\">p\u0159ep\u00edna\u010d<\/span><\/span><\/li>\n<li><span style=\"color: #3366ff;\">3 pozice z\u00e1mku kl\u00e1ves<\/span><\/li>\n<\/ul>\n<p><span style=\"color: #3366ff;\"><strong>CB92II <\/strong><span class=\"hps\">velk\u00e1<\/span> <span class=\"hps\">pokladn\u00ed z\u00e1suvka<\/span> <span class=\"hps\">s<\/span> <span class=\"hps\">5\u00a0p\u0159ihr\u00e1dkami na bankovky<\/span>\u00a0<span class=\"hps\">a<\/span> <span class=\"hps\">8<\/span>\u00a0na mince<span class=\"hps\">\u00a0v<\/span> <span class=\"hps\">b\u00edl\u00e9 <\/span><span class=\"hps\">nebo<\/span> <span class=\"hps\">uhlov\u011b<\/span> <span class=\"hps\">\u0161ed\u00e9<\/span> <span class=\"hps\">s<\/span> <span class=\"hps\">chromovan\u00fdm<\/span> \u010d<span class=\"hps\">elem z\u00e1suvky<\/span><\/span><\/p>\n<p><span style=\"color: #3366ff;\"><strong>CB-2002 UN <\/strong><span class=\"hps\">pokladn\u00ed z\u00e1suvka<\/span> <span class=\"hps\">s 8<\/span>\u00a0p\u0159ihr\u00e1dkami na bankovky\u00a0<span class=\"hps\">a 8<\/span>\u00a0na <span class=\"hps\">mince<\/span> <span class=\"hps\">v<\/span> <span class=\"hps\">ECO<\/span> <span class=\"hps\">uhlov\u011b<\/span> <span class=\"hps\">\u0161ed\u00e9<\/span><span class=\"hps\">\u00a0a<\/span> <span class=\"hps\">b\u00edl\u00e9 <\/span><span class=\"hps\">s<\/span> <span class=\"hps\">voliteln\u00fdm<\/span> <span class=\"hps\">uzamykateln\u00fdm<\/span> <span class=\"hps\">v\u00edkem<\/span>. <span class=\"hps\">Mo\u017enost i mobiln\u00ed bezdr\u00e1tov\u00e9 DK-AirCash.<\/span><\/span><\/p>\n<p><span style=\"color: #3366ff;\"><strong>CB-2002 FN<\/strong> <span class=\"hps\">pokladn\u00ed z\u00e1suvka<\/span> <span class=\"hps\">se<\/span> <span class=\"hps\">4 p\u0159ihr\u00e1dkami na bankovky s <\/span><span class=\"hps\">klipy<\/span> <span class=\"hps\">a 8<\/span>\u00a0na\u00a0<span class=\"hps\">mince<\/span> <span class=\"hps\">v<\/span> <span class=\"hps\">ECO<\/span> <span class=\"hps\">uhlov\u011b<\/span> <span class=\"hps\">\u0161ed\u00e9<\/span><span class=\"hps\">\u00a0a<\/span> <span class=\"hps\">b\u00edl\u00e9<\/span> <span class=\"hps\">s<\/span> <span class=\"hps\">voliteln\u00fdm<\/span> <span class=\"hps\">uzamykateln\u00fdm<\/span> <span class=\"hps\">v\u00edkem<\/span>. <span class=\"hps\"><span style=\"color: #3366ff;\">Mo\u017enost i mobiln\u00ed bezdr\u00e1tov\u00e9 DK-AirCash<\/span><\/span><\/span><\/p>\n<p><span style=\"color: #3366ff;\"><strong>CB2002 ultra b\u00edl\u00e1 pokladn\u00ed z\u00e1suvka pro POS a mPOS aplikace<\/strong><br \/>\nNov\u00e1 ultra b\u00edl\u00e1 barva<\/span><\/p>\n<p><span style=\"color: #3366ff;\"><strong><span style=\"text-decoration: underline;\">DK-AirCash<\/span><\/strong><\/span><\/p>\n<p><span style=\"color: #3366ff;\"><strong>Unik\u00e1tn\u00ed dopln\u011bk k bezdr\u00e1tov\u00e9mu ovl\u00e1d\u00e1n\u00ed\u00a0jak\u00e9koliv pokladn\u00ed z\u00e1suvky<\/strong><\/span><\/p>\n<p><span style=\"color: #3366ff;\">N\u00edzkon\u00e1kladov\u00e9 p\u0159\u00edslu\u0161enstv\u00ed pokladn\u00edch z\u00e1suvek umo\u017e\u0148uje u\u017eivatel\u016fm mobiln\u00edch POS otev\u0159\u00edt z\u00e1suvku na pen\u00edze se standardn\u00edm RJ &#8211; 11 p\u0159ipojen\u00edm prost\u0159ednictv\u00edm sv\u00e9ho mobiln\u00edho za\u0159\u00edzen\u00ed v r\u016fzn\u00fdch prost\u0159ed\u00edch . <\/span><\/p>\n<ul>\n<li><span style=\"color: #3366ff;\">Podpora pro v\u0161echny tradi\u010dn\u00ed opera\u010dn\u00ed platformy v\u010detn\u011b OPOS , Java &#8211; POS , Windows \u2122 , Android \u2122 , iOS \u2122 a mnoho dal\u0161\u00edch .<\/span><\/li>\n<li><span style=\"color: #3366ff;\">3\u00a0verze\u00a0\u2013 LAN, LAN a Android \/ Apple iOS Bluetooth, Lan a WiFi<\/span><\/li>\n<li><span style=\"color: #3366ff;\">Elegantn\u00ed , kompaktn\u00ed design (154 w x 75 d x 28 h mm)<\/span><\/li>\n<li><span style=\"color: #3366ff;\">Retro-fit nainstalov\u00e1n do st\u00e1vaj\u00edc\u00edch pokladn\u00edch z\u00e1suvek<\/span><\/li>\n<li><span style=\"color: #3366ff;\">Kontrola otev\u0159en\u00ed z\u00e1suvky<\/span><\/li>\n<li><span style=\"color: #3366ff;\">Jednoduch\u00fd p\u0159\u00edstup k <span class=\"hps\">DIP p\u0159ep\u00edna\u010di<\/span> <span class=\"hps\">pro<\/span> <span class=\"hps\">volbu<\/span> <span class=\"hps\">LAN<\/span> <span class=\"hps\">\/<\/span> <span class=\"hps\">Bluetooth<\/span>, jako\u017e i <span class=\"hps\">dal\u0161\u00edm funkc\u00edm<\/span>, v\u010detn\u011b p\u0159epnut\u00ed pokladn\u00ed z\u00e1suvky\u00a0na <span class=\"hps\">Polarity<\/span> <span class=\"hps\">atd<\/span><\/span><\/li>\n<\/ul>\n<p><span style=\"color: #3366ff;\"><strong>DK-AirCash SAC10E Ethernet <\/strong><span class=\"hps\">Ethernet<\/span> <span class=\"hps\">podporovan\u00e9<\/span> <span class=\"hps\">pokladn\u00ed z\u00e1suvky<\/span>\u00a0mohou fungovat p\u0159es\u00a0<span class=\"hps\">WiFi,<\/span> <span class=\"hps\">komunikuj\u00ed<\/span> <span class=\"hps\">p\u0159\u00edmo<\/span> <span class=\"hps\">s<\/span> <span class=\"hps\">mobiln\u00edmi<\/span> <span class=\"hps\">tisk\u00e1rnami<\/span> <span class=\"hps\">a<\/span> <span class=\"hps\">otev\u00edraj\u00ed<\/span> <span class=\"hps\">pokladn\u00ed z\u00e1suvku<\/span> <span class=\"hps\">p\u0159es s\u00ed\u0165<\/span> <span class=\"hps\">obchodn\u00edho domu<\/span><\/span><\/p>\n<p><span style=\"color: #3366ff;\"><strong>DK-AirCash SAC10EB Apple MFi \/ Android Bluetooth &amp; Ethernet <\/strong>Mobiln\u00ed za\u0159\u00edzen\u00ed\u00a0umo\u017e\u0148uje p\u0159i tisku \u00fa\u010dtenky\u00a0tisk\u00e1rn\u011b a pokladn\u00ed z\u00e1suvce spolu komunikovat\u00a0<\/span><\/p>\n<p><span style=\"color: #3366ff;\"><strong>DK-AirCash SAC10EW WiFi &amp; Ethernet\u00a0<\/strong>pro <span class=\"hps\">p\u0159\u00edmou komunikaci<\/span> <span class=\"hps\">p\u0159es IP<\/span> <span class=\"hps\">bez nutnosti<\/span> <span class=\"hps\">kabelov\u00e9ho p\u0159ipojen\u00ed<\/span><\/span><\/p>\n<p>&nbsp;<\/p>\n<div id='gallery-1' class='gallery galleryid-138 gallery-columns-3 gallery-size-medium'><figure class='gallery-item'>\n\t\t\t<div class='gallery-icon landscape'>\n\t\t\t\t<a href='https:\/\/star.starmicronics.cz\/wp-content\/uploads\/2015\/04\/CB92.jpg' rel=\"lightbox[138]\"><img loading=\"lazy\" decoding=\"async\" width=\"300\" height=\"279\" src=\"https:\/\/star.starmicronics.cz\/wp-content\/uploads\/2015\/04\/CB92-300x279.jpg\" class=\"attachment-medium size-medium\" alt=\"\" aria-describedby=\"gallery-1-139\" srcset=\"https:\/\/star.starmicronics.cz\/wp-content\/uploads\/2015\/04\/CB92-300x279.jpg 300w, https:\/\/star.starmicronics.cz\/wp-content\/uploads\/2015\/04\/CB92-768x715.jpg 768w, https:\/\/star.starmicronics.cz\/wp-content\/uploads\/2015\/04\/CB92.jpg 806w\" sizes=\"auto, (max-width: 300px) 100vw, 300px\" \/><\/a>\n\t\t\t<\/div>\n\t\t\t\t<figcaption class='wp-caption-text gallery-caption' id='gallery-1-139'>\n\t\t\t\tCB92\n\t\t\t\t<\/figcaption><\/figure><figure class='gallery-item'>\n\t\t\t<div class='gallery-icon landscape'>\n\t\t\t\t<a href='https:\/\/star.starmicronics.cz\/wp-content\/uploads\/2015\/04\/CB2002UN.jpg' rel=\"lightbox[138]\"><img loading=\"lazy\" decoding=\"async\" width=\"300\" height=\"157\" src=\"https:\/\/star.starmicronics.cz\/wp-content\/uploads\/2015\/04\/CB2002UN-300x157.jpg\" class=\"attachment-medium size-medium\" alt=\"\" aria-describedby=\"gallery-1-141\" srcset=\"https:\/\/star.starmicronics.cz\/wp-content\/uploads\/2015\/04\/CB2002UN-300x157.jpg 300w, https:\/\/star.starmicronics.cz\/wp-content\/uploads\/2015\/04\/CB2002UN.jpg 567w\" sizes=\"auto, (max-width: 300px) 100vw, 300px\" \/><\/a>\n\t\t\t<\/div>\n\t\t\t\t<figcaption class='wp-caption-text gallery-caption' id='gallery-1-141'>\n\t\t\t\tCB2002UN\n\t\t\t\t<\/figcaption><\/figure><figure class='gallery-item'>\n\t\t\t<div class='gallery-icon landscape'>\n\t\t\t\t<a href='https:\/\/star.starmicronics.cz\/wp-content\/uploads\/2015\/04\/CB2002FN.jpg' rel=\"lightbox[138]\"><img loading=\"lazy\" decoding=\"async\" width=\"300\" height=\"221\" src=\"https:\/\/star.starmicronics.cz\/wp-content\/uploads\/2015\/04\/CB2002FN-300x221.jpg\" class=\"attachment-medium size-medium\" alt=\"\" aria-describedby=\"gallery-1-140\" srcset=\"https:\/\/star.starmicronics.cz\/wp-content\/uploads\/2015\/04\/CB2002FN-300x221.jpg 300w, https:\/\/star.starmicronics.cz\/wp-content\/uploads\/2015\/04\/CB2002FN-135x100.jpg 135w, https:\/\/star.starmicronics.cz\/wp-content\/uploads\/2015\/04\/CB2002FN.jpg 567w\" sizes=\"auto, (max-width: 300px) 100vw, 300px\" \/><\/a>\n\t\t\t<\/div>\n\t\t\t\t<figcaption class='wp-caption-text gallery-caption' id='gallery-1-140'>\n\t\t\t\tCB2002FN\n\t\t\t\t<\/figcaption><\/figure>\n\t\t<\/div>\n\n<p>&nbsp;<\/p>\n<p>&nbsp;<\/p>\n<div id='gallery-2' class='gallery galleryid-138 gallery-columns-3 gallery-size-medium'><figure class='gallery-item'>\n\t\t\t<div class='gallery-icon landscape'>\n\t\t\t\t<a href='https:\/\/star.starmicronics.cz\/wp-content\/uploads\/2015\/04\/Star-Ultra-white-mPOS-ECO-white-bg.jpg' rel=\"lightbox[138]\"><img loading=\"lazy\" decoding=\"async\" width=\"300\" height=\"167\" src=\"https:\/\/star.starmicronics.cz\/wp-content\/uploads\/2015\/04\/Star-Ultra-white-mPOS-ECO-white-bg-300x167.jpg\" class=\"attachment-medium size-medium\" alt=\"\" aria-describedby=\"gallery-2-371\" srcset=\"https:\/\/star.starmicronics.cz\/wp-content\/uploads\/2015\/04\/Star-Ultra-white-mPOS-ECO-white-bg-300x167.jpg 300w, https:\/\/star.starmicronics.cz\/wp-content\/uploads\/2015\/04\/Star-Ultra-white-mPOS-ECO-white-bg-768x428.jpg 768w, https:\/\/star.starmicronics.cz\/wp-content\/uploads\/2015\/04\/Star-Ultra-white-mPOS-ECO-white-bg-1024x570.jpg 1024w, https:\/\/star.starmicronics.cz\/wp-content\/uploads\/2015\/04\/Star-Ultra-white-mPOS-ECO-white-bg.jpg 1500w\" sizes=\"auto, (max-width: 300px) 100vw, 300px\" \/><\/a>\n\t\t\t<\/div>\n\t\t\t\t<figcaption class='wp-caption-text gallery-caption' id='gallery-2-371'>\n\t\t\t\tCB2002 Ultra b\u00edl\u00e1 pokladn\u00ed z\u00e1suvka pro POS a MPOS aplikace\n\t\t\t\t<\/figcaption><\/figure><figure class='gallery-item'>\n\t\t\t<div class='gallery-icon landscape'>\n\t\t\t\t<a href='https:\/\/star.starmicronics.cz\/wp-content\/uploads\/2015\/04\/DKAirCash.jpg' rel=\"lightbox[138]\"><img loading=\"lazy\" decoding=\"async\" width=\"300\" height=\"175\" src=\"https:\/\/star.starmicronics.cz\/wp-content\/uploads\/2015\/04\/DKAirCash-300x175.jpg\" class=\"attachment-medium size-medium\" alt=\"\" aria-describedby=\"gallery-2-142\" srcset=\"https:\/\/star.starmicronics.cz\/wp-content\/uploads\/2015\/04\/DKAirCash-300x175.jpg 300w, https:\/\/star.starmicronics.cz\/wp-content\/uploads\/2015\/04\/DKAirCash.jpg 567w\" sizes=\"auto, (max-width: 300px) 100vw, 300px\" \/><\/a>\n\t\t\t<\/div>\n\t\t\t\t<figcaption class='wp-caption-text gallery-caption' id='gallery-2-142'>\n\t\t\t\tDKAirCash\n\t\t\t\t<\/figcaption><\/figure>\n\t\t<\/div>\n\n<p><span style=\"color: #3366ff;\">\u00a0<\/span><\/p>\n<p><span style=\"color: #3366ff;\">\u00a0<\/span><\/p>\n<p><span style=\"color: #3366ff;\">\u00a0<\/span><\/p>\n<p>&nbsp;<\/p>\n","protected":false},"excerpt":{"rendered":"<p>Odoln\u00e9 pokladn\u00ed z\u00e1suvky s p\u0159ipojen\u00edm i bezdr\u00e1tov\u00fdm<\/p>\n","protected":false},"author":1,"featured_media":1048,"parent":103,"menu_order":0,"comment_status":"closed","ping_status":"open","template":"","meta":{"footnotes":"","_links_to":"","_links_to_target":""},"class_list":["post-138","page","type-page","status-publish","has-post-thumbnail","hentry"],"_links":{"self":[{"href":"https:\/\/star.starmicronics.cz\/index.php?rest_route=\/wp\/v2\/pages\/138","targetHints":{"allow":["GET"]}}],"collection":[{"href":"https:\/\/star.starmicronics.cz\/index.php?rest_route=\/wp\/v2\/pages"}],"about":[{"href":"https:\/\/star.starmicronics.cz\/index.php?rest_route=\/wp\/v2\/types\/page"}],"author":[{"embeddable":true,"href":"https:\/\/star.starmicronics.cz\/index.php?rest_route=\/wp\/v2\/users\/1"}],"replies":[{"embeddable":true,"href":"https:\/\/star.starmicronics.cz\/index.php?rest_route=%2Fwp%2Fv2%2Fcomments&post=138"}],"version-history":[{"count":3,"href":"https:\/\/star.starmicronics.cz\/index.php?rest_route=\/wp\/v2\/pages\/138\/revisions"}],"predecessor-version":[{"id":1593,"href":"https:\/\/star.starmicronics.cz\/index.php?rest_route=\/wp\/v2\/pages\/138\/revisions\/1593"}],"up":[{"embeddable":true,"href":"https:\/\/star.starmicronics.cz\/index.php?rest_route=\/wp\/v2\/pages\/103"}],"wp:featuredmedia":[{"embeddable":true,"href":"https:\/\/star.starmicronics.cz\/index.php?rest_route=\/wp\/v2\/media\/1048"}],"wp:attachment":[{"href":"https:\/\/star.starmicronics.cz\/index.php?rest_route=%2Fwp%2Fv2%2Fmedia&parent=138"}],"curies":[{"name":"wp","href":"https:\/\/api.w.org\/{rel}","templated":true}]}}