{"id":1364,"date":"2015-06-11T12:16:49","date_gmt":"2015-06-11T11:16:49","guid":{"rendered":"http:\/\/star.starmicronics.cz\/?page_id=1364"},"modified":"2016-06-18T23:13:01","modified_gmt":"2016-06-18T22:13:01","slug":"podporovany-software","status":"publish","type":"page","link":"https:\/\/star.starmicronics.cz\/?page_id=1364","title":{"rendered":"Podporovan\u00fd software"},"content":{"rendered":"<h2><a href=\"http:\/\/www.aconto.cz\/\" target=\"_blank\">Aconto<\/a><\/h2>\n<h2><a href=\"https:\/\/www.abra.eu\/\" target=\"_blank\">Abra<\/a><\/h2>\n<h2><a href=\"http:\/\/www.vario.cz\/\" target=\"_blank\">Altus Vario<\/a><\/h2>\n<h2><a href=\"http:\/\/www.ekonom-system.cz\/cz\/home\" target=\"_blank\">Ekonom<\/a><\/h2>\n<p><a class=\"ico-pdf\" href=\"http:\/\/star.starmicronics.cz\/wp-content\/uploads\/2015\/06\/STAR-software-Ekonom.pdf\" target=\"_blank\">Manu\u00e1l softwaru Ekonom<\/a><\/p>\n<h2><a href=\"http:\/\/www.eko-soft.cz\/\" target=\"_blank\">Eko-soft<\/a><\/h2>\n<h2><a href=\"http:\/\/www.insico.cz\/\" target=\"_blank\">Harpagon<\/a><\/h2>\n<h2><a href=\"http:\/\/www.cybersoft.cz\/\" target=\"_blank\">I6<\/a><\/h2>\n<h2><a href=\"http:\/\/www.money.cz\/\" target=\"_blank\">Money<\/a><\/h2>\n<h2><a href=\"http:\/\/www.stormware.cz\/\" target=\"_blank\">Pohoda<\/a><\/h2>\n<p><a class=\"ico-pdf\" href=\"http:\/\/star.starmicronics.cz\/wp-content\/uploads\/2015\/06\/STAR-software-POHODA.pdf\" target=\"_blank\">Manu\u00e1l softwaru pohoda<\/a><\/p>\n<h2><a href=\"http:\/\/www.signys.cz\/\" target=\"_blank\">Signys<\/a><\/h2>\n<h2><a href=\"http:\/\/tangosw.cz\/\" target=\"_blank\">Tango<\/a><\/h2>\n<p><!--\n\n\n<h2><a href=\"https:\/\/www.abra.eu\/\">ABRA Software<\/a><a href=\"https:\/\/www.abra.eu\/\"><img loading=\"lazy\" decoding=\"async\" class=\"alignleft\" src=\"\/\/static.abra.eu\/fs\/bc3b0625-4940-11e4-9cae-00155d09255e-abra-na-web.png\" alt=\"Informa\u010dn\u00ed syst\u00e9m\" width=\"199\" height=\"75\" \/><\/a><\/h2>\n\n\nJsme ABRA Software, dynamick\u00e1 technologick\u00e1 firma, kter\u00e1 vyv\u00edj\u00ed a dod\u00e1v\u00e1 modern\u00ed informa\u010dn\u00ed syst\u00e9my. Podnikatel\u016fm a mana\u017eer\u016fm na cel\u00e9m sv\u011bt\u011b pom\u00e1h\u00e1me m\u00edt dokonal\u00fd p\u0159ehled o sv\u00e9 firm\u011b, uvol\u0148ujeme jim ruce od administrativy a umo\u017e\u0148ujeme jim d\u011blat spr\u00e1vn\u00e1 rozhodnut\u00ed. Spole\u010dn\u011b vyhled\u00e1v\u00e1me m\u00edsta ke zlep\u0161en\u00ed a k vyu\u017eit\u00ed IT jako strategick\u00e9 v\u00fdhody.\n\n<a class=\"ico-pdf\" href=\"http:\/\/star.starmicronics.cz\/wp-content\/uploads\/2015\/04\/Star_Range_2015.pdf\" target=\"_blank\">Star POS Printing Solution<\/a>\n\n&nbsp;\n\n[maxbutton id=\"5\"]\n\n[maxbutton id=\"6\"]\n\n[maxbutton id=\"7\"]\n\n[maxbutton id=\"8\"]\n\n[maxbutton id=\"9\"]\n\n[maxbutton id=\"10\"]\n\n[maxbutton id=\"11\"]\n\n[maxbutton id=\"12\"]\n\n[maxbutton id=\"13\"]\n\n[maxbutton id=\"14\"]\n\n[maxbutton id=\"15\"]\n\n[maxbutton id=\"16\"]\n\n[maxbutton id=\"17\"]\n--><\/p>\n<p style=\"text-align: left;\"><span style=\"color: #000080;\">\u00a0\u00a0\u00a0\u00a0<\/span><\/p>\n","protected":false},"excerpt":{"rendered":"<p>Aconto Abra Altus Vario Ekonom Manu\u00e1l softwaru Ekonom Eko-soft Harpagon I6 Money Pohoda Manu\u00e1l softwaru pohoda Signys Tango \u00a0\u00a0\u00a0\u00a0<\/p>\n","protected":false},"author":1,"featured_media":0,"parent":0,"menu_order":0,"comment_status":"closed","ping_status":"open","template":"","meta":{"footnotes":"","_links_to":"","_links_to_target":""},"class_list":["post-1364","page","type-page","status-publish","hentry"],"_links":{"self":[{"href":"https:\/\/star.starmicronics.cz\/index.php?rest_route=\/wp\/v2\/pages\/1364","targetHints":{"allow":["GET"]}}],"collection":[{"href":"https:\/\/star.starmicronics.cz\/index.php?rest_route=\/wp\/v2\/pages"}],"about":[{"href":"https:\/\/star.starmicronics.cz\/index.php?rest_route=\/wp\/v2\/types\/page"}],"author":[{"embeddable":true,"href":"https:\/\/star.starmicronics.cz\/index.php?rest_route=\/wp\/v2\/users\/1"}],"replies":[{"embeddable":true,"href":"https:\/\/star.starmicronics.cz\/index.php?rest_route=%2Fwp%2Fv2%2Fcomments&post=1364"}],"version-history":[{"count":24,"href":"https:\/\/star.starmicronics.cz\/index.php?rest_route=\/wp\/v2\/pages\/1364\/revisions"}],"predecessor-version":[{"id":1735,"href":"https:\/\/star.starmicronics.cz\/index.php?rest_route=\/wp\/v2\/pages\/1364\/revisions\/1735"}],"wp:attachment":[{"href":"https:\/\/star.starmicronics.cz\/index.php?rest_route=%2Fwp%2Fv2%2Fmedia&parent=1364"}],"curies":[{"name":"wp","href":"https:\/\/api.w.org\/{rel}","templated":true}]}}