{"id":1361,"date":"2015-06-11T12:15:12","date_gmt":"2015-06-11T11:15:12","guid":{"rendered":"http:\/\/star.starmicronics.cz\/?page_id=1361"},"modified":"2016-06-17T10:21:49","modified_gmt":"2016-06-17T09:21:49","slug":"caste-dotazy","status":"publish","type":"page","link":"https:\/\/star.starmicronics.cz\/?page_id=1361","title":{"rendered":"FAQ"},"content":{"rendered":"<h2>Obecn\u00e9 dotazy<\/h2>\n\n<h2>Produkty<\/h2>\n\t\t<div class=\"faq-accordion \" id=\"faq-accordion-2\" data-accordion-group data-conf=\"{&quot;single_open&quot;:&quot;true&quot;,&quot;transition_speed&quot;:300}\">\n\t\t\t\t\t\t\t<div data-accordion class=\"faq-main\">\n\t\t\t\t\t<div data-control class=\"faq-title\">\n\t\t\t\t\t\t<h4>M\u016f\u017eete mi doporu\u010dit mobiln\u00ed tisk\u00e1rnu s podporou re\u017eimu tisku ESC\/POS a z\u00e1rove\u0148 i StarLine?<\/h4>\n\t\t\t\t\t<\/div>\n\t\t\t\t\t<div data-content>\n\t\t\t\t\t\t\t\t\t\t\t\t<div class=\"faq-content\"><p>Ano je to mo\u017en\u00e9, mobiln\u00ed tisk\u00e1rna Star SM S230i \u00a0podporuje jak emulaci tisku ESC\/POS tak i StarLine.<\/p>\n<p>&nbsp;<\/p>\n<p>Martin Flinta<\/p>\n<p>Penta CZ s.r.o.<\/p>\n<\/div>\n\t\t\t\t\t<\/div>\n\t\t\t\t<\/div>\n\t\t\t\t\t\t\t<div data-accordion class=\"faq-main\">\n\t\t\t\t\t<div data-control class=\"faq-title\">\n\t\t\t\t\t\t<h4>Jak\u00e1 je z\u00e1ru\u010dn\u00ed lh\u016fta pro tisk\u00e1rny Star?<\/h4>\n\t\t\t\t\t<\/div>\n\t\t\t\t\t<div data-content>\n\t\t\t\t\t\t\t\t\t\t\t\t<div class=\"faq-content\"><p>Dobr\u00fd den, u v\u0161ech tisk\u00e1ren je dvoulet\u00e1 z\u00e1ru\u010dn\u00ed lh\u016fta. V\u00fdjimku tvo\u0159\u00ed tisk\u00e1rny Star \u0159ady 100 kde je z\u00e1konn\u00e1 dvoulet\u00e1 z\u00e1ru\u010dn\u00ed lh\u016fta prodlou\u017eena o dal\u0161\u00ed dva roky a vztahuje se na v\u00fdm\u011bnu \u010di opravu hardware. Pr\u00e1ci technika tedy v t\u00e9to prodlou\u017een\u00e9 \/tzn. po uplynut\u00ed dvoulet\u00e9 z\u00e1konn\u00e9 z\u00e1ru\u010dn\u00ed lh\u016fty\/\u00a0z\u00e1ruce hrad\u00ed z\u00e1kazn\u00edk.<\/p>\n<p>&nbsp;<\/p>\n<p>Martin Flinta<\/p>\n<p>Penta CZ s.r.o.<\/p>\n<\/div>\n\t\t\t\t\t<\/div>\n\t\t\t\t<\/div>\n\t\t\t\t\t\t\t<div data-accordion class=\"faq-main\">\n\t\t\t\t\t<div data-control class=\"faq-title\">\n\t\t\t\t\t\t<h4>Chci se zeptat, kde z\u00edsk\u00e1m ovlada\u010de pro tisk\u00e1rny Star?<\/h4>\n\t\t\t\t\t<\/div>\n\t\t\t\t\t<div data-content>\n\t\t\t\t\t\t\t\t\t\t\t\t<div class=\"faq-content\"><p>Dobr\u00fd den,<\/p>\n<p>ovlada\u010de, ale tak\u00e9 manu\u00e1ly\u00a0jsou k dispozici na\u00a0str\u00e1nk\u00e1ch v\u00fdrobce na odkazu uveden\u00e9m n\u00ed\u017ee.<\/p>\n<p>http:\/\/starmicronics.com\/support\/default.aspx<\/p>\n<p>V\u016fbec nen\u00ed nutn\u00e9 zn\u00e1t do jak\u00e9 kategorie dle pou\u017eit\u00ed tisk\u00e1rna spad\u00e1. Posta\u010d\u00ed kliknout na n\u00e1pov\u011bdn\u00ed odkaz viz. p\u0159\u00edklad n\u00ed\u017ee a\u00a0v n\u00e1pov\u011bdn\u00edm ok\u00e9nku se zobraz\u00ed typov\u00e9 ozna\u010den\u00ed tisk\u00e1ren a jejich za\u0159azen\u00ed dle pou\u017eit\u00ed. Stejn\u011b tak postupujeme p\u0159i v\u00fdb\u011bru dal\u0161\u00edch polo\u017eek. V\u017edy je k dispozici n\u00e1pov\u011bdn\u00ed odkaz.<\/p>\n<p><a href=\"http:\/\/star.starmicronics.cz\/wp-content\/uploads\/2016\/06\/Screen.jpg\" rel=\"lightbox[1739]\"><img loading=\"lazy\" decoding=\"async\" class=\"alignnone size-medium wp-image-1740\" src=\"http:\/\/star.starmicronics.cz\/wp-content\/uploads\/2016\/06\/Screen-300x56.jpg\" alt=\"Screen\" width=\"300\" height=\"56\" \/><\/a><\/p>\n<p>Po kliknut\u00ed:<\/p>\n<p><a href=\"http:\/\/star.starmicronics.cz\/wp-content\/uploads\/2016\/06\/Po-kliknut\u00ed.jpg\" rel=\"lightbox[1739]\"><img loading=\"lazy\" decoding=\"async\" class=\"alignnone size-medium wp-image-1741\" src=\"http:\/\/star.starmicronics.cz\/wp-content\/uploads\/2016\/06\/Po-kliknut\u00ed-300x236.jpg\" alt=\"Po kliknut\u00ed\" width=\"300\" height=\"236\" \/><\/a><\/p>\n<p>V p\u0159\u00edpad\u011b nejasnost\u00ed je tak\u00e9 mo\u017en\u00e9 n\u00e1s kontaktovat na telefonn\u00edm \u010d\u00edsle +420242498674.<\/p>\n<p>Martin Flinta<\/p>\n<p>Penta CZ s.r.o.<\/p>\n<div class=\"product_type_massage_txt\"><\/div>\n<\/div>\n\t\t\t\t\t<\/div>\n\t\t\t\t<\/div>\n\t\t\t\t\t\t\t<div data-accordion class=\"faq-main\">\n\t\t\t\t\t<div data-control class=\"faq-title\">\n\t\t\t\t\t\t<h4>M\u016f\u017eete mi sd\u011blit pro jak\u00e9 verze Windows jsou k dispozici ovlada\u010de pro tisk\u00e1rnu mPOP?<\/h4>\n\t\t\t\t\t<\/div>\n\t\t\t\t\t<div data-content>\n\t\t\t\t\t\t\t\t\t\t\t\t<div class=\"faq-content\"><p>Dobr\u00fd den, n\u00ed\u017ee uv\u00e1d\u00edm.<\/p>\n<p>Windows 10(32\/64-bit),Windows 8.1(32\/64-bit), Windows 8(32\/64-bit), Windows 7(32\/64-bit).<\/p>\n<p>Martin Flinta<\/p>\n<p>Penta CZ<\/p>\n<p>&nbsp;<\/p>\n<\/div>\n\t\t\t\t\t<\/div>\n\t\t\t\t<\/div>\n\t\t\t\t\t\t\t<div data-accordion class=\"faq-main\">\n\t\t\t\t\t<div data-control class=\"faq-title\">\n\t\t\t\t\t\t<h4>Dobr\u00fd den, l\u00edb\u00ed se mi tisk\u00e1rna mPop. Mohu si vybrat z n\u011bkolika barevn\u00fdch variant,  tak aby tisk\u00e1rna barevn\u011b dopl\u0148ovala design v na\u0161\u00ed firm\u011b?<\/h4>\n\t\t\t\t\t<\/div>\n\t\t\t\t\t<div data-content>\n\t\t\t\t\t\t\t\t\t\t\t\t<div class=\"faq-content\"><p>Dobr\u00fd den, ano je to mo\u017en\u00e9. Tisk\u00e1rna mPop se dod\u00e1v\u00e1 v proveden\u00ed b\u00edl\u00e1, \u010dern\u00e1 a v kombinaci b\u00edl\u00e9 a \u010dern\u00e9.<\/p>\n<p>Martin Flinta<\/p>\n<p>technick\u00e1 podpora Penta CZ<\/p>\n<\/div>\n\t\t\t\t\t<\/div>\n\t\t\t\t<\/div>\n\t\t\t\t\t\t\t<div data-accordion class=\"faq-main\">\n\t\t\t\t\t<div data-control class=\"faq-title\">\n\t\t\t\t\t\t<h4>Dobr\u00fd den, u tisk\u00e1rny Star S230i se mi neda\u0159\u00ed p\u0159epnout re\u017eimy tisku. M\u016f\u017eete mi pomoci?<\/h4>\n\t\t\t\t\t<\/div>\n\t\t\t\t\t<div data-content>\n\t\t\t\t\t\t\t\t\t\t\t\t<div class=\"faq-content\"><p>Dobr\u00fd den,\u00a0tisk\u00e1rna je od v\u00fdrobce p\u0159epnuta do re\u017eimu ESC\/POS. Do re\u017eimu StarLine p\u0159epnete velmi jednodu\u0161e tak, \u017ee otev\u0159ete p\u0159i zapnut\u00e9 tisk\u00e1rn\u011b kryt z\u00e1sobn\u00edku pap\u00edru, sou\u010dasn\u011b stisknete tla\u010d\u00edtko pro zapnut\u00ed tisk\u00e1rny a tla\u010d\u00edtko s popiskem FEED . Led dioda u popisku error se rozblik\u00e1 5 x a n\u00e1sledn\u011b zhasne. Pot\u00e9 sta\u010d\u00ed uzav\u0159\u00edt kryt z\u00e1sobn\u00edku pap\u00edru, tisk\u00e1rna vytiskne informaci EMU = StarPRNT a p\u0159epnut\u00ed je hotovo. Stejn\u00fd postup plat\u00ed i do zp\u011btn\u00e9ho p\u0159epnut\u00ed re\u017eimu\u00a0ESC\/POS.<\/p>\n<p>Martin Flinta<\/p>\n<\/div>\n\t\t\t\t\t<\/div>\n\t\t\t\t<\/div>\n\t\t\t\t\t\t\t<div data-accordion class=\"faq-main\">\n\t\t\t\t\t<div data-control class=\"faq-title\">\n\t\t\t\t\t\t<h4>Jakou v\u00fddr\u017e baterie m\u00e1 tisk\u00e1rna SM-L200<\/h4>\n\t\t\t\t\t<\/div>\n\t\t\t\t\t<div data-content>\n\t\t\t\t\t\t\t\t\t\t\t\t<div class=\"faq-content\"><p>&nbsp;<\/p>\n<p>\u017divotnost baterie \u00a0u t\u00e9to mobiln\u00ed tisk\u00e1rny je asi \u00a013 hodin p\u0159i 5 min. intervalech tisku.<\/p>\n<\/div>\n\t\t\t\t\t<\/div>\n\t\t\t\t<\/div>\n\t\t\t\t\t\t\t<div data-accordion class=\"faq-main\">\n\t\t\t\t\t<div data-control class=\"faq-title\">\n\t\t\t\t\t\t<h4>Rychlost tisku<\/h4>\n\t\t\t\t\t<\/div>\n\t\t\t\t\t<div data-content>\n\t\t\t\t\t\t\t\t\t\t\t\t<div class=\"faq-content\"><p>Cht\u011bl bych se optat na rychlost tisku mobiln\u00ed tisk\u00e1rny SM-230i. D\u011bkuji V\u00e1m za odpov\u011b\u010f.<\/p>\n<hr \/>\n<p>Rychlost tisku t\u00e9to mobiln\u00ed tisk\u00e1rny je \u00a080 mm\/sec.<\/p>\n<\/div>\n\t\t\t\t\t<\/div>\n\t\t\t\t<\/div>\n\t\t\t\t\t<\/div>\n\t\n<h2>Manu\u00e1ly<\/h2>\n\n<div class=\"wpcf7 no-js\" id=\"wpcf7-f1602-o1\" lang=\"cs-CZ\" dir=\"ltr\" data-wpcf7-id=\"1602\">\n<div class=\"screen-reader-response\"><p role=\"status\" aria-live=\"polite\" aria-atomic=\"true\"><\/p> <ul><\/ul><\/div>\n<form action=\"\/index.php?rest_route=%2Fwp%2Fv2%2Fpages%2F1361#wpcf7-f1602-o1\" method=\"post\" class=\"wpcf7-form init\" aria-label=\"Kontaktn\u00ed formul\u00e1\u0159\" novalidate=\"novalidate\" data-status=\"init\">\n<fieldset class=\"hidden-fields-container\"><input type=\"hidden\" name=\"_wpcf7\" value=\"1602\" \/><input type=\"hidden\" name=\"_wpcf7_version\" value=\"6.1.5\" \/><input type=\"hidden\" name=\"_wpcf7_locale\" value=\"cs_CZ\" \/><input type=\"hidden\" name=\"_wpcf7_unit_tag\" value=\"wpcf7-f1602-o1\" \/><input type=\"hidden\" name=\"_wpcf7_container_post\" value=\"0\" \/><input type=\"hidden\" name=\"_wpcf7_posted_data_hash\" value=\"\" \/>\n<\/fieldset>\n<p style=\"float: left; width: 45%;\">Jm\u00e9no (povinn\u00e9)\n<\/p>\n<p><span class=\"wpcf7-form-control-wrap\" data-name=\"your-name\"><input size=\"40\" maxlength=\"400\" class=\"wpcf7-form-control wpcf7-text wpcf7-validates-as-required\" aria-required=\"true\" aria-invalid=\"false\" value=\"\" type=\"text\" name=\"your-name\" \/><\/span>\n<\/p>\n<p style=\"float: right; width: 45%;\">Email (povinn\u00e9)\n<\/p>\n<p><span class=\"wpcf7-form-control-wrap\" data-name=\"your-email\"><input size=\"40\" maxlength=\"400\" class=\"wpcf7-form-control wpcf7-email wpcf7-validates-as-required wpcf7-text wpcf7-validates-as-email\" aria-required=\"true\" aria-invalid=\"false\" value=\"\" type=\"email\" name=\"your-email\" \/><\/span>\n<\/p>\n<div style=\"clear: both\">\n<\/div>\n<p>Dotaz (povinn\u00e9)\n<\/p>\n<p><span class=\"wpcf7-form-control-wrap\" data-name=\"your-message\"><textarea cols=\"40\" rows=\"10\" maxlength=\"2000\" class=\"wpcf7-form-control wpcf7-textarea wpcf7-validates-as-required\" aria-required=\"true\" aria-invalid=\"false\" name=\"your-message\"><\/textarea><\/span>\n<\/p>\n<p>[recaptcha size:compact]\n<\/p>\n<p style=\"text-align: right;\"><input class=\"wpcf7-form-control wpcf7-submit has-spinner\" type=\"submit\" value=\"Odeslat\" \/>\n<\/p><p style=\"display: none !important;\" class=\"akismet-fields-container\" data-prefix=\"_wpcf7_ak_\"><label>&#916;<textarea name=\"_wpcf7_ak_hp_textarea\" cols=\"45\" rows=\"8\" maxlength=\"100\"><\/textarea><\/label><input type=\"hidden\" id=\"ak_js_1\" name=\"_wpcf7_ak_js\" value=\"95\"\/><script>document.getElementById( \"ak_js_1\" ).setAttribute( \"value\", ( new Date() ).getTime() );<\/script><\/p><div class=\"wpcf7-response-output\" aria-hidden=\"true\"><\/div>\n<\/form>\n<\/div>\n\n","protected":false},"excerpt":{"rendered":"<p>Obecn\u00e9 dotazy Produkty Manu\u00e1ly<\/p>\n","protected":false},"author":1,"featured_media":0,"parent":0,"menu_order":0,"comment_status":"closed","ping_status":"closed","template":"","meta":{"footnotes":"","_links_to":"","_links_to_target":""},"class_list":["post-1361","page","type-page","status-publish","hentry"],"_links":{"self":[{"href":"https:\/\/star.starmicronics.cz\/index.php?rest_route=\/wp\/v2\/pages\/1361","targetHints":{"allow":["GET"]}}],"collection":[{"href":"https:\/\/star.starmicronics.cz\/index.php?rest_route=\/wp\/v2\/pages"}],"about":[{"href":"https:\/\/star.starmicronics.cz\/index.php?rest_route=\/wp\/v2\/types\/page"}],"author":[{"embeddable":true,"href":"https:\/\/star.starmicronics.cz\/index.php?rest_route=\/wp\/v2\/users\/1"}],"replies":[{"embeddable":true,"href":"https:\/\/star.starmicronics.cz\/index.php?rest_route=%2Fwp%2Fv2%2Fcomments&post=1361"}],"version-history":[{"count":8,"href":"https:\/\/star.starmicronics.cz\/index.php?rest_route=\/wp\/v2\/pages\/1361\/revisions"}],"predecessor-version":[{"id":1701,"href":"https:\/\/star.starmicronics.cz\/index.php?rest_route=\/wp\/v2\/pages\/1361\/revisions\/1701"}],"wp:attachment":[{"href":"https:\/\/star.starmicronics.cz\/index.php?rest_route=%2Fwp%2Fv2%2Fmedia&parent=1361"}],"curies":[{"name":"wp","href":"https:\/\/api.w.org\/{rel}","templated":true}]}}