{"id":1351,"date":"2015-06-11T11:26:41","date_gmt":"2015-06-11T10:26:41","guid":{"rendered":"http:\/\/star.starmicronics.cz\/?page_id=1351"},"modified":"2016-05-05T15:53:12","modified_gmt":"2016-05-05T14:53:12","slug":"mpop","status":"publish","type":"page","link":"https:\/\/star.starmicronics.cz\/?page_id=1351","title":{"rendered":"mPOP"},"content":{"rendered":"<p><a href=\"http:\/\/star.starmicronics.cz\/wp-content\/uploads\/2015\/05\/mPOP_small-e1434013166857.jpg\" rel=\"lightbox[1351]\"><img loading=\"lazy\" decoding=\"async\" class=\"alignleft  wp-image-1097\" src=\"http:\/\/star.starmicronics.cz\/wp-content\/uploads\/2015\/05\/mPOP_small-300x200.jpg\" alt=\"mPOP_small\" width=\"213\" height=\"142\" \/><\/a><span style=\"color: #3366ff;\"><strong>1. Bluetooth kombinovan\u00e9 za\u0159\u00edzen\u00ed \u00a058mm tisk\u00e1rny a pokladn\u00ed z\u00e1suvky na sv\u011bt\u011b<\/strong><\/span><\/p>\n<p><span style=\"color: #3366ff;\">Pokro\u010dil\u00e9 mobiln\u00ed za\u0159\u00edzen\u00ed vyvinut\u00e9 ve Star Micronics. mPOP\u00a0 je kombinac\u00ed pokladn\u00ed \u00a0tisk\u00e1rny a z\u00e1suvky a snadno se integruje, jako POS syst\u00e9m. \u00a0mPOP je elegantn\u00ed, esteticky velmi vyda\u0159en\u00fd, jen 10 cm vysok\u00fd a 30 cm \u0161irok\u00fd, snadno p\u0159enosn\u00fd a k pln\u00e9mu provozu v\u00e1m posta\u010d\u00ed pouze Bluetooth p\u0159ipojen\u00ed s jedn\u00edm kabelem. Funguje se v\u0161emi hlavn\u00edmi mobiln\u00edmi opera\u010dn\u00edmi\u00a0 syst\u00e9my, v\u010detn\u011b Apple iOS, Android a Windows, co\u017e obchodn\u00edk\u016fm d\u00e1v\u00e1 mo\u017enost p\u0159ipojit sv\u016fj tablet \u010di mobiln\u00ed telefon.<\/span><\/p>\n<p><span style=\"color: #3366ff;\">Jeho rozmanit\u00e9 funkce a konektivita umo\u017e\u0148uj\u00ed hladk\u00fd pr\u016fb\u011bh transakc\u00ed i v\u00a0takov\u00fdch prost\u0159ed\u00edch, jako jsou bary, kav\u00e1rny, kv\u011btin\u00e1\u0159stv\u00ed, atd. \u00a0Je elegantn\u00edm dopl\u0148kem na pokladn\u00ed pult, ale d\u00e1 se p\u0159ipevnit i pod n\u011bj.<\/span><\/p>\n<p><span style=\"color: #3366ff;\"><strong>Vlastnosti:<\/strong><\/span><\/p>\n<ul>\n<li><span style=\"color: #3366ff;\"><span class=\"hps\">Spolehliv\u00e1 tisk\u00e1rna\u00a0s rychlost\u00ed tisku 100 mm \/ sekundu <\/span><\/span><\/li>\n<li><span style=\"color: #3366ff;\"><span class=\"hps\">Funk\u010dn\u00ed a kompaktn\u00ed pokladn\u00ed z\u00e1suvka<\/span><\/span><\/li>\n<li><span style=\"color: #3366ff;\">Klasick\u00e9 Bluetooth p\u0159ipojen\u00ed<\/span><\/li>\n<li><span style=\"color: #3366ff;\"><span class=\"hps\">Kompaktn\u00ed a mobiln\u00ed za\u0159\u00edzen\u00ed\u00a0s POS designem<\/span><\/span><\/li>\n<li><span style=\"color: #3366ff;\"><span style=\"color: #3366ff;\"><span style=\"color: #3366ff;\">Bezpe\u010dnost &#8211; u pokladn\u00ed z\u00e1suvky softwarov\u011b \u0159\u00edzen\u00fd z\u00e1mek s nouzov\u00fdm uvoln\u011bn\u00edm<\/span><\/span><\/span><\/li>\n<\/ul>\n<p><span style=\"color: #3366ff;\"><strong>Ke sta\u017een\u00ed:<\/strong><\/span><\/p>\n<ul>\n<li><span style=\"color: #000080;\"><a style=\"color: #000080;\" href=\"http:\/\/star.starmicronics.cz\/wp-content\/uploads\/2015\/06\/mPOP_CZ_11.pdf\" target=\"_blank\">Produktov\u00e1 bro\u017eura<\/a><\/span><\/li>\n<li><span style=\"color: #000080;\">Manual, SDK (link to <a style=\"color: #000080;\" href=\"http:\/\/www.starmicronics.com\/support\">www.starmicronics.com\/support<\/a>)<\/span><\/li>\n<li><a href=\"http:\/\/star.starmicronics.cz\/?page_id=579\"><span style=\"color: #000080;\">Galerie obr\u00e1zk\u016f<\/span><\/a><\/li>\n<li><span style=\"color: #333399;\"><a style=\"color: #333399;\" href=\"https:\/\/www.youtube.com\/watch?v=59zLi5AdeuI\" target=\"_blank\">Video galerie<\/a><\/span><\/li>\n<li><a href=\"http:\/\/star.starmicronics.cz\/?page_id=518\"><span style=\"color: #000080;\">Na\u0161i z\u00e1kazn\u00edci<\/span><\/a><\/li>\n<li><span style=\"color: #000080;\"><a style=\"color: #000080;\" href=\"https:\/\/www.apple.com\/itunes\/\" target=\"_blank\">App Store image <\/a><\/span><\/li>\n<li><span style=\"color: #000080;\"><a style=\"color: #000080;\" href=\"https:\/\/play.google.com\/store\/apps\/details?id=com.google.android.apps.plus\" target=\"_blank\">Google Play image <\/a><\/span><\/li>\n<\/ul>\n<p><a href=\"http:\/\/star.starmicronics.cz\/wp-content\/uploads\/2015\/04\/appstore_googleplay.jpg\" rel=\"lightbox[1351]\"><img loading=\"lazy\" decoding=\"async\" class=\"alignnone  wp-image-347\" src=\"http:\/\/star.starmicronics.cz\/wp-content\/uploads\/2015\/04\/appstore_googleplay-300x220.jpg\" alt=\"appstore_googleplay\" width=\"161\" height=\"118\" srcset=\"https:\/\/star.starmicronics.cz\/wp-content\/uploads\/2015\/04\/appstore_googleplay-300x220.jpg 300w, https:\/\/star.starmicronics.cz\/wp-content\/uploads\/2015\/04\/appstore_googleplay-135x100.jpg 135w, https:\/\/star.starmicronics.cz\/wp-content\/uploads\/2015\/04\/appstore_googleplay.jpg 425w\" sizes=\"auto, (max-width: 161px) 100vw, 161px\" \/><\/a><\/p>\n<p><a class=\"fasc-button fasc-size-xlarge fasc-type-popout fasc-rounded-medium fasc-ico-before dashicons-video-alt3\" style=\"color: #ffffff; background-color: #212324;\" href=\"https:\/\/www.youtube.com\/watch?v=59zLi5AdeuI\" target=\"_blank\" data-fasc-style=\"background-color:#212324;color:#ffffff;\"><u>VIDEO<\/u><\/a><\/p>\n<p><span style=\"color: #3366ff;\"><strong>Specifikace<\/strong><\/span><\/p>\n<table style=\"height: 1414px;\" width=\"722\">\n<tbody>\n<tr>\n<td width=\"39%\"><span style=\"color: #3366ff;\">Rychlost tisku<\/span><\/td>\n<td width=\"60%\"><span style=\"color: #3366ff;\">100 mm\/sec.<\/span><\/td>\n<\/tr>\n<tr>\n<td width=\"39%\"><span style=\"color: #3366ff;\">Metoda tisku<\/span><\/td>\n<td width=\"60%\"><span style=\"color: #3366ff;\">2 &#8222;P\u0159\u00edm\u00e1 tepeln\u00e1 s p\u0159edn\u00edm vkl\u00e1d\u00e1n\u00edm pap\u00edru<\/span><\/td>\n<\/tr>\n<tr>\n<td width=\"39%\"><span style=\"color: #3366ff;\">Barva mPOPu<\/span><\/td>\n<td width=\"60%\"><span style=\"color: #3366ff;\">B\u00edlo-st\u0159\u00edbrn\u00e1 nebo \u010derno-st\u0159\u00edbrn\u00e1<\/span><\/td>\n<\/tr>\n<tr>\n<td width=\"39%\"><span style=\"color: #3366ff;\">Automatick\u00e1 \u0159eza\u010dka<\/span><\/td>\n<td width=\"60%\"><span style=\"color: #3366ff;\">Gilotina<\/span><\/td>\n<\/tr>\n<tr>\n<td width=\"39%\"><span style=\"color: #3366ff;\">\u0160\u00ed\u0159ka pap\u00edru<\/span><\/td>\n<td width=\"60%\"><span style=\"color: #3366ff;\">58 mm<\/span><\/td>\n<\/tr>\n<tr>\n<td width=\"39%\"><span style=\"color: #3366ff;\">Tlou\u0161\u0165ka<\/span><\/td>\n<td width=\"60%\"><span style=\"color: #3366ff;\">0,053 \u2013 0,075 mm<\/span><\/td>\n<\/tr>\n<tr>\n<td width=\"39%\"><span style=\"color: #3366ff;\">Role pap\u00edru (pr\u016fm\u011br)<\/span><\/td>\n<td width=\"60%\"><span style=\"color: #3366ff;\">50 mm<\/span><\/td>\n<\/tr>\n<tr>\n<td width=\"39%\"><span style=\"color: #3366ff;\">Pokladn\u00ed z\u00e1suvka \u2013 bankovky a mince<\/span><\/td>\n<td width=\"60%\"><span style=\"color: #3366ff;\">4 vzp\u0159\u00edmen\u00e9 dr\u017e\u00e1ky na bankovky a 6 nebo 8 p\u0159ihr\u00e1dek na mince<\/span><\/td>\n<\/tr>\n<tr>\n<td width=\"39%\"><span style=\"color: #3366ff;\">\u0160\u00ed\u0159ka tisku<\/span><\/td>\n<td width=\"60%\"><span style=\"color: #3366ff;\">54 mm nebo 48 mm<\/span><\/td>\n<\/tr>\n<tr>\n<td width=\"39%\"><span style=\"color: #3366ff;\">Senzory<\/span><\/td>\n<td width=\"60%\"><span style=\"color: #3366ff;\">Otev\u0159en\u00fd kryt a PE<\/span><\/td>\n<\/tr>\n<tr>\n<td width=\"39%\"><span style=\"color: #3366ff;\">Rozhran\u00ed<\/span><\/td>\n<td width=\"60%\"><span style=\"color: #3366ff;\">Bluetooth 2.1 a USB<\/span><\/td>\n<\/tr>\n<tr>\n<td width=\"39%\"><span style=\"color: #3366ff;\">Pokladn\u00ed z\u00e1suvka &#8211; odemyk\u00e1n\u00ed<\/span><\/td>\n<td width=\"60%\"><span style=\"color: #3366ff;\">Softwarov\u011b \u0159\u00edzen\u00fd z\u00e1mek s\u00a0nouzov\u00fdm uvoln\u011bn\u00edm<\/span><\/td>\n<\/tr>\n<tr>\n<td width=\"39%\"><span style=\"color: #3366ff;\">Nap\u00e1jec\u00ed zdroj<\/span><\/td>\n<td width=\"60%\"><span style=\"color: #3366ff;\">Energy Star<\/span><\/td>\n<\/tr>\n<tr>\n<td width=\"39%\"><span style=\"color: #3366ff;\">Opera\u010dn\u00ed syst\u00e9m<\/span><\/td>\n<td width=\"60%\"><span style=\"color: #3366ff;\">iOS\/Android\/Windows<\/span><\/td>\n<\/tr>\n<tr>\n<td width=\"39%\"><span style=\"color: #3366ff;\">USB Port<\/span><\/td>\n<td width=\"60%\"><span style=\"color: #3366ff;\">1 Slave USB Port, 2x 0.5A USB Host, 2x 1.5AUSB Host pro extern\u00ed nab\u00edjec\u00ed za\u0159\u00edzen\u00ed nebo perif\u00e9rie<\/span><\/td>\n<\/tr>\n<tr>\n<td width=\"39%\"><span style=\"color: #3366ff;\">mPOP mo\u017enosti<\/span><\/td>\n<td width=\"60%\">\n<p><span style=\"color: #3366ff;\">&#8211;\u00a0\u00a0\u00a0\u00a0\u00a0\u00a0\u00a0\u00a0\u00a0 Star \u010dte\u010dka \u010d\u00e1rov\u00fdch k\u00f3d\u016f s\u00a0kabelem<\/span><\/p>\n<p><span style=\"color: #3366ff;\">&#8211;\u00a0\u00a0\u00a0\u00a0\u00a0\u00a0\u00a0\u00a0\u00a0 Mont\u00e1\u017en\u00ed souprava podpultov\u00fdch dr\u017e\u00e1k\u016f<\/span><\/p>\n<p><span style=\"color: #3366ff;\">&#8211;\u00a0\u00a0\u00a0\u00a0\u00a0\u00a0\u00a0\u00a0\u00a0 3. Party VESA upev\u0148ovac\u00ed stojan z\u00e1kladny<\/span><\/td>\n<\/tr>\n<tr>\n<td width=\"39%\"><span style=\"color: #3366ff;\">Rozm\u011bry (\u0161 x h x v)mm a v\u00e1ha<\/span><\/td>\n<td width=\"60%\"><span style=\"color: #3366ff;\">308 x 300 x 100 mm a 3,5 kg<\/span><\/td>\n<\/tr>\n<tr>\n<td width=\"39%\"><span style=\"color: #3366ff;\">Sou\u010d\u00e1st\u00ed mPOP boxu<\/span><\/td>\n<td width=\"60%\">\n<p><span style=\"color: #3366ff;\">&#8211;\u00a0\u00a0\u00a0\u00a0\u00a0\u00a0\u00a0\u00a0\u00a0 Jednoduch\u00fd oboustrann\u00fd stojan<\/span><\/p>\n<p><span style=\"color: #3366ff;\">&#8211;\u00a0\u00a0\u00a0\u00a0\u00a0\u00a0\u00a0\u00a0\u00a0 mPOP upev\u0148ovac\u00ed za\u0159\u00edzen\u00ed<\/span><\/p>\n<p><span style=\"color: #3366ff;\">&#8211;\u00a0\u00a0\u00a0\u00a0\u00a0\u00a0\u00a0\u00a0\u00a0 AC kabel<\/span><\/p>\n<p><span style=\"color: #3366ff;\">&#8211;\u00a0\u00a0\u00a0\u00a0\u00a0\u00a0\u00a0\u00a0\u00a0 Role pap\u00edru<\/span><\/p>\n<p><span style=\"color: #3366ff;\">&#8211;\u00a0\u00a0\u00a0\u00a0\u00a0\u00a0\u00a0\u00a0\u00a0 BCR (s verz\u00ed skeneru)<\/span><\/td>\n<\/tr>\n<tr>\n<td width=\"39%\"><span style=\"color: #3366ff;\">Emulace<\/span><\/td>\n<td width=\"60%\"><span style=\"color: #3366ff;\">Re\u017eim Star Line Mobil<\/span><\/td>\n<\/tr>\n<\/tbody>\n<\/table>\n<p>&nbsp;<\/p>\n<p><span style=\"color: #3366ff;\"><strong>Galerie<\/strong><\/span><\/p>\n<div id='gallery-1' class='gallery galleryid-1351 gallery-columns-3 gallery-size-medium'><figure class='gallery-item'>\n\t\t\t<div class='gallery-icon landscape'>\n\t\t\t\t<a href='https:\/\/star.starmicronics.cz\/wp-content\/uploads\/2015\/05\/mPOP_small-e1434013166857.jpg' rel=\"lightbox[1351]\"><img loading=\"lazy\" decoding=\"async\" width=\"250\" height=\"167\" src=\"https:\/\/star.starmicronics.cz\/wp-content\/uploads\/2015\/05\/mPOP_small-e1434013166857.jpg\" class=\"attachment-medium size-medium\" alt=\"\" \/><\/a>\n\t\t\t<\/div><\/figure><figure class='gallery-item'>\n\t\t\t<div class='gallery-icon landscape'>\n\t\t\t\t<a href='https:\/\/star.starmicronics.cz\/wp-content\/uploads\/2015\/04\/mpop-combined-printer-and-cash-drawer2-e1434013216278.jpg' rel=\"lightbox[1351]\"><img loading=\"lazy\" decoding=\"async\" width=\"250\" height=\"85\" src=\"https:\/\/star.starmicronics.cz\/wp-content\/uploads\/2015\/04\/mpop-combined-printer-and-cash-drawer2-e1434013216278.jpg\" class=\"attachment-medium size-medium\" alt=\"\" \/><\/a>\n\t\t\t<\/div><\/figure>\n\t\t<\/div>\n\n<p>&nbsp;<\/p>\n","protected":false},"excerpt":{"rendered":"<p>1. Bluetooth kombinovan\u00e9 za\u0159\u00edzen\u00ed \u00a058mm tisk\u00e1rny a pokladn\u00ed z\u00e1suvky na sv\u011bt\u011b Pokro\u010dil\u00e9 mobiln\u00ed za\u0159\u00edzen\u00ed vyvinut\u00e9 ve Star Micronics. mPOP\u00a0 je kombinac\u00ed pokladn\u00ed \u00a0tisk\u00e1rny a z\u00e1suvky a snadno se integruje, jako POS syst\u00e9m. \u00a0mPOP je elegantn\u00ed, esteticky velmi vyda\u0159en\u00fd, jen 10 cm vysok\u00fd a 30 cm \u0161irok\u00fd, snadno p\u0159enosn\u00fd a k pln\u00e9mu provozu v\u00e1m posta\u010d\u00ed pouze [&hellip;]<\/p>\n","protected":false},"author":1,"featured_media":0,"parent":0,"menu_order":0,"comment_status":"closed","ping_status":"open","template":"","meta":{"footnotes":"","_links_to":"","_links_to_target":""},"class_list":["post-1351","page","type-page","status-publish","hentry"],"_links":{"self":[{"href":"https:\/\/star.starmicronics.cz\/index.php?rest_route=\/wp\/v2\/pages\/1351","targetHints":{"allow":["GET"]}}],"collection":[{"href":"https:\/\/star.starmicronics.cz\/index.php?rest_route=\/wp\/v2\/pages"}],"about":[{"href":"https:\/\/star.starmicronics.cz\/index.php?rest_route=\/wp\/v2\/types\/page"}],"author":[{"embeddable":true,"href":"https:\/\/star.starmicronics.cz\/index.php?rest_route=\/wp\/v2\/users\/1"}],"replies":[{"embeddable":true,"href":"https:\/\/star.starmicronics.cz\/index.php?rest_route=%2Fwp%2Fv2%2Fcomments&post=1351"}],"version-history":[{"count":0,"href":"https:\/\/star.starmicronics.cz\/index.php?rest_route=\/wp\/v2\/pages\/1351\/revisions"}],"wp:attachment":[{"href":"https:\/\/star.starmicronics.cz\/index.php?rest_route=%2Fwp%2Fv2%2Fmedia&parent=1351"}],"curies":[{"name":"wp","href":"https:\/\/api.w.org\/{rel}","templated":true}]}}