{"id":132,"date":"2015-04-22T08:45:30","date_gmt":"2015-04-22T07:45:30","guid":{"rendered":"http:\/\/star.starmicronics.cz\/?page_id=132"},"modified":"2016-05-07T23:02:40","modified_gmt":"2016-05-07T22:02:40","slug":"pos-mechanisms","status":"publish","type":"page","link":"https:\/\/star.starmicronics.cz\/?page_id=132","title":{"rendered":"POS mechanismy"},"content":{"rendered":"<p><span style=\"color: #0000ff;\"><span class=\"hps\">Star Micronics<\/span>\u00a0m\u00e1 pov\u011bst\u00a0<span class=\"hps\">kvality a<\/span> <span class=\"hps\">spolehlivosti a dokazuje to t\u00edm<\/span><span class=\"hps\">,<\/span> <span class=\"hps\">\u017ee<\/span> Star <span class=\"hps\">mechanismy<\/span> <span class=\"hps\">byly pou\u017eity<\/span> <span class=\"hps\">v tis\u00edc\u00edch<\/span> <span class=\"hps\">aplikac\u00ed<\/span> <span class=\"hps\">po cel\u00e9m sv\u011bt\u011b<\/span> <span class=\"hps\">od<\/span> <span class=\"hps\">loteri\u00ed<\/span>\u00a0p\u0159es<span class=\"hps\">\u00a0mechanismy na autobusov\u00e9<\/span> <span class=\"hps\">j\u00edzdenky<\/span>\u00a0po <span class=\"hps\">ATM<\/span> <span class=\"hps\">bankomaty.<\/span><\/span><\/p>\n<p><span style=\"color: #0000ff;\"><span class=\"hps\">M\u00e1me flexibiln\u00ed<\/span> <span class=\"hps\">p\u0159\u00edstup k<\/span> <span class=\"hps\">pot\u0159eb\u00e1m trhu<\/span> <span class=\"hps\">OEM,<\/span><span class=\"hps\">\u00a0na\u0161e<\/span> <span class=\"hps\">zku\u0161enosti a technick\u00e1 podpora<\/span>\u00a0<span class=\"hps\">s<\/span> <span class=\"hps\">pre-<\/span> <span class=\"hps\">a<\/span> <span class=\"hps atn\">post-<\/span>instalacemi <span class=\"hps\">je na \u0161pi\u010dkov\u00e9 \u00farovni<\/span>. D\u00edky tomu pou\u017e\u00edv\u00e1 v\u00fdrobky Star mnoho sv\u011btov\u00fdch organizac\u00ed.<\/span><\/p>\n<p><span style=\"color: #0000ff;\"><strong>MP512MDIII-24-A \u2013 <\/strong>Mono verze<\/span><\/p>\n<p><span style=\"color: #0000ff;\"><strong>MP512N-240A \u2013 <\/strong>Deskov\u00e1 verze<\/span><\/p>\n<p>&nbsp;<\/p>\n<p><strong>\u00a0<span style=\"text-decoration: underline;\"><span style=\"color: #0000ff; text-decoration: underline;\">MP500<\/span><\/span><\/strong><\/p>\n<p><span style=\"color: #0000ff;\"><strong>Stru\u010dn\u00e1 specifikace<\/strong><\/span><\/p>\n<ul>\n<li><span style=\"color: #0000ff;\">vysoce kompaktn\u00ed mechanismus<\/span><\/li>\n<li><span style=\"color: #0000ff;\">pln\u00e1 grafick\u00e1 schopnost<\/span><\/li>\n<li><span style=\"color: #0000ff;\">senzory: konec pap\u00edru a black mark<\/span><\/li>\n<li><span style=\"color: #0000ff;\">nastaviteln\u00e1 \u0161\u00ed\u0159ka pap\u00edru od 58mm do 76mm<\/span><\/li>\n<li><span style=\"color: #0000ff;\">vysok\u00e1 rychlost<\/span><\/li>\n<\/ul>\n<p><span style=\"color: #0000ff;\"><strong>Popis tisk\u00e1rny<\/strong><\/span><\/p>\n<p><span style=\"color: #0000ff;\"><span style=\"font-family: 'Arial','sans-serif';\">MP500 je n\u00e1kladov\u011b efektivn\u00ed a spolehliv\u00e1 mechanika s\u00a0jehli\u010dkov\u00fdm tiskem a je pova\u017eov\u00e1na za jednu z\u00a0nejrychlej\u0161\u00edch. Tato \u0159ada kombinuje nejnov\u011bj\u0161\u00ed technologie logick\u00e9ho vyhled\u00e1v\u00e1n\u00ed tisku s\u00a0ultra-efektivn\u00edm kompaktn\u00edm designem pro dosa\u017een\u00ed vysok\u00e9 rychlosti tisku v\u00edce ne\u017e 4 \u0159\u00e1dky za sekundu. MP500 dopl\u0148uje ovl\u00e1dac\u00ed panel BD500. <\/span><span style=\"font-family: 'Arial','sans-serif';\">MP500 s\u00e9rie se zam\u011b\u0159uje na aplikace, jako jsou datov\u00e9 termin\u00e1ly, zku\u0161ebn\u00ed za\u0159\u00edzen\u00ed, parkovi\u0161t\u011b, v\u00fdb\u011br m\u00fdtn\u00e9ho a hern\u00ed za\u0159\u00edzen\u00ed. Nicm\u00e9n\u011b, s jej\u00edm v\u00fdkonem a p\u0159izp\u016fsobivost\u00ed m\u016f\u017ee b\u00fdt s\u00e9rie MP500 pou\u017eita v \u0161irok\u00e9 \u0161k\u00e1le aplikac\u00ed.<\/span><\/span><\/p>\n<p>&nbsp;<\/p>\n<p><span style=\"color: #0000ff;\">Podrobn\u00fd n\u00e1kres a podrobnou specifikaci naleznete<\/span><a href=\"http:\/\/www.starmicronics.com\/download\/marketing_materials\/english\/mp500_product_sheet.pdf\" target=\"_blank\"><span style=\"color: #000080; text-decoration: underline;\"> zde.<\/span><\/a><\/p>\n<p>&nbsp;<\/p>\n<div id='gallery-1' class='gallery galleryid-132 gallery-columns-3 gallery-size-medium'><figure class='gallery-item'>\n\t\t\t<div class='gallery-icon landscape'>\n\t\t\t\t<img loading=\"lazy\" decoding=\"async\" width=\"300\" height=\"274\" src=\"https:\/\/star.starmicronics.cz\/wp-content\/uploads\/2015\/04\/TMP900-300x274.jpg\" class=\"attachment-medium size-medium\" alt=\"\" aria-describedby=\"gallery-1-133\" srcset=\"https:\/\/star.starmicronics.cz\/wp-content\/uploads\/2015\/04\/TMP900-300x274.jpg 300w, https:\/\/star.starmicronics.cz\/wp-content\/uploads\/2015\/04\/TMP900-768x703.jpg 768w, https:\/\/star.starmicronics.cz\/wp-content\/uploads\/2015\/04\/TMP900-1024x937.jpg 1024w, https:\/\/star.starmicronics.cz\/wp-content\/uploads\/2015\/04\/TMP900.jpg 1233w\" sizes=\"auto, (max-width: 300px) 100vw, 300px\" \/>\n\t\t\t<\/div>\n\t\t\t\t<figcaption class='wp-caption-text gallery-caption' id='gallery-1-133'>\n\t\t\t\tTMP900 s\u00e9rie &#8211; Unik\u00e1tn\u00ed \u0161iroko\u00fahl\u00fd form\u00e1t (a\u017e 112 mm ), vysokorychlostn\u00ed tepeln\u00fd mechanismus s modul\u00e1rn\u00ed mo\u017enost\u00ed, v\u010detn\u011b ( 0,15 mm ) dr\u017e\u00e1ku na pap\u00edr, \u0159\u00eddic\u00ed desky a v\u00fdb\u011bru rozhran\u00ed . V\u0161estrann\u00e1 a n\u00e1kladov\u011b efektivn\u00ed s\u00e9rie, ani\u017e by byla ohro\u017eena spolehlivost &#8211; ide\u00e1ln\u00ed pro bezobslu\u017en\u00fd provoz na ve\u0159ejn\u00fdch m\u00edstech v po\u010dtu cestuj\u00edc\u00edch , hran\u00ed her , loteri\u00ed , internetov\u00fdch kiosk\u016f atd \n\t\t\t\t<\/figcaption><\/figure><figure class='gallery-item'>\n\t\t\t<div class='gallery-icon landscape'>\n\t\t\t\t<img loading=\"lazy\" decoding=\"async\" width=\"300\" height=\"274\" src=\"https:\/\/star.starmicronics.cz\/wp-content\/uploads\/2015\/04\/TMP500-300x274.jpg\" class=\"attachment-medium size-medium\" alt=\"\" aria-describedby=\"gallery-1-134\" srcset=\"https:\/\/star.starmicronics.cz\/wp-content\/uploads\/2015\/04\/TMP500-300x274.jpg 300w, https:\/\/star.starmicronics.cz\/wp-content\/uploads\/2015\/04\/TMP500-768x703.jpg 768w, https:\/\/star.starmicronics.cz\/wp-content\/uploads\/2015\/04\/TMP500-1024x937.jpg 1024w, https:\/\/star.starmicronics.cz\/wp-content\/uploads\/2015\/04\/TMP500.jpg 1233w\" sizes=\"auto, (max-width: 300px) 100vw, 300px\" \/>\n\t\t\t<\/div>\n\t\t\t\t<figcaption class='wp-caption-text gallery-caption' id='gallery-1-134'>\n\t\t\t\tTMP500 s\u00e9rie &#8211; 80mm vysokorychlostn\u00ed tepeln\u00fd mechanismus  s modul\u00e1rn\u00ed mo\u017enost\u00ed, v\u010detn\u011b ( 0,15 mm ) dr\u017e\u00e1ku na pap\u00edr, \u0159\u00eddic\u00ed desky a v\u00fdb\u011bru rozhran\u00ed . V\u0161estrann\u00e1 a n\u00e1kladov\u011b efektivn\u00ed s\u00e9rie, ani\u017e by byla ohro\u017eena spolehlivost &#8211; ide\u00e1ln\u00ed pro bezobslu\u017en\u00fd provoz na ve\u0159ejn\u00fdch m\u00edstech v po\u010dtu cestuj\u00edc\u00edch , hran\u00ed her , loteri\u00ed , internetov\u00fdch kiosk\u016f atd  \n\t\t\t\t<\/figcaption><\/figure><figure class='gallery-item'>\n\t\t\t<div class='gallery-icon landscape'>\n\t\t\t\t<img loading=\"lazy\" decoding=\"async\" width=\"300\" height=\"274\" src=\"https:\/\/star.starmicronics.cz\/wp-content\/uploads\/2015\/04\/MP500-300x274.jpg\" class=\"attachment-medium size-medium\" alt=\"\" aria-describedby=\"gallery-1-135\" srcset=\"https:\/\/star.starmicronics.cz\/wp-content\/uploads\/2015\/04\/MP500-300x274.jpg 300w, https:\/\/star.starmicronics.cz\/wp-content\/uploads\/2015\/04\/MP500-768x703.jpg 768w, https:\/\/star.starmicronics.cz\/wp-content\/uploads\/2015\/04\/MP500-1024x937.jpg 1024w, https:\/\/star.starmicronics.cz\/wp-content\/uploads\/2015\/04\/MP500.jpg 1233w\" sizes=\"auto, (max-width: 300px) 100vw, 300px\" \/>\n\t\t\t<\/div>\n\t\t\t\t<figcaption class='wp-caption-text gallery-caption' id='gallery-1-135'>\n\t\t\t\tMP500 s\u00e9rie &#8211; Vysok\u00fd v\u00fdkon , 9 &#8211; pin dot matrix mechanismus s kompletn\u00edmi grafick\u00fdmi mo\u017enostmi, schopen tisknout 4 \u0159\u00e1dky za sekundu na 76 \/ 58 mm \u0161\u00ed\u0159ky pap\u00edru \n\t\t\t\t<\/figcaption><\/figure>\n\t\t<\/div>\n\n<p><strong>\u00a0<\/strong><\/p>\n","protected":false},"excerpt":{"rendered":"<p>Dopad a tepeln\u00e9 OEM mechanismy tisk\u00e1rny<\/p>\n","protected":false},"author":1,"featured_media":1047,"parent":103,"menu_order":0,"comment_status":"closed","ping_status":"open","template":"","meta":{"footnotes":"","_links_to":"","_links_to_target":""},"class_list":["post-132","page","type-page","status-publish","has-post-thumbnail","hentry"],"_links":{"self":[{"href":"https:\/\/star.starmicronics.cz\/index.php?rest_route=\/wp\/v2\/pages\/132","targetHints":{"allow":["GET"]}}],"collection":[{"href":"https:\/\/star.starmicronics.cz\/index.php?rest_route=\/wp\/v2\/pages"}],"about":[{"href":"https:\/\/star.starmicronics.cz\/index.php?rest_route=\/wp\/v2\/types\/page"}],"author":[{"embeddable":true,"href":"https:\/\/star.starmicronics.cz\/index.php?rest_route=\/wp\/v2\/users\/1"}],"replies":[{"embeddable":true,"href":"https:\/\/star.starmicronics.cz\/index.php?rest_route=%2Fwp%2Fv2%2Fcomments&post=132"}],"version-history":[{"count":3,"href":"https:\/\/star.starmicronics.cz\/index.php?rest_route=\/wp\/v2\/pages\/132\/revisions"}],"predecessor-version":[{"id":1595,"href":"https:\/\/star.starmicronics.cz\/index.php?rest_route=\/wp\/v2\/pages\/132\/revisions\/1595"}],"up":[{"embeddable":true,"href":"https:\/\/star.starmicronics.cz\/index.php?rest_route=\/wp\/v2\/pages\/103"}],"wp:featuredmedia":[{"embeddable":true,"href":"https:\/\/star.starmicronics.cz\/index.php?rest_route=\/wp\/v2\/media\/1047"}],"wp:attachment":[{"href":"https:\/\/star.starmicronics.cz\/index.php?rest_route=%2Fwp%2Fv2%2Fmedia&parent=132"}],"curies":[{"name":"wp","href":"https:\/\/api.w.org\/{rel}","templated":true}]}}