{"id":1287,"date":"2015-05-21T08:52:31","date_gmt":"2015-05-21T07:52:31","guid":{"rendered":"http:\/\/star.starmicronics.cz\/?page_id=1287"},"modified":"2016-05-15T21:43:02","modified_gmt":"2016-05-15T20:43:02","slug":"sm-l200","status":"publish","type":"page","link":"https:\/\/star.starmicronics.cz\/?page_id=1287","title":{"rendered":"SM-L200"},"content":{"rendered":"<figure id=\"attachment_1290\" aria-describedby=\"caption-attachment-1290\" style=\"width: 150px\" class=\"wp-caption alignleft\"><a href=\"http:\/\/star.starmicronics.cz\/wp-content\/uploads\/2015\/05\/thumbs_SML200_side-e1432193079330.jpg\" rel=\"lightbox[1287]\"><img loading=\"lazy\" decoding=\"async\" class=\"size-full wp-image-1290\" src=\"http:\/\/star.starmicronics.cz\/wp-content\/uploads\/2015\/05\/thumbs_SML200_side-e1432193079330.jpg\" alt=\"SM-L200\" width=\"150\" height=\"150\" \/><\/a><figcaption id=\"caption-attachment-1290\" class=\"wp-caption-text\">SM-L200<\/figcaption><\/figure>\n<p><span class=\"hps\">SM<\/span><span class=\"atn\">&#8211;<\/span>L200 <span class=\"hps\">Bluetooth<\/span> <span class=\"hps\">\/<\/span> <span class=\"hps\">BLE<\/span> mobiln\u00ed tisk\u00e1rna<\/p>\n<p><span class=\"hps\">Kompatibiln\u00ed<\/span> <span class=\"hps\">s mobiln\u00edmi za\u0159\u00edzen\u00edmi<\/span> <span class=\"hps\">podporuj\u00edc\u00edmi<\/span> <span class=\"hps\">Bluetooth<\/span> <span class=\"hps\">4.0<\/span><\/p>\n<p>&nbsp;<\/p>\n<p><strong><span class=\"hps\">Nov\u00e1 generace<\/span> <span class=\"hps\">Bluetooth<\/span> <span class=\"hps\">\/<\/span> <span class=\"hps\">BLE<\/span> <span class=\"hps\">58mm<\/span> <span class=\"hps\">mobiln\u00ed<\/span> tisk\u00e1rny \u0161t\u00edtk\u016f a \u00fa\u010dtenek, kter\u00e1 je<span class=\"hps\"> rychl\u00e1<\/span>, <span class=\"hps\">n\u00edzkon\u00e1kladov\u00e1 a kompatibiln\u00ed s <\/span><span class=\"hps\">Apple<\/span> <span class=\"hps\">iOS<\/span>, <span class=\"hps\">Android<\/span>, Linux <span class=\"hps\">a<\/span> <span class=\"hps\">Windows<\/span><\/strong><\/p>\n<p>Mobiln\u00ed <span class=\"hps\">tisk\u00e1rna \u00fa\u010dtenek a \u0161t\u00edtk\u016f<\/span> <span class=\"hps\">SM<\/span><span class=\"atn\">&#8211;<\/span>L200 <span class=\"hps\">Bluetooth<\/span> <span class=\"hps\">je navr\u017eena speci\u00e1ln\u011b<\/span> <span class=\"hps\">pro<\/span> zlep\u0161en\u00ed <span class=\"hps\">mobiln\u00edho<\/span> <span class=\"hps\">POS<\/span> <span class=\"hps atn\">(<\/span>MPOS) trhu. <span class=\"hps\">Toto<\/span> <span class=\"hps\">mobiln\u00ed \u0159e\u0161en\u00ed<\/span> <span class=\"hps\">je navr\u017eeno tak,<\/span> <span class=\"hps\">aby bylo jednoduch\u00e9<\/span> <span class=\"hps\">a<\/span> k p\u0159ipojen\u00ed nebylo pot\u0159eba <span class=\"hps\">tradi\u010dn\u00edho<\/span> <span class=\"hps\">p\u00e1rov\u00e1n\u00ed<\/span>. Jednoduch\u00e9 <span class=\"hps atn\">&#8222;<\/span>Drop<span class=\"atn\">&#8211;<\/span>In &amp; <span class=\"hps\">Print<\/span>&#8220; <span class=\"hps\">vkl\u00e1d\u00e1n\u00ed pap\u00edru<\/span>, <span class=\"hps\">a\u0165 u\u017e na<\/span> <span class=\"hps\">p\u0159ep\u00e1\u017ece<\/span> <span class=\"hps\">nebo<\/span> <span class=\"hps\">na opasku<\/span>, <span class=\"hps\">spole\u010dn\u011b s<\/span> <span class=\"hps\">dlouhodobou<\/span> <span class=\"hps\">\u017eivotnost\u00ed baterie &#8211;<\/span>\u00a0<span class=\"hps\">13 hodin<\/span> <span class=\"hps\">a<\/span> <span class=\"hps\">automatick\u00fdm<\/span> <span class=\"hps\">re\u017eimem<\/span> <span class=\"hps\">sp\u00e1nku<\/span> <span class=\"hps\">pro<\/span> <span class=\"hps\">del\u0161\u00ed<\/span> <span class=\"hps\">\u017eivotnost baterie. To<\/span>\u00a0<span class=\"hps\">v\u0161e<\/span> do<span class=\"hps\">pom\u00e1h\u00e1<\/span> <span class=\"hps\">k<\/span> <span class=\"hps\">bezprobl\u00e9mov\u00e9<\/span> <span class=\"hps\">POS<\/span> <span class=\"hps\">transakci.<\/span><\/p>\n<p><strong>Vlastnosti:<\/strong><\/p>\n<ul>\n<li>pap\u00edr 58 mm a rychlost tisku 30 mm\/sec.<\/li>\n<li>1,2 m odolnost v\u016f\u010di p\u00e1du<\/li>\n<li>\u017eivotnost baterie &#8211; 13 hodin p\u0159i 5 min. intervalech tisku<\/li>\n<li>konektivita iOS, Android, Windows<\/li>\n<li>standardn\u00ed 1 a 2D podpora \u010d\u00e1rov\u00fdch k\u00f3d\u016f<\/li>\n<li>vysok\u00e1 spolehlivost 37 mil. \u0159\u00e1dk\u016f a \u017eivotnost hlavy 50 km<\/li>\n<li>mod\u0159e podsv\u00edcen\u00fd LCD displej<\/li>\n<li>nab\u00edjen\u00ed pomoc\u00ed USB<\/li>\n<\/ul>\n<p><strong>Ke sta\u017een\u00ed:<\/strong><\/p>\n<ul>\n<li><a href=\"http:\/\/star.starmicronics.cz\/?page_id=498\" target=\"_blank\">Produktov\u00e1 bro\u017eura<\/a><\/li>\n<li>Manual, SDK (link to <a href=\"http:\/\/www.starmicronics.com\/support\">www.starmicronics.com\/support<\/a>)<\/li>\n<li><a href=\"http:\/\/star.starmicronics.cz\/?page_id=579\">Galerie obr\u00e1zk\u016f<\/a><\/li>\n<li><a href=\"https:\/\/www.youtube.com\/user\/starposprinters\" target=\"_blank\">Video galerie<\/a><\/li>\n<li><a href=\"http:\/\/star.starmicronics.cz\/?page_id=518\">Na\u0161i z\u00e1kazn\u00edci<\/a><\/li>\n<\/ul>\n<p><a href=\"http:\/\/star.starmicronics.cz\/wp-content\/uploads\/2015\/04\/appstore_googleplay.jpg\" rel=\"lightbox[1287]\"><img loading=\"lazy\" decoding=\"async\" class=\"alignnone wp-image-347\" src=\"http:\/\/star.starmicronics.cz\/wp-content\/uploads\/2015\/04\/appstore_googleplay-300x220.jpg\" alt=\"appstore_googleplay\" width=\"136\" height=\"100\" srcset=\"https:\/\/star.starmicronics.cz\/wp-content\/uploads\/2015\/04\/appstore_googleplay-300x220.jpg 300w, https:\/\/star.starmicronics.cz\/wp-content\/uploads\/2015\/04\/appstore_googleplay-135x100.jpg 135w, https:\/\/star.starmicronics.cz\/wp-content\/uploads\/2015\/04\/appstore_googleplay.jpg 425w\" sizes=\"auto, (max-width: 136px) 100vw, 136px\" \/><\/a><\/p>\n<p><strong>Specifikace<\/strong><\/p>\n<table style=\"height: 1207px;\" width=\"693\">\n<tbody>\n<tr>\n<td width=\"46%\">Rychlost tisku<\/td>\n<td width=\"53%\">35mm\/sec.<\/td>\n<\/tr>\n<tr>\n<td width=\"46%\">Rozli\u0161en\u00ed tisku<\/td>\n<td width=\"53%\">203 dpi<\/td>\n<\/tr>\n<tr>\n<td width=\"46%\">Po\u010det sloupc\u016f<\/td>\n<td width=\"53%\">42 sl.<\/td>\n<\/tr>\n<tr>\n<td width=\"46%\">Automatick\u00e1 \u0159eza\u010dka<\/td>\n<td width=\"53%\">Odtrhovac\u00ed li\u0161ta<\/td>\n<\/tr>\n<tr>\n<td width=\"46%\">\u0160\u00ed\u0159ka pap\u00edru<\/td>\n<td width=\"53%\">58mm<\/td>\n<\/tr>\n<tr>\n<td width=\"46%\">Tlou\u0161\u0165ka<\/td>\n<td width=\"53%\">0.12mm max<\/td>\n<\/tr>\n<tr>\n<td width=\"46%\">Role pap\u00edru (pr\u016fm\u011br)<\/td>\n<td width=\"53%\">40mm (\u00fa\u010dtenek nebo \u0161t\u00edtk\u016f)<\/td>\n<\/tr>\n<tr>\n<td width=\"46%\">P\u0159\u00edslu\u0161enstv\u00ed<\/td>\n<td width=\"53%\"><span class=\"hps\">Horizont\u00e1ln\u00ed<\/span> <span class=\"hps\">nebo vertik\u00e1ln\u00ed stojan<\/span>\u00a0<span class=\"hps\">s<\/span> <span class=\"hps\">p\u00e1sov\u00fdm<\/span> <span class=\"hps\">popruhem<\/span><\/td>\n<\/tr>\n<tr>\n<td width=\"46%\">\u0160\u00ed\u0159ka tisku<\/td>\n<td width=\"53%\">48mm<\/td>\n<\/tr>\n<tr>\n<td width=\"46%\">Senzory<\/td>\n<td width=\"53%\">Otev\u0159en\u00fd kryt, zaseknut\u00ed pap\u00edru<\/td>\n<\/tr>\n<tr>\n<td width=\"46%\">Konektivita<\/td>\n<td width=\"53%\">USB, Bluetooth 3.0 (SPP) , 4.0 (BLE iOS)<\/td>\n<\/tr>\n<tr>\n<td width=\"46%\">Odolnost v\u016f\u010di p\u00e1du<\/td>\n<td width=\"53%\">1.2m<\/td>\n<\/tr>\n<tr>\n<td width=\"46%\">Nap\u00e1jec\u00ed zdroj<\/td>\n<td width=\"53%\">DC3.7V Lithium-Ion Baterie 1700mAh.\u00a0 5V USB nab\u00edjen\u00ed<\/td>\n<\/tr>\n<tr>\n<td width=\"46%\">Nap\u00e1jen\u00ed\/\u017eivotnost baterie<\/td>\n<td width=\"53%\">13<span class=\"hps\"> hodinov\u00fd<\/span> <span class=\"hps\">tisk<\/span> <span class=\"hps\">v 5<\/span> <span class=\"hps\">minutov\u00fdch intervalech<\/span><\/td>\n<\/tr>\n<tr>\n<td width=\"46%\">Spolehlivost<\/td>\n<td width=\"53%\">50km (37 mil. \u0159\u00e1dk\u016f MCBF)<\/td>\n<\/tr>\n<tr>\n<td width=\"46%\">Rozm\u011bry (\u0161 x h x v)mm a v\u00e1ha<\/td>\n<td width=\"53%\">83 x 122.5 x 44 mm, 220 g s bateri\u00ed<\/td>\n<\/tr>\n<tr>\n<td width=\"46%\">V cen\u011b p\u0159i n\u00e1kupu<\/td>\n<td width=\"53%\">\n<ul>\n<li>N\u00e1hradn\u00ed baterie<\/li>\n<li><span class=\"hps\">Vzorek<\/span> role pap\u00edru<\/li>\n<li><span class=\"hps\">Spona na opasek<\/span><\/li>\n<li><span class=\"hps\">USB<\/span> <span class=\"hps\">kabel<\/span><\/li>\n<\/ul>\n<\/td>\n<\/tr>\n<tr>\n<td width=\"46%\">Dopl\u0148kov\u00e9 funkce<\/td>\n<td width=\"53%\">\n<ul>\n<li>Extra baterie<\/li>\n<li>Stoln\u00ed nab\u00edje\u010dka<\/li>\n<\/ul>\n<\/td>\n<\/tr>\n<\/tbody>\n<\/table>\n<p>&nbsp;<\/p>\n<p><strong>Galerie<\/strong><\/p>\n<div id='gallery-1' class='gallery galleryid-1287 gallery-columns-3 gallery-size-full'><figure class='gallery-item'>\n\t\t\t<div class='gallery-icon landscape'>\n\t\t\t\t<a href='https:\/\/star.starmicronics.cz\/wp-content\/uploads\/2015\/05\/thumbs_SML200_front-e1432193052746.jpg' rel=\"lightbox[1287]\"><img loading=\"lazy\" decoding=\"async\" width=\"150\" height=\"150\" src=\"https:\/\/star.starmicronics.cz\/wp-content\/uploads\/2015\/05\/thumbs_SML200_front-e1432193052746.jpg\" class=\"attachment-full size-full\" alt=\"\" aria-describedby=\"gallery-1-1289\" \/><\/a>\n\t\t\t<\/div>\n\t\t\t\t<figcaption class='wp-caption-text gallery-caption' id='gallery-1-1289'>\n\t\t\t\tSM-L200\n\t\t\t\t<\/figcaption><\/figure><figure class='gallery-item'>\n\t\t\t<div class='gallery-icon landscape'>\n\t\t\t\t<a href='https:\/\/star.starmicronics.cz\/wp-content\/uploads\/2015\/05\/thumbs_SML200_side-e1432193079330.jpg' rel=\"lightbox[1287]\"><img loading=\"lazy\" decoding=\"async\" width=\"150\" height=\"150\" src=\"https:\/\/star.starmicronics.cz\/wp-content\/uploads\/2015\/05\/thumbs_SML200_side-e1432193079330.jpg\" class=\"attachment-full size-full\" alt=\"\" aria-describedby=\"gallery-1-1290\" \/><\/a>\n\t\t\t<\/div>\n\t\t\t\t<figcaption class='wp-caption-text gallery-caption' id='gallery-1-1290'>\n\t\t\t\tSM-L200\n\t\t\t\t<\/figcaption><\/figure><figure class='gallery-item'>\n\t\t\t<div class='gallery-icon landscape'>\n\t\t\t\t<a href='https:\/\/star.starmicronics.cz\/wp-content\/uploads\/2015\/05\/thumbs_SML200_battery-e1432193096656.jpg' rel=\"lightbox[1287]\"><img loading=\"lazy\" decoding=\"async\" width=\"150\" height=\"150\" src=\"https:\/\/star.starmicronics.cz\/wp-content\/uploads\/2015\/05\/thumbs_SML200_battery-e1432193096656.jpg\" class=\"attachment-full size-full\" alt=\"\" aria-describedby=\"gallery-1-1291\" \/><\/a>\n\t\t\t<\/div>\n\t\t\t\t<figcaption class='wp-caption-text gallery-caption' id='gallery-1-1291'>\n\t\t\t\tSM-L200 baterie\n\t\t\t\t<\/figcaption><\/figure>\n\t\t<\/div>\n\n<p>&nbsp;<\/p>\n<p><strong>Souvisej\u00edc\u00ed produkty<\/strong><\/p>\n","protected":false},"excerpt":{"rendered":"<p>SM&#8211;L200 Bluetooth \/ BLE mobiln\u00ed tisk\u00e1rna Kompatibiln\u00ed s mobiln\u00edmi za\u0159\u00edzen\u00edmi podporuj\u00edc\u00edmi Bluetooth 4.0 &nbsp; Nov\u00e1 generace Bluetooth \/ BLE 58mm mobiln\u00ed tisk\u00e1rny \u0161t\u00edtk\u016f a \u00fa\u010dtenek, kter\u00e1 je rychl\u00e1, n\u00edzkon\u00e1kladov\u00e1 a kompatibiln\u00ed s Apple iOS, Android, Linux a Windows Mobiln\u00ed tisk\u00e1rna \u00fa\u010dtenek a \u0161t\u00edtk\u016f SM&#8211;L200 Bluetooth je navr\u017eena speci\u00e1ln\u011b pro zlep\u0161en\u00ed mobiln\u00edho POS (MPOS) trhu. Toto [&hellip;]<\/p>\n","protected":false},"author":1,"featured_media":1289,"parent":0,"menu_order":0,"comment_status":"closed","ping_status":"open","template":"","meta":{"footnotes":"","_links_to":"","_links_to_target":""},"class_list":["post-1287","page","type-page","status-publish","has-post-thumbnail","hentry"],"_links":{"self":[{"href":"https:\/\/star.starmicronics.cz\/index.php?rest_route=\/wp\/v2\/pages\/1287","targetHints":{"allow":["GET"]}}],"collection":[{"href":"https:\/\/star.starmicronics.cz\/index.php?rest_route=\/wp\/v2\/pages"}],"about":[{"href":"https:\/\/star.starmicronics.cz\/index.php?rest_route=\/wp\/v2\/types\/page"}],"author":[{"embeddable":true,"href":"https:\/\/star.starmicronics.cz\/index.php?rest_route=\/wp\/v2\/users\/1"}],"replies":[{"embeddable":true,"href":"https:\/\/star.starmicronics.cz\/index.php?rest_route=%2Fwp%2Fv2%2Fcomments&post=1287"}],"version-history":[{"count":2,"href":"https:\/\/star.starmicronics.cz\/index.php?rest_route=\/wp\/v2\/pages\/1287\/revisions"}],"predecessor-version":[{"id":1624,"href":"https:\/\/star.starmicronics.cz\/index.php?rest_route=\/wp\/v2\/pages\/1287\/revisions\/1624"}],"wp:featuredmedia":[{"embeddable":true,"href":"https:\/\/star.starmicronics.cz\/index.php?rest_route=\/wp\/v2\/media\/1289"}],"wp:attachment":[{"href":"https:\/\/star.starmicronics.cz\/index.php?rest_route=%2Fwp%2Fv2%2Fmedia&parent=1287"}],"curies":[{"name":"wp","href":"https:\/\/api.w.org\/{rel}","templated":true}]}}