{"id":1270,"date":"2015-05-20T15:27:03","date_gmt":"2015-05-20T14:27:03","guid":{"rendered":"http:\/\/star.starmicronics.cz\/?page_id=1270"},"modified":"2016-05-15T21:45:35","modified_gmt":"2016-05-15T20:45:35","slug":"sm-s230i","status":"publish","type":"page","link":"https:\/\/star.starmicronics.cz\/?page_id=1270","title":{"rendered":"SM-S230i"},"content":{"rendered":"<p><a href=\"http:\/\/star.starmicronics.cz\/wp-content\/uploads\/2015\/05\/thumbs_SMS230i_side.jpg\" rel=\"lightbox[1270]\"><img loading=\"lazy\" decoding=\"async\" class=\"alignleft wp-image-1273\" src=\"http:\/\/star.starmicronics.cz\/wp-content\/uploads\/2015\/05\/thumbs_SMS230i_side.jpg\" alt=\"thumbs_SMS230i_side\" width=\"169\" height=\"169\" \/><\/a>SM-S230i Bluetooth<\/p>\n<p>&nbsp;<\/p>\n<p><strong>Nov\u00e1 generace kompaktn\u00ed mobiln\u00ed Bluetooth tisk\u00e1rny \u00fa\u010dtenek s automatick\u00fdm p\u00e1rov\u00e1n\u00edm<\/strong><\/p>\n<p><span id=\"result_box\" lang=\"cs\"><span class=\"hps\">58 mm<\/span> <span class=\"hps\">\/<\/span> <span class=\"hps atn\">2 &#8222;<\/span>Mobiln\u00ed <span class=\"hps\">Bluetooth<\/span> <span class=\"hps\">tisk\u00e1rna \u00fa\u010dtenek<\/span> <span class=\"hps\">schopn\u00e1 <\/span><span class=\"hps\">p\u00e1rov\u00e1n\u00ed<\/span> <span class=\"hps\">p\u0159\u00edmo<\/span> <span class=\"hps\">s<\/span> <span class=\"hps\">Apple<\/span> <span class=\"hps\">iPad\u00ae<\/span>, <span class=\"hps\">iPhone\u00ae<\/span> <span class=\"hps\">a iPod<\/span> <span class=\"hps\">touch\u00ae<\/span> <span class=\"hps\">nebo jak\u00fdmkoliv<\/span>\u00a0<span class=\"hps\">za\u0159\u00edzen\u00edm, kter\u00e9<\/span> <span class=\"hps\">podporuje<\/span> <span class=\"hps\">SPP<\/span> <span class=\"hps\">p\u0159es Bluetooth<\/span> <span class=\"hps atn\">(<\/span>Android <span class=\"hps\">\u2122<\/span>, <span class=\"hps\">Windows<\/span> <span class=\"hps\">\u2122<\/span>, <span class=\"hps\">Linux<\/span> <span class=\"hps\">\u2122<\/span>). <span class=\"hps\">MFi certifik\u00e1t<\/span>, <span class=\"hps atn\">SM-<\/span>S230i <span class=\"hps\">nab\u00edz\u00ed<\/span> <span class=\"hps\">automatick\u00e9 spojen\u00ed<\/span> <span class=\"hps\">Bluetooth<\/span> <span class=\"hps\">s<\/span> <span class=\"hps\">d\u0159\u00edve<\/span> <span class=\"hps\">sp\u00e1rovan\u00fdm<\/span> <span class=\"hps\">iPadem<\/span> <span class=\"hps\">nebo<\/span> <span class=\"hps\">iPhonem<\/span>, <span class=\"hps\">tak\u017ee je ide\u00e1ln\u00ed<\/span> <span class=\"hps\">pro ka\u017edodenn\u00ed<\/span> <span class=\"hps\">pou\u017eit\u00ed v<\/span> <span class=\"hps\">ru\u0161n\u00fdch<\/span> <span class=\"hps\">prost\u0159ed\u00edch<\/span>\u00a0&#8211; <span class=\"hps\">v<\/span> <span class=\"hps\">maloobchodu<\/span> <span class=\"hps\">a<\/span> <span class=\"hps\">pohostinstv\u00ed<\/span>. Jednoduch\u00e9 <span class=\"hps atn\">&#8222;<\/span>Drop<span class=\"atn\">&#8211;<\/span>In &amp; <span class=\"hps\">Print<\/span>&#8220; <span class=\"hps\">vkl\u00e1d\u00e1n\u00ed pap\u00edru<\/span>, <span class=\"hps\">a\u0165 u\u017e na<\/span> <span class=\"hps\">p\u0159ep\u00e1\u017ece<\/span> <span class=\"hps\">nebo<\/span> <span class=\"hps\">na opasku<\/span>, <span class=\"hps\">spole\u010dn\u011b s<\/span> <span class=\"hps\">dlouhodobou<\/span> <span class=\"hps\">\u017eivotnost\u00ed baterie &#8211;<\/span>\u00a0<span class=\"hps\">13 hodin<\/span> <span class=\"hps\">a<\/span> <span class=\"hps\">automatick\u00fdm<\/span> <span class=\"hps\">re\u017eimem<\/span> <span class=\"hps\">sp\u00e1nku<\/span> <span class=\"hps\">pro<\/span> <span class=\"hps\">del\u0161\u00ed<\/span> <span class=\"hps\">\u017eivotnost baterie. To<\/span>\u00a0<span class=\"hps\">v\u0161e<\/span> do<span class=\"hps\">pom\u00e1h\u00e1<\/span> <span class=\"hps\">k<\/span> <span class=\"hps\">bezprobl\u00e9mov\u00e9<\/span> <span class=\"hps\">POS<\/span> <span class=\"hps\">transakci.<\/span><\/span><\/p>\n<p><strong>Vlastnosti:<\/strong><\/p>\n<div data-canvas-width=\"318.23866666666663\">\n<ul>\n<li>\n<div data-canvas-width=\"318.23866666666663\">pap\u00edr 58 mm a rychlost tisku 80 mm\/sec.<\/div>\n<\/li>\n<li>\n<div data-canvas-width=\"331.30533333333324\">\u00a01,5 m odolnost v\u016f\u010di p\u00e1du<\/div>\n<\/li>\n<li>\n<div data-canvas-width=\"289.38485333333324\">\u017eivotnost baterie &#8211; 13 hodin p\u0159i 5 min. intervalech tisku<\/div>\n<\/li>\n<li>\n<div data-canvas-width=\"340.6728266666666\">Auto konektivita iOS, Android, Windows, Linux<\/div>\n<\/li>\n<li>standardn\u00ed 1 a 2D podpora \u010d\u00e1rov\u00fdch k\u00f3d\u016f<\/li>\n<li>\n<div data-canvas-width=\"339.22373333333314\"><span class=\"hps\">vysok\u00e1 spolehlivost 37 mil. \u0159\u00e1dk\u016f a \u017eivotnost hlavy 50 km<\/span><\/div>\n<\/li>\n<li>\n<div data-canvas-width=\"339.22373333333314\"><span style=\"font-family: Calibri;\">nab\u00edjen\u00ed pomoc\u00ed s\u00ed\u0165ov\u00e9ho zdroje<\/span><\/div>\n<\/li>\n<\/ul>\n<\/div>\n<p><strong>Ke sta\u017een\u00ed:<\/strong><\/p>\n<ul>\n<li><a href=\"http:\/\/star.starmicronics.cz\/?page_id=498\" target=\"_blank\">Produktov\u00e1 bro\u017eura<\/a><\/li>\n<li>Manual, SDK (link to <a href=\"http:\/\/www.starmicronics.com\/support\">www.starmicronics.com\/support<\/a>)<\/li>\n<li><a href=\"http:\/\/star.starmicronics.cz\/?page_id=579\">Galerie obr\u00e1zk\u016f<\/a><\/li>\n<li><a href=\"https:\/\/www.youtube.com\/user\/starposprinters\" target=\"_blank\">Video galerie<\/a><\/li>\n<li><a href=\"http:\/\/star.starmicronics.cz\/?page_id=518\">Na\u0161i z\u00e1kazn\u00edci<\/a><\/li>\n<\/ul>\n<p><a href=\"http:\/\/star.starmicronics.cz\/wp-content\/uploads\/2015\/04\/appstore_googleplay.jpg\" rel=\"lightbox[1270]\"><img loading=\"lazy\" decoding=\"async\" class=\"alignnone wp-image-347\" src=\"http:\/\/star.starmicronics.cz\/wp-content\/uploads\/2015\/04\/appstore_googleplay-300x220.jpg\" alt=\"appstore_googleplay\" width=\"136\" height=\"100\" srcset=\"https:\/\/star.starmicronics.cz\/wp-content\/uploads\/2015\/04\/appstore_googleplay-300x220.jpg 300w, https:\/\/star.starmicronics.cz\/wp-content\/uploads\/2015\/04\/appstore_googleplay-135x100.jpg 135w, https:\/\/star.starmicronics.cz\/wp-content\/uploads\/2015\/04\/appstore_googleplay.jpg 425w\" sizes=\"auto, (max-width: 136px) 100vw, 136px\" \/><\/a><\/p>\n<p><strong>Specifikace<\/strong><\/p>\n<table style=\"height: 1230px;\" width=\"563\">\n<tbody>\n<tr>\n<td width=\"48%\">Rychlost tisku<\/td>\n<td width=\"51%\">80mm\/sec.<\/td>\n<\/tr>\n<tr>\n<td width=\"48%\">Rozli\u0161en\u00ed tisku<\/td>\n<td width=\"51%\">203 dpi<\/td>\n<\/tr>\n<tr>\n<td width=\"48%\">Po\u010det sloupc\u016f<\/td>\n<td width=\"51%\">42 sl.<\/td>\n<\/tr>\n<tr>\n<td width=\"48%\">Automatick\u00e1 \u0159eza\u010dka<\/td>\n<td width=\"51%\">Odtrhovac\u00ed li\u0161ta<\/td>\n<\/tr>\n<tr>\n<td width=\"48%\">\u0160\u00ed\u0159ka pap\u00edru<\/td>\n<td width=\"51%\">58mm<\/td>\n<\/tr>\n<tr>\n<td width=\"48%\">Tlou\u0161\u0165ka<\/td>\n<td width=\"51%\">0.060 \u2013 0.070mm<\/td>\n<\/tr>\n<tr>\n<td width=\"48%\">Role pap\u00edru (pr\u016fm\u011br)<\/td>\n<td width=\"51%\">40mm<\/td>\n<\/tr>\n<tr>\n<td width=\"48%\">P\u0159\u00edslu\u0161enstv\u00ed<\/td>\n<td width=\"51%\"><span class=\"hps\">Horizont\u00e1ln\u00ed<\/span> <span class=\"hps\">nebo vertik\u00e1ln\u00ed stojan<\/span>\u00a0<span class=\"hps\">s<\/span> <span class=\"hps\">p\u00e1sov\u00fdm<\/span> <span class=\"hps\">popruhem<\/span><\/td>\n<\/tr>\n<tr>\n<td width=\"48%\">\u0160\u00ed\u0159ka tisku<\/td>\n<td width=\"51%\">48mm<\/td>\n<\/tr>\n<tr>\n<td width=\"48%\">Senzory<\/td>\n<td width=\"51%\">Bluetooth (2.1), iOS (MFi), Seri\u00e1l (kabel je sou\u010d\u00e1st\u00ed balen\u00ed)<\/td>\n<\/tr>\n<tr>\n<td width=\"48%\">Konektivita<\/td>\n<td width=\"51%\">USB, BT 2.1 (SPP a MFi\/iOS)<\/td>\n<\/tr>\n<tr>\n<td width=\"48%\">Odolnost v\u016f\u010di p\u00e1du<\/td>\n<td width=\"51%\">1.5m<\/td>\n<\/tr>\n<tr>\n<td width=\"48%\">Nap\u00e1jec\u00ed zdroj<\/td>\n<td width=\"51%\">DC7.4V Lithium-Ion Baterie 1100mAh<\/td>\n<\/tr>\n<tr>\n<td width=\"48%\">Nap\u00e1jen\u00ed\/\u017eivotnost baterie<\/td>\n<td width=\"51%\">\u00a013<span class=\"hps\"> hodinov\u00fd<\/span> <span class=\"hps\">tisk<\/span> <span class=\"hps\">v 5<\/span> <span class=\"hps\">minutov\u00fdch intervalech<\/span><\/td>\n<\/tr>\n<tr>\n<td width=\"48%\">Spolehlivost<\/td>\n<td width=\"51%\">50km (37 mil. \u0159\u00e1dk\u016f MCBF)<\/td>\n<\/tr>\n<tr>\n<td width=\"48%\">Rozm\u011bry (\u0161 x h x v)mm a v\u00e1ha<\/td>\n<td width=\"51%\">80\u00a0 x 114\u00a0 x 44\u00a0 mm, 197 g s bateri\u00ed<\/td>\n<\/tr>\n<tr>\n<td width=\"48%\">V cen\u011b p\u0159i n\u00e1kupu<\/td>\n<td width=\"51%\"><span class=\"hps\">\u00a0\u00a0\u00a0\u00a0\u00a0\u00a0 \u2022<\/span> <span class=\"hps\">Nab\u00edje\u010dka<\/span><br \/>\n<span class=\"hps\">\u00a0\u00a0\u00a0\u00a0\u00a0\u00a0 \u2022<\/span> N\u00e1hradn\u00ed baterie<br \/>\n<span class=\"hps\">\u00a0\u00a0\u00a0\u00a0\u00a0\u00a0 \u2022<\/span> <span class=\"hps\">Vzorek<\/span> role pap\u00edru<br \/>\n<span class=\"hps\">\u00a0\u00a0\u00a0\u00a0\u00a0\u00a0 \u2022<\/span> <span class=\"hps\">spona na opasek<\/span>, <span class=\"hps\">USB<\/span> <span class=\"hps\">kabel<\/span><\/td>\n<\/tr>\n<tr>\n<td width=\"48%\">Dopl\u0148kov\u00e9 funkce<\/td>\n<td width=\"51%\">\n<ul>\n<li>samostatn\u00e1 nebo 4 jednotkov\u00e1 nab\u00edje\u010dka<\/li>\n<li>nab\u00edje\u010dka do auta<\/li>\n<li>extra baterie<\/li>\n<\/ul>\n<\/td>\n<\/tr>\n<\/tbody>\n<\/table>\n<p>&nbsp;<\/p>\n<p><strong>Galerie<\/strong><\/p>\n<div id='gallery-1' class='gallery galleryid-1270 gallery-columns-3 gallery-size-large'><figure class='gallery-item'>\n\t\t\t<div class='gallery-icon landscape'>\n\t\t\t\t<a href='https:\/\/star.starmicronics.cz\/wp-content\/uploads\/2015\/05\/thumbs_SMS230i_front.jpg' rel=\"lightbox[1270]\"><img loading=\"lazy\" decoding=\"async\" width=\"150\" height=\"150\" src=\"https:\/\/star.starmicronics.cz\/wp-content\/uploads\/2015\/05\/thumbs_SMS230i_front.jpg\" class=\"attachment-large size-large\" alt=\"\" aria-describedby=\"gallery-1-1271\" \/><\/a>\n\t\t\t<\/div>\n\t\t\t\t<figcaption class='wp-caption-text gallery-caption' id='gallery-1-1271'>\n\t\t\t\tSM-S230i\n\t\t\t\t<\/figcaption><\/figure><figure class='gallery-item'>\n\t\t\t<div class='gallery-icon landscape'>\n\t\t\t\t<a href='https:\/\/star.starmicronics.cz\/wp-content\/uploads\/2015\/05\/thumbs_SMS230i_side-e1432198600674.jpg' rel=\"lightbox[1270]\"><img loading=\"lazy\" decoding=\"async\" width=\"60\" height=\"60\" src=\"https:\/\/star.starmicronics.cz\/wp-content\/uploads\/2015\/05\/thumbs_SMS230i_side-e1432198600674.jpg\" class=\"attachment-large size-large\" alt=\"\" aria-describedby=\"gallery-1-1273\" \/><\/a>\n\t\t\t<\/div>\n\t\t\t\t<figcaption class='wp-caption-text gallery-caption' id='gallery-1-1273'>\n\t\t\t\tSM-S230i\n\t\t\t\t<\/figcaption><\/figure><figure class='gallery-item'>\n\t\t\t<div class='gallery-icon landscape'>\n\t\t\t\t<a href='https:\/\/star.starmicronics.cz\/wp-content\/uploads\/2015\/05\/thumbs_SM230i_battery.jpg' rel=\"lightbox[1270]\"><img loading=\"lazy\" decoding=\"async\" width=\"150\" height=\"150\" src=\"https:\/\/star.starmicronics.cz\/wp-content\/uploads\/2015\/05\/thumbs_SM230i_battery.jpg\" class=\"attachment-large size-large\" alt=\"\" aria-describedby=\"gallery-1-1274\" \/><\/a>\n\t\t\t<\/div>\n\t\t\t\t<figcaption class='wp-caption-text gallery-caption' id='gallery-1-1274'>\n\t\t\t\tSM-S230i baterie\n\t\t\t\t<\/figcaption><\/figure>\n\t\t<\/div>\n\n<p>&nbsp;<\/p>\n<p>&nbsp;<\/p>\n<div id=\"gt-res-tools\">\u00a0<strong>Souvisej\u00edc\u00ed produkty<\/strong><\/div>\n","protected":false},"excerpt":{"rendered":"<p>SM-S230i Bluetooth &nbsp; Nov\u00e1 generace kompaktn\u00ed mobiln\u00ed Bluetooth tisk\u00e1rny \u00fa\u010dtenek s automatick\u00fdm p\u00e1rov\u00e1n\u00edm 58 mm \/ 2 &#8222;Mobiln\u00ed Bluetooth tisk\u00e1rna \u00fa\u010dtenek schopn\u00e1 p\u00e1rov\u00e1n\u00ed p\u0159\u00edmo s Apple iPad\u00ae, iPhone\u00ae a iPod touch\u00ae nebo jak\u00fdmkoliv\u00a0za\u0159\u00edzen\u00edm, kter\u00e9 podporuje SPP p\u0159es Bluetooth (Android \u2122, Windows \u2122, Linux \u2122). MFi certifik\u00e1t, SM-S230i nab\u00edz\u00ed automatick\u00e9 spojen\u00ed Bluetooth s d\u0159\u00edve sp\u00e1rovan\u00fdm iPadem [&hellip;]<\/p>\n","protected":false},"author":1,"featured_media":1272,"parent":0,"menu_order":0,"comment_status":"closed","ping_status":"open","template":"","meta":{"footnotes":"","_links_to":"","_links_to_target":""},"class_list":["post-1270","page","type-page","status-publish","has-post-thumbnail","hentry"],"_links":{"self":[{"href":"https:\/\/star.starmicronics.cz\/index.php?rest_route=\/wp\/v2\/pages\/1270","targetHints":{"allow":["GET"]}}],"collection":[{"href":"https:\/\/star.starmicronics.cz\/index.php?rest_route=\/wp\/v2\/pages"}],"about":[{"href":"https:\/\/star.starmicronics.cz\/index.php?rest_route=\/wp\/v2\/types\/page"}],"author":[{"embeddable":true,"href":"https:\/\/star.starmicronics.cz\/index.php?rest_route=\/wp\/v2\/users\/1"}],"replies":[{"embeddable":true,"href":"https:\/\/star.starmicronics.cz\/index.php?rest_route=%2Fwp%2Fv2%2Fcomments&post=1270"}],"version-history":[{"count":2,"href":"https:\/\/star.starmicronics.cz\/index.php?rest_route=\/wp\/v2\/pages\/1270\/revisions"}],"predecessor-version":[{"id":1626,"href":"https:\/\/star.starmicronics.cz\/index.php?rest_route=\/wp\/v2\/pages\/1270\/revisions\/1626"}],"wp:featuredmedia":[{"embeddable":true,"href":"https:\/\/star.starmicronics.cz\/index.php?rest_route=\/wp\/v2\/media\/1272"}],"wp:attachment":[{"href":"https:\/\/star.starmicronics.cz\/index.php?rest_route=%2Fwp%2Fv2%2Fmedia&parent=1270"}],"curies":[{"name":"wp","href":"https:\/\/api.w.org\/{rel}","templated":true}]}}