{"id":126,"date":"2015-04-22T08:04:01","date_gmt":"2015-04-22T07:04:01","guid":{"rendered":"http:\/\/star.starmicronics.cz\/?page_id=126"},"modified":"2016-05-07T23:01:32","modified_gmt":"2016-05-07T22:01:32","slug":"kiosk-printers","status":"publish","type":"page","link":"https:\/\/star.starmicronics.cz\/?page_id=126","title":{"rendered":"Kioskov\u00e9 tisk\u00e1rny"},"content":{"rendered":"<p><span lang=\"EN-GB\" style=\"color: #3366ff; font-family: 'Arial','sans-serif';\">Star\u00a0m\u00e1 v sou\u010dasnosti\u00a0jedno z nejv\u011bt\u0161\u00edch\u00a0pokryt\u00ed kioskov\u00fdch tisk\u00e1ren na trhu.\u00a0N<span class=\"hps\">ab\u00edz\u00ed<\/span> <span class=\"hps\">odolnost<\/span>, <span class=\"hps\">univerz\u00e1lnost<\/span> <span class=\"hps\">a<\/span> <span class=\"hps\">tiskov\u00e9<\/span> <span class=\"hps\">funkce nezbytn\u00e9<\/span> <span class=\"hps\">pro \u00fasp\u011b\u0161nou<\/span> instalaci kiosk\u016f. <span class=\"hps\">S<\/span> <span class=\"hps\">v\u00edce ne\u017e 30 letou zku\u0161enost\u00ed<\/span> <span class=\"hps\">m\u016f\u017ee Star\u00a0nab\u00eddnout<\/span> <span class=\"hps\">odborn\u00e9 rady<\/span> <span class=\"hps\">pro v\u00e1\u0161 projekt<\/span> <span class=\"hps\">a<\/span> <span class=\"hps\">m\u00e1 zku\u0161enosti s<\/span>\u00a0instalacemi <span class=\"hps\">i pro<\/span>\u00a0<span class=\"hps\">nejn\u00e1ro\u010dn\u011bj\u0161\u00ed<\/span> <span class=\"hps\">kioskov\u00e9 aplikace<\/span>.<\/span><\/p>\n<p><span lang=\"EN-GB\" style=\"color: #3366ff; font-family: 'Arial','sans-serif';\"><span id=\"result_box\" lang=\"cs\"><span class=\"hps\">Nab\u00edz\u00ed<\/span> <span class=\"hps\">vysoce kvalitn\u00ed<\/span>\u00a0\u00fa\u010dtenky<span class=\"hps\"> a<\/span> <span class=\"hps\">tisk<\/span> <span class=\"hps\">vstupenek<\/span> <span class=\"hps\">na v\u0161ech \u00farovn\u00edch,<\/span> <span class=\"hps\">od tisku s<\/span>\u00a0<span class=\"hps\">otev\u0159en\u00fdm\u00a0n\u00e1vinem pap\u00edru<\/span>\u00a0<span class=\"hps\">a<\/span>\u00a0<span class=\"hps\">tradi\u010dn\u00edmi<\/span> <span class=\"hps\">kiosky<\/span>, <span class=\"hps\">k v\u00fdborn\u00e9mu<\/span> <span class=\"hps\">kompaktn\u00edmu<\/span> <span class=\"hps\">\u0159e\u0161en\u00ed<\/span> <span class=\"hps atn\">pro &#8222;<\/span>p\u0159\u00ed\u0161t\u00ed generace&#8220;. Stejn\u011b jako <span class=\"hps\">inovativn\u00ed<\/span> <span class=\"hps\">AsuraCPRNT<\/span> <span class=\"hps\">\u2122<\/span>, <span class=\"hps\">all<\/span>-in-one <span class=\"hps\">komunika\u010dn\u00ed platforma<\/span> <span class=\"hps\">s<\/span>\u00a0<span class=\"hps\">tisk\u00e1rnou.\u00a0<\/span><span class=\"hps\">Star<\/span> <span class=\"hps\">m\u00e1<\/span> <span class=\"hps\">t\u00fdm odborn\u00edk\u016f<\/span> s mo\u017enost\u00ed<span class=\"hps\">\u00a0pomoc\u00ed<\/span> <span class=\"hps\">s n\u00e1vrhem<\/span> <span class=\"hps\">a<\/span> <span class=\"hps\">instalac\u00ed<\/span> <span class=\"hps\">Star<\/span> <span class=\"hps\">v\u00fdrobk\u016f tak,<\/span>\u00a0aby vyhovovaly va\u0161\u00ed p\u0159edstav\u011b a po\u017eadavk\u016fm.<span class=\"hps\">.<\/span><\/span><\/span><\/p>\n<div id=\"gt-edit\"><\/div>\n<div id=\"gt-res-tools\"><\/div>\n<p>&nbsp;<\/p>\n<p style=\"text-align: center;\"><span style=\"color: #000080;\"><strong><a style=\"color: #000080;\" href=\"http:\/\/star.starmicronics.cz\/?page_id=71\">V\u00edce info\u00a0\u00a0\u00a0\u00a0\u00a0\u00a0\u00a0\u00a0\u00a0\u00a0\u00a0\u00a0\u00a0\u00a0\u00a0\u00a0\u00a0\u00a0\u00a0\u00a0\u00a0\u00a0\u00a0\u00a0\u00a0 \u00a0\u00a0<\/a><a style=\"color: #000080;\" href=\"http:\/\/star.starmicronics.cz\/?page_id=283\">V\u00edce info\u00a0\u00a0\u00a0\u00a0\u00a0\u00a0\u00a0\u00a0\u00a0\u00a0\u00a0\u00a0\u00a0\u00a0\u00a0\u00a0\u00a0\u00a0\u00a0\u00a0\u00a0\u00a0\u00a0 \u00a0\u00a0\u00a0<\/a><a style=\"color: #000080;\" href=\"http:\/\/star.starmicronics.cz\/?page_id=286\">V\u00edce info\u00a0\u00a0\u00a0\u00a0\u00a0\u00a0\u00a0\u00a0\u00a0\u00a0\u00a0\u00a0\u00a0\u00a0\u00a0\u00a0\u00a0\u00a0\u00a0\u00a0\u00a0\u00a0\u00a0\u00a0\u00a0\u00a0\u00a0\u00a0\u00a0\u00a0\u00a0 <\/a><a style=\"color: #000080;\" href=\"http:\/\/star.starmicronics.cz\/?page_id=292\">V\u00edce info<\/a><\/strong><\/span><\/p>\n<div id='gallery-1' class='gallery galleryid-126 gallery-columns-4 gallery-size-medium'><figure class='gallery-item'>\n\t\t\t<div class='gallery-icon landscape'>\n\t\t\t\t<img loading=\"lazy\" decoding=\"async\" width=\"300\" height=\"300\" src=\"https:\/\/star.starmicronics.cz\/wp-content\/uploads\/2015\/04\/AsuraCPRNT-300x300.jpg\" class=\"attachment-medium size-medium\" alt=\"\" aria-describedby=\"gallery-1-91\" srcset=\"https:\/\/star.starmicronics.cz\/wp-content\/uploads\/2015\/04\/AsuraCPRNT-300x300.jpg 300w, https:\/\/star.starmicronics.cz\/wp-content\/uploads\/2015\/04\/AsuraCPRNT-150x150.jpg 150w, https:\/\/star.starmicronics.cz\/wp-content\/uploads\/2015\/04\/AsuraCPRNT.jpg 400w\" sizes=\"auto, (max-width: 300px) 100vw, 300px\" \/>\n\t\t\t<\/div>\n\t\t\t\t<figcaption class='wp-caption-text gallery-caption' id='gallery-1-91'>\n\t\t\t\tAsuraCPRNT\n\t\t\t\t<\/figcaption><\/figure><figure class='gallery-item'>\n\t\t\t<div class='gallery-icon landscape'>\n\t\t\t\t<img loading=\"lazy\" decoding=\"async\" width=\"300\" height=\"300\" src=\"https:\/\/star.starmicronics.cz\/wp-content\/uploads\/2015\/04\/TUP500_veritcal-300x300.jpg\" class=\"attachment-medium size-medium\" alt=\"\" aria-describedby=\"gallery-1-365\" srcset=\"https:\/\/star.starmicronics.cz\/wp-content\/uploads\/2015\/04\/TUP500_veritcal-300x300.jpg 300w, https:\/\/star.starmicronics.cz\/wp-content\/uploads\/2015\/04\/TUP500_veritcal-150x150.jpg 150w, https:\/\/star.starmicronics.cz\/wp-content\/uploads\/2015\/04\/TUP500_veritcal-768x768.jpg 768w, https:\/\/star.starmicronics.cz\/wp-content\/uploads\/2015\/04\/TUP500_veritcal-1024x1024.jpg 1024w\" sizes=\"auto, (max-width: 300px) 100vw, 300px\" \/>\n\t\t\t<\/div>\n\t\t\t\t<figcaption class='wp-caption-text gallery-caption' id='gallery-1-365'>\n\t\t\t\tTUP500 &#8211; Vysoce kvalitn\u00ed 80mm kiosek k dispozici v modul\u00e1rn\u00edch a otev\u0159en\u00fdch form\u00e1tech tisku.\n\t\t\t\t<\/figcaption><\/figure><figure class='gallery-item'>\n\t\t\t<div class='gallery-icon landscape'>\n\t\t\t\t<img loading=\"lazy\" decoding=\"async\" width=\"300\" height=\"300\" src=\"https:\/\/star.starmicronics.cz\/wp-content\/uploads\/2015\/04\/TUP900-300x300.jpg\" class=\"attachment-medium size-medium\" alt=\"\" aria-describedby=\"gallery-1-128\" srcset=\"https:\/\/star.starmicronics.cz\/wp-content\/uploads\/2015\/04\/TUP900-300x300.jpg 300w, https:\/\/star.starmicronics.cz\/wp-content\/uploads\/2015\/04\/TUP900-150x150.jpg 150w, https:\/\/star.starmicronics.cz\/wp-content\/uploads\/2015\/04\/TUP900.jpg 400w\" sizes=\"auto, (max-width: 300px) 100vw, 300px\" \/>\n\t\t\t<\/div>\n\t\t\t\t<figcaption class='wp-caption-text gallery-caption' id='gallery-1-128'>\n\t\t\t\tTUP900 &#8211; Univerz\u00e1ln\u00ed 112mm \u0161irok\u00e1 kioskov\u00e1 tisk\u00e1rna  je dostupn\u00fdm \u0159e\u0161en\u00edm v modul\u00e1rn\u00edm a otev\u0159en\u00e9m form\u00e1tu tisku\n\t\t\t\t<\/figcaption><\/figure><figure class='gallery-item'>\n\t\t\t<div class='gallery-icon portrait'>\n\t\t\t\t<img loading=\"lazy\" decoding=\"async\" width=\"300\" height=\"300\" src=\"https:\/\/star.starmicronics.cz\/wp-content\/uploads\/2015\/04\/SK1-Series-300x300.jpg\" class=\"attachment-medium size-medium\" alt=\"\" aria-describedby=\"gallery-1-129\" srcset=\"https:\/\/star.starmicronics.cz\/wp-content\/uploads\/2015\/04\/SK1-Series-300x300.jpg 300w, https:\/\/star.starmicronics.cz\/wp-content\/uploads\/2015\/04\/SK1-Series-150x150.jpg 150w, https:\/\/star.starmicronics.cz\/wp-content\/uploads\/2015\/04\/SK1-Series.jpg 399w\" sizes=\"auto, (max-width: 300px) 100vw, 300px\" \/>\n\t\t\t<\/div>\n\t\t\t\t<figcaption class='wp-caption-text gallery-caption' id='gallery-1-129'>\n\t\t\t\tSanei &#8211; kioskov\u00e1 tisk\u00e1rna s kompaktn\u00ed otev\u0159enou mechanikou\n\t\t\t\t<\/figcaption><\/figure>\n\t\t<\/div>\n\n<p><span style=\"color: #000080;\"><strong><a style=\"color: #000080;\" href=\"http:\/\/star.starmicronics.cz\/?page_id=155\">V\u00edce info\u00a0\u00a0\u00a0\u00a0\u00a0\u00a0\u00a0\u00a0\u00a0\u00a0\u00a0\u00a0\u00a0\u00a0\u00a0\u00a0\u00a0\u00a0\u00a0\u00a0\u00a0\u00a0\u00a0\u00a0\u00a0\u00a0\u00a0\u00a0\u00a0\u00a0\u00a0\u00a0\u00a0\u00a0\u00a0\u00a0\u00a0\u00a0\u00a0 \u00a0\u00a0<\/a><a style=\"color: #000080;\" href=\"http:\/\/star.starmicronics.cz\/?page_id=167\">V\u00edce info\u00a0\u00a0\u00a0\u00a0\u00a0\u00a0\u00a0\u00a0\u00a0\u00a0\u00a0\u00a0\u00a0\u00a0\u00a0\u00a0\u00a0\u00a0\u00a0\u00a0\u00a0\u00a0\u00a0 \u00a0\u00a0\u00a0\u00a0\u00a0\u00a0\u00a0\u00a0\u00a0\u00a0\u00a0 \u00a0\u00a0<\/a><a style=\"color: #000080;\" href=\"http:\/\/star.starmicronics.cz\/?page_id=324\">V\u00edce info<\/a><\/strong><\/span><\/p>\n<p>&nbsp;<\/p>\n<div id='gallery-2' class='gallery galleryid-126 gallery-columns-4 gallery-size-medium'><figure class='gallery-item'>\n\t\t\t<div class='gallery-icon landscape'>\n\t\t\t\t<img loading=\"lazy\" decoding=\"async\" width=\"300\" height=\"300\" src=\"https:\/\/star.starmicronics.cz\/wp-content\/uploads\/2015\/04\/TSP700II-300x300.jpg\" class=\"attachment-medium size-medium\" alt=\"\" aria-describedby=\"gallery-2-88\" srcset=\"https:\/\/star.starmicronics.cz\/wp-content\/uploads\/2015\/04\/TSP700II-300x300.jpg 300w, https:\/\/star.starmicronics.cz\/wp-content\/uploads\/2015\/04\/TSP700II-150x150.jpg 150w, https:\/\/star.starmicronics.cz\/wp-content\/uploads\/2015\/04\/TSP700II.jpg 400w\" sizes=\"auto, (max-width: 300px) 100vw, 300px\" \/>\n\t\t\t<\/div>\n\t\t\t\t<figcaption class='wp-caption-text gallery-caption' id='gallery-2-88'>\n\t\t\t\tTSP700II\n\t\t\t\t<\/figcaption><\/figure><figure class='gallery-item'>\n\t\t\t<div class='gallery-icon landscape'>\n\t\t\t\t<img loading=\"lazy\" decoding=\"async\" width=\"300\" height=\"300\" src=\"https:\/\/star.starmicronics.cz\/wp-content\/uploads\/2015\/04\/TSP800II-300x300.jpg\" class=\"attachment-medium size-medium\" alt=\"\" aria-describedby=\"gallery-2-89\" srcset=\"https:\/\/star.starmicronics.cz\/wp-content\/uploads\/2015\/04\/TSP800II-300x300.jpg 300w, https:\/\/star.starmicronics.cz\/wp-content\/uploads\/2015\/04\/TSP800II-150x150.jpg 150w, https:\/\/star.starmicronics.cz\/wp-content\/uploads\/2015\/04\/TSP800II.jpg 400w\" sizes=\"auto, (max-width: 300px) 100vw, 300px\" \/>\n\t\t\t<\/div>\n\t\t\t\t<figcaption class='wp-caption-text gallery-caption' id='gallery-2-89'>\n\t\t\t\tTSP800II\n\t\t\t\t<\/figcaption><\/figure><figure class='gallery-item'>\n\t\t\t<div class='gallery-icon landscape'>\n\t\t\t\t<img loading=\"lazy\" decoding=\"async\" width=\"300\" height=\"300\" src=\"https:\/\/star.starmicronics.cz\/wp-content\/uploads\/2015\/04\/WebPRNT-300x300.jpg\" class=\"attachment-medium size-medium\" alt=\"\" aria-describedby=\"gallery-2-92\" srcset=\"https:\/\/star.starmicronics.cz\/wp-content\/uploads\/2015\/04\/WebPRNT-300x300.jpg 300w, https:\/\/star.starmicronics.cz\/wp-content\/uploads\/2015\/04\/WebPRNT-150x150.jpg 150w, https:\/\/star.starmicronics.cz\/wp-content\/uploads\/2015\/04\/WebPRNT.jpg 400w\" sizes=\"auto, (max-width: 300px) 100vw, 300px\" \/>\n\t\t\t<\/div>\n\t\t\t\t<figcaption class='wp-caption-text gallery-caption' id='gallery-2-92'>\n\t\t\t\tWebPRNT &#8211; Tisk p\u0159es webov\u00e9 rozhran\u00ed, nez\u00e1visle na platform\u011b syst\u00e9m\u016f\n\t\t\t\t<\/figcaption><\/figure>\n\t\t<\/div>\n\n","protected":false},"excerpt":{"rendered":"<p>Otev\u0159en\u00fd r\u00e1m a kioskov\u00fd tisk<\/p>\n","protected":false},"author":1,"featured_media":1046,"parent":103,"menu_order":0,"comment_status":"closed","ping_status":"open","template":"","meta":{"footnotes":"","_links_to":"","_links_to_target":""},"class_list":["post-126","page","type-page","status-publish","has-post-thumbnail","hentry"],"_links":{"self":[{"href":"https:\/\/star.starmicronics.cz\/index.php?rest_route=\/wp\/v2\/pages\/126","targetHints":{"allow":["GET"]}}],"collection":[{"href":"https:\/\/star.starmicronics.cz\/index.php?rest_route=\/wp\/v2\/pages"}],"about":[{"href":"https:\/\/star.starmicronics.cz\/index.php?rest_route=\/wp\/v2\/types\/page"}],"author":[{"embeddable":true,"href":"https:\/\/star.starmicronics.cz\/index.php?rest_route=\/wp\/v2\/users\/1"}],"replies":[{"embeddable":true,"href":"https:\/\/star.starmicronics.cz\/index.php?rest_route=%2Fwp%2Fv2%2Fcomments&post=126"}],"version-history":[{"count":2,"href":"https:\/\/star.starmicronics.cz\/index.php?rest_route=\/wp\/v2\/pages\/126\/revisions"}],"predecessor-version":[{"id":1589,"href":"https:\/\/star.starmicronics.cz\/index.php?rest_route=\/wp\/v2\/pages\/126\/revisions\/1589"}],"up":[{"embeddable":true,"href":"https:\/\/star.starmicronics.cz\/index.php?rest_route=\/wp\/v2\/pages\/103"}],"wp:featuredmedia":[{"embeddable":true,"href":"https:\/\/star.starmicronics.cz\/index.php?rest_route=\/wp\/v2\/media\/1046"}],"wp:attachment":[{"href":"https:\/\/star.starmicronics.cz\/index.php?rest_route=%2Fwp%2Fv2%2Fmedia&parent=126"}],"curies":[{"name":"wp","href":"https:\/\/api.w.org\/{rel}","templated":true}]}}