{"id":123,"date":"2015-04-22T07:32:47","date_gmt":"2015-04-22T06:32:47","guid":{"rendered":"http:\/\/star.starmicronics.cz\/?page_id=123"},"modified":"2016-05-15T22:00:55","modified_gmt":"2016-05-15T21:00:55","slug":"mobile-printers","status":"publish","type":"page","link":"https:\/\/star.starmicronics.cz\/?page_id=123","title":{"rendered":"Mobiln\u00ed tisk\u00e1rny"},"content":{"rendered":"<p>\u0158ada <span class=\"hps\">bezdr\u00e1tov\u00fdch<\/span> <span class=\"hps\">p\u0159enosn\u00fdch<\/span> <span class=\"hps\">tisk\u00e1ren<\/span> <span class=\"hps\">\u00fa\u010dtenek Star. J<\/span><span class=\"hps\">sou kompaktn\u00ed<\/span>, <span class=\"hps\">lehk\u00e9,<\/span><span class=\"hps\"> spolehliv\u00e9<\/span> a <span class=\"hps\">ur\u010den\u00e9<\/span> <span class=\"hps\">pro celou \u0159adu<\/span> <span class=\"hps\">mobiln\u00edch<\/span> <span class=\"hps\">POS aplikac\u00ed<\/span> <span class=\"hps atn\">(<\/span>MPOS) a tisku \u00fa\u010dtenek, dodac\u00edch list\u016f, potvrzen\u00ed a v\u0161ude tam, kde je pot\u0159eba tisk v ter\u00e9nu.<\/p>\n<p><span class=\"hps\">Tisk\u00e1rny se vyzna\u010duj\u00ed<\/span>\u00a0<span class=\"hps\">jednoduch\u00fdm<\/span>\u00a0zakl\u00e1d\u00e1n\u00edm pap\u00edru a n\u00e1sledn\u00fdm tiskem\u00a0<span class=\"hps atn\">&#8222;<\/span>Drop<span class=\"atn\">&#8211;<\/span>In &amp; Print&#8220;. Vestav\u011bn\u00e1 a z\u00e1rove\u0148 vym\u011bniteln\u00e1\u00a0<span class=\"hps\">baterie m\u00e1<\/span>\u00a0dlouho vydr\u017e\u00ed. <span class=\"hps\">Star<\/span> <span class=\"hps\">Bluetooth<\/span> <span class=\"hps\">a<\/span> <span class=\"hps\">WiFi<\/span> <span class=\"hps\">mobiln\u00ed<\/span> <span class=\"hps\">tisk\u00e1rny maj\u00ed \u0161irok\u00fd rozsah,<\/span>\u00a0<span class=\"hps\">jsou ide\u00e1ln\u00ed<\/span> <span class=\"hps\">pro tisk<\/span> <span class=\"hps\">vysoce<\/span> <span class=\"hps\">kvalitn\u00edch \u00fa\u010dtenek<\/span>, <span class=\"hps\">kup\u00f3n\u016f a<\/span> <span class=\"hps\">j\u00edzdenek<\/span> <span class=\"hps\">p\u0159\u00edmo<\/span> <span class=\"hps\">z<\/span> <span class=\"hps\">tabletu<\/span> <span class=\"hps\">a smartphonu<\/span>.<\/p>\n<p>Mobiln\u00ed tisk\u00e1rna Star je certifikovan\u00e1 m\u011bnov\u00fdmi finan\u010dn\u00edmi institucemi <span class=\"hps atn\">(pro <\/span>\u00a0<span class=\"hps\">iPad<\/span> <span class=\"hps\">\u2122<\/span> <span class=\"hps\">iPod<\/span> <span class=\"hps\">touch\u00ae<\/span> <span class=\"hps\">iPhone\u00ae<\/span>) a intuitivn\u00ed software pro v\u00fdvoj\u00e1\u0159e Kits (SDK) <span class=\"hps\">umo\u017e\u0148uje<\/span> <span class=\"hps\">jednoduchou integraci<\/span> <span class=\"hps\">s nejnov\u011bj\u0161\u00edmi<\/span> <span class=\"hps\">cloud<\/span>-based <span class=\"hps\">POS<\/span> <span class=\"hps\">softwarem,<\/span> <span class=\"hps\">stejn\u011b jako<\/span> <span class=\"hps\">Android<\/span> <span class=\"hps\">\u2122<\/span>, <span class=\"hps\">iOS<\/span> <span class=\"hps\">\u2122<\/span>, <span class=\"hps\">Linux<\/span> <span class=\"hps\">\u2122<\/span> <span class=\"hps\">a<\/span> <span class=\"hps\">Windows<\/span> <span class=\"hps\">\u2122<\/span> <span class=\"hps\">na b\u00e1zi<\/span> <span class=\"hps\">aplikace<\/span>.<\/p>\n","protected":false},"excerpt":{"rendered":"<p>P\u0159enosn\u00e9 tisk\u00e1rny \u00fa\u010dt\u016f a etiket<\/p>\n","protected":false},"author":1,"featured_media":1045,"parent":103,"menu_order":0,"comment_status":"closed","ping_status":"open","template":"","meta":{"footnotes":"","_links_to":"","_links_to_target":""},"class_list":["post-123","page","type-page","status-publish","has-post-thumbnail","hentry"],"_links":{"self":[{"href":"https:\/\/star.starmicronics.cz\/index.php?rest_route=\/wp\/v2\/pages\/123","targetHints":{"allow":["GET"]}}],"collection":[{"href":"https:\/\/star.starmicronics.cz\/index.php?rest_route=\/wp\/v2\/pages"}],"about":[{"href":"https:\/\/star.starmicronics.cz\/index.php?rest_route=\/wp\/v2\/types\/page"}],"author":[{"embeddable":true,"href":"https:\/\/star.starmicronics.cz\/index.php?rest_route=\/wp\/v2\/users\/1"}],"replies":[{"embeddable":true,"href":"https:\/\/star.starmicronics.cz\/index.php?rest_route=%2Fwp%2Fv2%2Fcomments&post=123"}],"version-history":[{"count":4,"href":"https:\/\/star.starmicronics.cz\/index.php?rest_route=\/wp\/v2\/pages\/123\/revisions"}],"predecessor-version":[{"id":1635,"href":"https:\/\/star.starmicronics.cz\/index.php?rest_route=\/wp\/v2\/pages\/123\/revisions\/1635"}],"up":[{"embeddable":true,"href":"https:\/\/star.starmicronics.cz\/index.php?rest_route=\/wp\/v2\/pages\/103"}],"wp:featuredmedia":[{"embeddable":true,"href":"https:\/\/star.starmicronics.cz\/index.php?rest_route=\/wp\/v2\/media\/1045"}],"wp:attachment":[{"href":"https:\/\/star.starmicronics.cz\/index.php?rest_route=%2Fwp%2Fv2%2Fmedia&parent=123"}],"curies":[{"name":"wp","href":"https:\/\/api.w.org\/{rel}","templated":true}]}}