{"id":113,"date":"2015-04-21T14:56:34","date_gmt":"2015-04-21T13:56:34","guid":{"rendered":"http:\/\/star.starmicronics.cz\/?page_id=113"},"modified":"2016-05-05T15:53:12","modified_gmt":"2016-05-05T14:53:12","slug":"podpora","status":"publish","type":"page","link":"https:\/\/star.starmicronics.cz\/?page_id=113","title":{"rendered":"Podpora"},"content":{"rendered":"<p style=\"text-align: center;\"><span style=\"color: #0000ff;\"><strong>Podpora<\/strong><\/span><\/p>\n<p style=\"text-align: center;\"><span style=\"color: #3366ff;\">Zam\u011b\u0159ujeme se na z\u00e1kazn\u00edky v\u0161ech kategori\u00ed. Na\u0161e zku\u0161enosti a intuitivn\u00ed multi \u2013 platformov\u00e1 podpora n\u00e1m umo\u017e\u0148uje nab\u00eddnout odborn\u00e9 poradenstv\u00ed a podporu pro va\u0161e hardwarov\u00e9 po\u017eadavky, bez ohledu na va\u0161e podnik\u00e1n\u00ed.<\/span><\/p>\n<p style=\"text-align: center;\">\n","protected":false},"excerpt":{"rendered":"<p>Podpora Zam\u011b\u0159ujeme se na z\u00e1kazn\u00edky v\u0161ech kategori\u00ed. Na\u0161e zku\u0161enosti a intuitivn\u00ed multi \u2013 platformov\u00e1 podpora n\u00e1m umo\u017e\u0148uje nab\u00eddnout odborn\u00e9 poradenstv\u00ed a podporu pro va\u0161e hardwarov\u00e9 po\u017eadavky, bez ohledu na va\u0161e podnik\u00e1n\u00ed.<\/p>\n","protected":false},"author":1,"featured_media":0,"parent":0,"menu_order":0,"comment_status":"closed","ping_status":"open","template":"","meta":{"footnotes":"","_links_to":"","_links_to_target":""},"class_list":["post-113","page","type-page","status-publish","hentry"],"_links":{"self":[{"href":"https:\/\/star.starmicronics.cz\/index.php?rest_route=\/wp\/v2\/pages\/113","targetHints":{"allow":["GET"]}}],"collection":[{"href":"https:\/\/star.starmicronics.cz\/index.php?rest_route=\/wp\/v2\/pages"}],"about":[{"href":"https:\/\/star.starmicronics.cz\/index.php?rest_route=\/wp\/v2\/types\/page"}],"author":[{"embeddable":true,"href":"https:\/\/star.starmicronics.cz\/index.php?rest_route=\/wp\/v2\/users\/1"}],"replies":[{"embeddable":true,"href":"https:\/\/star.starmicronics.cz\/index.php?rest_route=%2Fwp%2Fv2%2Fcomments&post=113"}],"version-history":[{"count":0,"href":"https:\/\/star.starmicronics.cz\/index.php?rest_route=\/wp\/v2\/pages\/113\/revisions"}],"wp:attachment":[{"href":"https:\/\/star.starmicronics.cz\/index.php?rest_route=%2Fwp%2Fv2%2Fmedia&parent=113"}],"curies":[{"name":"wp","href":"https:\/\/api.w.org\/{rel}","templated":true}]}}