{"id":111,"date":"2015-04-21T14:54:01","date_gmt":"2015-04-21T13:54:01","guid":{"rendered":"http:\/\/star.starmicronics.cz\/?page_id=111"},"modified":"2016-05-05T15:53:12","modified_gmt":"2016-05-05T14:53:12","slug":"kvalita","status":"publish","type":"page","link":"https:\/\/star.starmicronics.cz\/?page_id=111","title":{"rendered":"Kvalita"},"content":{"rendered":"<p>&nbsp;<\/p>\n<p style=\"text-align: center;\"><span style=\"color: #0000ff;\"><strong>Kvalita<\/strong><\/span><\/p>\n<p style=\"text-align: center;\"><span style=\"color: #3366ff;\">Na\u0161e pokro\u010dil\u00e9 \u0159e\u0161en\u00ed tisku je navr\u017eeno a vyrobeno in- house s c\u00edlem zajistit vysokou kvalitu a spolehlivost. Ne jedno za\u0159\u00edzen\u00ed bylo \u00fasp\u011b\u0161n\u011b instalov\u00e1no do n\u011bkter\u00fdch z nejv\u011bt\u0161\u00edch sv\u011btov\u00fdch obchod\u016f.<\/span><\/p>\n","protected":false},"excerpt":{"rendered":"<p>&nbsp; Kvalita Na\u0161e pokro\u010dil\u00e9 \u0159e\u0161en\u00ed tisku je navr\u017eeno a vyrobeno in- house s c\u00edlem zajistit vysokou kvalitu a spolehlivost. Ne jedno za\u0159\u00edzen\u00ed bylo \u00fasp\u011b\u0161n\u011b instalov\u00e1no do n\u011bkter\u00fdch z nejv\u011bt\u0161\u00edch sv\u011btov\u00fdch obchod\u016f.<\/p>\n","protected":false},"author":1,"featured_media":0,"parent":0,"menu_order":0,"comment_status":"closed","ping_status":"open","template":"","meta":{"footnotes":"","_links_to":"","_links_to_target":""},"class_list":["post-111","page","type-page","status-publish","hentry"],"_links":{"self":[{"href":"https:\/\/star.starmicronics.cz\/index.php?rest_route=\/wp\/v2\/pages\/111","targetHints":{"allow":["GET"]}}],"collection":[{"href":"https:\/\/star.starmicronics.cz\/index.php?rest_route=\/wp\/v2\/pages"}],"about":[{"href":"https:\/\/star.starmicronics.cz\/index.php?rest_route=\/wp\/v2\/types\/page"}],"author":[{"embeddable":true,"href":"https:\/\/star.starmicronics.cz\/index.php?rest_route=\/wp\/v2\/users\/1"}],"replies":[{"embeddable":true,"href":"https:\/\/star.starmicronics.cz\/index.php?rest_route=%2Fwp%2Fv2%2Fcomments&post=111"}],"version-history":[{"count":0,"href":"https:\/\/star.starmicronics.cz\/index.php?rest_route=\/wp\/v2\/pages\/111\/revisions"}],"wp:attachment":[{"href":"https:\/\/star.starmicronics.cz\/index.php?rest_route=%2Fwp%2Fv2%2Fmedia&parent=111"}],"curies":[{"name":"wp","href":"https:\/\/api.w.org\/{rel}","templated":true}]}}