{"id":109,"date":"2015-04-21T14:51:10","date_gmt":"2015-04-21T13:51:10","guid":{"rendered":"http:\/\/star.starmicronics.cz\/?page_id=109"},"modified":"2016-05-05T15:53:12","modified_gmt":"2016-05-05T14:53:12","slug":"inovace","status":"publish","type":"page","link":"https:\/\/star.starmicronics.cz\/?page_id=109","title":{"rendered":"Inovace"},"content":{"rendered":"<p style=\"text-align: center;\"><strong><span style=\"color: #0000ff;\">Inovace<\/span><\/strong><\/p>\n<p style=\"text-align: center;\"><span style=\"color: #3366ff;\">Na\u0161e inovativn\u00ed n\u00e1vrhy v\u00fdrobk\u016f umo\u017e\u0148uj\u00ed flexibilitu pot\u0159ebnou k\u00a0integraci. Nab\u00edz\u00edme, jak tradi\u010dn\u00ed, tak i nejmodern\u011bj\u0161\u00ed tablety a cloud -based pokladn\u00ed a pohostinsk\u00e9 syst\u00e9my v rychle se m\u011bn\u00edc\u00edm trhu.<\/span><\/p>\n<p>&nbsp;<\/p>\n","protected":false},"excerpt":{"rendered":"<p>Inovace Na\u0161e inovativn\u00ed n\u00e1vrhy v\u00fdrobk\u016f umo\u017e\u0148uj\u00ed flexibilitu pot\u0159ebnou k\u00a0integraci. Nab\u00edz\u00edme, jak tradi\u010dn\u00ed, tak i nejmodern\u011bj\u0161\u00ed tablety a cloud -based pokladn\u00ed a pohostinsk\u00e9 syst\u00e9my v rychle se m\u011bn\u00edc\u00edm trhu. &nbsp;<\/p>\n","protected":false},"author":1,"featured_media":0,"parent":0,"menu_order":0,"comment_status":"closed","ping_status":"open","template":"","meta":{"footnotes":"","_links_to":"","_links_to_target":""},"class_list":["post-109","page","type-page","status-publish","hentry"],"_links":{"self":[{"href":"https:\/\/star.starmicronics.cz\/index.php?rest_route=\/wp\/v2\/pages\/109","targetHints":{"allow":["GET"]}}],"collection":[{"href":"https:\/\/star.starmicronics.cz\/index.php?rest_route=\/wp\/v2\/pages"}],"about":[{"href":"https:\/\/star.starmicronics.cz\/index.php?rest_route=\/wp\/v2\/types\/page"}],"author":[{"embeddable":true,"href":"https:\/\/star.starmicronics.cz\/index.php?rest_route=\/wp\/v2\/users\/1"}],"replies":[{"embeddable":true,"href":"https:\/\/star.starmicronics.cz\/index.php?rest_route=%2Fwp%2Fv2%2Fcomments&post=109"}],"version-history":[{"count":0,"href":"https:\/\/star.starmicronics.cz\/index.php?rest_route=\/wp\/v2\/pages\/109\/revisions"}],"wp:attachment":[{"href":"https:\/\/star.starmicronics.cz\/index.php?rest_route=%2Fwp%2Fv2%2Fmedia&parent=109"}],"curies":[{"name":"wp","href":"https:\/\/api.w.org\/{rel}","templated":true}]}}