{"id":107,"date":"2015-04-21T14:44:08","date_gmt":"2015-04-21T13:44:08","guid":{"rendered":"http:\/\/star.starmicronics.cz\/?page_id=107"},"modified":"2016-05-05T15:53:12","modified_gmt":"2016-05-05T14:53:12","slug":"uvodni-stranka","status":"publish","type":"page","link":"https:\/\/star.starmicronics.cz\/?page_id=107","title":{"rendered":"\u00davodn\u00ed str\u00e1nka"},"content":{"rendered":"<h2 style=\"text-align: center;\"><span style=\"color: #0000ff;\"><strong>Jedine\u010dn\u00e1 pointa obchodn\u00edho \u0159e\u0161en\u00ed pro r\u016fst va\u0161eho podnik\u00e1n\u00ed<\/strong><\/span><\/h2>\n<h4 style=\"text-align: center;\"><span style=\"color: #3366ff;\">Star je sv\u011btov\u00fdm v\u00fdrobcem POS hardwaru, kter\u00fd podporuje maloobchodn\u00edky po v\u00edce ne\u017e 30 let a je pro n\u011b efektivn\u00edm a spolehliv\u00fdm \u0159e\u0161en\u00edm. V r\u00e1mci inovac\u00ed produkt\u016f a s pov\u011bst\u00ed kvality a spolehlivosti, v sou\u010dasnosti vyr\u00e1b\u00edme nejv\u011bt\u0161\u00ed \u0161k\u00e1lu POS a MPOS tisk\u00e1ren a p\u0159\u00edslu\u0161enstv\u00ed.<\/span><\/h4>\n<p style=\"text-align: center;\"><a href=\"http:\/\/star.starmicronics.cz\/wp-content\/uploads\/2015\/04\/mpos_products.jpg\" rel=\"lightbox[107]\"><img loading=\"lazy\" decoding=\"async\" class=\"aligncenter size-medium wp-image-32\" src=\"http:\/\/star.starmicronics.cz\/wp-content\/uploads\/2015\/04\/mpos_products-300x225.jpg\" alt=\"mpos_products\" width=\"300\" height=\"225\" srcset=\"https:\/\/star.starmicronics.cz\/wp-content\/uploads\/2015\/04\/mpos_products-300x225.jpg 300w, https:\/\/star.starmicronics.cz\/wp-content\/uploads\/2015\/04\/mpos_products-135x100.jpg 135w, https:\/\/star.starmicronics.cz\/wp-content\/uploads\/2015\/04\/mpos_products.jpg 400w\" sizes=\"auto, (max-width: 300px) 100vw, 300px\" \/><\/a><\/p>\n","protected":false},"excerpt":{"rendered":"<p>Jedine\u010dn\u00e1 pointa obchodn\u00edho \u0159e\u0161en\u00ed pro r\u016fst va\u0161eho podnik\u00e1n\u00ed Star je sv\u011btov\u00fdm v\u00fdrobcem POS hardwaru, kter\u00fd podporuje maloobchodn\u00edky po v\u00edce ne\u017e 30 let a je pro n\u011b efektivn\u00edm a spolehliv\u00fdm \u0159e\u0161en\u00edm. V r\u00e1mci inovac\u00ed produkt\u016f a s pov\u011bst\u00ed kvality a spolehlivosti, v sou\u010dasnosti vyr\u00e1b\u00edme nejv\u011bt\u0161\u00ed \u0161k\u00e1lu POS a MPOS tisk\u00e1ren a p\u0159\u00edslu\u0161enstv\u00ed.<\/p>\n","protected":false},"author":1,"featured_media":0,"parent":0,"menu_order":0,"comment_status":"closed","ping_status":"open","template":"","meta":{"footnotes":"","_links_to":"","_links_to_target":""},"class_list":["post-107","page","type-page","status-publish","hentry"],"_links":{"self":[{"href":"https:\/\/star.starmicronics.cz\/index.php?rest_route=\/wp\/v2\/pages\/107","targetHints":{"allow":["GET"]}}],"collection":[{"href":"https:\/\/star.starmicronics.cz\/index.php?rest_route=\/wp\/v2\/pages"}],"about":[{"href":"https:\/\/star.starmicronics.cz\/index.php?rest_route=\/wp\/v2\/types\/page"}],"author":[{"embeddable":true,"href":"https:\/\/star.starmicronics.cz\/index.php?rest_route=\/wp\/v2\/users\/1"}],"replies":[{"embeddable":true,"href":"https:\/\/star.starmicronics.cz\/index.php?rest_route=%2Fwp%2Fv2%2Fcomments&post=107"}],"version-history":[{"count":0,"href":"https:\/\/star.starmicronics.cz\/index.php?rest_route=\/wp\/v2\/pages\/107\/revisions"}],"wp:attachment":[{"href":"https:\/\/star.starmicronics.cz\/index.php?rest_route=%2Fwp%2Fv2%2Fmedia&parent=107"}],"curies":[{"name":"wp","href":"https:\/\/api.w.org\/{rel}","templated":true}]}}